{"id":22650,"date":"2022-07-27T17:30:20","date_gmt":"2022-07-27T15:30:20","guid":{"rendered":"https:\/\/ilgiardinodicorten.it\/zahlungen\/"},"modified":"2023-01-19T09:49:13","modified_gmt":"2023-01-19T08:49:13","slug":"zahlungen","status":"publish","type":"page","link":"https:\/\/ilgiardinodicorten.it\/de\/zahlungen\/","title":{"rendered":"Zahlungen"},"content":{"rendered":"\t\t<div data-elementor-type=\"wp-page\" data-elementor-id=\"22650\" class=\"elementor elementor-22650 elementor-18763\" data-elementor-post-type=\"page\">\n\t\t\t\t\t\t<section class=\"elementor-section elementor-top-section elementor-element elementor-element-94935b5 elementor-section-boxed elementor-section-height-default elementor-section-height-default wpr-particle-no wpr-jarallax-no wpr-parallax-no wpr-sticky-section-no wpr-equal-height-no\" data-id=\"94935b5\" data-element_type=\"section\" data-e-type=\"section\">\n\t\t\t\t\t\t<div class=\"elementor-container elementor-column-gap-default\">\n\t\t\t\t\t<div class=\"elementor-column elementor-col-100 elementor-top-column elementor-element elementor-element-9e9e9da\" data-id=\"9e9e9da\" data-element_type=\"column\" data-e-type=\"column\">\n\t\t\t<div class=\"elementor-widget-wrap elementor-element-populated\">\n\t\t\t\t\t\t<div class=\"elementor-element elementor-element-98faf23 elementor-widget elementor-widget-heading\" data-id=\"98faf23\" data-element_type=\"widget\" data-e-type=\"widget\" data-widget_type=\"heading.default\">\n\t\t\t\t<div class=\"elementor-widget-container\">\n\t\t\t\t\t<h2 class=\"elementor-heading-title elementor-size-default\">Kreditkarte<\/h2>\t\t\t\t<\/div>\n\t\t\t\t<\/div>\n\t\t\t\t<div class=\"elementor-element elementor-element-d69c84f elementor-widget elementor-widget-text-editor\" data-id=\"d69c84f\" data-element_type=\"widget\" data-e-type=\"widget\" data-widget_type=\"text-editor.default\">\n\t\t\t\t<div class=\"elementor-widget-container\">\n\t\t\t\t\t\t\t\t\t<p>Bei Zahlung per Kreditkarte vertrauen wir auf das sichere Zahlungssystem von PayPal: Nach Best\u00e4tigung der Bestellung werden die Kreditkartendaten an den Kartenmanager \u00fcbertragen, \u00fcber eine sichere verschl\u00fcsselte Verbindung SSL (Secure Socket Layer), z Autorisierung und Belastung. Ein sicheres und risikoloses Verfahren, das den Kunden vor m\u00f6glichem Missbrauch sch\u00fctzt.<\/p><p>Wir erinnern Sie daran, dass Il Giardino di Corten dank dieses Systems in keiner Weise die Kreditkartennummer seiner Kunden anzeigt<\/p>\t\t\t\t\t\t\t\t<\/div>\n\t\t\t\t<\/div>\n\t\t\t\t<div class=\"elementor-element elementor-element-579e72c elementor-widget elementor-widget-heading\" data-id=\"579e72c\" data-element_type=\"widget\" data-e-type=\"widget\" data-widget_type=\"heading.default\">\n\t\t\t\t<div class=\"elementor-widget-container\">\n\t\t\t\t\t<h2 class=\"elementor-heading-title elementor-size-default\">PayPal<\/h2>\t\t\t\t<\/div>\n\t\t\t\t<\/div>\n\t\t\t\t<div class=\"elementor-element elementor-element-7588d9b elementor-widget elementor-widget-text-editor\" data-id=\"7588d9b\" data-element_type=\"widget\" data-e-type=\"widget\" data-widget_type=\"text-editor.default\">\n\t\t\t\t<div class=\"elementor-widget-container\">\n\t\t\t\t\t\t\t\t\t<p>Wir akzeptieren auch Zahlungen f\u00fcr diejenigen, die ein registriertes PayPal-Konto haben.<\/p><p>Ihre Finanzdaten werden nicht an Il Giardino di Corten weitergegeben, sondern direkt von PayPal verwaltet.<\/p><p>Im Falle einer Stornierung der Bestellung (sowohl durch den Kunden als auch durch Il Giardino di Corten) wird der Betrag Ihrem PayPal-Konto gutgeschrieben.<\/p><p>Il Giardino di Corten haftet nicht f\u00fcr Verz\u00f6gerungen oder Sch\u00e4den veranlasst, dass er erstattet wird.<\/p>\t\t\t\t\t\t\t\t<\/div>\n\t\t\t\t<\/div>\n\t\t\t\t<div class=\"elementor-element elementor-element-e355175 elementor-widget elementor-widget-heading\" data-id=\"e355175\" data-element_type=\"widget\" data-e-type=\"widget\" data-widget_type=\"heading.default\">\n\t\t\t\t<div class=\"elementor-widget-container\">\n\t\t\t\t\t<h2 class=\"elementor-heading-title elementor-size-default\">Bank\u00fcberweisung<\/h2>\t\t\t\t<\/div>\n\t\t\t\t<\/div>\n\t\t\t\t<div class=\"elementor-element elementor-element-72f6769 elementor-widget elementor-widget-text-editor\" data-id=\"72f6769\" data-element_type=\"widget\" data-e-type=\"widget\" data-widget_type=\"text-editor.default\">\n\t\t\t\t<div class=\"elementor-widget-container\">\n\t\t\t\t\t\t\t\t\t<p>Bei Zahlung per Bank\u00fcberweisung lauten die Kopfdaten wie folgt:<\/p><div><b>UNICREDIT BANCA<\/b><\/div><div><b>IT 21 B 02008 64280 000002761162<\/b><\/div><div><b>BIC SWIFT: UNCRITM1UU3<\/b><\/div><div><br><\/div><div>Produkte, die per Bank\u00fcberweisung gekauft wurden, werden erst nach Erhalt der Kopie per E-Mail reserviert der Bank\u00fcberweisung.<\/div><div><br><\/div><div>Il Giardino di Corten versendet die Produkte erst, wenn der entsprechende Betrag dem oben angegebenen Girokonto gutgeschrieben wurde.<\/div>\t\t\t\t\t\t\t\t<\/div>\n\t\t\t\t<\/div>\n\t\t\t\t<div class=\"elementor-element elementor-element-5daec32 elementor-widget elementor-widget-text-editor\" data-id=\"5daec32\" data-element_type=\"widget\" data-e-type=\"widget\" data-widget_type=\"text-editor.default\">\n\t\t\t\t<div class=\"elementor-widget-container\">\n\t\t\t\t\t\t\t\t\t<p>Il Giardino di Corten kann den Ersatzantrag nicht annehmen, wenn festgestellt wird, dass der Artikel aufgrund einer ungeeigneten Verpackung bei der R\u00fccksendung durch den Kunden oder aufgrund des Fehlens von Komponenten, die zuvor in der Verpackung des Artikels vorhanden waren, besch\u00e4digt wurde.<\/p>\t\t\t\t\t\t\t\t<\/div>\n\t\t\t\t<\/div>\n\t\t\t\t\t<\/div>\n\t\t<\/div>\n\t\t\t\t\t<\/div>\n\t\t<\/section>\n\t\t\t\t<\/div>\n\t\t","protected":false},"excerpt":{"rendered":"<p>Kreditkarte Bei Zahlung per Kreditkarte vertrauen wir auf das sichere Zahlungssystem von PayPal: Nach Best\u00e4tigung der Bestellung werden die Kreditkartendaten an den Kartenmanager \u00fcbertragen, \u00fcber eine sichere verschl\u00fcsselte Verbindung SSL (Secure Socket Layer), z Autorisierung und Belastung. Ein sicheres und risikoloses Verfahren, das den Kunden vor m\u00f6glichem Missbrauch sch\u00fctzt. Wir erinnern Sie daran, dass Il Giardino di Corten dank dieses Systems in keiner Weise die Kreditkartennummer seiner Kunden anzeigt PayPal Wir akzeptieren auch Zahlungen f\u00fcr diejenigen, die ein registriertes PayPal-Konto haben. Ihre Finanzdaten werden nicht an Il Giardino di Corten weitergegeben, sondern direkt von PayPal verwaltet. Im Falle einer Stornierung der Bestellung (sowohl durch den Kunden als auch durch Il Giardino di Corten) wird der Betrag Ihrem PayPal-Konto gutgeschrieben. Il Giardino di Corten haftet nicht f\u00fcr Verz\u00f6gerungen oder Sch\u00e4den veranlasst, dass er erstattet wird. Bank\u00fcberweisung Bei Zahlung per Bank\u00fcberweisung lauten die Kopfdaten wie folgt: UNICREDIT BANCAIT 21 B 02008 64280 000002761162BIC SWIFT: UNCRITM1UU3Produkte, die per Bank\u00fcberweisung gekauft wurden, werden erst nach Erhalt der Kopie per E-Mail reserviert der Bank\u00fcberweisung.Il Giardino di Corten versendet die Produkte erst, wenn der entsprechende Betrag dem oben angegebenen Girokonto gutgeschrieben wurde. Il Giardino di Corten kann den Ersatzantrag nicht annehmen, wenn festgestellt wird, dass der Artikel aufgrund einer ungeeigneten Verpackung bei der R\u00fccksendung durch den Kunden oder aufgrund des Fehlens von Komponenten, die zuvor in der Verpackung des Artikels vorhanden waren, besch\u00e4digt wurde.<\/p>\n","protected":false},"author":1,"featured_media":0,"parent":0,"menu_order":0,"comment_status":"closed","ping_status":"closed","template":"page-templates\/default-page.php","meta":{"_acf_changed":false,"footnotes":""},"class_list":["post-22650","page","type-page","status-publish","hentry"],"acf":[],"yoast_head":"<!-- This site is optimized with the Yoast SEO plugin v27.4 - https:\/\/yoast.com\/product\/yoast-seo-wordpress\/ -->\n<title>Zahlungen - Il Giardino di Corten<\/title>\n<meta name=\"robots\" content=\"index, follow, max-snippet:-1, max-image-preview:large, max-video-preview:-1\" \/>\n<link rel=\"canonical\" href=\"https:\/\/ilgiardinodicorten.it\/de\/zahlungen\/\" \/>\n<meta property=\"og:locale\" content=\"de_DE\" \/>\n<meta property=\"og:type\" content=\"article\" \/>\n<meta property=\"og:title\" content=\"Zahlungen - Il Giardino di Corten\" \/>\n<meta property=\"og:description\" content=\"Kreditkarte Bei Zahlung per Kreditkarte vertrauen wir auf das sichere Zahlungssystem von PayPal: Nach Best\u00e4tigung der Bestellung werden die Kreditkartendaten an den Kartenmanager \u00fcbertragen, \u00fcber eine sichere verschl\u00fcsselte Verbindung SSL (Secure Socket Layer), z Autorisierung und Belastung. Ein sicheres und risikoloses Verfahren, das den Kunden vor m\u00f6glichem Missbrauch sch\u00fctzt. Wir erinnern Sie daran, dass Il Giardino di Corten dank dieses Systems in keiner Weise die Kreditkartennummer seiner Kunden anzeigt PayPal Wir akzeptieren auch Zahlungen f\u00fcr diejenigen, die ein registriertes PayPal-Konto haben. Ihre Finanzdaten werden nicht an Il Giardino di Corten weitergegeben, sondern direkt von PayPal verwaltet. Im Falle einer Stornierung der Bestellung (sowohl durch den Kunden als auch durch Il Giardino di Corten) wird der Betrag Ihrem PayPal-Konto gutgeschrieben. Il Giardino di Corten haftet nicht f\u00fcr Verz\u00f6gerungen oder Sch\u00e4den veranlasst, dass er erstattet wird. Bank\u00fcberweisung Bei Zahlung per Bank\u00fcberweisung lauten die Kopfdaten wie folgt: UNICREDIT BANCAIT 21 B 02008 64280 000002761162BIC SWIFT: UNCRITM1UU3Produkte, die per Bank\u00fcberweisung gekauft wurden, werden erst nach Erhalt der Kopie per E-Mail reserviert der Bank\u00fcberweisung.Il Giardino di Corten versendet die Produkte erst, wenn der entsprechende Betrag dem oben angegebenen Girokonto gutgeschrieben wurde. Il Giardino di Corten kann den Ersatzantrag nicht annehmen, wenn festgestellt wird, dass der Artikel aufgrund einer ungeeigneten Verpackung bei der R\u00fccksendung durch den Kunden oder aufgrund des Fehlens von Komponenten, die zuvor in der Verpackung des Artikels vorhanden waren, besch\u00e4digt wurde.\" \/>\n<meta property=\"og:url\" content=\"https:\/\/ilgiardinodicorten.it\/de\/zahlungen\/\" \/>\n<meta property=\"og:site_name\" content=\"Il Giardino di Corten\" \/>\n<meta property=\"article:modified_time\" content=\"2023-01-19T08:49:13+00:00\" \/>\n<meta name=\"twitter:card\" content=\"summary_large_image\" \/>\n<meta name=\"twitter:label1\" content=\"Gesch\u00e4tzte Lesezeit\" \/>\n\t<meta name=\"twitter:data1\" content=\"1\u00a0Minute\" \/>\n<script type=\"application\/ld+json\" class=\"yoast-schema-graph\">{\"@context\":\"https:\\\/\\\/schema.org\",\"@graph\":[{\"@type\":\"WebPage\",\"@id\":\"https:\\\/\\\/ilgiardinodicorten.it\\\/de\\\/zahlungen\\\/\",\"url\":\"https:\\\/\\\/ilgiardinodicorten.it\\\/de\\\/zahlungen\\\/\",\"name\":\"Zahlungen - Il Giardino di Corten\",\"isPartOf\":{\"@id\":\"https:\\\/\\\/ilgiardinodicorten.it\\\/#website\"},\"datePublished\":\"2022-07-27T15:30:20+00:00\",\"dateModified\":\"2023-01-19T08:49:13+00:00\",\"breadcrumb\":{\"@id\":\"https:\\\/\\\/ilgiardinodicorten.it\\\/de\\\/zahlungen\\\/#breadcrumb\"},\"inLanguage\":\"de\",\"potentialAction\":[{\"@type\":\"ReadAction\",\"target\":[\"https:\\\/\\\/ilgiardinodicorten.it\\\/de\\\/zahlungen\\\/\"]}]},{\"@type\":\"BreadcrumbList\",\"@id\":\"https:\\\/\\\/ilgiardinodicorten.it\\\/de\\\/zahlungen\\\/#breadcrumb\",\"itemListElement\":[{\"@type\":\"ListItem\",\"position\":1,\"name\":\"Home\",\"item\":\"https:\\\/\\\/ilgiardinodicorten.it\\\/de\\\/\"},{\"@type\":\"ListItem\",\"position\":2,\"name\":\"Zahlungen\"}]},{\"@type\":\"WebSite\",\"@id\":\"https:\\\/\\\/ilgiardinodicorten.it\\\/#website\",\"url\":\"https:\\\/\\\/ilgiardinodicorten.it\\\/\",\"name\":\"Il Giardino di Corten\",\"description\":\"\",\"potentialAction\":[{\"@type\":\"SearchAction\",\"target\":{\"@type\":\"EntryPoint\",\"urlTemplate\":\"https:\\\/\\\/ilgiardinodicorten.it\\\/?s={search_term_string}\"},\"query-input\":{\"@type\":\"PropertyValueSpecification\",\"valueRequired\":true,\"valueName\":\"search_term_string\"}}],\"inLanguage\":\"de\"}]}<\/script>\n<!-- \/ Yoast SEO plugin. -->","yoast_head_json":{"title":"Zahlungen - Il Giardino di Corten","robots":{"index":"index","follow":"follow","max-snippet":"max-snippet:-1","max-image-preview":"max-image-preview:large","max-video-preview":"max-video-preview:-1"},"canonical":"https:\/\/ilgiardinodicorten.it\/de\/zahlungen\/","og_locale":"de_DE","og_type":"article","og_title":"Zahlungen - Il Giardino di Corten","og_description":"Kreditkarte Bei Zahlung per Kreditkarte vertrauen wir auf das sichere Zahlungssystem von PayPal: Nach Best\u00e4tigung der Bestellung werden die Kreditkartendaten an den Kartenmanager \u00fcbertragen, \u00fcber eine sichere verschl\u00fcsselte Verbindung SSL (Secure Socket Layer), z Autorisierung und Belastung. Ein sicheres und risikoloses Verfahren, das den Kunden vor m\u00f6glichem Missbrauch sch\u00fctzt. Wir erinnern Sie daran, dass Il Giardino di Corten dank dieses Systems in keiner Weise die Kreditkartennummer seiner Kunden anzeigt PayPal Wir akzeptieren auch Zahlungen f\u00fcr diejenigen, die ein registriertes PayPal-Konto haben. Ihre Finanzdaten werden nicht an Il Giardino di Corten weitergegeben, sondern direkt von PayPal verwaltet. Im Falle einer Stornierung der Bestellung (sowohl durch den Kunden als auch durch Il Giardino di Corten) wird der Betrag Ihrem PayPal-Konto gutgeschrieben. Il Giardino di Corten haftet nicht f\u00fcr Verz\u00f6gerungen oder Sch\u00e4den veranlasst, dass er erstattet wird. Bank\u00fcberweisung Bei Zahlung per Bank\u00fcberweisung lauten die Kopfdaten wie folgt: UNICREDIT BANCAIT 21 B 02008 64280 000002761162BIC SWIFT: UNCRITM1UU3Produkte, die per Bank\u00fcberweisung gekauft wurden, werden erst nach Erhalt der Kopie per E-Mail reserviert der Bank\u00fcberweisung.Il Giardino di Corten versendet die Produkte erst, wenn der entsprechende Betrag dem oben angegebenen Girokonto gutgeschrieben wurde. Il Giardino di Corten kann den Ersatzantrag nicht annehmen, wenn festgestellt wird, dass der Artikel aufgrund einer ungeeigneten Verpackung bei der R\u00fccksendung durch den Kunden oder aufgrund des Fehlens von Komponenten, die zuvor in der Verpackung des Artikels vorhanden waren, besch\u00e4digt wurde.","og_url":"https:\/\/ilgiardinodicorten.it\/de\/zahlungen\/","og_site_name":"Il Giardino di Corten","article_modified_time":"2023-01-19T08:49:13+00:00","twitter_card":"summary_large_image","twitter_misc":{"Gesch\u00e4tzte Lesezeit":"1\u00a0Minute"},"schema":{"@context":"https:\/\/schema.org","@graph":[{"@type":"WebPage","@id":"https:\/\/ilgiardinodicorten.it\/de\/zahlungen\/","url":"https:\/\/ilgiardinodicorten.it\/de\/zahlungen\/","name":"Zahlungen - Il Giardino di Corten","isPartOf":{"@id":"https:\/\/ilgiardinodicorten.it\/#website"},"datePublished":"2022-07-27T15:30:20+00:00","dateModified":"2023-01-19T08:49:13+00:00","breadcrumb":{"@id":"https:\/\/ilgiardinodicorten.it\/de\/zahlungen\/#breadcrumb"},"inLanguage":"de","potentialAction":[{"@type":"ReadAction","target":["https:\/\/ilgiardinodicorten.it\/de\/zahlungen\/"]}]},{"@type":"BreadcrumbList","@id":"https:\/\/ilgiardinodicorten.it\/de\/zahlungen\/#breadcrumb","itemListElement":[{"@type":"ListItem","position":1,"name":"Home","item":"https:\/\/ilgiardinodicorten.it\/de\/"},{"@type":"ListItem","position":2,"name":"Zahlungen"}]},{"@type":"WebSite","@id":"https:\/\/ilgiardinodicorten.it\/#website","url":"https:\/\/ilgiardinodicorten.it\/","name":"Il Giardino di Corten","description":"","potentialAction":[{"@type":"SearchAction","target":{"@type":"EntryPoint","urlTemplate":"https:\/\/ilgiardinodicorten.it\/?s={search_term_string}"},"query-input":{"@type":"PropertyValueSpecification","valueRequired":true,"valueName":"search_term_string"}}],"inLanguage":"de"}]}},"_links":{"self":[{"href":"https:\/\/ilgiardinodicorten.it\/de\/wp-json\/wp\/v2\/pages\/22650","targetHints":{"allow":["GET"]}}],"collection":[{"href":"https:\/\/ilgiardinodicorten.it\/de\/wp-json\/wp\/v2\/pages"}],"about":[{"href":"https:\/\/ilgiardinodicorten.it\/de\/wp-json\/wp\/v2\/types\/page"}],"author":[{"embeddable":true,"href":"https:\/\/ilgiardinodicorten.it\/de\/wp-json\/wp\/v2\/users\/1"}],"replies":[{"embeddable":true,"href":"https:\/\/ilgiardinodicorten.it\/de\/wp-json\/wp\/v2\/comments?post=22650"}],"version-history":[{"count":4,"href":"https:\/\/ilgiardinodicorten.it\/de\/wp-json\/wp\/v2\/pages\/22650\/revisions"}],"predecessor-version":[{"id":23160,"href":"https:\/\/ilgiardinodicorten.it\/de\/wp-json\/wp\/v2\/pages\/22650\/revisions\/23160"}],"wp:attachment":[{"href":"https:\/\/ilgiardinodicorten.it\/de\/wp-json\/wp\/v2\/media?parent=22650"}],"curies":[{"name":"wp","href":"https:\/\/api.w.org\/{rel}","templated":true}]}}