{"id":22658,"date":"2022-07-27T17:22:02","date_gmt":"2022-07-27T15:22:02","guid":{"rendered":"https:\/\/ilgiardinodicorten.it\/sendungen\/"},"modified":"2022-12-21T16:15:19","modified_gmt":"2022-12-21T15:15:19","slug":"sendungen","status":"publish","type":"page","link":"https:\/\/ilgiardinodicorten.it\/de\/sendungen\/","title":{"rendered":"Sendungen"},"content":{"rendered":"\t\t<div data-elementor-type=\"wp-page\" data-elementor-id=\"22658\" class=\"elementor elementor-22658 elementor-18737\" data-elementor-post-type=\"page\">\n\t\t\t\t\t\t<section class=\"elementor-section elementor-top-section elementor-element elementor-element-94935b5 elementor-section-boxed elementor-section-height-default elementor-section-height-default wpr-particle-no wpr-jarallax-no wpr-parallax-no wpr-sticky-section-no\" data-id=\"94935b5\" data-element_type=\"section\" data-e-type=\"section\">\n\t\t\t\t\t\t<div class=\"elementor-container elementor-column-gap-default\">\n\t\t\t\t\t<div class=\"elementor-column elementor-col-100 elementor-top-column elementor-element elementor-element-9e9e9da\" data-id=\"9e9e9da\" data-element_type=\"column\" data-e-type=\"column\">\n\t\t\t<div class=\"elementor-widget-wrap elementor-element-populated\">\n\t\t\t\t\t\t<div class=\"elementor-element elementor-element-98faf23 elementor-widget elementor-widget-heading\" data-id=\"98faf23\" data-element_type=\"widget\" data-e-type=\"widget\" data-widget_type=\"heading.default\">\n\t\t\t\t<div class=\"elementor-widget-container\">\n\t\t\t\t\t<h2 class=\"elementor-heading-title elementor-size-default\">Wo und wann wir versenden<\/h2>\t\t\t\t<\/div>\n\t\t\t\t<\/div>\n\t\t\t\t<div class=\"elementor-element elementor-element-d69c84f elementor-widget elementor-widget-text-editor\" data-id=\"d69c84f\" data-element_type=\"widget\" data-e-type=\"widget\" data-widget_type=\"text-editor.default\">\n\t\t\t\t<div class=\"elementor-widget-container\">\n\t\t\t\t\t\t\t\t\t<p>Die auf ilgiardinodicorten.it bestellten Produkte werden in die unten aufgef\u00fchrten L\u00e4nder versandt. Sendungen au\u00dferhalb des italienischen Hoheitsgebiets oder der Inseln werden entsprechend der Art des Produkts und des Bestimmungslandes bewertet und personalisiert.<\/p>\r\n<p>\u2022 Italien<br>\u2022 San Marino<br>\u2022 Vatikanstadt<\/p><p><br><\/p>\r\n<p><\/p>\r\n<p>Sie k\u00f6nnen verlangen, dass der Versand an eine andere Adresse als Ihre pers\u00f6nliche Adresse oder Rechnungsadresse erfolgt, indem Sie die entsprechende Option w\u00e4hrend des Kaufs ausw\u00e4hlen, vorausgesetzt, dass sich die angegebene Adresse in den oben angegebenen Versandl\u00e4ndern befindet.< \/p>\r\n<p>Der Versand erfolgt per Kurier w\u00e4hrend der B\u00fcrozeiten von Montag bis Freitag. Lieferung in 2 Werktagen (je nach Verf\u00fcgbarkeit).<\/p>\r\n<p>Produkte werden an Postf\u00e4cher und postlagernd in allen autorisierten Post\u00e4mtern geliefert.<\/p>\r\n<p><br>Bitte beachten Sie Folgendes:<\/p>\r\n<p>\u2022 Lieferzeiten werden nur als Anhaltspunkt angegeben und ber\u00fccksichtigen keine m\u00f6glichen Verz\u00f6gerungen, die sich aus dem Zahlungsautorisierungsverfahren ergeben.<br>\u2022 Bestellungen werden gem\u00e4\u00df den Verkaufsbedingungen bearbeitet. Wir k\u00f6nnen den Bestimmungsort von Bestellungen nach dem Versand der Produkte nicht mehr \u00e4ndern.<\/p>\t\t\t\t\t\t\t\t<\/div>\n\t\t\t\t<\/div>\n\t\t\t\t<div class=\"elementor-element elementor-element-579e72c elementor-widget elementor-widget-heading\" data-id=\"579e72c\" data-element_type=\"widget\" data-e-type=\"widget\" data-widget_type=\"heading.default\">\n\t\t\t\t<div class=\"elementor-widget-container\">\n\t\t\t\t\t<h2 class=\"elementor-heading-title elementor-size-default\">Versandkosten<\/h2>\t\t\t\t<\/div>\n\t\t\t\t<\/div>\n\t\t\t\t<div class=\"elementor-element elementor-element-7588d9b elementor-widget elementor-widget-text-editor\" data-id=\"7588d9b\" data-element_type=\"widget\" data-e-type=\"widget\" data-widget_type=\"text-editor.default\">\n\t\t\t\t<div class=\"elementor-widget-container\">\n\t\t\t\t\t\t\t\t\t<p>Die Versandkosten berechnen sich nach dem Wert Ihrer Bestellung, der Versandart und dem Bestimmungsort. Diese werden bei Abschluss einer Bestellung festgelegt.<\/p>\t\t\t\t\t\t\t\t<\/div>\n\t\t\t\t<\/div>\n\t\t\t\t<div class=\"elementor-element elementor-element-e355175 elementor-widget elementor-widget-heading\" data-id=\"e355175\" data-element_type=\"widget\" data-e-type=\"widget\" data-widget_type=\"heading.default\">\n\t\t\t\t<div class=\"elementor-widget-container\">\n\t\t\t\t\t<h2 class=\"elementor-heading-title elementor-size-default\">Steuern und Z\u00f6lle<\/h2>\t\t\t\t<\/div>\n\t\t\t\t<\/div>\n\t\t\t\t<div class=\"elementor-element elementor-element-72f6769 elementor-widget elementor-widget-text-editor\" data-id=\"72f6769\" data-element_type=\"widget\" data-e-type=\"widget\" data-widget_type=\"text-editor.default\">\n\t\t\t\t<div class=\"elementor-widget-container\">\n\t\t\t\t\t\t\t\t\t<p>Steuern und Z\u00f6lle werden basierend auf Ihrer Lieferadresse berechnet und auf der letzten Checkout-Seite der Bestellbest\u00e4tigung angegeben. Die Versandkosten f\u00fcr Bestellungen, die nach Italien versandt werden, beinhalten die Mehrwertsteuer und beinhalten alle Kosten im Zusammenhang mit der Lieferung der Bestellung an die angegebene Adresse.<\/p>\t\t\t\t\t\t\t\t<\/div>\n\t\t\t\t<\/div>\n\t\t\t\t<div class=\"elementor-element elementor-element-3e1fdf9 elementor-widget elementor-widget-heading\" data-id=\"3e1fdf9\" data-element_type=\"widget\" data-e-type=\"widget\" data-widget_type=\"heading.default\">\n\t\t\t\t<div class=\"elementor-widget-container\">\n\t\t\t\t\t<h2 class=\"elementor-heading-title elementor-size-default\">Lieferstatus<\/h2>\t\t\t\t<\/div>\n\t\t\t\t<\/div>\n\t\t\t\t<div class=\"elementor-element elementor-element-5daec32 elementor-widget elementor-widget-text-editor\" data-id=\"5daec32\" data-element_type=\"widget\" data-e-type=\"widget\" data-widget_type=\"text-editor.default\">\n\t\t\t\t<div class=\"elementor-widget-container\">\n\t\t\t\t\t\t\t\t\t<p>Sie k\u00f6nnen den Status Ihrer Sendung \u00fcberpr\u00fcfen, indem Sie auf unserer Website den Bereich &#8220;Konto&#8221; ausw\u00e4hlen.<\/p><p>Alternativ k\u00f6nnen Sie in der Versandbest\u00e4tigung, die Sie per E-Mail erhalten, direkt auf klicken Link unseres Kuriers , wenn der Kurier diesen Service anbietet.<\/p><p>Der Link zur \u00dcberpr\u00fcfung des Sendungsstatus wird innerhalb von 24 Stunden nach \u00dcbernahme Ihrer Sendung durch den Kurier aktiv.<\/p>\t\t\t\t\t\t\t\t<\/div>\n\t\t\t\t<\/div>\n\t\t\t\t<div class=\"elementor-element elementor-element-b53effa elementor-widget elementor-widget-heading\" data-id=\"b53effa\" data-element_type=\"widget\" data-e-type=\"widget\" data-widget_type=\"heading.default\">\n\t\t\t\t<div class=\"elementor-widget-container\">\n\t\t\t\t\t<h2 class=\"elementor-heading-title elementor-size-default\">Ihre personenbezogenen Daten werden stets verarbeitet<\/h2>\t\t\t\t<\/div>\n\t\t\t\t<\/div>\n\t\t\t\t<div class=\"elementor-element elementor-element-e3d2a38 elementor-widget elementor-widget-text-editor\" data-id=\"e3d2a38\" data-element_type=\"widget\" data-e-type=\"widget\" data-widget_type=\"text-editor.default\">\n\t\t\t\t<div class=\"elementor-widget-container\">\n\t\t\t\t\t\t\t\t\t<p>Zur Verarbeitung Ihrer personenbezogenen Daten bei einer Bestellung verweisen wir auf unsere <a href=\"https:\/\/ilgiardinodicorten.it\/privacy-policy\/\" target=\"_blank\" rel=\"noopener\">Datenschutzerkl\u00e4rung<\/a>. <\/ p>\t\t\t\t\t\t\t\t<\/div>\n\t\t\t\t<\/div>\n\t\t\t\t\t<\/div>\n\t\t<\/div>\n\t\t\t\t\t<\/div>\n\t\t<\/section>\n\t\t\t\t<\/div>\n\t\t","protected":false},"excerpt":{"rendered":"<p>Wo und wann wir versenden Die auf ilgiardinodicorten.it bestellten Produkte werden in die unten aufgef\u00fchrten L\u00e4nder versandt. Sendungen au\u00dferhalb des italienischen Hoheitsgebiets oder der Inseln werden entsprechend der Art des Produkts und des Bestimmungslandes bewertet und personalisiert. \u2022 Italien\u2022 San Marino\u2022 Vatikanstadt Sie k\u00f6nnen verlangen, dass der Versand an eine andere Adresse als Ihre pers\u00f6nliche Adresse oder Rechnungsadresse erfolgt, indem Sie die entsprechende Option w\u00e4hrend des Kaufs ausw\u00e4hlen, vorausgesetzt, dass sich die angegebene Adresse in den oben angegebenen Versandl\u00e4ndern befindet.< \/p> Der Versand erfolgt per Kurier w\u00e4hrend der B\u00fcrozeiten von Montag bis Freitag. Lieferung in 2 Werktagen (je nach Verf\u00fcgbarkeit). Produkte werden an Postf\u00e4cher und postlagernd in allen autorisierten Post\u00e4mtern geliefert. Bitte beachten Sie Folgendes: \u2022 Lieferzeiten werden nur als Anhaltspunkt angegeben und ber\u00fccksichtigen keine m\u00f6glichen Verz\u00f6gerungen, die sich aus dem Zahlungsautorisierungsverfahren ergeben.\u2022 Bestellungen werden gem\u00e4\u00df den Verkaufsbedingungen bearbeitet. Wir k\u00f6nnen den Bestimmungsort von Bestellungen nach dem Versand der Produkte nicht mehr \u00e4ndern. Versandkosten Die Versandkosten berechnen sich nach dem Wert Ihrer Bestellung, der Versandart und dem Bestimmungsort. Diese werden bei Abschluss einer Bestellung festgelegt. Steuern und Z\u00f6lle Steuern und Z\u00f6lle werden basierend auf Ihrer Lieferadresse berechnet und auf der letzten Checkout-Seite der Bestellbest\u00e4tigung angegeben. Die Versandkosten f\u00fcr Bestellungen, die nach Italien versandt werden, beinhalten die Mehrwertsteuer und beinhalten alle Kosten im Zusammenhang mit der Lieferung der Bestellung an die angegebene Adresse. Lieferstatus Sie k\u00f6nnen den Status Ihrer Sendung \u00fcberpr\u00fcfen, indem Sie auf unserer Website den Bereich &#8220;Konto&#8221; ausw\u00e4hlen. Alternativ k\u00f6nnen Sie in der Versandbest\u00e4tigung, die Sie per E-Mail erhalten, direkt auf klicken Link unseres Kuriers , wenn der Kurier diesen Service anbietet. Der Link zur \u00dcberpr\u00fcfung des Sendungsstatus wird innerhalb von 24 Stunden nach \u00dcbernahme Ihrer Sendung durch den Kurier aktiv. Ihre personenbezogenen Daten werden stets verarbeitet Zur Verarbeitung Ihrer personenbezogenen Daten bei einer Bestellung verweisen wir auf unsere Datenschutzerkl\u00e4rung.<\/p>\n","protected":false},"author":1,"featured_media":0,"parent":0,"menu_order":0,"comment_status":"closed","ping_status":"closed","template":"page-templates\/default-page.php","meta":{"_acf_changed":false,"footnotes":""},"class_list":["post-22658","page","type-page","status-publish","hentry"],"acf":[],"yoast_head":"<!-- This site is optimized with the Yoast SEO plugin v27.1.1 - https:\/\/yoast.com\/product\/yoast-seo-wordpress\/ -->\n<title>Sendungen - Il Giardino di Corten<\/title>\n<meta name=\"robots\" content=\"index, follow, max-snippet:-1, max-image-preview:large, max-video-preview:-1\" \/>\n<link rel=\"canonical\" href=\"https:\/\/ilgiardinodicorten.it\/de\/sendungen\/\" \/>\n<meta property=\"og:locale\" content=\"de_DE\" \/>\n<meta property=\"og:type\" content=\"article\" \/>\n<meta property=\"og:title\" content=\"Sendungen - Il Giardino di Corten\" \/>\n<meta property=\"og:description\" content=\"Wo und wann wir versenden Die auf ilgiardinodicorten.it bestellten Produkte werden in die unten aufgef\u00fchrten L\u00e4nder versandt. Sendungen au\u00dferhalb des italienischen Hoheitsgebiets oder der Inseln werden entsprechend der Art des Produkts und des Bestimmungslandes bewertet und personalisiert. \u2022 Italien\u2022 San Marino\u2022 Vatikanstadt Sie k\u00f6nnen verlangen, dass der Versand an eine andere Adresse als Ihre pers\u00f6nliche Adresse oder Rechnungsadresse erfolgt, indem Sie die entsprechende Option w\u00e4hrend des Kaufs ausw\u00e4hlen, vorausgesetzt, dass sich die angegebene Adresse in den oben angegebenen Versandl\u00e4ndern befindet.&lt; \/p&gt; Der Versand erfolgt per Kurier w\u00e4hrend der B\u00fcrozeiten von Montag bis Freitag. Lieferung in 2 Werktagen (je nach Verf\u00fcgbarkeit). Produkte werden an Postf\u00e4cher und postlagernd in allen autorisierten Post\u00e4mtern geliefert. Bitte beachten Sie Folgendes: \u2022 Lieferzeiten werden nur als Anhaltspunkt angegeben und ber\u00fccksichtigen keine m\u00f6glichen Verz\u00f6gerungen, die sich aus dem Zahlungsautorisierungsverfahren ergeben.\u2022 Bestellungen werden gem\u00e4\u00df den Verkaufsbedingungen bearbeitet. Wir k\u00f6nnen den Bestimmungsort von Bestellungen nach dem Versand der Produkte nicht mehr \u00e4ndern. Versandkosten Die Versandkosten berechnen sich nach dem Wert Ihrer Bestellung, der Versandart und dem Bestimmungsort. Diese werden bei Abschluss einer Bestellung festgelegt. Steuern und Z\u00f6lle Steuern und Z\u00f6lle werden basierend auf Ihrer Lieferadresse berechnet und auf der letzten Checkout-Seite der Bestellbest\u00e4tigung angegeben. Die Versandkosten f\u00fcr Bestellungen, die nach Italien versandt werden, beinhalten die Mehrwertsteuer und beinhalten alle Kosten im Zusammenhang mit der Lieferung der Bestellung an die angegebene Adresse. Lieferstatus Sie k\u00f6nnen den Status Ihrer Sendung \u00fcberpr\u00fcfen, indem Sie auf unserer Website den Bereich &#8220;Konto&#8221; ausw\u00e4hlen. Alternativ k\u00f6nnen Sie in der Versandbest\u00e4tigung, die Sie per E-Mail erhalten, direkt auf klicken Link unseres Kuriers , wenn der Kurier diesen Service anbietet. Der Link zur \u00dcberpr\u00fcfung des Sendungsstatus wird innerhalb von 24 Stunden nach \u00dcbernahme Ihrer Sendung durch den Kurier aktiv. Ihre personenbezogenen Daten werden stets verarbeitet Zur Verarbeitung Ihrer personenbezogenen Daten bei einer Bestellung verweisen wir auf unsere Datenschutzerkl\u00e4rung.\" \/>\n<meta property=\"og:url\" content=\"https:\/\/ilgiardinodicorten.it\/de\/sendungen\/\" \/>\n<meta property=\"og:site_name\" content=\"Il Giardino di Corten\" \/>\n<meta property=\"article:modified_time\" content=\"2022-12-21T15:15:19+00:00\" \/>\n<meta name=\"twitter:card\" content=\"summary_large_image\" \/>\n<meta name=\"twitter:label1\" content=\"Gesch\u00e4tzte Lesezeit\" \/>\n\t<meta name=\"twitter:data1\" content=\"2\u00a0Minuten\" \/>\n<script type=\"application\/ld+json\" class=\"yoast-schema-graph\">{\"@context\":\"https:\/\/schema.org\",\"@graph\":[{\"@type\":\"WebPage\",\"@id\":\"https:\/\/ilgiardinodicorten.it\/de\/sendungen\/\",\"url\":\"https:\/\/ilgiardinodicorten.it\/de\/sendungen\/\",\"name\":\"Sendungen - Il Giardino di Corten\",\"isPartOf\":{\"@id\":\"https:\/\/ilgiardinodicorten.it\/#website\"},\"datePublished\":\"2022-07-27T15:22:02+00:00\",\"dateModified\":\"2022-12-21T15:15:19+00:00\",\"breadcrumb\":{\"@id\":\"https:\/\/ilgiardinodicorten.it\/de\/sendungen\/#breadcrumb\"},\"inLanguage\":\"de\",\"potentialAction\":[{\"@type\":\"ReadAction\",\"target\":[\"https:\/\/ilgiardinodicorten.it\/de\/sendungen\/\"]}]},{\"@type\":\"BreadcrumbList\",\"@id\":\"https:\/\/ilgiardinodicorten.it\/de\/sendungen\/#breadcrumb\",\"itemListElement\":[{\"@type\":\"ListItem\",\"position\":1,\"name\":\"Home\",\"item\":\"https:\/\/ilgiardinodicorten.it\/de\/\"},{\"@type\":\"ListItem\",\"position\":2,\"name\":\"Sendungen\"}]},{\"@type\":\"WebSite\",\"@id\":\"https:\/\/ilgiardinodicorten.it\/#website\",\"url\":\"https:\/\/ilgiardinodicorten.it\/\",\"name\":\"Il Giardino di Corten\",\"description\":\"\",\"potentialAction\":[{\"@type\":\"SearchAction\",\"target\":{\"@type\":\"EntryPoint\",\"urlTemplate\":\"https:\/\/ilgiardinodicorten.it\/?s={search_term_string}\"},\"query-input\":{\"@type\":\"PropertyValueSpecification\",\"valueRequired\":true,\"valueName\":\"search_term_string\"}}],\"inLanguage\":\"de\"}]}<\/script>\n<!-- \/ Yoast SEO plugin. -->","yoast_head_json":{"title":"Sendungen - Il Giardino di Corten","robots":{"index":"index","follow":"follow","max-snippet":"max-snippet:-1","max-image-preview":"max-image-preview:large","max-video-preview":"max-video-preview:-1"},"canonical":"https:\/\/ilgiardinodicorten.it\/de\/sendungen\/","og_locale":"de_DE","og_type":"article","og_title":"Sendungen - Il Giardino di Corten","og_description":"Wo und wann wir versenden Die auf ilgiardinodicorten.it bestellten Produkte werden in die unten aufgef\u00fchrten L\u00e4nder versandt. Sendungen au\u00dferhalb des italienischen Hoheitsgebiets oder der Inseln werden entsprechend der Art des Produkts und des Bestimmungslandes bewertet und personalisiert. \u2022 Italien\u2022 San Marino\u2022 Vatikanstadt Sie k\u00f6nnen verlangen, dass der Versand an eine andere Adresse als Ihre pers\u00f6nliche Adresse oder Rechnungsadresse erfolgt, indem Sie die entsprechende Option w\u00e4hrend des Kaufs ausw\u00e4hlen, vorausgesetzt, dass sich die angegebene Adresse in den oben angegebenen Versandl\u00e4ndern befindet.< \/p> Der Versand erfolgt per Kurier w\u00e4hrend der B\u00fcrozeiten von Montag bis Freitag. Lieferung in 2 Werktagen (je nach Verf\u00fcgbarkeit). Produkte werden an Postf\u00e4cher und postlagernd in allen autorisierten Post\u00e4mtern geliefert. Bitte beachten Sie Folgendes: \u2022 Lieferzeiten werden nur als Anhaltspunkt angegeben und ber\u00fccksichtigen keine m\u00f6glichen Verz\u00f6gerungen, die sich aus dem Zahlungsautorisierungsverfahren ergeben.\u2022 Bestellungen werden gem\u00e4\u00df den Verkaufsbedingungen bearbeitet. Wir k\u00f6nnen den Bestimmungsort von Bestellungen nach dem Versand der Produkte nicht mehr \u00e4ndern. Versandkosten Die Versandkosten berechnen sich nach dem Wert Ihrer Bestellung, der Versandart und dem Bestimmungsort. Diese werden bei Abschluss einer Bestellung festgelegt. Steuern und Z\u00f6lle Steuern und Z\u00f6lle werden basierend auf Ihrer Lieferadresse berechnet und auf der letzten Checkout-Seite der Bestellbest\u00e4tigung angegeben. Die Versandkosten f\u00fcr Bestellungen, die nach Italien versandt werden, beinhalten die Mehrwertsteuer und beinhalten alle Kosten im Zusammenhang mit der Lieferung der Bestellung an die angegebene Adresse. Lieferstatus Sie k\u00f6nnen den Status Ihrer Sendung \u00fcberpr\u00fcfen, indem Sie auf unserer Website den Bereich &#8220;Konto&#8221; ausw\u00e4hlen. Alternativ k\u00f6nnen Sie in der Versandbest\u00e4tigung, die Sie per E-Mail erhalten, direkt auf klicken Link unseres Kuriers , wenn der Kurier diesen Service anbietet. Der Link zur \u00dcberpr\u00fcfung des Sendungsstatus wird innerhalb von 24 Stunden nach \u00dcbernahme Ihrer Sendung durch den Kurier aktiv. Ihre personenbezogenen Daten werden stets verarbeitet Zur Verarbeitung Ihrer personenbezogenen Daten bei einer Bestellung verweisen wir auf unsere Datenschutzerkl\u00e4rung.","og_url":"https:\/\/ilgiardinodicorten.it\/de\/sendungen\/","og_site_name":"Il Giardino di Corten","article_modified_time":"2022-12-21T15:15:19+00:00","twitter_card":"summary_large_image","twitter_misc":{"Gesch\u00e4tzte Lesezeit":"2\u00a0Minuten"},"schema":{"@context":"https:\/\/schema.org","@graph":[{"@type":"WebPage","@id":"https:\/\/ilgiardinodicorten.it\/de\/sendungen\/","url":"https:\/\/ilgiardinodicorten.it\/de\/sendungen\/","name":"Sendungen - Il Giardino di Corten","isPartOf":{"@id":"https:\/\/ilgiardinodicorten.it\/#website"},"datePublished":"2022-07-27T15:22:02+00:00","dateModified":"2022-12-21T15:15:19+00:00","breadcrumb":{"@id":"https:\/\/ilgiardinodicorten.it\/de\/sendungen\/#breadcrumb"},"inLanguage":"de","potentialAction":[{"@type":"ReadAction","target":["https:\/\/ilgiardinodicorten.it\/de\/sendungen\/"]}]},{"@type":"BreadcrumbList","@id":"https:\/\/ilgiardinodicorten.it\/de\/sendungen\/#breadcrumb","itemListElement":[{"@type":"ListItem","position":1,"name":"Home","item":"https:\/\/ilgiardinodicorten.it\/de\/"},{"@type":"ListItem","position":2,"name":"Sendungen"}]},{"@type":"WebSite","@id":"https:\/\/ilgiardinodicorten.it\/#website","url":"https:\/\/ilgiardinodicorten.it\/","name":"Il Giardino di Corten","description":"","potentialAction":[{"@type":"SearchAction","target":{"@type":"EntryPoint","urlTemplate":"https:\/\/ilgiardinodicorten.it\/?s={search_term_string}"},"query-input":{"@type":"PropertyValueSpecification","valueRequired":true,"valueName":"search_term_string"}}],"inLanguage":"de"}]}},"_links":{"self":[{"href":"https:\/\/ilgiardinodicorten.it\/de\/wp-json\/wp\/v2\/pages\/22658","targetHints":{"allow":["GET"]}}],"collection":[{"href":"https:\/\/ilgiardinodicorten.it\/de\/wp-json\/wp\/v2\/pages"}],"about":[{"href":"https:\/\/ilgiardinodicorten.it\/de\/wp-json\/wp\/v2\/types\/page"}],"author":[{"embeddable":true,"href":"https:\/\/ilgiardinodicorten.it\/de\/wp-json\/wp\/v2\/users\/1"}],"replies":[{"embeddable":true,"href":"https:\/\/ilgiardinodicorten.it\/de\/wp-json\/wp\/v2\/comments?post=22658"}],"version-history":[{"count":1,"href":"https:\/\/ilgiardinodicorten.it\/de\/wp-json\/wp\/v2\/pages\/22658\/revisions"}],"predecessor-version":[{"id":22659,"href":"https:\/\/ilgiardinodicorten.it\/de\/wp-json\/wp\/v2\/pages\/22658\/revisions\/22659"}],"wp:attachment":[{"href":"https:\/\/ilgiardinodicorten.it\/de\/wp-json\/wp\/v2\/media?parent=22658"}],"curies":[{"name":"wp","href":"https:\/\/api.w.org\/{rel}","templated":true}]}}