{"id":22664,"date":"2022-07-27T17:02:57","date_gmt":"2022-07-27T15:02:57","guid":{"rendered":"https:\/\/ilgiardinodicorten.it\/kehrt-zurueck\/"},"modified":"2023-01-19T10:48:38","modified_gmt":"2023-01-19T09:48:38","slug":"kehrt-zurueck","status":"publish","type":"page","link":"https:\/\/ilgiardinodicorten.it\/de\/kehrt-zurueck\/","title":{"rendered":"Kehrt zur\u00fcck"},"content":{"rendered":"\t\t<div data-elementor-type=\"wp-page\" data-elementor-id=\"22664\" class=\"elementor elementor-22664 elementor-17\" data-elementor-post-type=\"page\">\n\t\t\t\t\t\t<section class=\"elementor-section elementor-top-section elementor-element elementor-element-94935b5 elementor-section-boxed elementor-section-height-default elementor-section-height-default wpr-particle-no wpr-jarallax-no wpr-parallax-no wpr-sticky-section-no\" data-id=\"94935b5\" data-element_type=\"section\" data-e-type=\"section\">\n\t\t\t\t\t\t<div class=\"elementor-container elementor-column-gap-default\">\n\t\t\t\t\t<div class=\"elementor-column elementor-col-100 elementor-top-column elementor-element elementor-element-9e9e9da\" data-id=\"9e9e9da\" data-element_type=\"column\" data-e-type=\"column\">\n\t\t\t<div class=\"elementor-widget-wrap elementor-element-populated\">\n\t\t\t\t\t\t<div class=\"elementor-element elementor-element-98faf23 elementor-widget elementor-widget-heading\" data-id=\"98faf23\" data-element_type=\"widget\" data-e-type=\"widget\" data-widget_type=\"heading.default\">\n\t\t\t\t<div class=\"elementor-widget-container\">\n\t\t\t\t\t<h2 class=\"elementor-heading-title elementor-size-default\">Unsere R\u00fcckerstattungs- und Umtauschrichtlinien<\/h2>\t\t\t\t<\/div>\n\t\t\t\t<\/div>\n\t\t\t\t<div class=\"elementor-element elementor-element-d69c84f elementor-widget elementor-widget-text-editor\" data-id=\"d69c84f\" data-element_type=\"widget\" data-e-type=\"widget\" data-widget_type=\"text-editor.default\">\n\t\t\t\t<div class=\"elementor-widget-container\">\n\t\t\t\t\t\t\t\t\t<p>Dieser Abschnitt beschreibt, wie R\u00fcckerstattungen berechnet werden, und erl\u00e4utert unsere R\u00fcckerstattungsverfahren, einschlie\u00dflich f\u00fcr Geschenkbestellungen.<\/p>\r\n<p>Unsere R\u00fcckerstattungsverfahren wirken sich nicht auf Ihre Rechte aus.<\/p>\r\n<p>R\u00fcckerstattungshinweise:<\/p>\r\n<ul>\r\n<li>Die R\u00fcckerstattung erfolgt durch Gutschrift des Betrags auf dieselbe Zahlungsmethode, die Sie f\u00fcr den Kauf gew\u00e4hlt haben. Alle \u00c4nderungen der Akkreditierungsmethode werden im Voraus mitgeteilt.<\/li>\r\n<li>Sie k\u00f6nnen R\u00fccksendungen und vollst\u00e4ndige R\u00fcckerstattungen in der Bestell\u00fcbersicht im Abschnitt &#8220;Konto&#8221; \u00fcberpr\u00fcfen. Wenn R\u00fccksendungen und R\u00fcckerstattungen vier Wochen nach dem Versand Ihrer R\u00fccksendung nicht angezeigt werden, kontaktieren Sie uns bitte f\u00fcr weitere Unterst\u00fctzung.<\/li>\r\n<\/ul>\t\t\t\t\t\t\t\t<\/div>\n\t\t\t\t<\/div>\n\t\t\t\t<div class=\"elementor-element elementor-element-579e72c elementor-widget elementor-widget-heading\" data-id=\"579e72c\" data-element_type=\"widget\" data-e-type=\"widget\" data-widget_type=\"heading.default\">\n\t\t\t\t<div class=\"elementor-widget-container\">\n\t\t\t\t\t<h2 class=\"elementor-heading-title elementor-size-default\">Wann kann ich die R\u00fcckerstattung erhalten?<\/h2>\t\t\t\t<\/div>\n\t\t\t\t<\/div>\n\t\t\t\t<div class=\"elementor-element elementor-element-7588d9b elementor-widget elementor-widget-text-editor\" data-id=\"7588d9b\" data-element_type=\"widget\" data-e-type=\"widget\" data-widget_type=\"text-editor.default\">\n\t\t\t\t<div class=\"elementor-widget-container\">\n\t\t\t\t\t\t\t\t\t<h2>Artikel, die zur\u00fcckgegeben werden, weil sie falsch, besch\u00e4digt oder defekt sind.<\/h2>\r\nWenn Sie einen Artikel aufgrund unseres Fehlers zur\u00fccksenden oder weil der Artikel besch\u00e4digt, defekt oder nicht das ist, was Sie bestellt haben, und dies nicht m\u00f6glich war Um mit der Reparatur oder dem Ersatz fortzufahren, wird Ihnen der Preis des Artikels erstattet.\r\n\r\nIl Giardino di Corten \u00fcberpr\u00fcft alle Artikel, die als besch\u00e4digt oder defekt zur\u00fcckgesendet wurden. F\u00fcr den Fall, dass kein Mangel festgestellt wird, behalten wir uns das Recht vor, Ihnen die Versandkosten und alle anderen anfallenden Kosten in Rechnung zu stellen.\r\n<h2>R\u00fccksendung innerhalb von 30 Tagen<\/h2>\r\nSie k\u00f6nnen die Produkte zur\u00fccksenden auf ilgiardinodicorten.it gekauft bis zu 30 Kalendertage ab dem Lieferdatum derselben. In diesem Fall erstatten wir den Preis des Artikels. <strong>Die Versandkosten, die f\u00fcr den Erhalt des Produkts oder anderer mit Ihrem Kauf verbundener Dienstleistungen anfallen, werden Ihnen nicht erstattet. Die Kosten f\u00fcr die R\u00fccksendung des Artikels an ilgiardinodicorten.it werden nicht erstattet, sondern gehen zu Ihren Lasten.<\/strong>\r\n<h2>Widerrufsrecht innerhalb von 10 Tagen<\/h2>\r\nBei Verzicht auf die Wenn Sie den Artikel innerhalb von zehn Werktagen nach Lieferung des Artikels kaufen, werden Ihnen sowohl der Preis des Artikels als auch die Versandkosten erstattet, die Ihnen f\u00fcr den Erhalt entstanden sind. F\u00fcr den Widerruf gelten die folgenden Richtlinien:\r\n<ul>\r\n \t<li>Wenn Sie einen Artikel zur\u00fccksenden, der Teil einer Mehrfachbestellung ist, werden Ihnen nur die Kosten f\u00fcr den einzelnen zur\u00fcckgegebenen Artikel erstattet.<\/li>\r\n \t<li>Wenn Sie eine gesamte Bestellung zur\u00fccksenden, werden Ihnen die Versandkosten f\u00fcr die gesamte Bestellung erstattet.<\/li>\r\n \t<li>Die Kosten f\u00fcr die R\u00fccksendung des Artikels an ilgiardinodicorten.it werden nicht erstattet und gehen zu Ihren Lasten .<\/li>\r\n<\/ul>\t\t\t\t\t\t\t\t<\/div>\n\t\t\t\t<\/div>\n\t\t\t\t<div class=\"elementor-element elementor-element-e355175 elementor-widget elementor-widget-heading\" data-id=\"e355175\" data-element_type=\"widget\" data-e-type=\"widget\" data-widget_type=\"heading.default\">\n\t\t\t\t<div class=\"elementor-widget-container\">\n\t\t\t\t\t<h2 class=\"elementor-heading-title elementor-size-default\">Wann kann ich den Artikel ersetzen?<\/h2>\t\t\t\t<\/div>\n\t\t\t\t<\/div>\n\t\t\t\t<div class=\"elementor-element elementor-element-72f6769 elementor-widget elementor-widget-text-editor\" data-id=\"72f6769\" data-element_type=\"widget\" data-e-type=\"widget\" data-widget_type=\"text-editor.default\">\n\t\t\t\t<div class=\"elementor-widget-container\">\n\t\t\t\t\t\t\t\t\t<h2>Ersetzte Artikel, weil sie falsch, besch\u00e4digt oder defekt sind<\/h2>\r\nWenn der gelieferte Artikel aufgrund unseres Fehlers nicht dem auf ilgiardinodicorten.it bestellten Artikel entspricht oder weil der Artikel besch\u00e4digt, defekt oder nicht der von Ihnen bestellte ist, gehen Sie wie folgt vor:\r\n<ol>\r\n \t<li>Senden Sie uns innerhalb von 30 Tagen nach Lieferung des Artikels einen Bericht an die E-Mail-Adresse info@ilgiardinodicorten.it.<\/li>\r\n \t<li>Legen Sie den zu ersetzenden Artikel genau wie erhalten in die Originalverpackung, zusammen mit den darin enthaltenen Komponenten.<\/li>\r\n \t<li>Fahren Sie mit der sicheren Verpackung der zu ersetzenden Waren fort und senden Sie sie an:\u00a0<span class=\"companyAddress\">Il Giardino di Corten, S.S. 13 Pontebbana Km. 144+68, \u2013 33017 Collalto di Tarcento (UD)<\/span><\/li>\r\n<\/ol>\r\nSobald der Artikel eingegangen ist, pr\u00fcft Il Giardino di Corten die Eignung Ihrer Ersatzanfrage und f\u00e4hrt anschlie\u00dfend mit der Lieferung des angeforderten Artikels fort.\t\t\t\t\t\t\t\t<\/div>\n\t\t\t\t<\/div>\n\t\t\t\t<div class=\"elementor-element elementor-element-5daec32 elementor-widget elementor-widget-text-editor\" data-id=\"5daec32\" data-element_type=\"widget\" data-e-type=\"widget\" data-widget_type=\"text-editor.default\">\n\t\t\t\t<div class=\"elementor-widget-container\">\n\t\t\t\t\t\t\t\t\tIl Giardino di Corten kann den Ersatzantrag nicht annehmen, wenn festgestellt wird, dass der Artikel aufgrund einer ungeeigneten Verpackung bei der R\u00fccksendung durch den Kunden oder aufgrund des Fehlens von Komponenten, die zuvor in der Verpackung des Artikels vorhanden waren, besch\u00e4digt wurde.\t\t\t\t\t\t\t\t<\/div>\n\t\t\t\t<\/div>\n\t\t\t\t\t<\/div>\n\t\t<\/div>\n\t\t\t\t\t<\/div>\n\t\t<\/section>\n\t\t\t\t<\/div>\n\t\t","protected":false},"excerpt":{"rendered":"<p>Unsere R\u00fcckerstattungs- und Umtauschrichtlinien Dieser Abschnitt beschreibt, wie R\u00fcckerstattungen berechnet werden, und erl\u00e4utert unsere R\u00fcckerstattungsverfahren, einschlie\u00dflich f\u00fcr Geschenkbestellungen. Unsere R\u00fcckerstattungsverfahren wirken sich nicht auf Ihre Rechte aus. R\u00fcckerstattungshinweise: Die R\u00fcckerstattung erfolgt durch Gutschrift des Betrags auf dieselbe Zahlungsmethode, die Sie f\u00fcr den Kauf gew\u00e4hlt haben. Alle \u00c4nderungen der Akkreditierungsmethode werden im Voraus mitgeteilt. Sie k\u00f6nnen R\u00fccksendungen und vollst\u00e4ndige R\u00fcckerstattungen in der Bestell\u00fcbersicht im Abschnitt &#8220;Konto&#8221; \u00fcberpr\u00fcfen. Wenn R\u00fccksendungen und R\u00fcckerstattungen vier Wochen nach dem Versand Ihrer R\u00fccksendung nicht angezeigt werden, kontaktieren Sie uns bitte f\u00fcr weitere Unterst\u00fctzung. Wann kann ich die R\u00fcckerstattung erhalten? Artikel, die zur\u00fcckgegeben werden, weil sie falsch, besch\u00e4digt oder defekt sind. Wenn Sie einen Artikel aufgrund unseres Fehlers zur\u00fccksenden oder weil der Artikel besch\u00e4digt, defekt oder nicht das ist, was Sie bestellt haben, und dies nicht m\u00f6glich war Um mit der Reparatur oder dem Ersatz fortzufahren, wird Ihnen der Preis des Artikels erstattet. Il Giardino di Corten \u00fcberpr\u00fcft alle Artikel, die als besch\u00e4digt oder defekt zur\u00fcckgesendet wurden. F\u00fcr den Fall, dass kein Mangel festgestellt wird, behalten wir uns das Recht vor, Ihnen die Versandkosten und alle anderen anfallenden Kosten in Rechnung zu stellen. R\u00fccksendung innerhalb von 30 Tagen Sie k\u00f6nnen die Produkte zur\u00fccksenden auf ilgiardinodicorten.it gekauft bis zu 30 Kalendertage ab dem Lieferdatum derselben. In diesem Fall erstatten wir den Preis des Artikels. Die Versandkosten, die f\u00fcr den Erhalt des Produkts oder anderer mit Ihrem Kauf verbundener Dienstleistungen anfallen, werden Ihnen nicht erstattet. Die Kosten f\u00fcr die R\u00fccksendung des Artikels an ilgiardinodicorten.it werden nicht erstattet, sondern gehen zu Ihren Lasten. Widerrufsrecht innerhalb von 10 Tagen Bei Verzicht auf die Wenn Sie den Artikel innerhalb von zehn Werktagen nach Lieferung des Artikels kaufen, werden Ihnen sowohl der Preis des Artikels als auch die Versandkosten erstattet, die Ihnen f\u00fcr den Erhalt entstanden sind. F\u00fcr den Widerruf gelten die folgenden Richtlinien: Wenn Sie einen Artikel zur\u00fccksenden, der Teil einer Mehrfachbestellung ist, werden Ihnen nur die Kosten f\u00fcr den einzelnen zur\u00fcckgegebenen Artikel erstattet. Wenn Sie eine gesamte Bestellung zur\u00fccksenden, werden Ihnen die Versandkosten f\u00fcr die gesamte Bestellung erstattet. Die Kosten f\u00fcr die R\u00fccksendung des Artikels an ilgiardinodicorten.it werden nicht erstattet und gehen zu Ihren Lasten . Wann kann ich den Artikel ersetzen? Ersetzte Artikel, weil sie falsch, besch\u00e4digt oder defekt sind Wenn der gelieferte Artikel aufgrund unseres Fehlers nicht dem auf ilgiardinodicorten.it bestellten Artikel entspricht oder weil der Artikel besch\u00e4digt, defekt oder nicht der von Ihnen bestellte ist, gehen Sie wie folgt vor: Senden Sie uns innerhalb von 30 Tagen nach Lieferung des Artikels einen Bericht an die E-Mail-Adresse info@ilgiardinodicorten.it. Legen Sie den zu ersetzenden Artikel genau wie erhalten in die Originalverpackung, zusammen mit den darin enthaltenen Komponenten. Fahren Sie mit der sicheren Verpackung der zu ersetzenden Waren fort und senden Sie sie an:\u00a0Il Giardino di Corten, S.S. 13 Pontebbana Km. 144+68, \u2013 33017 Collalto di Tarcento (UD) Sobald der Artikel eingegangen ist, pr\u00fcft Il Giardino di Corten die Eignung Ihrer Ersatzanfrage und f\u00e4hrt anschlie\u00dfend mit der Lieferung des angeforderten Artikels fort.Il Giardino di Corten kann den Ersatzantrag nicht annehmen, wenn festgestellt wird, dass der Artikel aufgrund einer ungeeigneten Verpackung bei der R\u00fccksendung durch den Kunden oder aufgrund des Fehlens von Komponenten, die zuvor in der Verpackung des Artikels vorhanden waren, besch\u00e4digt wurde.<\/p>\n","protected":false},"author":1,"featured_media":0,"parent":0,"menu_order":0,"comment_status":"closed","ping_status":"closed","template":"page-templates\/default-page.php","meta":{"_acf_changed":false,"footnotes":""},"class_list":["post-22664","page","type-page","status-publish","hentry"],"acf":[],"yoast_head":"<!-- This site is optimized with the Yoast SEO plugin v27.1.1 - https:\/\/yoast.com\/product\/yoast-seo-wordpress\/ -->\n<title>Kehrt zur\u00fcck - Il Giardino di Corten<\/title>\n<meta name=\"robots\" content=\"index, follow, max-snippet:-1, max-image-preview:large, max-video-preview:-1\" \/>\n<link rel=\"canonical\" href=\"https:\/\/ilgiardinodicorten.it\/de\/kehrt-zurueck\/\" \/>\n<meta property=\"og:locale\" content=\"de_DE\" \/>\n<meta property=\"og:type\" content=\"article\" \/>\n<meta property=\"og:title\" content=\"Kehrt zur\u00fcck - Il Giardino di Corten\" \/>\n<meta property=\"og:description\" content=\"Unsere R\u00fcckerstattungs- und Umtauschrichtlinien Dieser Abschnitt beschreibt, wie R\u00fcckerstattungen berechnet werden, und erl\u00e4utert unsere R\u00fcckerstattungsverfahren, einschlie\u00dflich f\u00fcr Geschenkbestellungen. Unsere R\u00fcckerstattungsverfahren wirken sich nicht auf Ihre Rechte aus. R\u00fcckerstattungshinweise: Die R\u00fcckerstattung erfolgt durch Gutschrift des Betrags auf dieselbe Zahlungsmethode, die Sie f\u00fcr den Kauf gew\u00e4hlt haben. Alle \u00c4nderungen der Akkreditierungsmethode werden im Voraus mitgeteilt. Sie k\u00f6nnen R\u00fccksendungen und vollst\u00e4ndige R\u00fcckerstattungen in der Bestell\u00fcbersicht im Abschnitt &#8220;Konto&#8221; \u00fcberpr\u00fcfen. Wenn R\u00fccksendungen und R\u00fcckerstattungen vier Wochen nach dem Versand Ihrer R\u00fccksendung nicht angezeigt werden, kontaktieren Sie uns bitte f\u00fcr weitere Unterst\u00fctzung. Wann kann ich die R\u00fcckerstattung erhalten? Artikel, die zur\u00fcckgegeben werden, weil sie falsch, besch\u00e4digt oder defekt sind. Wenn Sie einen Artikel aufgrund unseres Fehlers zur\u00fccksenden oder weil der Artikel besch\u00e4digt, defekt oder nicht das ist, was Sie bestellt haben, und dies nicht m\u00f6glich war Um mit der Reparatur oder dem Ersatz fortzufahren, wird Ihnen der Preis des Artikels erstattet. Il Giardino di Corten \u00fcberpr\u00fcft alle Artikel, die als besch\u00e4digt oder defekt zur\u00fcckgesendet wurden. F\u00fcr den Fall, dass kein Mangel festgestellt wird, behalten wir uns das Recht vor, Ihnen die Versandkosten und alle anderen anfallenden Kosten in Rechnung zu stellen. R\u00fccksendung innerhalb von 30 Tagen Sie k\u00f6nnen die Produkte zur\u00fccksenden auf ilgiardinodicorten.it gekauft bis zu 30 Kalendertage ab dem Lieferdatum derselben. In diesem Fall erstatten wir den Preis des Artikels. Die Versandkosten, die f\u00fcr den Erhalt des Produkts oder anderer mit Ihrem Kauf verbundener Dienstleistungen anfallen, werden Ihnen nicht erstattet. Die Kosten f\u00fcr die R\u00fccksendung des Artikels an ilgiardinodicorten.it werden nicht erstattet, sondern gehen zu Ihren Lasten. Widerrufsrecht innerhalb von 10 Tagen Bei Verzicht auf die Wenn Sie den Artikel innerhalb von zehn Werktagen nach Lieferung des Artikels kaufen, werden Ihnen sowohl der Preis des Artikels als auch die Versandkosten erstattet, die Ihnen f\u00fcr den Erhalt entstanden sind. F\u00fcr den Widerruf gelten die folgenden Richtlinien: Wenn Sie einen Artikel zur\u00fccksenden, der Teil einer Mehrfachbestellung ist, werden Ihnen nur die Kosten f\u00fcr den einzelnen zur\u00fcckgegebenen Artikel erstattet. Wenn Sie eine gesamte Bestellung zur\u00fccksenden, werden Ihnen die Versandkosten f\u00fcr die gesamte Bestellung erstattet. Die Kosten f\u00fcr die R\u00fccksendung des Artikels an ilgiardinodicorten.it werden nicht erstattet und gehen zu Ihren Lasten . Wann kann ich den Artikel ersetzen? Ersetzte Artikel, weil sie falsch, besch\u00e4digt oder defekt sind Wenn der gelieferte Artikel aufgrund unseres Fehlers nicht dem auf ilgiardinodicorten.it bestellten Artikel entspricht oder weil der Artikel besch\u00e4digt, defekt oder nicht der von Ihnen bestellte ist, gehen Sie wie folgt vor: Senden Sie uns innerhalb von 30 Tagen nach Lieferung des Artikels einen Bericht an die E-Mail-Adresse info@ilgiardinodicorten.it. Legen Sie den zu ersetzenden Artikel genau wie erhalten in die Originalverpackung, zusammen mit den darin enthaltenen Komponenten. Fahren Sie mit der sicheren Verpackung der zu ersetzenden Waren fort und senden Sie sie an:\u00a0Il Giardino di Corten, S.S. 13 Pontebbana Km. 144+68, \u2013 33017 Collalto di Tarcento (UD) Sobald der Artikel eingegangen ist, pr\u00fcft Il Giardino di Corten die Eignung Ihrer Ersatzanfrage und f\u00e4hrt anschlie\u00dfend mit der Lieferung des angeforderten Artikels fort.Il Giardino di Corten kann den Ersatzantrag nicht annehmen, wenn festgestellt wird, dass der Artikel aufgrund einer ungeeigneten Verpackung bei der R\u00fccksendung durch den Kunden oder aufgrund des Fehlens von Komponenten, die zuvor in der Verpackung des Artikels vorhanden waren, besch\u00e4digt wurde.\" \/>\n<meta property=\"og:url\" content=\"https:\/\/ilgiardinodicorten.it\/de\/kehrt-zurueck\/\" \/>\n<meta property=\"og:site_name\" content=\"Il Giardino di Corten\" \/>\n<meta property=\"article:modified_time\" content=\"2023-01-19T09:48:38+00:00\" \/>\n<meta name=\"twitter:card\" content=\"summary_large_image\" \/>\n<meta name=\"twitter:label1\" content=\"Gesch\u00e4tzte Lesezeit\" \/>\n\t<meta name=\"twitter:data1\" content=\"3\u00a0Minuten\" \/>\n<script type=\"application\/ld+json\" class=\"yoast-schema-graph\">{\"@context\":\"https:\/\/schema.org\",\"@graph\":[{\"@type\":\"WebPage\",\"@id\":\"https:\/\/ilgiardinodicorten.it\/de\/kehrt-zurueck\/\",\"url\":\"https:\/\/ilgiardinodicorten.it\/de\/kehrt-zurueck\/\",\"name\":\"Kehrt zur\u00fcck - Il Giardino di Corten\",\"isPartOf\":{\"@id\":\"https:\/\/ilgiardinodicorten.it\/#website\"},\"datePublished\":\"2022-07-27T15:02:57+00:00\",\"dateModified\":\"2023-01-19T09:48:38+00:00\",\"breadcrumb\":{\"@id\":\"https:\/\/ilgiardinodicorten.it\/de\/kehrt-zurueck\/#breadcrumb\"},\"inLanguage\":\"de\",\"potentialAction\":[{\"@type\":\"ReadAction\",\"target\":[\"https:\/\/ilgiardinodicorten.it\/de\/kehrt-zurueck\/\"]}]},{\"@type\":\"BreadcrumbList\",\"@id\":\"https:\/\/ilgiardinodicorten.it\/de\/kehrt-zurueck\/#breadcrumb\",\"itemListElement\":[{\"@type\":\"ListItem\",\"position\":1,\"name\":\"Home\",\"item\":\"https:\/\/ilgiardinodicorten.it\/de\/\"},{\"@type\":\"ListItem\",\"position\":2,\"name\":\"Kehrt zur\u00fcck\"}]},{\"@type\":\"WebSite\",\"@id\":\"https:\/\/ilgiardinodicorten.it\/#website\",\"url\":\"https:\/\/ilgiardinodicorten.it\/\",\"name\":\"Il Giardino di Corten\",\"description\":\"\",\"potentialAction\":[{\"@type\":\"SearchAction\",\"target\":{\"@type\":\"EntryPoint\",\"urlTemplate\":\"https:\/\/ilgiardinodicorten.it\/?s={search_term_string}\"},\"query-input\":{\"@type\":\"PropertyValueSpecification\",\"valueRequired\":true,\"valueName\":\"search_term_string\"}}],\"inLanguage\":\"de\"}]}<\/script>\n<!-- \/ Yoast SEO plugin. -->","yoast_head_json":{"title":"Kehrt zur\u00fcck - Il Giardino di Corten","robots":{"index":"index","follow":"follow","max-snippet":"max-snippet:-1","max-image-preview":"max-image-preview:large","max-video-preview":"max-video-preview:-1"},"canonical":"https:\/\/ilgiardinodicorten.it\/de\/kehrt-zurueck\/","og_locale":"de_DE","og_type":"article","og_title":"Kehrt zur\u00fcck - Il Giardino di Corten","og_description":"Unsere R\u00fcckerstattungs- und Umtauschrichtlinien Dieser Abschnitt beschreibt, wie R\u00fcckerstattungen berechnet werden, und erl\u00e4utert unsere R\u00fcckerstattungsverfahren, einschlie\u00dflich f\u00fcr Geschenkbestellungen. Unsere R\u00fcckerstattungsverfahren wirken sich nicht auf Ihre Rechte aus. R\u00fcckerstattungshinweise: Die R\u00fcckerstattung erfolgt durch Gutschrift des Betrags auf dieselbe Zahlungsmethode, die Sie f\u00fcr den Kauf gew\u00e4hlt haben. Alle \u00c4nderungen der Akkreditierungsmethode werden im Voraus mitgeteilt. Sie k\u00f6nnen R\u00fccksendungen und vollst\u00e4ndige R\u00fcckerstattungen in der Bestell\u00fcbersicht im Abschnitt &#8220;Konto&#8221; \u00fcberpr\u00fcfen. Wenn R\u00fccksendungen und R\u00fcckerstattungen vier Wochen nach dem Versand Ihrer R\u00fccksendung nicht angezeigt werden, kontaktieren Sie uns bitte f\u00fcr weitere Unterst\u00fctzung. Wann kann ich die R\u00fcckerstattung erhalten? Artikel, die zur\u00fcckgegeben werden, weil sie falsch, besch\u00e4digt oder defekt sind. Wenn Sie einen Artikel aufgrund unseres Fehlers zur\u00fccksenden oder weil der Artikel besch\u00e4digt, defekt oder nicht das ist, was Sie bestellt haben, und dies nicht m\u00f6glich war Um mit der Reparatur oder dem Ersatz fortzufahren, wird Ihnen der Preis des Artikels erstattet. Il Giardino di Corten \u00fcberpr\u00fcft alle Artikel, die als besch\u00e4digt oder defekt zur\u00fcckgesendet wurden. F\u00fcr den Fall, dass kein Mangel festgestellt wird, behalten wir uns das Recht vor, Ihnen die Versandkosten und alle anderen anfallenden Kosten in Rechnung zu stellen. R\u00fccksendung innerhalb von 30 Tagen Sie k\u00f6nnen die Produkte zur\u00fccksenden auf ilgiardinodicorten.it gekauft bis zu 30 Kalendertage ab dem Lieferdatum derselben. In diesem Fall erstatten wir den Preis des Artikels. Die Versandkosten, die f\u00fcr den Erhalt des Produkts oder anderer mit Ihrem Kauf verbundener Dienstleistungen anfallen, werden Ihnen nicht erstattet. Die Kosten f\u00fcr die R\u00fccksendung des Artikels an ilgiardinodicorten.it werden nicht erstattet, sondern gehen zu Ihren Lasten. Widerrufsrecht innerhalb von 10 Tagen Bei Verzicht auf die Wenn Sie den Artikel innerhalb von zehn Werktagen nach Lieferung des Artikels kaufen, werden Ihnen sowohl der Preis des Artikels als auch die Versandkosten erstattet, die Ihnen f\u00fcr den Erhalt entstanden sind. F\u00fcr den Widerruf gelten die folgenden Richtlinien: Wenn Sie einen Artikel zur\u00fccksenden, der Teil einer Mehrfachbestellung ist, werden Ihnen nur die Kosten f\u00fcr den einzelnen zur\u00fcckgegebenen Artikel erstattet. Wenn Sie eine gesamte Bestellung zur\u00fccksenden, werden Ihnen die Versandkosten f\u00fcr die gesamte Bestellung erstattet. Die Kosten f\u00fcr die R\u00fccksendung des Artikels an ilgiardinodicorten.it werden nicht erstattet und gehen zu Ihren Lasten . Wann kann ich den Artikel ersetzen? Ersetzte Artikel, weil sie falsch, besch\u00e4digt oder defekt sind Wenn der gelieferte Artikel aufgrund unseres Fehlers nicht dem auf ilgiardinodicorten.it bestellten Artikel entspricht oder weil der Artikel besch\u00e4digt, defekt oder nicht der von Ihnen bestellte ist, gehen Sie wie folgt vor: Senden Sie uns innerhalb von 30 Tagen nach Lieferung des Artikels einen Bericht an die E-Mail-Adresse info@ilgiardinodicorten.it. Legen Sie den zu ersetzenden Artikel genau wie erhalten in die Originalverpackung, zusammen mit den darin enthaltenen Komponenten. Fahren Sie mit der sicheren Verpackung der zu ersetzenden Waren fort und senden Sie sie an:\u00a0Il Giardino di Corten, S.S. 13 Pontebbana Km. 144+68, \u2013 33017 Collalto di Tarcento (UD) Sobald der Artikel eingegangen ist, pr\u00fcft Il Giardino di Corten die Eignung Ihrer Ersatzanfrage und f\u00e4hrt anschlie\u00dfend mit der Lieferung des angeforderten Artikels fort.Il Giardino di Corten kann den Ersatzantrag nicht annehmen, wenn festgestellt wird, dass der Artikel aufgrund einer ungeeigneten Verpackung bei der R\u00fccksendung durch den Kunden oder aufgrund des Fehlens von Komponenten, die zuvor in der Verpackung des Artikels vorhanden waren, besch\u00e4digt wurde.","og_url":"https:\/\/ilgiardinodicorten.it\/de\/kehrt-zurueck\/","og_site_name":"Il Giardino di Corten","article_modified_time":"2023-01-19T09:48:38+00:00","twitter_card":"summary_large_image","twitter_misc":{"Gesch\u00e4tzte Lesezeit":"3\u00a0Minuten"},"schema":{"@context":"https:\/\/schema.org","@graph":[{"@type":"WebPage","@id":"https:\/\/ilgiardinodicorten.it\/de\/kehrt-zurueck\/","url":"https:\/\/ilgiardinodicorten.it\/de\/kehrt-zurueck\/","name":"Kehrt zur\u00fcck - Il Giardino di Corten","isPartOf":{"@id":"https:\/\/ilgiardinodicorten.it\/#website"},"datePublished":"2022-07-27T15:02:57+00:00","dateModified":"2023-01-19T09:48:38+00:00","breadcrumb":{"@id":"https:\/\/ilgiardinodicorten.it\/de\/kehrt-zurueck\/#breadcrumb"},"inLanguage":"de","potentialAction":[{"@type":"ReadAction","target":["https:\/\/ilgiardinodicorten.it\/de\/kehrt-zurueck\/"]}]},{"@type":"BreadcrumbList","@id":"https:\/\/ilgiardinodicorten.it\/de\/kehrt-zurueck\/#breadcrumb","itemListElement":[{"@type":"ListItem","position":1,"name":"Home","item":"https:\/\/ilgiardinodicorten.it\/de\/"},{"@type":"ListItem","position":2,"name":"Kehrt zur\u00fcck"}]},{"@type":"WebSite","@id":"https:\/\/ilgiardinodicorten.it\/#website","url":"https:\/\/ilgiardinodicorten.it\/","name":"Il Giardino di Corten","description":"","potentialAction":[{"@type":"SearchAction","target":{"@type":"EntryPoint","urlTemplate":"https:\/\/ilgiardinodicorten.it\/?s={search_term_string}"},"query-input":{"@type":"PropertyValueSpecification","valueRequired":true,"valueName":"search_term_string"}}],"inLanguage":"de"}]}},"_links":{"self":[{"href":"https:\/\/ilgiardinodicorten.it\/de\/wp-json\/wp\/v2\/pages\/22664","targetHints":{"allow":["GET"]}}],"collection":[{"href":"https:\/\/ilgiardinodicorten.it\/de\/wp-json\/wp\/v2\/pages"}],"about":[{"href":"https:\/\/ilgiardinodicorten.it\/de\/wp-json\/wp\/v2\/types\/page"}],"author":[{"embeddable":true,"href":"https:\/\/ilgiardinodicorten.it\/de\/wp-json\/wp\/v2\/users\/1"}],"replies":[{"embeddable":true,"href":"https:\/\/ilgiardinodicorten.it\/de\/wp-json\/wp\/v2\/comments?post=22664"}],"version-history":[{"count":4,"href":"https:\/\/ilgiardinodicorten.it\/de\/wp-json\/wp\/v2\/pages\/22664\/revisions"}],"predecessor-version":[{"id":23168,"href":"https:\/\/ilgiardinodicorten.it\/de\/wp-json\/wp\/v2\/pages\/22664\/revisions\/23168"}],"wp:attachment":[{"href":"https:\/\/ilgiardinodicorten.it\/de\/wp-json\/wp\/v2\/media?parent=22664"}],"curies":[{"name":"wp","href":"https:\/\/api.w.org\/{rel}","templated":true}]}}