{"id":34151,"date":"2025-05-26T16:14:34","date_gmt":"2025-05-26T14:14:34","guid":{"rendered":"https:\/\/ilgiardinodicorten.it\/preis-impresa-nel-mondo\/"},"modified":"2025-06-10T11:25:42","modified_gmt":"2025-06-10T09:25:42","slug":"preis-impresa-nel-mondo","status":"publish","type":"page","link":"https:\/\/ilgiardinodicorten.it\/de\/preis-impresa-nel-mondo\/","title":{"rendered":"Preis \u201e Impresa nel Mondo\u201c"},"content":{"rendered":"\t\t<div data-elementor-type=\"wp-page\" data-elementor-id=\"34151\" class=\"elementor elementor-34151 elementor-33858\" data-elementor-post-type=\"page\">\n\t\t\t\t<div class=\"elementor-element elementor-element-3c1efde e-flex e-con-boxed wpr-particle-no wpr-jarallax-no wpr-parallax-no wpr-sticky-section-no e-con e-parent\" data-id=\"3c1efde\" data-element_type=\"container\" data-e-type=\"container\">\n\t\t\t\t\t<div class=\"e-con-inner\">\n\t\t<div class=\"elementor-element elementor-element-86b1b52 e-con-full e-flex wpr-particle-no wpr-jarallax-no wpr-parallax-no wpr-sticky-section-no e-con e-child\" data-id=\"86b1b52\" data-element_type=\"container\" data-e-type=\"container\">\n\t\t\t\t<div class=\"elementor-element elementor-element-f2d881a elementor-widget elementor-widget-image\" data-id=\"f2d881a\" data-element_type=\"widget\" data-e-type=\"widget\" data-widget_type=\"image.default\">\n\t\t\t\t<div class=\"elementor-widget-container\">\n\t\t\t\t\t\t\t\t\t\t\t\t\t\t\t<img fetchpriority=\"high\" decoding=\"async\" width=\"911\" height=\"800\" src=\"https:\/\/ilgiardinodicorten.it\/wp-content\/uploads\/2025\/05\/img-palco-premiazione-impresa-nel-mondo-il-giardino-di-corten.jpg\" class=\"attachment-large size-large wp-image-33864\" alt=\"\" \/>\t\t\t\t\t\t\t\t\t\t\t\t\t\t\t<\/div>\n\t\t\t\t<\/div>\n\t\t<div class=\"elementor-element elementor-element-0779230 e-con-full e-flex wpr-particle-no wpr-jarallax-no wpr-parallax-no wpr-sticky-section-no e-con e-child\" data-id=\"0779230\" data-element_type=\"container\" data-e-type=\"container\">\n\t\t<div class=\"elementor-element elementor-element-c5694da e-con-full e-flex wpr-particle-no wpr-jarallax-no wpr-parallax-no wpr-sticky-section-no e-con e-child\" data-id=\"c5694da\" data-element_type=\"container\" data-e-type=\"container\">\n\t\t\t\t<div class=\"elementor-element elementor-element-93e8d79 elementor-widget elementor-widget-image\" data-id=\"93e8d79\" data-element_type=\"widget\" data-e-type=\"widget\" data-widget_type=\"image.default\">\n\t\t\t\t<div class=\"elementor-widget-container\">\n\t\t\t\t\t\t\t\t\t\t\t\t\t\t\t<img decoding=\"async\" width=\"189\" height=\"224\" src=\"https:\/\/ilgiardinodicorten.it\/wp-content\/uploads\/2025\/05\/img-raffaele-schneider-il-giardino-di-corten.jpg\" class=\"attachment-medium size-medium wp-image-33868\" alt=\"\" \/>\t\t\t\t\t\t\t\t\t\t\t\t\t\t\t<\/div>\n\t\t\t\t<\/div>\n\t\t\t\t<\/div>\n\t\t<div class=\"elementor-element elementor-element-243ff91 e-con-full e-flex wpr-particle-no wpr-jarallax-no wpr-parallax-no wpr-sticky-section-no e-con e-child\" data-id=\"243ff91\" data-element_type=\"container\" data-e-type=\"container\">\n\t\t\t\t<div class=\"elementor-element elementor-element-2764902 elementor-widget elementor-widget-image\" data-id=\"2764902\" data-element_type=\"widget\" data-e-type=\"widget\" data-widget_type=\"image.default\">\n\t\t\t\t<div class=\"elementor-widget-container\">\n\t\t\t\t\t\t\t\t\t\t\t\t\t\t\t\t<a href=\"https:\/\/ilgiardinodicorten.it\/wp-content\/uploads\/2022\/06\/img-premio-impresa-nel-mondo-il-giardino-di-corten.jpg\" data-elementor-open-lightbox=\"yes\" data-elementor-lightbox-title=\"img-premio-impresa-nel-mondo-il-giardino-di-corten\" data-e-action-hash=\"#elementor-action%3Aaction%3Dlightbox%26settings%3DeyJpZCI6MzM4NTAsInVybCI6Imh0dHBzOlwvXC9pbGdpYXJkaW5vZGljb3J0ZW4uaXRcL3dwLWNvbnRlbnRcL3VwbG9hZHNcLzIwMjJcLzA2XC9pbWctcHJlbWlvLWltcHJlc2EtbmVsLW1vbmRvLWlsLWdpYXJkaW5vLWRpLWNvcnRlbi5qcGcifQ%3D%3D\">\n\t\t\t\t\t\t\t<img decoding=\"async\" width=\"184\" height=\"300\" src=\"https:\/\/ilgiardinodicorten.it\/wp-content\/uploads\/2022\/06\/img-premio-impresa-nel-mondo-il-giardino-di-corten-184x300.jpg\" class=\"attachment-medium size-medium wp-image-33850\" alt=\"\" \/>\t\t\t\t\t\t\t\t<\/a>\n\t\t\t\t\t\t\t\t\t\t\t\t\t\t\t<\/div>\n\t\t\t\t<\/div>\n\t\t\t\t<\/div>\n\t\t\t\t<\/div>\n\t\t\t\t<\/div>\n\t\t<div class=\"elementor-element elementor-element-e8f6460 e-con-full e-flex wpr-particle-no wpr-jarallax-no wpr-parallax-no wpr-sticky-section-no e-con e-child\" data-id=\"e8f6460\" data-element_type=\"container\" data-e-type=\"container\">\n\t\t\t\t<div class=\"elementor-element elementor-element-5941ca3 elementor-widget elementor-widget-heading\" data-id=\"5941ca3\" data-element_type=\"widget\" data-e-type=\"widget\" data-widget_type=\"heading.default\">\n\t\t\t\t<div class=\"elementor-widget-container\">\n\t\t\t\t\t<h1 class=\"elementor-heading-title elementor-size-default\">DIE GROSSE ANERKENNUNG F\u00dcR T\u00c4GLICHES ENGAGEMENT<\/h1>\t\t\t\t<\/div>\n\t\t\t\t<\/div>\n\t\t\t\t<div class=\"elementor-element elementor-element-d25d033 elementor-widget elementor-widget-heading\" data-id=\"d25d033\" data-element_type=\"widget\" data-e-type=\"widget\" data-widget_type=\"heading.default\">\n\t\t\t\t<div class=\"elementor-widget-container\">\n\t\t\t\t\t<h2 class=\"elementor-heading-title elementor-size-default\">DIE VERANSTALTUNG IM THEATER VERDI IN PORDENONE FEIERTE DIEJENIGEN, DIE UNSERE REGION DANK TRADITION UND INNOVATION GROSSARTIG MACHEN.<\/h2>\t\t\t\t<\/div>\n\t\t\t\t<\/div>\n\t\t\t\t<div class=\"elementor-element elementor-element-b0fe05c elementor-widget elementor-widget-text-editor\" data-id=\"b0fe05c\" data-element_type=\"widget\" data-e-type=\"widget\" data-widget_type=\"text-editor.default\">\n\t\t\t\t<div class=\"elementor-widget-container\">\n\t\t\t\t\t\t\t\t\t<p>Ein Symbol f\u00fcr Einheit und Zusammenarbeit: Die Br\u00fccke, das Logo der Handelskammer Pordenone-Udine, \u201erepr\u00e4sentiert die Werte, Beziehungen und Verbindungen, die zum Wachstum unserer Region beitragen und die unsere Preistr\u00e4ger mit ihrem t\u00e4glichen Engagement verk\u00f6rpern\u201c, sagte Pr\u00e4sident Giovanni Da Pozzo, Gast der Wirtschafts- und Entwicklungspreise, bei denen in diesem Jahr 73 Auszeichnungen verliehen wurden.<\/p>\n<p><strong>Raffaele Schneider<\/strong>, Unternehmer und Inhaber von Il Giardino di Corten, wurde von der Handelskammer Pordenone-Udine mit dem <strong>Verdienstdiplom mit Goldmedaille<\/strong> ausgezeichnet.<\/p>\n\t\t\t\t\t\t\t\t<\/div>\n\t\t\t\t<\/div>\n\t\t\t\t<\/div>\n\t\t\t\t\t<\/div>\n\t\t\t\t<\/div>\n\t\t\t\t<\/div>\n\t\t","protected":false},"excerpt":{"rendered":"<p>DIE GROSSE ANERKENNUNG F\u00dcR T\u00c4GLICHES ENGAGEMENT DIE VERANSTALTUNG IM THEATER VERDI IN PORDENONE FEIERTE DIEJENIGEN, DIE UNSERE REGION DANK TRADITION UND INNOVATION GROSSARTIG MACHEN. Ein Symbol f\u00fcr Einheit und Zusammenarbeit: Die Br\u00fccke, das Logo der Handelskammer Pordenone-Udine, \u201erepr\u00e4sentiert die Werte, Beziehungen und Verbindungen, die zum Wachstum unserer Region beitragen und die unsere Preistr\u00e4ger mit ihrem t\u00e4glichen Engagement verk\u00f6rpern\u201c, sagte Pr\u00e4sident Giovanni Da Pozzo, Gast der Wirtschafts- und Entwicklungspreise, bei denen in diesem Jahr 73 Auszeichnungen verliehen wurden. Raffaele Schneider, Unternehmer und Inhaber von Il Giardino di Corten, wurde von der Handelskammer Pordenone-Udine mit dem Verdienstdiplom mit Goldmedaille ausgezeichnet.<\/p>\n","protected":false},"author":1,"featured_media":0,"parent":0,"menu_order":0,"comment_status":"closed","ping_status":"closed","template":"page-templates\/default-page.php","meta":{"_acf_changed":false,"footnotes":""},"class_list":["post-34151","page","type-page","status-publish","hentry"],"acf":[],"yoast_head":"<!-- This site is optimized with the Yoast SEO plugin v27.1.1 - https:\/\/yoast.com\/product\/yoast-seo-wordpress\/ -->\n<title>Preis \u201e Impresa nel Mondo\u201c - Il Giardino di Corten<\/title>\n<meta name=\"robots\" content=\"index, follow, max-snippet:-1, max-image-preview:large, max-video-preview:-1\" \/>\n<link rel=\"canonical\" href=\"https:\/\/ilgiardinodicorten.it\/premio-impresa-nel-mondo\/\" \/>\n<meta property=\"og:locale\" content=\"de_DE\" \/>\n<meta property=\"og:type\" content=\"article\" \/>\n<meta property=\"og:title\" content=\"Preis \u201e Impresa nel Mondo\u201c - Il Giardino di Corten\" \/>\n<meta property=\"og:description\" content=\"DIE GROSSE ANERKENNUNG F\u00dcR T\u00c4GLICHES ENGAGEMENT DIE VERANSTALTUNG IM THEATER VERDI IN PORDENONE FEIERTE DIEJENIGEN, DIE UNSERE REGION DANK TRADITION UND INNOVATION GROSSARTIG MACHEN. Ein Symbol f\u00fcr Einheit und Zusammenarbeit: Die Br\u00fccke, das Logo der Handelskammer Pordenone-Udine, \u201erepr\u00e4sentiert die Werte, Beziehungen und Verbindungen, die zum Wachstum unserer Region beitragen und die unsere Preistr\u00e4ger mit ihrem t\u00e4glichen Engagement verk\u00f6rpern\u201c, sagte Pr\u00e4sident Giovanni Da Pozzo, Gast der Wirtschafts- und Entwicklungspreise, bei denen in diesem Jahr 73 Auszeichnungen verliehen wurden. Raffaele Schneider, Unternehmer und Inhaber von Il Giardino di Corten, wurde von der Handelskammer Pordenone-Udine mit dem Verdienstdiplom mit Goldmedaille ausgezeichnet.\" \/>\n<meta property=\"og:url\" content=\"https:\/\/ilgiardinodicorten.it\/premio-impresa-nel-mondo\/\" \/>\n<meta property=\"og:site_name\" content=\"Il Giardino di Corten\" \/>\n<meta property=\"article:modified_time\" content=\"2025-06-10T09:25:42+00:00\" \/>\n<meta property=\"og:image\" content=\"https:\/\/ilgiardinodicorten.it\/wp-content\/uploads\/2025\/05\/img-palco-premiazione-impresa-nel-mondo-il-giardino-di-corten.jpg\" \/>\n\t<meta property=\"og:image:width\" content=\"911\" \/>\n\t<meta property=\"og:image:height\" content=\"800\" \/>\n\t<meta property=\"og:image:type\" content=\"image\/jpeg\" \/>\n<meta name=\"twitter:card\" content=\"summary_large_image\" \/>\n<meta name=\"twitter:label1\" content=\"Gesch\u00e4tzte Lesezeit\" \/>\n\t<meta name=\"twitter:data1\" content=\"1\u00a0Minute\" \/>\n<script type=\"application\/ld+json\" class=\"yoast-schema-graph\">{\"@context\":\"https:\/\/schema.org\",\"@graph\":[{\"@type\":\"WebPage\",\"@id\":\"https:\/\/ilgiardinodicorten.it\/premio-impresa-nel-mondo\/\",\"url\":\"https:\/\/ilgiardinodicorten.it\/premio-impresa-nel-mondo\/\",\"name\":\"Preis \u201e Impresa nel Mondo\u201c - Il Giardino di Corten\",\"isPartOf\":{\"@id\":\"https:\/\/ilgiardinodicorten.it\/#website\"},\"primaryImageOfPage\":{\"@id\":\"https:\/\/ilgiardinodicorten.it\/premio-impresa-nel-mondo\/#primaryimage\"},\"image\":{\"@id\":\"https:\/\/ilgiardinodicorten.it\/premio-impresa-nel-mondo\/#primaryimage\"},\"thumbnailUrl\":\"https:\/\/ilgiardinodicorten.it\/wp-content\/uploads\/2025\/05\/img-palco-premiazione-impresa-nel-mondo-il-giardino-di-corten.jpg\",\"datePublished\":\"2025-05-26T14:14:34+00:00\",\"dateModified\":\"2025-06-10T09:25:42+00:00\",\"breadcrumb\":{\"@id\":\"https:\/\/ilgiardinodicorten.it\/premio-impresa-nel-mondo\/#breadcrumb\"},\"inLanguage\":\"de\",\"potentialAction\":[{\"@type\":\"ReadAction\",\"target\":[\"https:\/\/ilgiardinodicorten.it\/premio-impresa-nel-mondo\/\"]}]},{\"@type\":\"ImageObject\",\"inLanguage\":\"de\",\"@id\":\"https:\/\/ilgiardinodicorten.it\/premio-impresa-nel-mondo\/#primaryimage\",\"url\":\"https:\/\/ilgiardinodicorten.it\/wp-content\/uploads\/2025\/05\/img-palco-premiazione-impresa-nel-mondo-il-giardino-di-corten.jpg\",\"contentUrl\":\"https:\/\/ilgiardinodicorten.it\/wp-content\/uploads\/2025\/05\/img-palco-premiazione-impresa-nel-mondo-il-giardino-di-corten.jpg\"},{\"@type\":\"BreadcrumbList\",\"@id\":\"https:\/\/ilgiardinodicorten.it\/premio-impresa-nel-mondo\/#breadcrumb\",\"itemListElement\":[{\"@type\":\"ListItem\",\"position\":1,\"name\":\"Home\",\"item\":\"https:\/\/ilgiardinodicorten.it\/de\/\"},{\"@type\":\"ListItem\",\"position\":2,\"name\":\"Preis \u201e Impresa nel Mondo\u201c\"}]},{\"@type\":\"WebSite\",\"@id\":\"https:\/\/ilgiardinodicorten.it\/#website\",\"url\":\"https:\/\/ilgiardinodicorten.it\/\",\"name\":\"Il Giardino di Corten\",\"description\":\"\",\"potentialAction\":[{\"@type\":\"SearchAction\",\"target\":{\"@type\":\"EntryPoint\",\"urlTemplate\":\"https:\/\/ilgiardinodicorten.it\/?s={search_term_string}\"},\"query-input\":{\"@type\":\"PropertyValueSpecification\",\"valueRequired\":true,\"valueName\":\"search_term_string\"}}],\"inLanguage\":\"de\"}]}<\/script>\n<!-- \/ Yoast SEO plugin. -->","yoast_head_json":{"title":"Preis \u201e Impresa nel Mondo\u201c - Il Giardino di Corten","robots":{"index":"index","follow":"follow","max-snippet":"max-snippet:-1","max-image-preview":"max-image-preview:large","max-video-preview":"max-video-preview:-1"},"canonical":"https:\/\/ilgiardinodicorten.it\/premio-impresa-nel-mondo\/","og_locale":"de_DE","og_type":"article","og_title":"Preis \u201e Impresa nel Mondo\u201c - Il Giardino di Corten","og_description":"DIE GROSSE ANERKENNUNG F\u00dcR T\u00c4GLICHES ENGAGEMENT DIE VERANSTALTUNG IM THEATER VERDI IN PORDENONE FEIERTE DIEJENIGEN, DIE UNSERE REGION DANK TRADITION UND INNOVATION GROSSARTIG MACHEN. Ein Symbol f\u00fcr Einheit und Zusammenarbeit: Die Br\u00fccke, das Logo der Handelskammer Pordenone-Udine, \u201erepr\u00e4sentiert die Werte, Beziehungen und Verbindungen, die zum Wachstum unserer Region beitragen und die unsere Preistr\u00e4ger mit ihrem t\u00e4glichen Engagement verk\u00f6rpern\u201c, sagte Pr\u00e4sident Giovanni Da Pozzo, Gast der Wirtschafts- und Entwicklungspreise, bei denen in diesem Jahr 73 Auszeichnungen verliehen wurden. Raffaele Schneider, Unternehmer und Inhaber von Il Giardino di Corten, wurde von der Handelskammer Pordenone-Udine mit dem Verdienstdiplom mit Goldmedaille ausgezeichnet.","og_url":"https:\/\/ilgiardinodicorten.it\/premio-impresa-nel-mondo\/","og_site_name":"Il Giardino di Corten","article_modified_time":"2025-06-10T09:25:42+00:00","og_image":[{"width":911,"height":800,"url":"https:\/\/ilgiardinodicorten.it\/wp-content\/uploads\/2025\/05\/img-palco-premiazione-impresa-nel-mondo-il-giardino-di-corten.jpg","type":"image\/jpeg"}],"twitter_card":"summary_large_image","twitter_misc":{"Gesch\u00e4tzte Lesezeit":"1\u00a0Minute"},"schema":{"@context":"https:\/\/schema.org","@graph":[{"@type":"WebPage","@id":"https:\/\/ilgiardinodicorten.it\/premio-impresa-nel-mondo\/","url":"https:\/\/ilgiardinodicorten.it\/premio-impresa-nel-mondo\/","name":"Preis \u201e Impresa nel Mondo\u201c - Il Giardino di Corten","isPartOf":{"@id":"https:\/\/ilgiardinodicorten.it\/#website"},"primaryImageOfPage":{"@id":"https:\/\/ilgiardinodicorten.it\/premio-impresa-nel-mondo\/#primaryimage"},"image":{"@id":"https:\/\/ilgiardinodicorten.it\/premio-impresa-nel-mondo\/#primaryimage"},"thumbnailUrl":"https:\/\/ilgiardinodicorten.it\/wp-content\/uploads\/2025\/05\/img-palco-premiazione-impresa-nel-mondo-il-giardino-di-corten.jpg","datePublished":"2025-05-26T14:14:34+00:00","dateModified":"2025-06-10T09:25:42+00:00","breadcrumb":{"@id":"https:\/\/ilgiardinodicorten.it\/premio-impresa-nel-mondo\/#breadcrumb"},"inLanguage":"de","potentialAction":[{"@type":"ReadAction","target":["https:\/\/ilgiardinodicorten.it\/premio-impresa-nel-mondo\/"]}]},{"@type":"ImageObject","inLanguage":"de","@id":"https:\/\/ilgiardinodicorten.it\/premio-impresa-nel-mondo\/#primaryimage","url":"https:\/\/ilgiardinodicorten.it\/wp-content\/uploads\/2025\/05\/img-palco-premiazione-impresa-nel-mondo-il-giardino-di-corten.jpg","contentUrl":"https:\/\/ilgiardinodicorten.it\/wp-content\/uploads\/2025\/05\/img-palco-premiazione-impresa-nel-mondo-il-giardino-di-corten.jpg"},{"@type":"BreadcrumbList","@id":"https:\/\/ilgiardinodicorten.it\/premio-impresa-nel-mondo\/#breadcrumb","itemListElement":[{"@type":"ListItem","position":1,"name":"Home","item":"https:\/\/ilgiardinodicorten.it\/de\/"},{"@type":"ListItem","position":2,"name":"Preis \u201e Impresa nel Mondo\u201c"}]},{"@type":"WebSite","@id":"https:\/\/ilgiardinodicorten.it\/#website","url":"https:\/\/ilgiardinodicorten.it\/","name":"Il Giardino di Corten","description":"","potentialAction":[{"@type":"SearchAction","target":{"@type":"EntryPoint","urlTemplate":"https:\/\/ilgiardinodicorten.it\/?s={search_term_string}"},"query-input":{"@type":"PropertyValueSpecification","valueRequired":true,"valueName":"search_term_string"}}],"inLanguage":"de"}]}},"_links":{"self":[{"href":"https:\/\/ilgiardinodicorten.it\/de\/wp-json\/wp\/v2\/pages\/34151","targetHints":{"allow":["GET"]}}],"collection":[{"href":"https:\/\/ilgiardinodicorten.it\/de\/wp-json\/wp\/v2\/pages"}],"about":[{"href":"https:\/\/ilgiardinodicorten.it\/de\/wp-json\/wp\/v2\/types\/page"}],"author":[{"embeddable":true,"href":"https:\/\/ilgiardinodicorten.it\/de\/wp-json\/wp\/v2\/users\/1"}],"replies":[{"embeddable":true,"href":"https:\/\/ilgiardinodicorten.it\/de\/wp-json\/wp\/v2\/comments?post=34151"}],"version-history":[{"count":1,"href":"https:\/\/ilgiardinodicorten.it\/de\/wp-json\/wp\/v2\/pages\/34151\/revisions"}],"predecessor-version":[{"id":34152,"href":"https:\/\/ilgiardinodicorten.it\/de\/wp-json\/wp\/v2\/pages\/34151\/revisions\/34152"}],"wp:attachment":[{"href":"https:\/\/ilgiardinodicorten.it\/de\/wp-json\/wp\/v2\/media?parent=34151"}],"curies":[{"name":"wp","href":"https:\/\/api.w.org\/{rel}","templated":true}]}}