{"id":38762,"date":"2026-02-12T12:15:22","date_gmt":"2026-02-12T11:15:22","guid":{"rendered":"https:\/\/ilgiardinodicorten.it\/kataloge\/"},"modified":"2026-02-12T14:34:57","modified_gmt":"2026-02-12T13:34:57","slug":"kataloge","status":"publish","type":"page","link":"https:\/\/ilgiardinodicorten.it\/de\/kataloge\/","title":{"rendered":"Kataloge"},"content":{"rendered":"\t\t<div data-elementor-type=\"wp-page\" data-elementor-id=\"38762\" class=\"elementor elementor-38762 elementor-38746\" data-elementor-post-type=\"page\">\n\t\t\t\t<div class=\"elementor-element elementor-element-487db40 e-flex e-con-boxed wpr-particle-no wpr-jarallax-no wpr-parallax-no wpr-sticky-section-no e-con e-parent\" data-id=\"487db40\" data-element_type=\"container\" data-e-type=\"container\">\n\t\t\t\t\t<div class=\"e-con-inner\">\n\t\t<div class=\"elementor-element elementor-element-feeaab8 e-con-full e-flex wpr-particle-no wpr-jarallax-no wpr-parallax-no wpr-sticky-section-no e-con e-child\" data-id=\"feeaab8\" data-element_type=\"container\" data-e-type=\"container\">\n\t\t<div class=\"elementor-element elementor-element-9a25df6 e-con-full e-flex wpr-particle-no wpr-jarallax-no wpr-parallax-no wpr-sticky-section-no e-con e-child\" data-id=\"9a25df6\" data-element_type=\"container\" data-e-type=\"container\">\n\t\t<div class=\"elementor-element elementor-element-84be255 e-con-full e-flex wpr-particle-no wpr-jarallax-no wpr-parallax-no wpr-sticky-section-no e-con e-child\" data-id=\"84be255\" data-element_type=\"container\" data-e-type=\"container\">\n\t\t\t\t<div class=\"elementor-element elementor-element-c8e3125 elementor-widget elementor-widget-image\" data-id=\"c8e3125\" data-element_type=\"widget\" data-e-type=\"widget\" data-widget_type=\"image.default\">\n\t\t\t\t<div class=\"elementor-widget-container\">\n\t\t\t\t\t\t\t\t\t\t\t\t\t\t\t<img fetchpriority=\"high\" decoding=\"async\" width=\"300\" height=\"406\" src=\"https:\/\/ilgiardinodicorten.it\/wp-content\/uploads\/2026\/02\/img-copertina-note-dal-giardino.jpg\" class=\"attachment-large size-large wp-image-38751\" alt=\"\" \/>\t\t\t\t\t\t\t\t\t\t\t\t\t\t\t<\/div>\n\t\t\t\t<\/div>\n\t\t\t\t<\/div>\n\t\t<div class=\"elementor-element elementor-element-f2da423 e-con-full e-flex wpr-particle-no wpr-jarallax-no wpr-parallax-no wpr-sticky-section-no e-con e-child\" data-id=\"f2da423\" data-element_type=\"container\" data-e-type=\"container\">\n\t\t\t\t<div class=\"elementor-element elementor-element-f721ec5 elementor-widget elementor-widget-heading\" data-id=\"f721ec5\" data-element_type=\"widget\" data-e-type=\"widget\" data-widget_type=\"heading.default\">\n\t\t\t\t<div class=\"elementor-widget-container\">\n\t\t\t\t\t<h2 class=\"elementor-heading-title elementor-size-default\">Note dal Giardino<\/h2>\t\t\t\t<\/div>\n\t\t\t\t<\/div>\n\t\t\t\t<div class=\"elementor-element elementor-element-e67b4ea elementor-widget elementor-widget-heading\" data-id=\"e67b4ea\" data-element_type=\"widget\" data-e-type=\"widget\" data-widget_type=\"heading.default\">\n\t\t\t\t<div class=\"elementor-widget-container\">\n\t\t\t\t\t<p class=\"elementor-heading-title elementor-size-default\">(PDF, 1,7MB)<\/p>\t\t\t\t<\/div>\n\t\t\t\t<\/div>\n\t\t\t\t<div class=\"elementor-element elementor-element-e51b09a elementor-widget elementor-widget-text-editor\" data-id=\"e51b09a\" data-element_type=\"widget\" data-e-type=\"widget\" data-widget_type=\"text-editor.default\">\n\t\t\t\t<div class=\"elementor-widget-container\">\n\t\t\t\t\t\t\t\t\t<p>Mit Il Giardino di Corten wird jede Au\u00dfenanlage zu einer spannenden und fesselnden Geschichte voller faszinierender Szenen, exklusiver Details und einzigartiger Ideen.<\/p>\n\t\t\t\t\t\t\t\t<\/div>\n\t\t\t\t<\/div>\n\t\t\t\t<div class=\"elementor-element elementor-element-d212633 elementor-align-left elementor-mobile-align-center elementor-widget elementor-widget-button\" data-id=\"d212633\" data-element_type=\"widget\" data-e-type=\"widget\" data-widget_type=\"button.default\">\n\t\t\t\t<div class=\"elementor-widget-container\">\n\t\t\t\t\t\t\t\t\t<div class=\"elementor-button-wrapper\">\n\t\t\t\t\t<a class=\"elementor-button elementor-button-link elementor-size-sm\" href=\"\/wp-content\/uploads\/2025\/12\/Note-dal-Giardino.pdf\" target=\"_blank\">\n\t\t\t\t\t\t<span class=\"elementor-button-content-wrapper\">\n\t\t\t\t\t\t<span class=\"elementor-button-icon\">\n\t\t\t\t<i aria-hidden=\"true\" class=\"fas fa-download\"><\/i>\t\t\t<\/span>\n\t\t\t\t\t\t\t\t\t<span class=\"elementor-button-text\">Katalog herunterladen<\/span>\n\t\t\t\t\t<\/span>\n\t\t\t\t\t<\/a>\n\t\t\t\t<\/div>\n\t\t\t\t\t\t\t\t<\/div>\n\t\t\t\t<\/div>\n\t\t\t\t<div class=\"elementor-element elementor-element-cf07679 gallery-spacing-custom elementor-widget elementor-widget-image-gallery\" data-id=\"cf07679\" data-element_type=\"widget\" data-e-type=\"widget\" data-widget_type=\"image-gallery.default\">\n\t\t\t\t<div class=\"elementor-widget-container\">\n\t\t\t\t\t\t\t<div class=\"elementor-image-gallery\">\n\t\t\t<div id='gallery-1' class='gallery galleryid-38762 gallery-columns-5 gallery-size-medium_large'><figure class='gallery-item'>\n\t\t\t<div class='gallery-icon landscape'>\n\t\t\t\t<a data-elementor-open-lightbox=\"yes\" data-elementor-lightbox-slideshow=\"cf07679\" data-elementor-lightbox-title=\"img2-Note-dal-Giardino\" data-e-action-hash=\"#elementor-action%3Aaction%3Dlightbox%26settings%3DeyJpZCI6Mzg3NjgsInVybCI6Imh0dHBzOlwvXC9pbGdpYXJkaW5vZGljb3J0ZW4uaXRcL3dwLWNvbnRlbnRcL3VwbG9hZHNcLzIwMjZcLzAyXC9pbWcyLU5vdGUtZGFsLUdpYXJkaW5vLmpwZyIsInNsaWRlc2hvdyI6ImNmMDc2NzkifQ%3D%3D\" href='https:\/\/ilgiardinodicorten.it\/wp-content\/uploads\/2026\/02\/img2-Note-dal-Giardino.jpg'><img decoding=\"async\" width=\"768\" height=\"520\" src=\"https:\/\/ilgiardinodicorten.it\/wp-content\/uploads\/2026\/02\/img2-Note-dal-Giardino-768x520.jpg\" class=\"attachment-medium_large size-medium_large\" alt=\"\" \/><\/a>\n\t\t\t<\/div><\/figure><figure class='gallery-item'>\n\t\t\t<div class='gallery-icon landscape'>\n\t\t\t\t<a data-elementor-open-lightbox=\"yes\" data-elementor-lightbox-slideshow=\"cf07679\" data-elementor-lightbox-title=\"img3-Note-dal-Giardino\" data-e-action-hash=\"#elementor-action%3Aaction%3Dlightbox%26settings%3DeyJpZCI6Mzg3NzIsInVybCI6Imh0dHBzOlwvXC9pbGdpYXJkaW5vZGljb3J0ZW4uaXRcL3dwLWNvbnRlbnRcL3VwbG9hZHNcLzIwMjZcLzAyXC9pbWczLU5vdGUtZGFsLUdpYXJkaW5vLmpwZyIsInNsaWRlc2hvdyI6ImNmMDc2NzkifQ%3D%3D\" href='https:\/\/ilgiardinodicorten.it\/wp-content\/uploads\/2026\/02\/img3-Note-dal-Giardino.jpg'><img decoding=\"async\" width=\"768\" height=\"520\" src=\"https:\/\/ilgiardinodicorten.it\/wp-content\/uploads\/2026\/02\/img3-Note-dal-Giardino-768x520.jpg\" class=\"attachment-medium_large size-medium_large\" alt=\"\" \/><\/a>\n\t\t\t<\/div><\/figure><figure class='gallery-item'>\n\t\t\t<div class='gallery-icon landscape'>\n\t\t\t\t<a data-elementor-open-lightbox=\"yes\" data-elementor-lightbox-slideshow=\"cf07679\" data-elementor-lightbox-title=\"img4-Note-dal-Giardino\" data-e-action-hash=\"#elementor-action%3Aaction%3Dlightbox%26settings%3DeyJpZCI6Mzg3NzYsInVybCI6Imh0dHBzOlwvXC9pbGdpYXJkaW5vZGljb3J0ZW4uaXRcL3dwLWNvbnRlbnRcL3VwbG9hZHNcLzIwMjZcLzAyXC9pbWc0LU5vdGUtZGFsLUdpYXJkaW5vLmpwZyIsInNsaWRlc2hvdyI6ImNmMDc2NzkifQ%3D%3D\" href='https:\/\/ilgiardinodicorten.it\/wp-content\/uploads\/2026\/02\/img4-Note-dal-Giardino.jpg'><img loading=\"lazy\" decoding=\"async\" width=\"768\" height=\"520\" src=\"https:\/\/ilgiardinodicorten.it\/wp-content\/uploads\/2026\/02\/img4-Note-dal-Giardino-768x520.jpg\" class=\"attachment-medium_large size-medium_large\" alt=\"\" \/><\/a>\n\t\t\t<\/div><\/figure><figure class='gallery-item'>\n\t\t\t<div class='gallery-icon landscape'>\n\t\t\t\t<a data-elementor-open-lightbox=\"yes\" data-elementor-lightbox-slideshow=\"cf07679\" data-elementor-lightbox-title=\"img5-Note-dal-Giardino\" data-e-action-hash=\"#elementor-action%3Aaction%3Dlightbox%26settings%3DeyJpZCI6Mzg3ODAsInVybCI6Imh0dHBzOlwvXC9pbGdpYXJkaW5vZGljb3J0ZW4uaXRcL3dwLWNvbnRlbnRcL3VwbG9hZHNcLzIwMjZcLzAyXC9pbWc1LU5vdGUtZGFsLUdpYXJkaW5vLmpwZyIsInNsaWRlc2hvdyI6ImNmMDc2NzkifQ%3D%3D\" href='https:\/\/ilgiardinodicorten.it\/wp-content\/uploads\/2026\/02\/img5-Note-dal-Giardino.jpg'><img loading=\"lazy\" decoding=\"async\" width=\"768\" height=\"520\" src=\"https:\/\/ilgiardinodicorten.it\/wp-content\/uploads\/2026\/02\/img5-Note-dal-Giardino-768x520.jpg\" class=\"attachment-medium_large size-medium_large\" alt=\"\" \/><\/a>\n\t\t\t<\/div><\/figure><figure class='gallery-item'>\n\t\t\t<div class='gallery-icon landscape'>\n\t\t\t\t<a data-elementor-open-lightbox=\"yes\" data-elementor-lightbox-slideshow=\"cf07679\" data-elementor-lightbox-title=\"img6-Note-dal-Giardino\" data-e-action-hash=\"#elementor-action%3Aaction%3Dlightbox%26settings%3DeyJpZCI6Mzg3ODQsInVybCI6Imh0dHBzOlwvXC9pbGdpYXJkaW5vZGljb3J0ZW4uaXRcL3dwLWNvbnRlbnRcL3VwbG9hZHNcLzIwMjZcLzAyXC9pbWc2LU5vdGUtZGFsLUdpYXJkaW5vLmpwZyIsInNsaWRlc2hvdyI6ImNmMDc2NzkifQ%3D%3D\" href='https:\/\/ilgiardinodicorten.it\/wp-content\/uploads\/2026\/02\/img6-Note-dal-Giardino.jpg'><img loading=\"lazy\" decoding=\"async\" width=\"768\" height=\"520\" src=\"https:\/\/ilgiardinodicorten.it\/wp-content\/uploads\/2026\/02\/img6-Note-dal-Giardino-768x520.jpg\" class=\"attachment-medium_large size-medium_large\" alt=\"\" \/><\/a>\n\t\t\t<\/div><\/figure>\n\t\t<\/div>\n\t\t<\/div>\n\t\t\t\t\t\t<\/div>\n\t\t\t\t<\/div>\n\t\t\t\t<\/div>\n\t\t\t\t<\/div>\n\t\t\t\t<\/div>\n\t\t<div class=\"elementor-element elementor-element-73968ac e-con-full e-flex wpr-particle-no wpr-jarallax-no wpr-parallax-no wpr-sticky-section-no e-con e-child\" data-id=\"73968ac\" data-element_type=\"container\" data-e-type=\"container\">\n\t\t<div class=\"elementor-element elementor-element-0ad582d e-con-full e-flex wpr-particle-no wpr-jarallax-no wpr-parallax-no wpr-sticky-section-no e-con e-child\" data-id=\"0ad582d\" data-element_type=\"container\" data-e-type=\"container\">\n\t\t<div class=\"elementor-element elementor-element-c897643 e-con-full e-flex wpr-particle-no wpr-jarallax-no wpr-parallax-no wpr-sticky-section-no e-con e-child\" data-id=\"c897643\" data-element_type=\"container\" data-e-type=\"container\">\n\t\t\t\t<div class=\"elementor-element elementor-element-69e854c elementor-widget elementor-widget-image\" data-id=\"69e854c\" data-element_type=\"widget\" data-e-type=\"widget\" data-widget_type=\"image.default\">\n\t\t\t\t<div class=\"elementor-widget-container\">\n\t\t\t\t\t\t\t\t\t\t\t\t\t\t\t<img loading=\"lazy\" decoding=\"async\" width=\"300\" height=\"400\" src=\"https:\/\/ilgiardinodicorten.it\/wp-content\/uploads\/2026\/02\/img-copertina-ilgiardinodicorten.jpg\" class=\"attachment-large size-large wp-image-38824\" alt=\"\" \/>\t\t\t\t\t\t\t\t\t\t\t\t\t\t\t<\/div>\n\t\t\t\t<\/div>\n\t\t\t\t<\/div>\n\t\t<div class=\"elementor-element elementor-element-b5e5021 e-con-full e-flex wpr-particle-no wpr-jarallax-no wpr-parallax-no wpr-sticky-section-no e-con e-child\" data-id=\"b5e5021\" data-element_type=\"container\" data-e-type=\"container\">\n\t\t\t\t<div class=\"elementor-element elementor-element-4619cc0 elementor-widget elementor-widget-heading\" data-id=\"4619cc0\" data-element_type=\"widget\" data-e-type=\"widget\" data-widget_type=\"heading.default\">\n\t\t\t\t<div class=\"elementor-widget-container\">\n\t\t\t\t\t<h2 class=\"elementor-heading-title elementor-size-default\">Il Giardino di Corten<\/h2>\t\t\t\t<\/div>\n\t\t\t\t<\/div>\n\t\t\t\t<div class=\"elementor-element elementor-element-434676a elementor-widget elementor-widget-heading\" data-id=\"434676a\" data-element_type=\"widget\" data-e-type=\"widget\" data-widget_type=\"heading.default\">\n\t\t\t\t<div class=\"elementor-widget-container\">\n\t\t\t\t\t<p class=\"elementor-heading-title elementor-size-default\">(PDF, 15,8MB)<\/p>\t\t\t\t<\/div>\n\t\t\t\t<\/div>\n\t\t\t\t<div class=\"elementor-element elementor-element-2c06c5b elementor-widget elementor-widget-text-editor\" data-id=\"2c06c5b\" data-element_type=\"widget\" data-e-type=\"widget\" data-widget_type=\"text-editor.default\">\n\t\t\t\t<div class=\"elementor-widget-container\">\n\t\t\t\t\t\t\t\t\t<p>Schneider, eine traditionsreiche Handwerksmanufaktur mit 150 Jahren Erfahrung in der Metallverarbeitung, pr\u00e4sentiert Il Giardino di Corten (Der Corten-Garten). Diese M\u00f6bel- und Accessoires-Kollektion verbindet auf harmonische Weise die Liebe zur Natur mit neuen Designtrends und verk\u00f6rpert so ein originelles Konzept des Lebens im Freien.<\/p>\n\t\t\t\t\t\t\t\t<\/div>\n\t\t\t\t<\/div>\n\t\t\t\t<div class=\"elementor-element elementor-element-2bcaf58 elementor-align-left elementor-mobile-align-center elementor-widget elementor-widget-button\" data-id=\"2bcaf58\" data-element_type=\"widget\" data-e-type=\"widget\" data-widget_type=\"button.default\">\n\t\t\t\t<div class=\"elementor-widget-container\">\n\t\t\t\t\t\t\t\t\t<div class=\"elementor-button-wrapper\">\n\t\t\t\t\t<a class=\"elementor-button elementor-button-link elementor-size-sm\" href=\"https:\/\/ilgiardinodicorten.it\/wp-content\/uploads\/2023\/02\/ilgiardinodicorten-1.pdf\" target=\"_blank\">\n\t\t\t\t\t\t<span class=\"elementor-button-content-wrapper\">\n\t\t\t\t\t\t<span class=\"elementor-button-icon\">\n\t\t\t\t<i aria-hidden=\"true\" class=\"fas fa-download\"><\/i>\t\t\t<\/span>\n\t\t\t\t\t\t\t\t\t<span class=\"elementor-button-text\">Katalog herunterladen<\/span>\n\t\t\t\t\t<\/span>\n\t\t\t\t\t<\/a>\n\t\t\t\t<\/div>\n\t\t\t\t\t\t\t\t<\/div>\n\t\t\t\t<\/div>\n\t\t\t\t<\/div>\n\t\t\t\t<\/div>\n\t\t\t\t<\/div>\n\t\t\t\t\t<\/div>\n\t\t\t\t<\/div>\n\t\t\t\t<\/div>\n\t\t","protected":false},"excerpt":{"rendered":"<p>Note dal Giardino (PDF, 1,7MB) Mit Il Giardino di Corten wird jede Au\u00dfenanlage zu einer spannenden und fesselnden Geschichte voller faszinierender Szenen, exklusiver Details und einzigartiger Ideen. Katalog herunterladen Il Giardino di Corten (PDF, 15,8MB) Schneider, eine traditionsreiche Handwerksmanufaktur mit 150 Jahren Erfahrung in der Metallverarbeitung, pr\u00e4sentiert Il Giardino di Corten (Der Corten-Garten). Diese M\u00f6bel- und Accessoires-Kollektion verbindet auf harmonische Weise die Liebe zur Natur mit neuen Designtrends und verk\u00f6rpert so ein originelles Konzept des Lebens im Freien. Katalog herunterladen<\/p>\n","protected":false},"author":1,"featured_media":0,"parent":0,"menu_order":0,"comment_status":"closed","ping_status":"closed","template":"page-templates\/default-page.php","meta":{"_acf_changed":false,"footnotes":""},"class_list":["post-38762","page","type-page","status-publish","hentry"],"acf":[],"yoast_head":"<!-- This site is optimized with the Yoast SEO plugin v27.1.1 - https:\/\/yoast.com\/product\/yoast-seo-wordpress\/ -->\n<title>Kataloge - Il Giardino di Corten<\/title>\n<meta name=\"robots\" content=\"index, follow, max-snippet:-1, max-image-preview:large, max-video-preview:-1\" \/>\n<link rel=\"canonical\" href=\"https:\/\/ilgiardinodicorten.it\/cataloghi\/\" \/>\n<meta property=\"og:locale\" content=\"de_DE\" \/>\n<meta property=\"og:type\" content=\"article\" \/>\n<meta property=\"og:title\" content=\"Kataloge - Il Giardino di Corten\" \/>\n<meta property=\"og:description\" content=\"Note dal Giardino (PDF, 1,7MB) Mit Il Giardino di Corten wird jede Au\u00dfenanlage zu einer spannenden und fesselnden Geschichte voller faszinierender Szenen, exklusiver Details und einzigartiger Ideen. Katalog herunterladen Il Giardino di Corten (PDF, 15,8MB) Schneider, eine traditionsreiche Handwerksmanufaktur mit 150 Jahren Erfahrung in der Metallverarbeitung, pr\u00e4sentiert Il Giardino di Corten (Der Corten-Garten). Diese M\u00f6bel- und Accessoires-Kollektion verbindet auf harmonische Weise die Liebe zur Natur mit neuen Designtrends und verk\u00f6rpert so ein originelles Konzept des Lebens im Freien. Katalog herunterladen\" \/>\n<meta property=\"og:url\" content=\"https:\/\/ilgiardinodicorten.it\/cataloghi\/\" \/>\n<meta property=\"og:site_name\" content=\"Il Giardino di Corten\" \/>\n<meta property=\"article:modified_time\" content=\"2026-02-12T13:34:57+00:00\" \/>\n<meta property=\"og:image\" content=\"https:\/\/ilgiardinodicorten.it\/wp-content\/uploads\/2026\/02\/img-copertina-note-dal-giardino.jpg\" \/>\n\t<meta property=\"og:image:width\" content=\"300\" \/>\n\t<meta property=\"og:image:height\" content=\"406\" \/>\n\t<meta property=\"og:image:type\" content=\"image\/jpeg\" \/>\n<meta name=\"twitter:card\" content=\"summary_large_image\" \/>\n<script type=\"application\/ld+json\" class=\"yoast-schema-graph\">{\"@context\":\"https:\/\/schema.org\",\"@graph\":[{\"@type\":\"WebPage\",\"@id\":\"https:\/\/ilgiardinodicorten.it\/cataloghi\/\",\"url\":\"https:\/\/ilgiardinodicorten.it\/cataloghi\/\",\"name\":\"Kataloge - Il Giardino di Corten\",\"isPartOf\":{\"@id\":\"https:\/\/ilgiardinodicorten.it\/#website\"},\"primaryImageOfPage\":{\"@id\":\"https:\/\/ilgiardinodicorten.it\/cataloghi\/#primaryimage\"},\"image\":{\"@id\":\"https:\/\/ilgiardinodicorten.it\/cataloghi\/#primaryimage\"},\"thumbnailUrl\":\"https:\/\/ilgiardinodicorten.it\/wp-content\/uploads\/2026\/02\/img-copertina-note-dal-giardino.jpg\",\"datePublished\":\"2026-02-12T11:15:22+00:00\",\"dateModified\":\"2026-02-12T13:34:57+00:00\",\"breadcrumb\":{\"@id\":\"https:\/\/ilgiardinodicorten.it\/cataloghi\/#breadcrumb\"},\"inLanguage\":\"de\",\"potentialAction\":[{\"@type\":\"ReadAction\",\"target\":[\"https:\/\/ilgiardinodicorten.it\/cataloghi\/\"]}]},{\"@type\":\"ImageObject\",\"inLanguage\":\"de\",\"@id\":\"https:\/\/ilgiardinodicorten.it\/cataloghi\/#primaryimage\",\"url\":\"https:\/\/ilgiardinodicorten.it\/wp-content\/uploads\/2026\/02\/img-copertina-note-dal-giardino.jpg\",\"contentUrl\":\"https:\/\/ilgiardinodicorten.it\/wp-content\/uploads\/2026\/02\/img-copertina-note-dal-giardino.jpg\"},{\"@type\":\"BreadcrumbList\",\"@id\":\"https:\/\/ilgiardinodicorten.it\/cataloghi\/#breadcrumb\",\"itemListElement\":[{\"@type\":\"ListItem\",\"position\":1,\"name\":\"Home\",\"item\":\"https:\/\/ilgiardinodicorten.it\/de\/\"},{\"@type\":\"ListItem\",\"position\":2,\"name\":\"Kataloge\"}]},{\"@type\":\"WebSite\",\"@id\":\"https:\/\/ilgiardinodicorten.it\/#website\",\"url\":\"https:\/\/ilgiardinodicorten.it\/\",\"name\":\"Il Giardino di Corten\",\"description\":\"\",\"potentialAction\":[{\"@type\":\"SearchAction\",\"target\":{\"@type\":\"EntryPoint\",\"urlTemplate\":\"https:\/\/ilgiardinodicorten.it\/?s={search_term_string}\"},\"query-input\":{\"@type\":\"PropertyValueSpecification\",\"valueRequired\":true,\"valueName\":\"search_term_string\"}}],\"inLanguage\":\"de\"}]}<\/script>\n<!-- \/ Yoast SEO plugin. -->","yoast_head_json":{"title":"Kataloge - Il Giardino di Corten","robots":{"index":"index","follow":"follow","max-snippet":"max-snippet:-1","max-image-preview":"max-image-preview:large","max-video-preview":"max-video-preview:-1"},"canonical":"https:\/\/ilgiardinodicorten.it\/cataloghi\/","og_locale":"de_DE","og_type":"article","og_title":"Kataloge - Il Giardino di Corten","og_description":"Note dal Giardino (PDF, 1,7MB) Mit Il Giardino di Corten wird jede Au\u00dfenanlage zu einer spannenden und fesselnden Geschichte voller faszinierender Szenen, exklusiver Details und einzigartiger Ideen. Katalog herunterladen Il Giardino di Corten (PDF, 15,8MB) Schneider, eine traditionsreiche Handwerksmanufaktur mit 150 Jahren Erfahrung in der Metallverarbeitung, pr\u00e4sentiert Il Giardino di Corten (Der Corten-Garten). Diese M\u00f6bel- und Accessoires-Kollektion verbindet auf harmonische Weise die Liebe zur Natur mit neuen Designtrends und verk\u00f6rpert so ein originelles Konzept des Lebens im Freien. Katalog herunterladen","og_url":"https:\/\/ilgiardinodicorten.it\/cataloghi\/","og_site_name":"Il Giardino di Corten","article_modified_time":"2026-02-12T13:34:57+00:00","og_image":[{"width":300,"height":406,"url":"https:\/\/ilgiardinodicorten.it\/wp-content\/uploads\/2026\/02\/img-copertina-note-dal-giardino.jpg","type":"image\/jpeg"}],"twitter_card":"summary_large_image","schema":{"@context":"https:\/\/schema.org","@graph":[{"@type":"WebPage","@id":"https:\/\/ilgiardinodicorten.it\/cataloghi\/","url":"https:\/\/ilgiardinodicorten.it\/cataloghi\/","name":"Kataloge - Il Giardino di Corten","isPartOf":{"@id":"https:\/\/ilgiardinodicorten.it\/#website"},"primaryImageOfPage":{"@id":"https:\/\/ilgiardinodicorten.it\/cataloghi\/#primaryimage"},"image":{"@id":"https:\/\/ilgiardinodicorten.it\/cataloghi\/#primaryimage"},"thumbnailUrl":"https:\/\/ilgiardinodicorten.it\/wp-content\/uploads\/2026\/02\/img-copertina-note-dal-giardino.jpg","datePublished":"2026-02-12T11:15:22+00:00","dateModified":"2026-02-12T13:34:57+00:00","breadcrumb":{"@id":"https:\/\/ilgiardinodicorten.it\/cataloghi\/#breadcrumb"},"inLanguage":"de","potentialAction":[{"@type":"ReadAction","target":["https:\/\/ilgiardinodicorten.it\/cataloghi\/"]}]},{"@type":"ImageObject","inLanguage":"de","@id":"https:\/\/ilgiardinodicorten.it\/cataloghi\/#primaryimage","url":"https:\/\/ilgiardinodicorten.it\/wp-content\/uploads\/2026\/02\/img-copertina-note-dal-giardino.jpg","contentUrl":"https:\/\/ilgiardinodicorten.it\/wp-content\/uploads\/2026\/02\/img-copertina-note-dal-giardino.jpg"},{"@type":"BreadcrumbList","@id":"https:\/\/ilgiardinodicorten.it\/cataloghi\/#breadcrumb","itemListElement":[{"@type":"ListItem","position":1,"name":"Home","item":"https:\/\/ilgiardinodicorten.it\/de\/"},{"@type":"ListItem","position":2,"name":"Kataloge"}]},{"@type":"WebSite","@id":"https:\/\/ilgiardinodicorten.it\/#website","url":"https:\/\/ilgiardinodicorten.it\/","name":"Il Giardino di Corten","description":"","potentialAction":[{"@type":"SearchAction","target":{"@type":"EntryPoint","urlTemplate":"https:\/\/ilgiardinodicorten.it\/?s={search_term_string}"},"query-input":{"@type":"PropertyValueSpecification","valueRequired":true,"valueName":"search_term_string"}}],"inLanguage":"de"}]}},"_links":{"self":[{"href":"https:\/\/ilgiardinodicorten.it\/de\/wp-json\/wp\/v2\/pages\/38762","targetHints":{"allow":["GET"]}}],"collection":[{"href":"https:\/\/ilgiardinodicorten.it\/de\/wp-json\/wp\/v2\/pages"}],"about":[{"href":"https:\/\/ilgiardinodicorten.it\/de\/wp-json\/wp\/v2\/types\/page"}],"author":[{"embeddable":true,"href":"https:\/\/ilgiardinodicorten.it\/de\/wp-json\/wp\/v2\/users\/1"}],"replies":[{"embeddable":true,"href":"https:\/\/ilgiardinodicorten.it\/de\/wp-json\/wp\/v2\/comments?post=38762"}],"version-history":[{"count":5,"href":"https:\/\/ilgiardinodicorten.it\/de\/wp-json\/wp\/v2\/pages\/38762\/revisions"}],"predecessor-version":[{"id":38834,"href":"https:\/\/ilgiardinodicorten.it\/de\/wp-json\/wp\/v2\/pages\/38762\/revisions\/38834"}],"wp:attachment":[{"href":"https:\/\/ilgiardinodicorten.it\/de\/wp-json\/wp\/v2\/media?parent=38762"}],"curies":[{"name":"wp","href":"https:\/\/api.w.org\/{rel}","templated":true}]}}