{"id":21969,"date":"2022-12-14T16:29:32","date_gmt":"2022-12-14T15:29:32","guid":{"rendered":"https:\/\/ilgiardinodicorten.it\/prodotto\/brunnen-teti-baby\/"},"modified":"2022-12-14T16:29:32","modified_gmt":"2022-12-14T15:29:32","slug":"brunnen-teti-baby","status":"publish","type":"product","link":"https:\/\/ilgiardinodicorten.it\/de\/produkt\/brunnen-teti-baby\/","title":{"rendered":"Brunnen Teti Baby"},"content":{"rendered":"<p>Der Brunnen Teti mit seiner essenziellen Form ist so konzipiert, dass er sich in jeder Situation gut in die Umgebung einfu\u0308gt. Er ist in zwei Gr\u00f6\u00dfen und drei Versionen erh\u00e4ltlich: mit Wasserbecken, Umrahmung mit Kieselsteinen oder mit Ablaufgitter.<\/p>\n","protected":false},"excerpt":{"rendered":"<p>Ein Brunnen mit klaren Linien und einem essentiellen Design, der sich dank der besonderen Corten-Oberfl\u00e4che f\u00fcr jeden Kontext eignet.<\/p>\n","protected":false},"featured_media":26273,"template":"","meta":{"_acf_changed":false},"product_brand":[],"product_cat":[285],"product_tag":[],"class_list":{"0":"post-21969","1":"product","2":"type-product","3":"status-publish","4":"has-post-thumbnail","6":"product_cat-brunnen","9":"first","10":"instock","11":"taxable","12":"shipping-taxable","13":"purchasable","14":"product-type-simple"},"acf":[],"yoast_head":"<!-- This site is optimized with the Yoast SEO plugin v27.1.1 - https:\/\/yoast.com\/product\/yoast-seo-wordpress\/ -->\n<title>Brunnen Teti Baby - Il Giardino di Corten<\/title>\n<meta name=\"robots\" content=\"index, follow, max-snippet:-1, max-image-preview:large, max-video-preview:-1\" \/>\n<link rel=\"canonical\" href=\"https:\/\/ilgiardinodicorten.it\/de\/produkt\/brunnen-teti-baby\/\" \/>\n<meta property=\"og:locale\" content=\"de_DE\" \/>\n<meta property=\"og:type\" content=\"article\" \/>\n<meta property=\"og:title\" content=\"Brunnen Teti Baby - Il Giardino di Corten\" \/>\n<meta property=\"og:description\" content=\"Ein Brunnen mit klaren Linien und einem essentiellen Design, der sich dank der besonderen Corten-Oberfl\u00e4che f\u00fcr jeden Kontext eignet.\" \/>\n<meta property=\"og:url\" content=\"https:\/\/ilgiardinodicorten.it\/de\/produkt\/brunnen-teti-baby\/\" \/>\n<meta property=\"og:site_name\" content=\"Il Giardino di Corten\" \/>\n<meta property=\"og:image\" content=\"https:\/\/ilgiardinodicorten.it\/wp-content\/uploads\/2022\/12\/TetI_Baby_Promo.jpg\" \/>\n\t<meta property=\"og:image:width\" content=\"359\" \/>\n\t<meta property=\"og:image:height\" content=\"323\" \/>\n\t<meta property=\"og:image:type\" content=\"image\/jpeg\" \/>\n<meta name=\"twitter:card\" content=\"summary_large_image\" \/>\n<script type=\"application\/ld+json\" class=\"yoast-schema-graph\">{\"@context\":\"https:\/\/schema.org\",\"@graph\":[{\"@type\":\"WebPage\",\"@id\":\"https:\/\/ilgiardinodicorten.it\/de\/produkt\/brunnen-teti-baby\/\",\"url\":\"https:\/\/ilgiardinodicorten.it\/de\/produkt\/brunnen-teti-baby\/\",\"name\":\"Brunnen Teti Baby - Il Giardino di Corten\",\"isPartOf\":{\"@id\":\"https:\/\/ilgiardinodicorten.it\/#website\"},\"primaryImageOfPage\":{\"@id\":\"https:\/\/ilgiardinodicorten.it\/de\/produkt\/brunnen-teti-baby\/#primaryimage\"},\"image\":{\"@id\":\"https:\/\/ilgiardinodicorten.it\/de\/produkt\/brunnen-teti-baby\/#primaryimage\"},\"thumbnailUrl\":\"https:\/\/ilgiardinodicorten.it\/wp-content\/uploads\/2022\/12\/TetI_Baby_Promo.jpg\",\"datePublished\":\"2022-12-14T15:29:32+00:00\",\"breadcrumb\":{\"@id\":\"https:\/\/ilgiardinodicorten.it\/de\/produkt\/brunnen-teti-baby\/#breadcrumb\"},\"inLanguage\":\"de\",\"potentialAction\":[{\"@type\":\"ReadAction\",\"target\":[\"https:\/\/ilgiardinodicorten.it\/de\/produkt\/brunnen-teti-baby\/\"]}]},{\"@type\":\"ImageObject\",\"inLanguage\":\"de\",\"@id\":\"https:\/\/ilgiardinodicorten.it\/de\/produkt\/brunnen-teti-baby\/#primaryimage\",\"url\":\"https:\/\/ilgiardinodicorten.it\/wp-content\/uploads\/2022\/12\/TetI_Baby_Promo.jpg\",\"contentUrl\":\"https:\/\/ilgiardinodicorten.it\/wp-content\/uploads\/2022\/12\/TetI_Baby_Promo.jpg\",\"width\":359,\"height\":323},{\"@type\":\"BreadcrumbList\",\"@id\":\"https:\/\/ilgiardinodicorten.it\/de\/produkt\/brunnen-teti-baby\/#breadcrumb\",\"itemListElement\":[{\"@type\":\"ListItem\",\"position\":1,\"name\":\"Home\",\"item\":\"https:\/\/ilgiardinodicorten.it\/de\/\"},{\"@type\":\"ListItem\",\"position\":2,\"name\":\"Einkaufen\",\"item\":\"https:\/\/ilgiardinodicorten.it\/de\/einkaufen\/\"},{\"@type\":\"ListItem\",\"position\":3,\"name\":\"Brunnen Teti Baby\"}]},{\"@type\":\"WebSite\",\"@id\":\"https:\/\/ilgiardinodicorten.it\/#website\",\"url\":\"https:\/\/ilgiardinodicorten.it\/\",\"name\":\"Il Giardino di Corten\",\"description\":\"\",\"potentialAction\":[{\"@type\":\"SearchAction\",\"target\":{\"@type\":\"EntryPoint\",\"urlTemplate\":\"https:\/\/ilgiardinodicorten.it\/?s={search_term_string}\"},\"query-input\":{\"@type\":\"PropertyValueSpecification\",\"valueRequired\":true,\"valueName\":\"search_term_string\"}}],\"inLanguage\":\"de\"}]}<\/script>\n<!-- \/ Yoast SEO plugin. -->","yoast_head_json":{"title":"Brunnen Teti Baby - Il Giardino di Corten","robots":{"index":"index","follow":"follow","max-snippet":"max-snippet:-1","max-image-preview":"max-image-preview:large","max-video-preview":"max-video-preview:-1"},"canonical":"https:\/\/ilgiardinodicorten.it\/de\/produkt\/brunnen-teti-baby\/","og_locale":"de_DE","og_type":"article","og_title":"Brunnen Teti Baby - Il Giardino di Corten","og_description":"Ein Brunnen mit klaren Linien und einem essentiellen Design, der sich dank der besonderen Corten-Oberfl\u00e4che f\u00fcr jeden Kontext eignet.","og_url":"https:\/\/ilgiardinodicorten.it\/de\/produkt\/brunnen-teti-baby\/","og_site_name":"Il Giardino di Corten","og_image":[{"width":359,"height":323,"url":"https:\/\/ilgiardinodicorten.it\/wp-content\/uploads\/2022\/12\/TetI_Baby_Promo.jpg","type":"image\/jpeg"}],"twitter_card":"summary_large_image","schema":{"@context":"https:\/\/schema.org","@graph":[{"@type":"WebPage","@id":"https:\/\/ilgiardinodicorten.it\/de\/produkt\/brunnen-teti-baby\/","url":"https:\/\/ilgiardinodicorten.it\/de\/produkt\/brunnen-teti-baby\/","name":"Brunnen Teti Baby - Il Giardino di Corten","isPartOf":{"@id":"https:\/\/ilgiardinodicorten.it\/#website"},"primaryImageOfPage":{"@id":"https:\/\/ilgiardinodicorten.it\/de\/produkt\/brunnen-teti-baby\/#primaryimage"},"image":{"@id":"https:\/\/ilgiardinodicorten.it\/de\/produkt\/brunnen-teti-baby\/#primaryimage"},"thumbnailUrl":"https:\/\/ilgiardinodicorten.it\/wp-content\/uploads\/2022\/12\/TetI_Baby_Promo.jpg","datePublished":"2022-12-14T15:29:32+00:00","breadcrumb":{"@id":"https:\/\/ilgiardinodicorten.it\/de\/produkt\/brunnen-teti-baby\/#breadcrumb"},"inLanguage":"de","potentialAction":[{"@type":"ReadAction","target":["https:\/\/ilgiardinodicorten.it\/de\/produkt\/brunnen-teti-baby\/"]}]},{"@type":"ImageObject","inLanguage":"de","@id":"https:\/\/ilgiardinodicorten.it\/de\/produkt\/brunnen-teti-baby\/#primaryimage","url":"https:\/\/ilgiardinodicorten.it\/wp-content\/uploads\/2022\/12\/TetI_Baby_Promo.jpg","contentUrl":"https:\/\/ilgiardinodicorten.it\/wp-content\/uploads\/2022\/12\/TetI_Baby_Promo.jpg","width":359,"height":323},{"@type":"BreadcrumbList","@id":"https:\/\/ilgiardinodicorten.it\/de\/produkt\/brunnen-teti-baby\/#breadcrumb","itemListElement":[{"@type":"ListItem","position":1,"name":"Home","item":"https:\/\/ilgiardinodicorten.it\/de\/"},{"@type":"ListItem","position":2,"name":"Einkaufen","item":"https:\/\/ilgiardinodicorten.it\/de\/einkaufen\/"},{"@type":"ListItem","position":3,"name":"Brunnen Teti Baby"}]},{"@type":"WebSite","@id":"https:\/\/ilgiardinodicorten.it\/#website","url":"https:\/\/ilgiardinodicorten.it\/","name":"Il Giardino di Corten","description":"","potentialAction":[{"@type":"SearchAction","target":{"@type":"EntryPoint","urlTemplate":"https:\/\/ilgiardinodicorten.it\/?s={search_term_string}"},"query-input":{"@type":"PropertyValueSpecification","valueRequired":true,"valueName":"search_term_string"}}],"inLanguage":"de"}]}},"_links":{"self":[{"href":"https:\/\/ilgiardinodicorten.it\/de\/wp-json\/wp\/v2\/product\/21969","targetHints":{"allow":["GET"]}}],"collection":[{"href":"https:\/\/ilgiardinodicorten.it\/de\/wp-json\/wp\/v2\/product"}],"about":[{"href":"https:\/\/ilgiardinodicorten.it\/de\/wp-json\/wp\/v2\/types\/product"}],"wp:featuredmedia":[{"embeddable":true,"href":"https:\/\/ilgiardinodicorten.it\/de\/wp-json\/wp\/v2\/media\/26273"}],"wp:attachment":[{"href":"https:\/\/ilgiardinodicorten.it\/de\/wp-json\/wp\/v2\/media?parent=21969"}],"wp:term":[{"taxonomy":"product_brand","embeddable":true,"href":"https:\/\/ilgiardinodicorten.it\/de\/wp-json\/wp\/v2\/product_brand?post=21969"},{"taxonomy":"product_cat","embeddable":true,"href":"https:\/\/ilgiardinodicorten.it\/de\/wp-json\/wp\/v2\/product_cat?post=21969"},{"taxonomy":"product_tag","embeddable":true,"href":"https:\/\/ilgiardinodicorten.it\/de\/wp-json\/wp\/v2\/product_tag?post=21969"}],"curies":[{"name":"wp","href":"https:\/\/api.w.org\/{rel}","templated":true}]}}