{"id":21985,"date":"2017-11-29T15:35:58","date_gmt":"2017-11-29T14:35:58","guid":{"rendered":"https:\/\/ilgiardinodicorten.it\/prodotto\/orto-cassa\/"},"modified":"2023-01-13T16:58:45","modified_gmt":"2023-01-13T15:58:45","slug":"orto-cassa","status":"publish","type":"product","link":"https:\/\/ilgiardinodicorten.it\/de\/produkt\/orto-cassa\/","title":{"rendered":"Orto Cassa"},"content":{"rendered":"<p>Die geformten und verst\u00e4rkten W\u00e4nde, sobald sie mit einem Verriegelungssystem zusammengebaut sind, das keine Schrauben oder Schwei\u00dfen erfordert, schaffen ein bodenloses Blumenbeet, das sich perfekt als Pflanzgef\u00e4\u00df eignet oder Ihren Gem\u00fcsegarten besser organisiert.<\/p>\n<p><strong>ABMESSUNGEN<\/strong><\/p>\n<p><strong>Orto Cassa 240 (Petite):<\/strong><br \/>\nH\u00f6he: 20 cm<br \/>\nBreite: 90 cm<br \/>\nL\u00e4nge: 240 cm<br \/>\nGewicht: 38 kg<\/p>\n<p><strong>Garden Case 270 (Moyenne):<\/strong><br \/>\nH\u00f6he: 30 cm<br \/>\nBreite: 90 cm<br \/>\nL\u00e4nge: 270 cm<br \/>\nGewicht: 40 kg <\/p>\n<p><strong>Orto Cassa 300 (Super):<\/strong><br \/>\nH\u00f6he: 40 cm<br \/>\nBreite: 90 cm<br \/>\nL\u00e4nge: 300 cm<br \/>\nGewicht: 43 kg<\/p>\n","protected":false},"excerpt":{"rendered":"<p>Dieses rechteckige Hochbeet erm\u00f6glicht das Anheben der Bepflanzungen u\u0308ber den Boden, was die Arbeit komfortabler macht und das M\u00e4hen des Rasens drumherum erleichtert.<\/p>\n","protected":false},"featured_media":21467,"template":"","meta":{"_acf_changed":false},"product_brand":[],"product_cat":[330],"product_tag":[],"class_list":{"0":"post-21985","1":"product","2":"type-product","3":"status-publish","4":"has-post-thumbnail","6":"product_cat-zaune-und-grenzen","7":"product_shipping_class-spedizione-140-de","10":"first","11":"instock","12":"taxable","13":"shipping-taxable","14":"purchasable","15":"product-type-variable"},"acf":[],"yoast_head":"<!-- This site is optimized with the Yoast SEO plugin v27.1.1 - https:\/\/yoast.com\/product\/yoast-seo-wordpress\/ -->\n<title>Orto Cassa - Il Giardino di Corten<\/title>\n<meta name=\"robots\" content=\"index, follow, max-snippet:-1, max-image-preview:large, max-video-preview:-1\" \/>\n<link rel=\"canonical\" href=\"https:\/\/ilgiardinodicorten.it\/produkt\/orto-cassa\/\" \/>\n<meta property=\"og:locale\" content=\"de_DE\" \/>\n<meta property=\"og:type\" content=\"article\" \/>\n<meta property=\"og:title\" content=\"Orto Cassa - Il Giardino di Corten\" \/>\n<meta property=\"og:description\" content=\"Dieses rechteckige Hochbeet erm\u00f6glicht das Anheben der Bepflanzungen u\u0308ber den Boden, was die Arbeit komfortabler macht und das M\u00e4hen des Rasens drumherum erleichtert.\" \/>\n<meta property=\"og:url\" content=\"https:\/\/ilgiardinodicorten.it\/produkt\/orto-cassa\/\" \/>\n<meta property=\"og:site_name\" content=\"Il Giardino di Corten\" \/>\n<meta property=\"article:modified_time\" content=\"2023-01-13T15:58:45+00:00\" \/>\n<meta property=\"og:image\" content=\"https:\/\/ilgiardinodicorten.it\/wp-content\/uploads\/2017\/11\/recinzione-bordura-orto-cassa.jpg\" \/>\n\t<meta property=\"og:image:width\" content=\"546\" \/>\n\t<meta property=\"og:image:height\" content=\"711\" \/>\n\t<meta property=\"og:image:type\" content=\"image\/jpeg\" \/>\n<meta name=\"twitter:card\" content=\"summary_large_image\" \/>\n<script type=\"application\/ld+json\" class=\"yoast-schema-graph\">{\"@context\":\"https:\/\/schema.org\",\"@graph\":[{\"@type\":\"WebPage\",\"@id\":\"https:\/\/ilgiardinodicorten.it\/produkt\/orto-cassa\/\",\"url\":\"https:\/\/ilgiardinodicorten.it\/produkt\/orto-cassa\/\",\"name\":\"Orto Cassa - Il Giardino di Corten\",\"isPartOf\":{\"@id\":\"https:\/\/ilgiardinodicorten.it\/#website\"},\"primaryImageOfPage\":{\"@id\":\"https:\/\/ilgiardinodicorten.it\/produkt\/orto-cassa\/#primaryimage\"},\"image\":{\"@id\":\"https:\/\/ilgiardinodicorten.it\/produkt\/orto-cassa\/#primaryimage\"},\"thumbnailUrl\":\"https:\/\/ilgiardinodicorten.it\/wp-content\/uploads\/2017\/11\/recinzione-bordura-orto-cassa.jpg\",\"datePublished\":\"2017-11-29T14:35:58+00:00\",\"dateModified\":\"2023-01-13T15:58:45+00:00\",\"breadcrumb\":{\"@id\":\"https:\/\/ilgiardinodicorten.it\/produkt\/orto-cassa\/#breadcrumb\"},\"inLanguage\":\"de\",\"potentialAction\":[{\"@type\":\"ReadAction\",\"target\":[\"https:\/\/ilgiardinodicorten.it\/produkt\/orto-cassa\/\"]}]},{\"@type\":\"ImageObject\",\"inLanguage\":\"de\",\"@id\":\"https:\/\/ilgiardinodicorten.it\/produkt\/orto-cassa\/#primaryimage\",\"url\":\"https:\/\/ilgiardinodicorten.it\/wp-content\/uploads\/2017\/11\/recinzione-bordura-orto-cassa.jpg\",\"contentUrl\":\"https:\/\/ilgiardinodicorten.it\/wp-content\/uploads\/2017\/11\/recinzione-bordura-orto-cassa.jpg\",\"width\":546,\"height\":711},{\"@type\":\"BreadcrumbList\",\"@id\":\"https:\/\/ilgiardinodicorten.it\/produkt\/orto-cassa\/#breadcrumb\",\"itemListElement\":[{\"@type\":\"ListItem\",\"position\":1,\"name\":\"Home\",\"item\":\"https:\/\/ilgiardinodicorten.it\/de\/\"},{\"@type\":\"ListItem\",\"position\":2,\"name\":\"Einkaufen\",\"item\":\"https:\/\/ilgiardinodicorten.it\/de\/einkaufen\/\"},{\"@type\":\"ListItem\",\"position\":3,\"name\":\"Orto Cassa\"}]},{\"@type\":\"WebSite\",\"@id\":\"https:\/\/ilgiardinodicorten.it\/#website\",\"url\":\"https:\/\/ilgiardinodicorten.it\/\",\"name\":\"Il Giardino di Corten\",\"description\":\"\",\"potentialAction\":[{\"@type\":\"SearchAction\",\"target\":{\"@type\":\"EntryPoint\",\"urlTemplate\":\"https:\/\/ilgiardinodicorten.it\/?s={search_term_string}\"},\"query-input\":{\"@type\":\"PropertyValueSpecification\",\"valueRequired\":true,\"valueName\":\"search_term_string\"}}],\"inLanguage\":\"de\"}]}<\/script>\n<!-- \/ Yoast SEO plugin. -->","yoast_head_json":{"title":"Orto Cassa - Il Giardino di Corten","robots":{"index":"index","follow":"follow","max-snippet":"max-snippet:-1","max-image-preview":"max-image-preview:large","max-video-preview":"max-video-preview:-1"},"canonical":"https:\/\/ilgiardinodicorten.it\/produkt\/orto-cassa\/","og_locale":"de_DE","og_type":"article","og_title":"Orto Cassa - Il Giardino di Corten","og_description":"Dieses rechteckige Hochbeet erm\u00f6glicht das Anheben der Bepflanzungen u\u0308ber den Boden, was die Arbeit komfortabler macht und das M\u00e4hen des Rasens drumherum erleichtert.","og_url":"https:\/\/ilgiardinodicorten.it\/produkt\/orto-cassa\/","og_site_name":"Il Giardino di Corten","article_modified_time":"2023-01-13T15:58:45+00:00","og_image":[{"width":546,"height":711,"url":"https:\/\/ilgiardinodicorten.it\/wp-content\/uploads\/2017\/11\/recinzione-bordura-orto-cassa.jpg","type":"image\/jpeg"}],"twitter_card":"summary_large_image","schema":{"@context":"https:\/\/schema.org","@graph":[{"@type":"WebPage","@id":"https:\/\/ilgiardinodicorten.it\/produkt\/orto-cassa\/","url":"https:\/\/ilgiardinodicorten.it\/produkt\/orto-cassa\/","name":"Orto Cassa - Il Giardino di Corten","isPartOf":{"@id":"https:\/\/ilgiardinodicorten.it\/#website"},"primaryImageOfPage":{"@id":"https:\/\/ilgiardinodicorten.it\/produkt\/orto-cassa\/#primaryimage"},"image":{"@id":"https:\/\/ilgiardinodicorten.it\/produkt\/orto-cassa\/#primaryimage"},"thumbnailUrl":"https:\/\/ilgiardinodicorten.it\/wp-content\/uploads\/2017\/11\/recinzione-bordura-orto-cassa.jpg","datePublished":"2017-11-29T14:35:58+00:00","dateModified":"2023-01-13T15:58:45+00:00","breadcrumb":{"@id":"https:\/\/ilgiardinodicorten.it\/produkt\/orto-cassa\/#breadcrumb"},"inLanguage":"de","potentialAction":[{"@type":"ReadAction","target":["https:\/\/ilgiardinodicorten.it\/produkt\/orto-cassa\/"]}]},{"@type":"ImageObject","inLanguage":"de","@id":"https:\/\/ilgiardinodicorten.it\/produkt\/orto-cassa\/#primaryimage","url":"https:\/\/ilgiardinodicorten.it\/wp-content\/uploads\/2017\/11\/recinzione-bordura-orto-cassa.jpg","contentUrl":"https:\/\/ilgiardinodicorten.it\/wp-content\/uploads\/2017\/11\/recinzione-bordura-orto-cassa.jpg","width":546,"height":711},{"@type":"BreadcrumbList","@id":"https:\/\/ilgiardinodicorten.it\/produkt\/orto-cassa\/#breadcrumb","itemListElement":[{"@type":"ListItem","position":1,"name":"Home","item":"https:\/\/ilgiardinodicorten.it\/de\/"},{"@type":"ListItem","position":2,"name":"Einkaufen","item":"https:\/\/ilgiardinodicorten.it\/de\/einkaufen\/"},{"@type":"ListItem","position":3,"name":"Orto Cassa"}]},{"@type":"WebSite","@id":"https:\/\/ilgiardinodicorten.it\/#website","url":"https:\/\/ilgiardinodicorten.it\/","name":"Il Giardino di Corten","description":"","potentialAction":[{"@type":"SearchAction","target":{"@type":"EntryPoint","urlTemplate":"https:\/\/ilgiardinodicorten.it\/?s={search_term_string}"},"query-input":{"@type":"PropertyValueSpecification","valueRequired":true,"valueName":"search_term_string"}}],"inLanguage":"de"}]}},"_links":{"self":[{"href":"https:\/\/ilgiardinodicorten.it\/de\/wp-json\/wp\/v2\/product\/21985","targetHints":{"allow":["GET"]}}],"collection":[{"href":"https:\/\/ilgiardinodicorten.it\/de\/wp-json\/wp\/v2\/product"}],"about":[{"href":"https:\/\/ilgiardinodicorten.it\/de\/wp-json\/wp\/v2\/types\/product"}],"wp:featuredmedia":[{"embeddable":true,"href":"https:\/\/ilgiardinodicorten.it\/de\/wp-json\/wp\/v2\/media\/21467"}],"wp:attachment":[{"href":"https:\/\/ilgiardinodicorten.it\/de\/wp-json\/wp\/v2\/media?parent=21985"}],"wp:term":[{"taxonomy":"product_brand","embeddable":true,"href":"https:\/\/ilgiardinodicorten.it\/de\/wp-json\/wp\/v2\/product_brand?post=21985"},{"taxonomy":"product_cat","embeddable":true,"href":"https:\/\/ilgiardinodicorten.it\/de\/wp-json\/wp\/v2\/product_cat?post=21985"},{"taxonomy":"product_tag","embeddable":true,"href":"https:\/\/ilgiardinodicorten.it\/de\/wp-json\/wp\/v2\/product_tag?post=21985"}],"curies":[{"name":"wp","href":"https:\/\/api.w.org\/{rel}","templated":true}]}}