{"id":22000,"date":"2022-07-12T11:08:31","date_gmt":"2022-07-12T09:08:31","guid":{"rendered":"https:\/\/ilgiardinodicorten.it\/prodotto\/miobio\/"},"modified":"2023-01-13T16:02:25","modified_gmt":"2023-01-13T15:02:25","slug":"miobio","status":"publish","type":"product","link":"https:\/\/ilgiardinodicorten.it\/de\/produkt\/miobio\/","title":{"rendered":"Miobio"},"content":{"rendered":"<p>Aus Corten-Stahl verwirklicht, best\u00e4ndig gegen Witterungseinflu\u0308sse und Feuchtigkeit, ihre geometrische Form wirkt angenehm und ist von wesentlicher Bedeutung, integriert sich in die Outdoor-Umgebung und passt zu den anderen Elementen der Kollektion \u201eDer Garten von Corten\u201c.<\/p>\n<p>Die Struktur mit distanzierten Latten l\u00e4sst die Luft zirkulieren und begu\u0308nstigt die Vermehrung \u201eguter\u201d Bakterien, wodurch Pflanzenabf\u00e4lle in eine 100% ige \u00f6kologische Ressource umgewandelt werden, die wiederum reich an N\u00e4hrstoffen fu\u0308r den Boden ist.<\/p>\n","protected":false},"excerpt":{"rendered":"<p>Eine \u00f6kologische, \u00e4sthetische und funktionale Alternative zum \u00fcblichen &#8220;Tonne&#8221; zum Sammeln von Abf\u00e4llen im Garten oder im Gem\u00fcsegarten. <\/p>\n<p>Seine Abmessungen garantieren eine ideale Kapazit\u00e4t f\u00fcr die Bed\u00fcrfnisse jedes Gem\u00fcsegartens. Der Abfall im Inneren bleibt unsichtbar, erzeugt aber w\u00e4hrend des nat\u00fcrlichen Prozesses, der ihn in Kompost umwandelt, keine schlechten Ger\u00fcche. <\/p>\n<p>Die obere \u00d6ffnung erm\u00f6glicht das m\u00fchelose Ablegen von Gras, Bl\u00e4ttern, \u00c4sten und anderen organischen Abf\u00e4llen von der Gr\u00fcnfl\u00e4che oder aus dem heimischen Garten. Sie m\u00fcssen nichts weiter tun: Den Rest erledigen die Luft, die Sonne und die Natur. <\/p>\n<p>Die untere Klappe erm\u00f6glicht die Entnahme des Komposts, wenn er fertig ist, in der Menge, die zur D\u00fcngung des Bodens erforderlich ist, in einem kontinuierlichen Kreislauf, der die Natur und das Wohlbefinden der Pflanzen respektiert.<\/p>\n<p><strong>ABMESSUNGEN:<\/strong> 95 x 95 x 103 cm\u00a0<\/p>\n<p><strong>Gewicht:<\/strong> 90 kg<\/p>\n","protected":false},"featured_media":20394,"template":"","meta":{"_acf_changed":false},"product_brand":[],"product_cat":[303],"product_tag":[],"class_list":{"0":"post-22000","1":"product","2":"type-product","3":"status-publish","4":"has-post-thumbnail","6":"product_cat-behaelter","9":"first","10":"instock","11":"taxable","12":"shipping-taxable","13":"purchasable","14":"product-type-simple"},"acf":[],"yoast_head":"<!-- This site is optimized with the Yoast SEO plugin v27.1.1 - https:\/\/yoast.com\/product\/yoast-seo-wordpress\/ -->\n<title>Miobio - Il Giardino di Corten<\/title>\n<meta name=\"robots\" content=\"index, follow, max-snippet:-1, max-image-preview:large, max-video-preview:-1\" \/>\n<link rel=\"canonical\" href=\"https:\/\/ilgiardinodicorten.it\/produkt\/compostiera-miobio\/\" \/>\n<meta property=\"og:locale\" content=\"de_DE\" \/>\n<meta property=\"og:type\" content=\"article\" \/>\n<meta property=\"og:title\" content=\"Miobio - Il Giardino di Corten\" \/>\n<meta property=\"og:description\" content=\"Eine \u00f6kologische, \u00e4sthetische und funktionale Alternative zum \u00fcblichen &quot;Tonne&quot; zum Sammeln von Abf\u00e4llen im Garten oder im Gem\u00fcsegarten.   Seine Abmessungen garantieren eine ideale Kapazit\u00e4t f\u00fcr die Bed\u00fcrfnisse jedes Gem\u00fcsegartens. Der Abfall im Inneren bleibt unsichtbar, erzeugt aber w\u00e4hrend des nat\u00fcrlichen Prozesses, der ihn in Kompost umwandelt, keine schlechten Ger\u00fcche.   Die obere \u00d6ffnung erm\u00f6glicht das m\u00fchelose Ablegen von Gras, Bl\u00e4ttern, \u00c4sten und anderen organischen Abf\u00e4llen von der Gr\u00fcnfl\u00e4che oder aus dem heimischen Garten. Sie m\u00fcssen nichts weiter tun: Den Rest erledigen die Luft, die Sonne und die Natur.   Die untere Klappe erm\u00f6glicht die Entnahme des Komposts, wenn er fertig ist, in der Menge, die zur D\u00fcngung des Bodens erforderlich ist, in einem kontinuierlichen Kreislauf, der die Natur und das Wohlbefinden der Pflanzen respektiert.   ABMESSUNGEN: 95 x 95 x 103 cm\u00a0 Gewicht: 90 kg\" \/>\n<meta property=\"og:url\" content=\"https:\/\/ilgiardinodicorten.it\/produkt\/compostiera-miobio\/\" \/>\n<meta property=\"og:site_name\" content=\"Il Giardino di Corten\" \/>\n<meta property=\"article:modified_time\" content=\"2023-01-13T15:02:25+00:00\" \/>\n<meta property=\"og:image\" content=\"https:\/\/ilgiardinodicorten.it\/wp-content\/uploads\/2021\/10\/miobio-COMPOST_03.jpg\" \/>\n\t<meta property=\"og:image:width\" content=\"1133\" \/>\n\t<meta property=\"og:image:height\" content=\"755\" \/>\n\t<meta property=\"og:image:type\" content=\"image\/jpeg\" \/>\n<meta name=\"twitter:card\" content=\"summary_large_image\" \/>\n<script type=\"application\/ld+json\" class=\"yoast-schema-graph\">{\"@context\":\"https:\/\/schema.org\",\"@graph\":[{\"@type\":\"WebPage\",\"@id\":\"https:\/\/ilgiardinodicorten.it\/produkt\/compostiera-miobio\/\",\"url\":\"https:\/\/ilgiardinodicorten.it\/produkt\/compostiera-miobio\/\",\"name\":\"Miobio - Il Giardino di Corten\",\"isPartOf\":{\"@id\":\"https:\/\/ilgiardinodicorten.it\/#website\"},\"primaryImageOfPage\":{\"@id\":\"https:\/\/ilgiardinodicorten.it\/produkt\/compostiera-miobio\/#primaryimage\"},\"image\":{\"@id\":\"https:\/\/ilgiardinodicorten.it\/produkt\/compostiera-miobio\/#primaryimage\"},\"thumbnailUrl\":\"https:\/\/ilgiardinodicorten.it\/wp-content\/uploads\/2021\/10\/miobio-COMPOST_03.jpg\",\"datePublished\":\"2022-07-12T09:08:31+00:00\",\"dateModified\":\"2023-01-13T15:02:25+00:00\",\"breadcrumb\":{\"@id\":\"https:\/\/ilgiardinodicorten.it\/produkt\/compostiera-miobio\/#breadcrumb\"},\"inLanguage\":\"de\",\"potentialAction\":[{\"@type\":\"ReadAction\",\"target\":[\"https:\/\/ilgiardinodicorten.it\/produkt\/compostiera-miobio\/\"]}]},{\"@type\":\"ImageObject\",\"inLanguage\":\"de\",\"@id\":\"https:\/\/ilgiardinodicorten.it\/produkt\/compostiera-miobio\/#primaryimage\",\"url\":\"https:\/\/ilgiardinodicorten.it\/wp-content\/uploads\/2021\/10\/miobio-COMPOST_03.jpg\",\"contentUrl\":\"https:\/\/ilgiardinodicorten.it\/wp-content\/uploads\/2021\/10\/miobio-COMPOST_03.jpg\",\"width\":1133,\"height\":755,\"caption\":\"Compostiera Mio Bio\"},{\"@type\":\"BreadcrumbList\",\"@id\":\"https:\/\/ilgiardinodicorten.it\/produkt\/compostiera-miobio\/#breadcrumb\",\"itemListElement\":[{\"@type\":\"ListItem\",\"position\":1,\"name\":\"Home\",\"item\":\"https:\/\/ilgiardinodicorten.it\/de\/\"},{\"@type\":\"ListItem\",\"position\":2,\"name\":\"Einkaufen\",\"item\":\"https:\/\/ilgiardinodicorten.it\/de\/einkaufen\/\"},{\"@type\":\"ListItem\",\"position\":3,\"name\":\"Miobio\"}]},{\"@type\":\"WebSite\",\"@id\":\"https:\/\/ilgiardinodicorten.it\/#website\",\"url\":\"https:\/\/ilgiardinodicorten.it\/\",\"name\":\"Il Giardino di Corten\",\"description\":\"\",\"potentialAction\":[{\"@type\":\"SearchAction\",\"target\":{\"@type\":\"EntryPoint\",\"urlTemplate\":\"https:\/\/ilgiardinodicorten.it\/?s={search_term_string}\"},\"query-input\":{\"@type\":\"PropertyValueSpecification\",\"valueRequired\":true,\"valueName\":\"search_term_string\"}}],\"inLanguage\":\"de\"}]}<\/script>\n<!-- \/ Yoast SEO plugin. -->","yoast_head_json":{"title":"Miobio - Il Giardino di Corten","robots":{"index":"index","follow":"follow","max-snippet":"max-snippet:-1","max-image-preview":"max-image-preview:large","max-video-preview":"max-video-preview:-1"},"canonical":"https:\/\/ilgiardinodicorten.it\/produkt\/compostiera-miobio\/","og_locale":"de_DE","og_type":"article","og_title":"Miobio - Il Giardino di Corten","og_description":"Eine \u00f6kologische, \u00e4sthetische und funktionale Alternative zum \u00fcblichen \"Tonne\" zum Sammeln von Abf\u00e4llen im Garten oder im Gem\u00fcsegarten.   Seine Abmessungen garantieren eine ideale Kapazit\u00e4t f\u00fcr die Bed\u00fcrfnisse jedes Gem\u00fcsegartens. Der Abfall im Inneren bleibt unsichtbar, erzeugt aber w\u00e4hrend des nat\u00fcrlichen Prozesses, der ihn in Kompost umwandelt, keine schlechten Ger\u00fcche.   Die obere \u00d6ffnung erm\u00f6glicht das m\u00fchelose Ablegen von Gras, Bl\u00e4ttern, \u00c4sten und anderen organischen Abf\u00e4llen von der Gr\u00fcnfl\u00e4che oder aus dem heimischen Garten. Sie m\u00fcssen nichts weiter tun: Den Rest erledigen die Luft, die Sonne und die Natur.   Die untere Klappe erm\u00f6glicht die Entnahme des Komposts, wenn er fertig ist, in der Menge, die zur D\u00fcngung des Bodens erforderlich ist, in einem kontinuierlichen Kreislauf, der die Natur und das Wohlbefinden der Pflanzen respektiert.   ABMESSUNGEN: 95 x 95 x 103 cm\u00a0 Gewicht: 90 kg","og_url":"https:\/\/ilgiardinodicorten.it\/produkt\/compostiera-miobio\/","og_site_name":"Il Giardino di Corten","article_modified_time":"2023-01-13T15:02:25+00:00","og_image":[{"width":1133,"height":755,"url":"https:\/\/ilgiardinodicorten.it\/wp-content\/uploads\/2021\/10\/miobio-COMPOST_03.jpg","type":"image\/jpeg"}],"twitter_card":"summary_large_image","schema":{"@context":"https:\/\/schema.org","@graph":[{"@type":"WebPage","@id":"https:\/\/ilgiardinodicorten.it\/produkt\/compostiera-miobio\/","url":"https:\/\/ilgiardinodicorten.it\/produkt\/compostiera-miobio\/","name":"Miobio - Il Giardino di Corten","isPartOf":{"@id":"https:\/\/ilgiardinodicorten.it\/#website"},"primaryImageOfPage":{"@id":"https:\/\/ilgiardinodicorten.it\/produkt\/compostiera-miobio\/#primaryimage"},"image":{"@id":"https:\/\/ilgiardinodicorten.it\/produkt\/compostiera-miobio\/#primaryimage"},"thumbnailUrl":"https:\/\/ilgiardinodicorten.it\/wp-content\/uploads\/2021\/10\/miobio-COMPOST_03.jpg","datePublished":"2022-07-12T09:08:31+00:00","dateModified":"2023-01-13T15:02:25+00:00","breadcrumb":{"@id":"https:\/\/ilgiardinodicorten.it\/produkt\/compostiera-miobio\/#breadcrumb"},"inLanguage":"de","potentialAction":[{"@type":"ReadAction","target":["https:\/\/ilgiardinodicorten.it\/produkt\/compostiera-miobio\/"]}]},{"@type":"ImageObject","inLanguage":"de","@id":"https:\/\/ilgiardinodicorten.it\/produkt\/compostiera-miobio\/#primaryimage","url":"https:\/\/ilgiardinodicorten.it\/wp-content\/uploads\/2021\/10\/miobio-COMPOST_03.jpg","contentUrl":"https:\/\/ilgiardinodicorten.it\/wp-content\/uploads\/2021\/10\/miobio-COMPOST_03.jpg","width":1133,"height":755,"caption":"Compostiera Mio Bio"},{"@type":"BreadcrumbList","@id":"https:\/\/ilgiardinodicorten.it\/produkt\/compostiera-miobio\/#breadcrumb","itemListElement":[{"@type":"ListItem","position":1,"name":"Home","item":"https:\/\/ilgiardinodicorten.it\/de\/"},{"@type":"ListItem","position":2,"name":"Einkaufen","item":"https:\/\/ilgiardinodicorten.it\/de\/einkaufen\/"},{"@type":"ListItem","position":3,"name":"Miobio"}]},{"@type":"WebSite","@id":"https:\/\/ilgiardinodicorten.it\/#website","url":"https:\/\/ilgiardinodicorten.it\/","name":"Il Giardino di Corten","description":"","potentialAction":[{"@type":"SearchAction","target":{"@type":"EntryPoint","urlTemplate":"https:\/\/ilgiardinodicorten.it\/?s={search_term_string}"},"query-input":{"@type":"PropertyValueSpecification","valueRequired":true,"valueName":"search_term_string"}}],"inLanguage":"de"}]}},"_links":{"self":[{"href":"https:\/\/ilgiardinodicorten.it\/de\/wp-json\/wp\/v2\/product\/22000","targetHints":{"allow":["GET"]}}],"collection":[{"href":"https:\/\/ilgiardinodicorten.it\/de\/wp-json\/wp\/v2\/product"}],"about":[{"href":"https:\/\/ilgiardinodicorten.it\/de\/wp-json\/wp\/v2\/types\/product"}],"wp:featuredmedia":[{"embeddable":true,"href":"https:\/\/ilgiardinodicorten.it\/de\/wp-json\/wp\/v2\/media\/20394"}],"wp:attachment":[{"href":"https:\/\/ilgiardinodicorten.it\/de\/wp-json\/wp\/v2\/media?parent=22000"}],"wp:term":[{"taxonomy":"product_brand","embeddable":true,"href":"https:\/\/ilgiardinodicorten.it\/de\/wp-json\/wp\/v2\/product_brand?post=22000"},{"taxonomy":"product_cat","embeddable":true,"href":"https:\/\/ilgiardinodicorten.it\/de\/wp-json\/wp\/v2\/product_cat?post=22000"},{"taxonomy":"product_tag","embeddable":true,"href":"https:\/\/ilgiardinodicorten.it\/de\/wp-json\/wp\/v2\/product_tag?post=22000"}],"curies":[{"name":"wp","href":"https:\/\/api.w.org\/{rel}","templated":true}]}}