{"id":22003,"date":"2022-07-12T11:05:46","date_gmt":"2022-07-12T09:05:46","guid":{"rendered":"https:\/\/ilgiardinodicorten.it\/prodotto\/bicapanna\/"},"modified":"2023-01-13T16:29:15","modified_gmt":"2023-01-13T15:29:15","slug":"bicapanna","status":"publish","type":"product","link":"https:\/\/ilgiardinodicorten.it\/de\/produkt\/bicapanna\/","title":{"rendered":"Bicapanna"},"content":{"rendered":"<p>Der horizontale und vertikale <strong>Doppelgriff<\/strong> bietet einen bequemen Griff zum \u00d6ffnen der vorderen und hinteren T\u00fcren. Auf diese Weise ist ein beidseitiger Ein- und Ausstieg m\u00f6glich: eine Idee, die sowohl die Installation als auch die Nutzung noch vielseitiger macht. <\/p>\n<p>Alternativ ist die Version mit einer T\u00fcr erh\u00e4ltlich, immer bequem und zug\u00e4nglich.<\/p>\n<p><strong>MASSE:<\/strong> 80 x 160 x 220 cm><\/p>\n<p><strong>Gewicht:<\/strong> 190 kg<\/p>\n","protected":false},"excerpt":{"rendered":"<p>Ein kleiner geschu\u0308tzter und zug\u00e4nglicher Raum zur Aufbewahrung<br \/>\nvon Werkzeugen, Rasenm\u00e4her und Bew\u00e4sserungsschlauch im Garten, geschu\u0308tzt vor Witterungseinflu\u0308ssen? Kein Problem: Dank ihrer kompakten Gr\u00f6\u00dfe ist diese Geschirrhu\u0308tte die ideale L\u00f6sung.<\/p>\n<p>Sie ist sofort einsatzbereit, h\u00e4lt den Witterungseinflu\u0308ssen stand, ist langlebig, passt u\u0308berall hin und hat ein Design, das auf die anderen Elemente der Kollektion &#8220;Il Giardino di Corten&#8221; abgestimmt ist.<\/p>\n","protected":false},"featured_media":20385,"template":"","meta":{"_acf_changed":false},"product_brand":[],"product_cat":[303],"product_tag":[],"class_list":{"0":"post-22003","1":"product","2":"type-product","3":"status-publish","4":"has-post-thumbnail","6":"product_cat-behaelter","9":"first","10":"instock","11":"taxable","12":"shipping-taxable","13":"product-type-simple"},"acf":[],"yoast_head":"<!-- This site is optimized with the Yoast SEO plugin v27.1.1 - https:\/\/yoast.com\/product\/yoast-seo-wordpress\/ -->\n<title>Bicapanna - Il Giardino di Corten<\/title>\n<meta name=\"robots\" content=\"noindex, follow\" \/>\n<meta property=\"og:locale\" content=\"de_DE\" \/>\n<meta property=\"og:type\" content=\"article\" \/>\n<meta property=\"og:title\" content=\"Bicapanna - Il Giardino di Corten\" \/>\n<meta property=\"og:description\" content=\"Ein kleiner geschu\u0308tzter und zug\u00e4nglicher Raum zur Aufbewahrung von Werkzeugen, Rasenm\u00e4her und Bew\u00e4sserungsschlauch im Garten, geschu\u0308tzt vor Witterungseinflu\u0308ssen? Kein Problem: Dank ihrer kompakten Gr\u00f6\u00dfe ist diese Geschirrhu\u0308tte die ideale L\u00f6sung.  Sie ist sofort einsatzbereit, h\u00e4lt den Witterungseinflu\u0308ssen stand, ist langlebig, passt u\u0308berall hin und hat ein Design, das auf die anderen Elemente der Kollektion &quot;Il Giardino di Corten&quot; abgestimmt ist.\" \/>\n<meta property=\"og:url\" content=\"https:\/\/ilgiardinodicorten.it\/produkt\/bicapanna\/\" \/>\n<meta property=\"og:site_name\" content=\"Il Giardino di Corten\" \/>\n<meta property=\"article:modified_time\" content=\"2023-01-13T15:29:15+00:00\" \/>\n<meta property=\"og:image\" content=\"https:\/\/ilgiardinodicorten.it\/wp-content\/uploads\/2021\/10\/bicapanna-BL5I3109.jpg\" \/>\n\t<meta property=\"og:image:width\" content=\"1313\" \/>\n\t<meta property=\"og:image:height\" content=\"876\" \/>\n\t<meta property=\"og:image:type\" content=\"image\/jpeg\" \/>\n<meta name=\"twitter:card\" content=\"summary_large_image\" \/>\n<script type=\"application\/ld+json\" class=\"yoast-schema-graph\">{\"@context\":\"https:\/\/schema.org\",\"@graph\":[{\"@type\":\"WebPage\",\"@id\":\"https:\/\/ilgiardinodicorten.it\/produkt\/bicapanna\/\",\"url\":\"https:\/\/ilgiardinodicorten.it\/produkt\/bicapanna\/\",\"name\":\"Bicapanna - Il Giardino di Corten\",\"isPartOf\":{\"@id\":\"https:\/\/ilgiardinodicorten.it\/#website\"},\"primaryImageOfPage\":{\"@id\":\"https:\/\/ilgiardinodicorten.it\/produkt\/bicapanna\/#primaryimage\"},\"image\":{\"@id\":\"https:\/\/ilgiardinodicorten.it\/produkt\/bicapanna\/#primaryimage\"},\"thumbnailUrl\":\"https:\/\/ilgiardinodicorten.it\/wp-content\/uploads\/2021\/10\/bicapanna-BL5I3109.jpg\",\"datePublished\":\"2022-07-12T09:05:46+00:00\",\"dateModified\":\"2023-01-13T15:29:15+00:00\",\"breadcrumb\":{\"@id\":\"https:\/\/ilgiardinodicorten.it\/produkt\/bicapanna\/#breadcrumb\"},\"inLanguage\":\"de\",\"potentialAction\":[{\"@type\":\"ReadAction\",\"target\":[\"https:\/\/ilgiardinodicorten.it\/produkt\/bicapanna\/\"]}]},{\"@type\":\"ImageObject\",\"inLanguage\":\"de\",\"@id\":\"https:\/\/ilgiardinodicorten.it\/produkt\/bicapanna\/#primaryimage\",\"url\":\"https:\/\/ilgiardinodicorten.it\/wp-content\/uploads\/2021\/10\/bicapanna-BL5I3109.jpg\",\"contentUrl\":\"https:\/\/ilgiardinodicorten.it\/wp-content\/uploads\/2021\/10\/bicapanna-BL5I3109.jpg\",\"width\":1313,\"height\":876},{\"@type\":\"BreadcrumbList\",\"@id\":\"https:\/\/ilgiardinodicorten.it\/produkt\/bicapanna\/#breadcrumb\",\"itemListElement\":[{\"@type\":\"ListItem\",\"position\":1,\"name\":\"Home\",\"item\":\"https:\/\/ilgiardinodicorten.it\/de\/\"},{\"@type\":\"ListItem\",\"position\":2,\"name\":\"Einkaufen\",\"item\":\"https:\/\/ilgiardinodicorten.it\/de\/einkaufen\/\"},{\"@type\":\"ListItem\",\"position\":3,\"name\":\"Bicapanna\"}]},{\"@type\":\"WebSite\",\"@id\":\"https:\/\/ilgiardinodicorten.it\/#website\",\"url\":\"https:\/\/ilgiardinodicorten.it\/\",\"name\":\"Il Giardino di Corten\",\"description\":\"\",\"potentialAction\":[{\"@type\":\"SearchAction\",\"target\":{\"@type\":\"EntryPoint\",\"urlTemplate\":\"https:\/\/ilgiardinodicorten.it\/?s={search_term_string}\"},\"query-input\":{\"@type\":\"PropertyValueSpecification\",\"valueRequired\":true,\"valueName\":\"search_term_string\"}}],\"inLanguage\":\"de\"}]}<\/script>\n<!-- \/ Yoast SEO plugin. -->","yoast_head_json":{"title":"Bicapanna - Il Giardino di Corten","robots":{"index":"noindex","follow":"follow"},"og_locale":"de_DE","og_type":"article","og_title":"Bicapanna - Il Giardino di Corten","og_description":"Ein kleiner geschu\u0308tzter und zug\u00e4nglicher Raum zur Aufbewahrung von Werkzeugen, Rasenm\u00e4her und Bew\u00e4sserungsschlauch im Garten, geschu\u0308tzt vor Witterungseinflu\u0308ssen? Kein Problem: Dank ihrer kompakten Gr\u00f6\u00dfe ist diese Geschirrhu\u0308tte die ideale L\u00f6sung.  Sie ist sofort einsatzbereit, h\u00e4lt den Witterungseinflu\u0308ssen stand, ist langlebig, passt u\u0308berall hin und hat ein Design, das auf die anderen Elemente der Kollektion \"Il Giardino di Corten\" abgestimmt ist.","og_url":"https:\/\/ilgiardinodicorten.it\/produkt\/bicapanna\/","og_site_name":"Il Giardino di Corten","article_modified_time":"2023-01-13T15:29:15+00:00","og_image":[{"width":1313,"height":876,"url":"https:\/\/ilgiardinodicorten.it\/wp-content\/uploads\/2021\/10\/bicapanna-BL5I3109.jpg","type":"image\/jpeg"}],"twitter_card":"summary_large_image","schema":{"@context":"https:\/\/schema.org","@graph":[{"@type":"WebPage","@id":"https:\/\/ilgiardinodicorten.it\/produkt\/bicapanna\/","url":"https:\/\/ilgiardinodicorten.it\/produkt\/bicapanna\/","name":"Bicapanna - Il Giardino di Corten","isPartOf":{"@id":"https:\/\/ilgiardinodicorten.it\/#website"},"primaryImageOfPage":{"@id":"https:\/\/ilgiardinodicorten.it\/produkt\/bicapanna\/#primaryimage"},"image":{"@id":"https:\/\/ilgiardinodicorten.it\/produkt\/bicapanna\/#primaryimage"},"thumbnailUrl":"https:\/\/ilgiardinodicorten.it\/wp-content\/uploads\/2021\/10\/bicapanna-BL5I3109.jpg","datePublished":"2022-07-12T09:05:46+00:00","dateModified":"2023-01-13T15:29:15+00:00","breadcrumb":{"@id":"https:\/\/ilgiardinodicorten.it\/produkt\/bicapanna\/#breadcrumb"},"inLanguage":"de","potentialAction":[{"@type":"ReadAction","target":["https:\/\/ilgiardinodicorten.it\/produkt\/bicapanna\/"]}]},{"@type":"ImageObject","inLanguage":"de","@id":"https:\/\/ilgiardinodicorten.it\/produkt\/bicapanna\/#primaryimage","url":"https:\/\/ilgiardinodicorten.it\/wp-content\/uploads\/2021\/10\/bicapanna-BL5I3109.jpg","contentUrl":"https:\/\/ilgiardinodicorten.it\/wp-content\/uploads\/2021\/10\/bicapanna-BL5I3109.jpg","width":1313,"height":876},{"@type":"BreadcrumbList","@id":"https:\/\/ilgiardinodicorten.it\/produkt\/bicapanna\/#breadcrumb","itemListElement":[{"@type":"ListItem","position":1,"name":"Home","item":"https:\/\/ilgiardinodicorten.it\/de\/"},{"@type":"ListItem","position":2,"name":"Einkaufen","item":"https:\/\/ilgiardinodicorten.it\/de\/einkaufen\/"},{"@type":"ListItem","position":3,"name":"Bicapanna"}]},{"@type":"WebSite","@id":"https:\/\/ilgiardinodicorten.it\/#website","url":"https:\/\/ilgiardinodicorten.it\/","name":"Il Giardino di Corten","description":"","potentialAction":[{"@type":"SearchAction","target":{"@type":"EntryPoint","urlTemplate":"https:\/\/ilgiardinodicorten.it\/?s={search_term_string}"},"query-input":{"@type":"PropertyValueSpecification","valueRequired":true,"valueName":"search_term_string"}}],"inLanguage":"de"}]}},"_links":{"self":[{"href":"https:\/\/ilgiardinodicorten.it\/de\/wp-json\/wp\/v2\/product\/22003","targetHints":{"allow":["GET"]}}],"collection":[{"href":"https:\/\/ilgiardinodicorten.it\/de\/wp-json\/wp\/v2\/product"}],"about":[{"href":"https:\/\/ilgiardinodicorten.it\/de\/wp-json\/wp\/v2\/types\/product"}],"wp:featuredmedia":[{"embeddable":true,"href":"https:\/\/ilgiardinodicorten.it\/de\/wp-json\/wp\/v2\/media\/20385"}],"wp:attachment":[{"href":"https:\/\/ilgiardinodicorten.it\/de\/wp-json\/wp\/v2\/media?parent=22003"}],"wp:term":[{"taxonomy":"product_brand","embeddable":true,"href":"https:\/\/ilgiardinodicorten.it\/de\/wp-json\/wp\/v2\/product_brand?post=22003"},{"taxonomy":"product_cat","embeddable":true,"href":"https:\/\/ilgiardinodicorten.it\/de\/wp-json\/wp\/v2\/product_cat?post=22003"},{"taxonomy":"product_tag","embeddable":true,"href":"https:\/\/ilgiardinodicorten.it\/de\/wp-json\/wp\/v2\/product_tag?post=22003"}],"curies":[{"name":"wp","href":"https:\/\/api.w.org\/{rel}","templated":true}]}}