{"id":22009,"date":"2022-07-12T11:17:30","date_gmt":"2022-07-12T09:17:30","guid":{"rendered":"https:\/\/ilgiardinodicorten.it\/prodotto\/cuordicuoio-liscia\/"},"modified":"2022-07-12T11:17:30","modified_gmt":"2022-07-12T09:17:30","slug":"cuordicuoio-liscia","status":"publish","type":"product","link":"https:\/\/ilgiardinodicorten.it\/de\/produkt\/cuordicuoio-liscia\/","title":{"rendered":"Cuordicuoio Liscia"},"content":{"rendered":"<p>Der Bezug des Liegestuhls hingegen ist aus einer einzigen Fl\u00e4che aus weichem und elegantem Leder gefertigt: Beide Varianten werden durch ein einladend gepolstertes Kissen abgerundet.<\/p>\n<p>&nbsp;<\/p>\n<p><strong>MASSE<\/strong><\/p>\n<p><strong>Cuordicuoio Liscia<\/strong>: 92 \u00d7 80 \u00d7 100 cm &#8211; Gewicht: 9 kg<\/p>\n","protected":false},"excerpt":{"rendered":"<p><em>Die warme Farbe des Cortenstahls und das natu\u0308rliche Prestige des Leders mit einer exklusiven Behandlung fu\u0308r eine Nutzung im Au\u00dfenbereich vereinen sich zu einer ebenso komfortablen wie edlen Sitzgruppe.<\/em><\/p>\n<p>Die anmutige, aber gleichzeitig widerstandsf\u00e4hige Struktur des Sessels wird mit einem handgefertigten Ledergewebe kombiniert, das sich der K\u00f6rperform anpasst und sie angenehm einhu\u0308llt.<\/p>\n","protected":false},"featured_media":21478,"template":"","meta":{"_acf_changed":false},"product_brand":[],"product_cat":[340],"product_tag":[],"class_list":{"0":"post-22009","1":"product","2":"type-product","3":"status-publish","4":"has-post-thumbnail","6":"product_cat-sessel","9":"first","10":"instock","11":"taxable","12":"shipping-taxable","13":"product-type-simple"},"acf":[],"yoast_head":"<!-- This site is optimized with the Yoast SEO plugin v27.1.1 - https:\/\/yoast.com\/product\/yoast-seo-wordpress\/ -->\n<title>Cuordicuoio Liscia - Il Giardino di Corten<\/title>\n<meta name=\"robots\" content=\"index, follow, max-snippet:-1, max-image-preview:large, max-video-preview:-1\" \/>\n<link rel=\"canonical\" href=\"https:\/\/ilgiardinodicorten.it\/produkt\/cuordicuoio-liscia\/\" \/>\n<meta property=\"og:locale\" content=\"de_DE\" \/>\n<meta property=\"og:type\" content=\"article\" \/>\n<meta property=\"og:title\" content=\"Cuordicuoio Liscia - Il Giardino di Corten\" \/>\n<meta property=\"og:description\" content=\"Die warme Farbe des Cortenstahls und das natu\u0308rliche Prestige des Leders mit einer exklusiven Behandlung fu\u0308r eine Nutzung im Au\u00dfenbereich vereinen sich zu einer ebenso komfortablen wie edlen Sitzgruppe. Die anmutige, aber gleichzeitig widerstandsf\u00e4hige Struktur des Sessels wird mit einem handgefertigten Ledergewebe kombiniert, das sich der K\u00f6rperform anpasst und sie angenehm einhu\u0308llt.\" \/>\n<meta property=\"og:url\" content=\"https:\/\/ilgiardinodicorten.it\/produkt\/cuordicuoio-liscia\/\" \/>\n<meta property=\"og:site_name\" content=\"Il Giardino di Corten\" \/>\n<meta property=\"og:image\" content=\"https:\/\/ilgiardinodicorten.it\/wp-content\/uploads\/2022\/12\/poltrona-cuodicuoio-liscia.jpg\" \/>\n\t<meta property=\"og:image:width\" content=\"546\" \/>\n\t<meta property=\"og:image:height\" content=\"711\" \/>\n\t<meta property=\"og:image:type\" content=\"image\/jpeg\" \/>\n<meta name=\"twitter:card\" content=\"summary_large_image\" \/>\n<script type=\"application\/ld+json\" class=\"yoast-schema-graph\">{\"@context\":\"https:\/\/schema.org\",\"@graph\":[{\"@type\":\"WebPage\",\"@id\":\"https:\/\/ilgiardinodicorten.it\/produkt\/cuordicuoio-liscia\/\",\"url\":\"https:\/\/ilgiardinodicorten.it\/produkt\/cuordicuoio-liscia\/\",\"name\":\"Cuordicuoio Liscia - Il Giardino di Corten\",\"isPartOf\":{\"@id\":\"https:\/\/ilgiardinodicorten.it\/#website\"},\"primaryImageOfPage\":{\"@id\":\"https:\/\/ilgiardinodicorten.it\/produkt\/cuordicuoio-liscia\/#primaryimage\"},\"image\":{\"@id\":\"https:\/\/ilgiardinodicorten.it\/produkt\/cuordicuoio-liscia\/#primaryimage\"},\"thumbnailUrl\":\"https:\/\/ilgiardinodicorten.it\/wp-content\/uploads\/2022\/12\/poltrona-cuodicuoio-liscia.jpg\",\"datePublished\":\"2022-07-12T09:17:30+00:00\",\"breadcrumb\":{\"@id\":\"https:\/\/ilgiardinodicorten.it\/produkt\/cuordicuoio-liscia\/#breadcrumb\"},\"inLanguage\":\"de\",\"potentialAction\":[{\"@type\":\"ReadAction\",\"target\":[\"https:\/\/ilgiardinodicorten.it\/produkt\/cuordicuoio-liscia\/\"]}]},{\"@type\":\"ImageObject\",\"inLanguage\":\"de\",\"@id\":\"https:\/\/ilgiardinodicorten.it\/produkt\/cuordicuoio-liscia\/#primaryimage\",\"url\":\"https:\/\/ilgiardinodicorten.it\/wp-content\/uploads\/2022\/12\/poltrona-cuodicuoio-liscia.jpg\",\"contentUrl\":\"https:\/\/ilgiardinodicorten.it\/wp-content\/uploads\/2022\/12\/poltrona-cuodicuoio-liscia.jpg\",\"width\":546,\"height\":711},{\"@type\":\"BreadcrumbList\",\"@id\":\"https:\/\/ilgiardinodicorten.it\/produkt\/cuordicuoio-liscia\/#breadcrumb\",\"itemListElement\":[{\"@type\":\"ListItem\",\"position\":1,\"name\":\"Home\",\"item\":\"https:\/\/ilgiardinodicorten.it\/de\/\"},{\"@type\":\"ListItem\",\"position\":2,\"name\":\"Einkaufen\",\"item\":\"https:\/\/ilgiardinodicorten.it\/de\/einkaufen\/\"},{\"@type\":\"ListItem\",\"position\":3,\"name\":\"Cuordicuoio Liscia\"}]},{\"@type\":\"WebSite\",\"@id\":\"https:\/\/ilgiardinodicorten.it\/#website\",\"url\":\"https:\/\/ilgiardinodicorten.it\/\",\"name\":\"Il Giardino di Corten\",\"description\":\"\",\"potentialAction\":[{\"@type\":\"SearchAction\",\"target\":{\"@type\":\"EntryPoint\",\"urlTemplate\":\"https:\/\/ilgiardinodicorten.it\/?s={search_term_string}\"},\"query-input\":{\"@type\":\"PropertyValueSpecification\",\"valueRequired\":true,\"valueName\":\"search_term_string\"}}],\"inLanguage\":\"de\"}]}<\/script>\n<!-- \/ Yoast SEO plugin. -->","yoast_head_json":{"title":"Cuordicuoio Liscia - Il Giardino di Corten","robots":{"index":"index","follow":"follow","max-snippet":"max-snippet:-1","max-image-preview":"max-image-preview:large","max-video-preview":"max-video-preview:-1"},"canonical":"https:\/\/ilgiardinodicorten.it\/produkt\/cuordicuoio-liscia\/","og_locale":"de_DE","og_type":"article","og_title":"Cuordicuoio Liscia - Il Giardino di Corten","og_description":"Die warme Farbe des Cortenstahls und das natu\u0308rliche Prestige des Leders mit einer exklusiven Behandlung fu\u0308r eine Nutzung im Au\u00dfenbereich vereinen sich zu einer ebenso komfortablen wie edlen Sitzgruppe. Die anmutige, aber gleichzeitig widerstandsf\u00e4hige Struktur des Sessels wird mit einem handgefertigten Ledergewebe kombiniert, das sich der K\u00f6rperform anpasst und sie angenehm einhu\u0308llt.","og_url":"https:\/\/ilgiardinodicorten.it\/produkt\/cuordicuoio-liscia\/","og_site_name":"Il Giardino di Corten","og_image":[{"width":546,"height":711,"url":"https:\/\/ilgiardinodicorten.it\/wp-content\/uploads\/2022\/12\/poltrona-cuodicuoio-liscia.jpg","type":"image\/jpeg"}],"twitter_card":"summary_large_image","schema":{"@context":"https:\/\/schema.org","@graph":[{"@type":"WebPage","@id":"https:\/\/ilgiardinodicorten.it\/produkt\/cuordicuoio-liscia\/","url":"https:\/\/ilgiardinodicorten.it\/produkt\/cuordicuoio-liscia\/","name":"Cuordicuoio Liscia - Il Giardino di Corten","isPartOf":{"@id":"https:\/\/ilgiardinodicorten.it\/#website"},"primaryImageOfPage":{"@id":"https:\/\/ilgiardinodicorten.it\/produkt\/cuordicuoio-liscia\/#primaryimage"},"image":{"@id":"https:\/\/ilgiardinodicorten.it\/produkt\/cuordicuoio-liscia\/#primaryimage"},"thumbnailUrl":"https:\/\/ilgiardinodicorten.it\/wp-content\/uploads\/2022\/12\/poltrona-cuodicuoio-liscia.jpg","datePublished":"2022-07-12T09:17:30+00:00","breadcrumb":{"@id":"https:\/\/ilgiardinodicorten.it\/produkt\/cuordicuoio-liscia\/#breadcrumb"},"inLanguage":"de","potentialAction":[{"@type":"ReadAction","target":["https:\/\/ilgiardinodicorten.it\/produkt\/cuordicuoio-liscia\/"]}]},{"@type":"ImageObject","inLanguage":"de","@id":"https:\/\/ilgiardinodicorten.it\/produkt\/cuordicuoio-liscia\/#primaryimage","url":"https:\/\/ilgiardinodicorten.it\/wp-content\/uploads\/2022\/12\/poltrona-cuodicuoio-liscia.jpg","contentUrl":"https:\/\/ilgiardinodicorten.it\/wp-content\/uploads\/2022\/12\/poltrona-cuodicuoio-liscia.jpg","width":546,"height":711},{"@type":"BreadcrumbList","@id":"https:\/\/ilgiardinodicorten.it\/produkt\/cuordicuoio-liscia\/#breadcrumb","itemListElement":[{"@type":"ListItem","position":1,"name":"Home","item":"https:\/\/ilgiardinodicorten.it\/de\/"},{"@type":"ListItem","position":2,"name":"Einkaufen","item":"https:\/\/ilgiardinodicorten.it\/de\/einkaufen\/"},{"@type":"ListItem","position":3,"name":"Cuordicuoio Liscia"}]},{"@type":"WebSite","@id":"https:\/\/ilgiardinodicorten.it\/#website","url":"https:\/\/ilgiardinodicorten.it\/","name":"Il Giardino di Corten","description":"","potentialAction":[{"@type":"SearchAction","target":{"@type":"EntryPoint","urlTemplate":"https:\/\/ilgiardinodicorten.it\/?s={search_term_string}"},"query-input":{"@type":"PropertyValueSpecification","valueRequired":true,"valueName":"search_term_string"}}],"inLanguage":"de"}]}},"_links":{"self":[{"href":"https:\/\/ilgiardinodicorten.it\/de\/wp-json\/wp\/v2\/product\/22009","targetHints":{"allow":["GET"]}}],"collection":[{"href":"https:\/\/ilgiardinodicorten.it\/de\/wp-json\/wp\/v2\/product"}],"about":[{"href":"https:\/\/ilgiardinodicorten.it\/de\/wp-json\/wp\/v2\/types\/product"}],"wp:featuredmedia":[{"embeddable":true,"href":"https:\/\/ilgiardinodicorten.it\/de\/wp-json\/wp\/v2\/media\/21478"}],"wp:attachment":[{"href":"https:\/\/ilgiardinodicorten.it\/de\/wp-json\/wp\/v2\/media?parent=22009"}],"wp:term":[{"taxonomy":"product_brand","embeddable":true,"href":"https:\/\/ilgiardinodicorten.it\/de\/wp-json\/wp\/v2\/product_brand?post=22009"},{"taxonomy":"product_cat","embeddable":true,"href":"https:\/\/ilgiardinodicorten.it\/de\/wp-json\/wp\/v2\/product_cat?post=22009"},{"taxonomy":"product_tag","embeddable":true,"href":"https:\/\/ilgiardinodicorten.it\/de\/wp-json\/wp\/v2\/product_tag?post=22009"}],"curies":[{"name":"wp","href":"https:\/\/api.w.org\/{rel}","templated":true}]}}