{"id":22022,"date":"2022-07-12T11:12:36","date_gmt":"2022-07-12T09:12:36","guid":{"rendered":"https:\/\/ilgiardinodicorten.it\/prodotto\/tengoebutto\/"},"modified":"2022-12-19T16:37:48","modified_gmt":"2022-12-19T15:37:48","slug":"tengoebutto","status":"publish","type":"product","link":"https:\/\/ilgiardinodicorten.it\/de\/produkt\/tengoebutto\/","title":{"rendered":"Tengoebutto"},"content":{"rendered":"<p>Als ideale Erg\u00e4nzung fu\u0308r die Terrasse, den Garten oder den Grillbereich k\u00f6nnen Sie Abf\u00e4lle auf funktionale und elegante Weise trennen und so Platz und Komfort gewinnen.<\/p>\n<p><strong>MASSE:<\/strong><\/p>\n<p>Tengoebutto &#8211; <strong>2 F\u00e4cher: 120 x 40 x 100 cm<\/strong><\/p>\n<p>Tengoebutto &#8211; <strong>3 F\u00e4cher: 160 x 40 x 100 cm<\/strong><\/p>\n","protected":false},"excerpt":{"rendered":"<p><strong>Pflanzgef\u00e4\u00df und System fu\u0308r die Abfalltrennung: Zwei Funktionen in einem einzigen Einrichtungselement aus Cortenstahl fu\u0308r ein funktionales und \u00f6kologisches Leben im Freien.<\/p>\n<p>&nbsp;<\/p>\n<p>Erh\u00e4ltlich in einer Version mit zwei oder drei Beh\u00e4ltern fu\u0308r die Abfalltrennung, ausgestattet mit einer Klapptu\u0308r, die sich mit einer einfachen Geste \u00f6ffnen und schlie\u00dfen l\u00e4sst.<\/p>\n","protected":false},"featured_media":27588,"template":"","meta":{"_acf_changed":false},"product_brand":[],"product_cat":[303],"product_tag":[],"class_list":{"0":"post-22022","1":"product","2":"type-product","3":"status-publish","4":"has-post-thumbnail","6":"product_cat-behaelter","9":"first","10":"instock","11":"taxable","12":"shipping-taxable","13":"purchasable","14":"product-type-variable"},"acf":[],"yoast_head":"<!-- This site is optimized with the Yoast SEO plugin v27.1.1 - https:\/\/yoast.com\/product\/yoast-seo-wordpress\/ -->\n<title>Tengoebutto - Il Giardino di Corten<\/title>\n<meta name=\"robots\" content=\"index, follow, max-snippet:-1, max-image-preview:large, max-video-preview:-1\" \/>\n<link rel=\"canonical\" href=\"https:\/\/ilgiardinodicorten.it\/de\/produkt\/tengoebutto\/\" \/>\n<meta property=\"og:locale\" content=\"de_DE\" \/>\n<meta property=\"og:type\" content=\"article\" \/>\n<meta property=\"og:title\" content=\"Tengoebutto - Il Giardino di Corten\" \/>\n<meta property=\"og:description\" content=\"Pflanzgef\u00e4\u00df und System fu\u0308r die Abfalltrennung: Zwei Funktionen in einem einzigen Einrichtungselement aus Cortenstahl fu\u0308r ein funktionales und \u00f6kologisches Leben im Freien. &nbsp; Erh\u00e4ltlich in einer Version mit zwei oder drei Beh\u00e4ltern fu\u0308r die Abfalltrennung, ausgestattet mit einer Klapptu\u0308r, die sich mit einer einfachen Geste \u00f6ffnen und schlie\u00dfen l\u00e4sst.\" \/>\n<meta property=\"og:url\" content=\"https:\/\/ilgiardinodicorten.it\/de\/produkt\/tengoebutto\/\" \/>\n<meta property=\"og:site_name\" content=\"Il Giardino di Corten\" \/>\n<meta property=\"article:modified_time\" content=\"2022-12-19T15:37:48+00:00\" \/>\n<meta property=\"og:image\" content=\"https:\/\/ilgiardinodicorten.it\/wp-content\/uploads\/2023\/11\/tengo-e-butto-BL5I2929-600x899-1.jpg\" \/>\n\t<meta property=\"og:image:width\" content=\"600\" \/>\n\t<meta property=\"og:image:height\" content=\"899\" \/>\n\t<meta property=\"og:image:type\" content=\"image\/jpeg\" \/>\n<meta name=\"twitter:card\" content=\"summary_large_image\" \/>\n<script type=\"application\/ld+json\" class=\"yoast-schema-graph\">{\"@context\":\"https:\/\/schema.org\",\"@graph\":[{\"@type\":\"WebPage\",\"@id\":\"https:\/\/ilgiardinodicorten.it\/de\/produkt\/tengoebutto\/\",\"url\":\"https:\/\/ilgiardinodicorten.it\/de\/produkt\/tengoebutto\/\",\"name\":\"Tengoebutto - Il Giardino di Corten\",\"isPartOf\":{\"@id\":\"https:\/\/ilgiardinodicorten.it\/#website\"},\"primaryImageOfPage\":{\"@id\":\"https:\/\/ilgiardinodicorten.it\/de\/produkt\/tengoebutto\/#primaryimage\"},\"image\":{\"@id\":\"https:\/\/ilgiardinodicorten.it\/de\/produkt\/tengoebutto\/#primaryimage\"},\"thumbnailUrl\":\"https:\/\/ilgiardinodicorten.it\/wp-content\/uploads\/2023\/11\/tengo-e-butto-BL5I2929-600x899-1.jpg\",\"datePublished\":\"2022-07-12T09:12:36+00:00\",\"dateModified\":\"2022-12-19T15:37:48+00:00\",\"breadcrumb\":{\"@id\":\"https:\/\/ilgiardinodicorten.it\/de\/produkt\/tengoebutto\/#breadcrumb\"},\"inLanguage\":\"de\",\"potentialAction\":[{\"@type\":\"ReadAction\",\"target\":[\"https:\/\/ilgiardinodicorten.it\/de\/produkt\/tengoebutto\/\"]}]},{\"@type\":\"ImageObject\",\"inLanguage\":\"de\",\"@id\":\"https:\/\/ilgiardinodicorten.it\/de\/produkt\/tengoebutto\/#primaryimage\",\"url\":\"https:\/\/ilgiardinodicorten.it\/wp-content\/uploads\/2023\/11\/tengo-e-butto-BL5I2929-600x899-1.jpg\",\"contentUrl\":\"https:\/\/ilgiardinodicorten.it\/wp-content\/uploads\/2023\/11\/tengo-e-butto-BL5I2929-600x899-1.jpg\",\"width\":600,\"height\":899,\"caption\":\"Fioriera Tengoebutto\"},{\"@type\":\"BreadcrumbList\",\"@id\":\"https:\/\/ilgiardinodicorten.it\/de\/produkt\/tengoebutto\/#breadcrumb\",\"itemListElement\":[{\"@type\":\"ListItem\",\"position\":1,\"name\":\"Home\",\"item\":\"https:\/\/ilgiardinodicorten.it\/de\/\"},{\"@type\":\"ListItem\",\"position\":2,\"name\":\"Einkaufen\",\"item\":\"https:\/\/ilgiardinodicorten.it\/de\/einkaufen\/\"},{\"@type\":\"ListItem\",\"position\":3,\"name\":\"Tengoebutto\"}]},{\"@type\":\"WebSite\",\"@id\":\"https:\/\/ilgiardinodicorten.it\/#website\",\"url\":\"https:\/\/ilgiardinodicorten.it\/\",\"name\":\"Il Giardino di Corten\",\"description\":\"\",\"potentialAction\":[{\"@type\":\"SearchAction\",\"target\":{\"@type\":\"EntryPoint\",\"urlTemplate\":\"https:\/\/ilgiardinodicorten.it\/?s={search_term_string}\"},\"query-input\":{\"@type\":\"PropertyValueSpecification\",\"valueRequired\":true,\"valueName\":\"search_term_string\"}}],\"inLanguage\":\"de\"}]}<\/script>\n<!-- \/ Yoast SEO plugin. -->","yoast_head_json":{"title":"Tengoebutto - Il Giardino di Corten","robots":{"index":"index","follow":"follow","max-snippet":"max-snippet:-1","max-image-preview":"max-image-preview:large","max-video-preview":"max-video-preview:-1"},"canonical":"https:\/\/ilgiardinodicorten.it\/de\/produkt\/tengoebutto\/","og_locale":"de_DE","og_type":"article","og_title":"Tengoebutto - Il Giardino di Corten","og_description":"Pflanzgef\u00e4\u00df und System fu\u0308r die Abfalltrennung: Zwei Funktionen in einem einzigen Einrichtungselement aus Cortenstahl fu\u0308r ein funktionales und \u00f6kologisches Leben im Freien. &nbsp; Erh\u00e4ltlich in einer Version mit zwei oder drei Beh\u00e4ltern fu\u0308r die Abfalltrennung, ausgestattet mit einer Klapptu\u0308r, die sich mit einer einfachen Geste \u00f6ffnen und schlie\u00dfen l\u00e4sst.","og_url":"https:\/\/ilgiardinodicorten.it\/de\/produkt\/tengoebutto\/","og_site_name":"Il Giardino di Corten","article_modified_time":"2022-12-19T15:37:48+00:00","og_image":[{"width":600,"height":899,"url":"https:\/\/ilgiardinodicorten.it\/wp-content\/uploads\/2023\/11\/tengo-e-butto-BL5I2929-600x899-1.jpg","type":"image\/jpeg"}],"twitter_card":"summary_large_image","schema":{"@context":"https:\/\/schema.org","@graph":[{"@type":"WebPage","@id":"https:\/\/ilgiardinodicorten.it\/de\/produkt\/tengoebutto\/","url":"https:\/\/ilgiardinodicorten.it\/de\/produkt\/tengoebutto\/","name":"Tengoebutto - Il Giardino di Corten","isPartOf":{"@id":"https:\/\/ilgiardinodicorten.it\/#website"},"primaryImageOfPage":{"@id":"https:\/\/ilgiardinodicorten.it\/de\/produkt\/tengoebutto\/#primaryimage"},"image":{"@id":"https:\/\/ilgiardinodicorten.it\/de\/produkt\/tengoebutto\/#primaryimage"},"thumbnailUrl":"https:\/\/ilgiardinodicorten.it\/wp-content\/uploads\/2023\/11\/tengo-e-butto-BL5I2929-600x899-1.jpg","datePublished":"2022-07-12T09:12:36+00:00","dateModified":"2022-12-19T15:37:48+00:00","breadcrumb":{"@id":"https:\/\/ilgiardinodicorten.it\/de\/produkt\/tengoebutto\/#breadcrumb"},"inLanguage":"de","potentialAction":[{"@type":"ReadAction","target":["https:\/\/ilgiardinodicorten.it\/de\/produkt\/tengoebutto\/"]}]},{"@type":"ImageObject","inLanguage":"de","@id":"https:\/\/ilgiardinodicorten.it\/de\/produkt\/tengoebutto\/#primaryimage","url":"https:\/\/ilgiardinodicorten.it\/wp-content\/uploads\/2023\/11\/tengo-e-butto-BL5I2929-600x899-1.jpg","contentUrl":"https:\/\/ilgiardinodicorten.it\/wp-content\/uploads\/2023\/11\/tengo-e-butto-BL5I2929-600x899-1.jpg","width":600,"height":899,"caption":"Fioriera Tengoebutto"},{"@type":"BreadcrumbList","@id":"https:\/\/ilgiardinodicorten.it\/de\/produkt\/tengoebutto\/#breadcrumb","itemListElement":[{"@type":"ListItem","position":1,"name":"Home","item":"https:\/\/ilgiardinodicorten.it\/de\/"},{"@type":"ListItem","position":2,"name":"Einkaufen","item":"https:\/\/ilgiardinodicorten.it\/de\/einkaufen\/"},{"@type":"ListItem","position":3,"name":"Tengoebutto"}]},{"@type":"WebSite","@id":"https:\/\/ilgiardinodicorten.it\/#website","url":"https:\/\/ilgiardinodicorten.it\/","name":"Il Giardino di Corten","description":"","potentialAction":[{"@type":"SearchAction","target":{"@type":"EntryPoint","urlTemplate":"https:\/\/ilgiardinodicorten.it\/?s={search_term_string}"},"query-input":{"@type":"PropertyValueSpecification","valueRequired":true,"valueName":"search_term_string"}}],"inLanguage":"de"}]}},"_links":{"self":[{"href":"https:\/\/ilgiardinodicorten.it\/de\/wp-json\/wp\/v2\/product\/22022","targetHints":{"allow":["GET"]}}],"collection":[{"href":"https:\/\/ilgiardinodicorten.it\/de\/wp-json\/wp\/v2\/product"}],"about":[{"href":"https:\/\/ilgiardinodicorten.it\/de\/wp-json\/wp\/v2\/types\/product"}],"wp:featuredmedia":[{"embeddable":true,"href":"https:\/\/ilgiardinodicorten.it\/de\/wp-json\/wp\/v2\/media\/27588"}],"wp:attachment":[{"href":"https:\/\/ilgiardinodicorten.it\/de\/wp-json\/wp\/v2\/media?parent=22022"}],"wp:term":[{"taxonomy":"product_brand","embeddable":true,"href":"https:\/\/ilgiardinodicorten.it\/de\/wp-json\/wp\/v2\/product_brand?post=22022"},{"taxonomy":"product_cat","embeddable":true,"href":"https:\/\/ilgiardinodicorten.it\/de\/wp-json\/wp\/v2\/product_cat?post=22022"},{"taxonomy":"product_tag","embeddable":true,"href":"https:\/\/ilgiardinodicorten.it\/de\/wp-json\/wp\/v2\/product_tag?post=22022"}],"curies":[{"name":"wp","href":"https:\/\/api.w.org\/{rel}","templated":true}]}}