{"id":22032,"date":"2017-11-28T17:44:53","date_gmt":"2017-11-28T16:44:53","guid":{"rendered":"https:\/\/ilgiardinodicorten.it\/prodotto\/la-stanza-che-non-ce\/"},"modified":"2023-01-13T17:17:45","modified_gmt":"2023-01-13T16:17:45","slug":"la-stanza-che-non-ce","status":"publish","type":"product","link":"https:\/\/ilgiardinodicorten.it\/de\/produkt\/la-stanza-che-non-ce\/","title":{"rendered":"La Stanza Che Non C&#8217;\u00e8"},"content":{"rendered":"<p><em>Die Gartenstruktur aus Cortenstahl zum Wohlf\u00fchlen im Freien.<\/em><\/p>\n<p><strong>Perfekt f\u00fcr die Horeca- und Wohnwelt<\/strong><br \/>\nF\u00fcr die Hotellerie ist es eine Gelegenheit, in einem privaten Raum inmitten der Natur einen zus\u00e4tzlichen Service anzubieten. Im \u00f6ffentlichen Sektor ist es ein Raum, der mit der Umgebung harmoniert, um Informationsb\u00fcros, Fahrkartenschalter, Zeitschriftenl\u00e4den zu schaffen; in der wohnwelt ist es der raum, der im haus fehlt, um seinen leidenschaften raum zu geben.<\/p>\n<p>Es ist nicht nur eine \u00e4u\u00dferst vielseitige Outdoor-Struktur: Es ist auch m\u00f6glich, es mit einem Kamin oder Holzofen, einem Isolierungssystem, einer Beleuchtung, Glasw\u00e4nden und -t\u00fcren auszustatten. <\/p>\n<p>Da La Stanza Che Non C&#8217;\u00e8 au\u00dferdem zerlegt, selbsttragend und unverankert werden kann, sind f\u00fcr die Installation keine besonderen Genehmigungen erforderlich (au\u00dfer bei besonderen landschaftlichen oder kommunalen Einschr\u00e4nkungen).<\/p>\n","protected":false},"excerpt":{"rendered":"<p>Der Raum, der nicht da ist, ist die Zuflucht, die jeder sucht, wenn er Kind ist, der zus\u00e4tzliche Raum, den sich jeder Erwachsene w\u00fcnschen w\u00fcrde. Das Design mit essentiellen Linien bietet die M\u00f6glichkeit, Abmessungen, Oberfl\u00e4chen und Zubeh\u00f6r individuell anzupassen, um von Zeit zu Zeit eine Sauna, einen Leseraum, einen Ruheraum, ein Gew\u00e4chshaus, ein Atelier, einen Ort der Gastfreundschaft, einen Unterstand f\u00fcr Werkzeuge zu werden \u2026<\/p>\n","protected":false},"featured_media":20592,"template":"","meta":{"_acf_changed":false},"product_brand":[],"product_cat":[295],"product_tag":[],"class_list":{"0":"post-22032","1":"product","2":"type-product","3":"status-publish","4":"has-post-thumbnail","6":"product_cat-der-raum-der-nicht-da-ist","9":"first","10":"instock","11":"taxable","12":"shipping-taxable","13":"product-type-simple"},"acf":[],"yoast_head":"<!-- This site is optimized with the Yoast SEO plugin v27.1.1 - https:\/\/yoast.com\/product\/yoast-seo-wordpress\/ -->\n<title>La Stanza Che Non C&#039;\u00e8 - Il Giardino di Corten<\/title>\n<meta name=\"robots\" content=\"index, follow, max-snippet:-1, max-image-preview:large, max-video-preview:-1\" \/>\n<link rel=\"canonical\" href=\"https:\/\/ilgiardinodicorten.it\/produkt\/la-stanza-che-non-ce\/\" \/>\n<meta property=\"og:locale\" content=\"de_DE\" \/>\n<meta property=\"og:type\" content=\"article\" \/>\n<meta property=\"og:title\" content=\"La Stanza Che Non C&#039;\u00e8 - Il Giardino di Corten\" \/>\n<meta property=\"og:description\" content=\"Der Raum, der nicht da ist, ist die Zuflucht, die jeder sucht, wenn er Kind ist, der zus\u00e4tzliche Raum, den sich jeder Erwachsene w\u00fcnschen w\u00fcrde. Das Design mit essentiellen Linien bietet die M\u00f6glichkeit, Abmessungen, Oberfl\u00e4chen und Zubeh\u00f6r individuell anzupassen, um von Zeit zu Zeit eine Sauna, einen Leseraum, einen Ruheraum, ein Gew\u00e4chshaus, ein Atelier, einen Ort der Gastfreundschaft, einen Unterstand f\u00fcr Werkzeuge zu werden \u2026\" \/>\n<meta property=\"og:url\" content=\"https:\/\/ilgiardinodicorten.it\/produkt\/la-stanza-che-non-ce\/\" \/>\n<meta property=\"og:site_name\" content=\"Il Giardino di Corten\" \/>\n<meta property=\"article:modified_time\" content=\"2023-01-13T16:17:45+00:00\" \/>\n<meta property=\"og:image\" content=\"https:\/\/ilgiardinodicorten.it\/wp-content\/uploads\/2017\/11\/la-stanza-che-non-c-e-Vista-esterna-1.jpg\" \/>\n\t<meta property=\"og:image:width\" content=\"1024\" \/>\n\t<meta property=\"og:image:height\" content=\"768\" \/>\n\t<meta property=\"og:image:type\" content=\"image\/jpeg\" \/>\n<meta name=\"twitter:card\" content=\"summary_large_image\" \/>\n<meta name=\"twitter:label1\" content=\"Gesch\u00e4tzte Lesezeit\" \/>\n\t<meta name=\"twitter:data1\" content=\"1\u00a0Minute\" \/>\n<script type=\"application\/ld+json\" class=\"yoast-schema-graph\">{\"@context\":\"https:\/\/schema.org\",\"@graph\":[{\"@type\":\"WebPage\",\"@id\":\"https:\/\/ilgiardinodicorten.it\/produkt\/la-stanza-che-non-ce\/\",\"url\":\"https:\/\/ilgiardinodicorten.it\/produkt\/la-stanza-che-non-ce\/\",\"name\":\"La Stanza Che Non C'\u00e8 - Il Giardino di Corten\",\"isPartOf\":{\"@id\":\"https:\/\/ilgiardinodicorten.it\/#website\"},\"primaryImageOfPage\":{\"@id\":\"https:\/\/ilgiardinodicorten.it\/produkt\/la-stanza-che-non-ce\/#primaryimage\"},\"image\":{\"@id\":\"https:\/\/ilgiardinodicorten.it\/produkt\/la-stanza-che-non-ce\/#primaryimage\"},\"thumbnailUrl\":\"https:\/\/ilgiardinodicorten.it\/wp-content\/uploads\/2017\/11\/la-stanza-che-non-c-e-Vista-esterna-1.jpg\",\"datePublished\":\"2017-11-28T16:44:53+00:00\",\"dateModified\":\"2023-01-13T16:17:45+00:00\",\"breadcrumb\":{\"@id\":\"https:\/\/ilgiardinodicorten.it\/produkt\/la-stanza-che-non-ce\/#breadcrumb\"},\"inLanguage\":\"de\",\"potentialAction\":[{\"@type\":\"ReadAction\",\"target\":[\"https:\/\/ilgiardinodicorten.it\/produkt\/la-stanza-che-non-ce\/\"]}]},{\"@type\":\"ImageObject\",\"inLanguage\":\"de\",\"@id\":\"https:\/\/ilgiardinodicorten.it\/produkt\/la-stanza-che-non-ce\/#primaryimage\",\"url\":\"https:\/\/ilgiardinodicorten.it\/wp-content\/uploads\/2017\/11\/la-stanza-che-non-c-e-Vista-esterna-1.jpg\",\"contentUrl\":\"https:\/\/ilgiardinodicorten.it\/wp-content\/uploads\/2017\/11\/la-stanza-che-non-c-e-Vista-esterna-1.jpg\",\"width\":1024,\"height\":768},{\"@type\":\"BreadcrumbList\",\"@id\":\"https:\/\/ilgiardinodicorten.it\/produkt\/la-stanza-che-non-ce\/#breadcrumb\",\"itemListElement\":[{\"@type\":\"ListItem\",\"position\":1,\"name\":\"Home\",\"item\":\"https:\/\/ilgiardinodicorten.it\/de\/\"},{\"@type\":\"ListItem\",\"position\":2,\"name\":\"Einkaufen\",\"item\":\"https:\/\/ilgiardinodicorten.it\/de\/einkaufen\/\"},{\"@type\":\"ListItem\",\"position\":3,\"name\":\"La Stanza Che Non C&#8217;\u00e8\"}]},{\"@type\":\"WebSite\",\"@id\":\"https:\/\/ilgiardinodicorten.it\/#website\",\"url\":\"https:\/\/ilgiardinodicorten.it\/\",\"name\":\"Il Giardino di Corten\",\"description\":\"\",\"potentialAction\":[{\"@type\":\"SearchAction\",\"target\":{\"@type\":\"EntryPoint\",\"urlTemplate\":\"https:\/\/ilgiardinodicorten.it\/?s={search_term_string}\"},\"query-input\":{\"@type\":\"PropertyValueSpecification\",\"valueRequired\":true,\"valueName\":\"search_term_string\"}}],\"inLanguage\":\"de\"}]}<\/script>\n<!-- \/ Yoast SEO plugin. -->","yoast_head_json":{"title":"La Stanza Che Non C'\u00e8 - Il Giardino di Corten","robots":{"index":"index","follow":"follow","max-snippet":"max-snippet:-1","max-image-preview":"max-image-preview:large","max-video-preview":"max-video-preview:-1"},"canonical":"https:\/\/ilgiardinodicorten.it\/produkt\/la-stanza-che-non-ce\/","og_locale":"de_DE","og_type":"article","og_title":"La Stanza Che Non C'\u00e8 - Il Giardino di Corten","og_description":"Der Raum, der nicht da ist, ist die Zuflucht, die jeder sucht, wenn er Kind ist, der zus\u00e4tzliche Raum, den sich jeder Erwachsene w\u00fcnschen w\u00fcrde. Das Design mit essentiellen Linien bietet die M\u00f6glichkeit, Abmessungen, Oberfl\u00e4chen und Zubeh\u00f6r individuell anzupassen, um von Zeit zu Zeit eine Sauna, einen Leseraum, einen Ruheraum, ein Gew\u00e4chshaus, ein Atelier, einen Ort der Gastfreundschaft, einen Unterstand f\u00fcr Werkzeuge zu werden \u2026","og_url":"https:\/\/ilgiardinodicorten.it\/produkt\/la-stanza-che-non-ce\/","og_site_name":"Il Giardino di Corten","article_modified_time":"2023-01-13T16:17:45+00:00","og_image":[{"width":1024,"height":768,"url":"https:\/\/ilgiardinodicorten.it\/wp-content\/uploads\/2017\/11\/la-stanza-che-non-c-e-Vista-esterna-1.jpg","type":"image\/jpeg"}],"twitter_card":"summary_large_image","twitter_misc":{"Gesch\u00e4tzte Lesezeit":"1\u00a0Minute"},"schema":{"@context":"https:\/\/schema.org","@graph":[{"@type":"WebPage","@id":"https:\/\/ilgiardinodicorten.it\/produkt\/la-stanza-che-non-ce\/","url":"https:\/\/ilgiardinodicorten.it\/produkt\/la-stanza-che-non-ce\/","name":"La Stanza Che Non C'\u00e8 - Il Giardino di Corten","isPartOf":{"@id":"https:\/\/ilgiardinodicorten.it\/#website"},"primaryImageOfPage":{"@id":"https:\/\/ilgiardinodicorten.it\/produkt\/la-stanza-che-non-ce\/#primaryimage"},"image":{"@id":"https:\/\/ilgiardinodicorten.it\/produkt\/la-stanza-che-non-ce\/#primaryimage"},"thumbnailUrl":"https:\/\/ilgiardinodicorten.it\/wp-content\/uploads\/2017\/11\/la-stanza-che-non-c-e-Vista-esterna-1.jpg","datePublished":"2017-11-28T16:44:53+00:00","dateModified":"2023-01-13T16:17:45+00:00","breadcrumb":{"@id":"https:\/\/ilgiardinodicorten.it\/produkt\/la-stanza-che-non-ce\/#breadcrumb"},"inLanguage":"de","potentialAction":[{"@type":"ReadAction","target":["https:\/\/ilgiardinodicorten.it\/produkt\/la-stanza-che-non-ce\/"]}]},{"@type":"ImageObject","inLanguage":"de","@id":"https:\/\/ilgiardinodicorten.it\/produkt\/la-stanza-che-non-ce\/#primaryimage","url":"https:\/\/ilgiardinodicorten.it\/wp-content\/uploads\/2017\/11\/la-stanza-che-non-c-e-Vista-esterna-1.jpg","contentUrl":"https:\/\/ilgiardinodicorten.it\/wp-content\/uploads\/2017\/11\/la-stanza-che-non-c-e-Vista-esterna-1.jpg","width":1024,"height":768},{"@type":"BreadcrumbList","@id":"https:\/\/ilgiardinodicorten.it\/produkt\/la-stanza-che-non-ce\/#breadcrumb","itemListElement":[{"@type":"ListItem","position":1,"name":"Home","item":"https:\/\/ilgiardinodicorten.it\/de\/"},{"@type":"ListItem","position":2,"name":"Einkaufen","item":"https:\/\/ilgiardinodicorten.it\/de\/einkaufen\/"},{"@type":"ListItem","position":3,"name":"La Stanza Che Non C&#8217;\u00e8"}]},{"@type":"WebSite","@id":"https:\/\/ilgiardinodicorten.it\/#website","url":"https:\/\/ilgiardinodicorten.it\/","name":"Il Giardino di Corten","description":"","potentialAction":[{"@type":"SearchAction","target":{"@type":"EntryPoint","urlTemplate":"https:\/\/ilgiardinodicorten.it\/?s={search_term_string}"},"query-input":{"@type":"PropertyValueSpecification","valueRequired":true,"valueName":"search_term_string"}}],"inLanguage":"de"}]}},"_links":{"self":[{"href":"https:\/\/ilgiardinodicorten.it\/de\/wp-json\/wp\/v2\/product\/22032","targetHints":{"allow":["GET"]}}],"collection":[{"href":"https:\/\/ilgiardinodicorten.it\/de\/wp-json\/wp\/v2\/product"}],"about":[{"href":"https:\/\/ilgiardinodicorten.it\/de\/wp-json\/wp\/v2\/types\/product"}],"wp:featuredmedia":[{"embeddable":true,"href":"https:\/\/ilgiardinodicorten.it\/de\/wp-json\/wp\/v2\/media\/20592"}],"wp:attachment":[{"href":"https:\/\/ilgiardinodicorten.it\/de\/wp-json\/wp\/v2\/media?parent=22032"}],"wp:term":[{"taxonomy":"product_brand","embeddable":true,"href":"https:\/\/ilgiardinodicorten.it\/de\/wp-json\/wp\/v2\/product_brand?post=22032"},{"taxonomy":"product_cat","embeddable":true,"href":"https:\/\/ilgiardinodicorten.it\/de\/wp-json\/wp\/v2\/product_cat?post=22032"},{"taxonomy":"product_tag","embeddable":true,"href":"https:\/\/ilgiardinodicorten.it\/de\/wp-json\/wp\/v2\/product_tag?post=22032"}],"curies":[{"name":"wp","href":"https:\/\/api.w.org\/{rel}","templated":true}]}}