{"id":22033,"date":"2022-08-09T15:46:41","date_gmt":"2022-08-09T13:46:41","guid":{"rendered":"https:\/\/ilgiardinodicorten.it\/prodotto\/la-stanza-che-non-ce-sauna\/"},"modified":"2024-12-18T15:54:04","modified_gmt":"2024-12-18T14:54:04","slug":"la-stanza-che-non-ce-sauna","status":"publish","type":"product","link":"https:\/\/ilgiardinodicorten.it\/de\/produkt\/la-stanza-che-non-ce-sauna\/","title":{"rendered":"La Stanza Che Non C&#8217;\u00e8 &#8211; Sauna"},"content":{"rendered":"<p>La Stanza Che Non C&#8217;\u00e8 in der Saunaversion erm\u00f6glicht es Ihnen, die nordische Tradition in aller Authentizit\u00e4t zu erleben: Die hellbraune Farbe des Holzes, das aus der besten Auswahl schwedischer und finnischer Plantagen stammt &#8211; die unter Einhaltung \u00f6kologischer Nachhaltigkeit bewirtschaftet werden &#8211; stellt eine Wiederherstellung dar warme und einladende Atmosph\u00e4re.<\/p>\n<p>Die Basisversion \u2013 240\u00d7200 cm \u2013 ist mit einer festen Glaswand mit einer zentralen T\u00fcr im vorderen Teil ausgestattet. Die Konfiguration 240\u00d7280 cm bietet Platz f\u00fcr bis zu 6 Personen, die Konfiguration 240\u00d7360 cm bietet Platz f\u00fcr bis zu 8 Personen. Beide k\u00f6nnen auch mit Glasw\u00e4nden auf der R\u00fcckseite ausgestattet werden.<\/p>\n<p>Die gr\u00f6\u00dfere Version ist mit einem gr\u00f6\u00dferen Umkleideraum ausgestattet, der durch eine T\u00fcr aus geh\u00e4rtetem Glas getrennt ist, und kann mit Farbtherapiesystemen und zus\u00e4tzlicher Infrarotheizung individuell ausgestattet werden.<\/p>\n","protected":false},"excerpt":{"rendered":"<p>The Room That Isn\u2019t There in der <strong>Saunakonfiguration<\/strong> ist eine Struktur, die es Ihnen erm\u00f6glicht, die Vorteile einer finnischen Sauna zu jeder Jahreszeit und bei jedem Wetter direkt in Ihrem eigenen Garten zu genie\u00dfen.<\/p>\n","protected":false},"featured_media":20985,"template":"","meta":{"_acf_changed":false},"product_brand":[],"product_cat":[295],"product_tag":[],"class_list":{"0":"post-22033","1":"product","2":"type-product","3":"status-publish","4":"has-post-thumbnail","6":"product_cat-der-raum-der-nicht-da-ist","9":"first","10":"instock","11":"taxable","12":"shipping-taxable","13":"product-type-simple"},"acf":[],"yoast_head":"<!-- This site is optimized with the Yoast SEO plugin v27.1.1 - https:\/\/yoast.com\/product\/yoast-seo-wordpress\/ -->\n<title>La Stanza Che Non C&#039;\u00e8 - Sauna - Il Giardino di Corten<\/title>\n<meta name=\"robots\" content=\"index, follow, max-snippet:-1, max-image-preview:large, max-video-preview:-1\" \/>\n<link rel=\"canonical\" href=\"https:\/\/ilgiardinodicorten.it\/de\/produkt\/la-stanza-che-non-ce-sauna\/\" \/>\n<meta property=\"og:locale\" content=\"de_DE\" \/>\n<meta property=\"og:type\" content=\"article\" \/>\n<meta property=\"og:title\" content=\"La Stanza Che Non C&#039;\u00e8 - Sauna - Il Giardino di Corten\" \/>\n<meta property=\"og:description\" content=\"The Room That Isn\u2019t There in der Saunakonfiguration ist eine Struktur, die es Ihnen erm\u00f6glicht, die Vorteile einer finnischen Sauna zu jeder Jahreszeit und bei jedem Wetter direkt in Ihrem eigenen Garten zu genie\u00dfen.\" \/>\n<meta property=\"og:url\" content=\"https:\/\/ilgiardinodicorten.it\/de\/produkt\/la-stanza-che-non-ce-sauna\/\" \/>\n<meta property=\"og:site_name\" content=\"Il Giardino di Corten\" \/>\n<meta property=\"article:modified_time\" content=\"2024-12-18T14:54:04+00:00\" \/>\n<meta property=\"og:image\" content=\"https:\/\/ilgiardinodicorten.it\/wp-content\/uploads\/2022\/08\/img-sauna-la-stanza-che-non-ce-cortem-design.jpg\" \/>\n\t<meta property=\"og:image:width\" content=\"900\" \/>\n\t<meta property=\"og:image:height\" content=\"650\" \/>\n\t<meta property=\"og:image:type\" content=\"image\/jpeg\" \/>\n<meta name=\"twitter:card\" content=\"summary_large_image\" \/>\n<meta name=\"twitter:label1\" content=\"Gesch\u00e4tzte Lesezeit\" \/>\n\t<meta name=\"twitter:data1\" content=\"1\u00a0Minute\" \/>\n<script type=\"application\/ld+json\" class=\"yoast-schema-graph\">{\"@context\":\"https:\/\/schema.org\",\"@graph\":[{\"@type\":\"WebPage\",\"@id\":\"https:\/\/ilgiardinodicorten.it\/de\/produkt\/la-stanza-che-non-ce-sauna\/\",\"url\":\"https:\/\/ilgiardinodicorten.it\/de\/produkt\/la-stanza-che-non-ce-sauna\/\",\"name\":\"La Stanza Che Non C'\u00e8 - Sauna - Il Giardino di Corten\",\"isPartOf\":{\"@id\":\"https:\/\/ilgiardinodicorten.it\/#website\"},\"primaryImageOfPage\":{\"@id\":\"https:\/\/ilgiardinodicorten.it\/de\/produkt\/la-stanza-che-non-ce-sauna\/#primaryimage\"},\"image\":{\"@id\":\"https:\/\/ilgiardinodicorten.it\/de\/produkt\/la-stanza-che-non-ce-sauna\/#primaryimage\"},\"thumbnailUrl\":\"https:\/\/ilgiardinodicorten.it\/wp-content\/uploads\/2022\/08\/img-sauna-la-stanza-che-non-ce-cortem-design.jpg\",\"datePublished\":\"2022-08-09T13:46:41+00:00\",\"dateModified\":\"2024-12-18T14:54:04+00:00\",\"breadcrumb\":{\"@id\":\"https:\/\/ilgiardinodicorten.it\/de\/produkt\/la-stanza-che-non-ce-sauna\/#breadcrumb\"},\"inLanguage\":\"de\",\"potentialAction\":[{\"@type\":\"ReadAction\",\"target\":[\"https:\/\/ilgiardinodicorten.it\/de\/produkt\/la-stanza-che-non-ce-sauna\/\"]}]},{\"@type\":\"ImageObject\",\"inLanguage\":\"de\",\"@id\":\"https:\/\/ilgiardinodicorten.it\/de\/produkt\/la-stanza-che-non-ce-sauna\/#primaryimage\",\"url\":\"https:\/\/ilgiardinodicorten.it\/wp-content\/uploads\/2022\/08\/img-sauna-la-stanza-che-non-ce-cortem-design.jpg\",\"contentUrl\":\"https:\/\/ilgiardinodicorten.it\/wp-content\/uploads\/2022\/08\/img-sauna-la-stanza-che-non-ce-cortem-design.jpg\",\"width\":900,\"height\":650},{\"@type\":\"BreadcrumbList\",\"@id\":\"https:\/\/ilgiardinodicorten.it\/de\/produkt\/la-stanza-che-non-ce-sauna\/#breadcrumb\",\"itemListElement\":[{\"@type\":\"ListItem\",\"position\":1,\"name\":\"Home\",\"item\":\"https:\/\/ilgiardinodicorten.it\/de\/\"},{\"@type\":\"ListItem\",\"position\":2,\"name\":\"Einkaufen\",\"item\":\"https:\/\/ilgiardinodicorten.it\/de\/einkaufen\/\"},{\"@type\":\"ListItem\",\"position\":3,\"name\":\"La Stanza Che Non C&#8217;\u00e8 &#8211; Sauna\"}]},{\"@type\":\"WebSite\",\"@id\":\"https:\/\/ilgiardinodicorten.it\/#website\",\"url\":\"https:\/\/ilgiardinodicorten.it\/\",\"name\":\"Il Giardino di Corten\",\"description\":\"\",\"potentialAction\":[{\"@type\":\"SearchAction\",\"target\":{\"@type\":\"EntryPoint\",\"urlTemplate\":\"https:\/\/ilgiardinodicorten.it\/?s={search_term_string}\"},\"query-input\":{\"@type\":\"PropertyValueSpecification\",\"valueRequired\":true,\"valueName\":\"search_term_string\"}}],\"inLanguage\":\"de\"}]}<\/script>\n<!-- \/ Yoast SEO plugin. -->","yoast_head_json":{"title":"La Stanza Che Non C'\u00e8 - Sauna - Il Giardino di Corten","robots":{"index":"index","follow":"follow","max-snippet":"max-snippet:-1","max-image-preview":"max-image-preview:large","max-video-preview":"max-video-preview:-1"},"canonical":"https:\/\/ilgiardinodicorten.it\/de\/produkt\/la-stanza-che-non-ce-sauna\/","og_locale":"de_DE","og_type":"article","og_title":"La Stanza Che Non C'\u00e8 - Sauna - Il Giardino di Corten","og_description":"The Room That Isn\u2019t There in der Saunakonfiguration ist eine Struktur, die es Ihnen erm\u00f6glicht, die Vorteile einer finnischen Sauna zu jeder Jahreszeit und bei jedem Wetter direkt in Ihrem eigenen Garten zu genie\u00dfen.","og_url":"https:\/\/ilgiardinodicorten.it\/de\/produkt\/la-stanza-che-non-ce-sauna\/","og_site_name":"Il Giardino di Corten","article_modified_time":"2024-12-18T14:54:04+00:00","og_image":[{"width":900,"height":650,"url":"https:\/\/ilgiardinodicorten.it\/wp-content\/uploads\/2022\/08\/img-sauna-la-stanza-che-non-ce-cortem-design.jpg","type":"image\/jpeg"}],"twitter_card":"summary_large_image","twitter_misc":{"Gesch\u00e4tzte Lesezeit":"1\u00a0Minute"},"schema":{"@context":"https:\/\/schema.org","@graph":[{"@type":"WebPage","@id":"https:\/\/ilgiardinodicorten.it\/de\/produkt\/la-stanza-che-non-ce-sauna\/","url":"https:\/\/ilgiardinodicorten.it\/de\/produkt\/la-stanza-che-non-ce-sauna\/","name":"La Stanza Che Non C'\u00e8 - Sauna - Il Giardino di Corten","isPartOf":{"@id":"https:\/\/ilgiardinodicorten.it\/#website"},"primaryImageOfPage":{"@id":"https:\/\/ilgiardinodicorten.it\/de\/produkt\/la-stanza-che-non-ce-sauna\/#primaryimage"},"image":{"@id":"https:\/\/ilgiardinodicorten.it\/de\/produkt\/la-stanza-che-non-ce-sauna\/#primaryimage"},"thumbnailUrl":"https:\/\/ilgiardinodicorten.it\/wp-content\/uploads\/2022\/08\/img-sauna-la-stanza-che-non-ce-cortem-design.jpg","datePublished":"2022-08-09T13:46:41+00:00","dateModified":"2024-12-18T14:54:04+00:00","breadcrumb":{"@id":"https:\/\/ilgiardinodicorten.it\/de\/produkt\/la-stanza-che-non-ce-sauna\/#breadcrumb"},"inLanguage":"de","potentialAction":[{"@type":"ReadAction","target":["https:\/\/ilgiardinodicorten.it\/de\/produkt\/la-stanza-che-non-ce-sauna\/"]}]},{"@type":"ImageObject","inLanguage":"de","@id":"https:\/\/ilgiardinodicorten.it\/de\/produkt\/la-stanza-che-non-ce-sauna\/#primaryimage","url":"https:\/\/ilgiardinodicorten.it\/wp-content\/uploads\/2022\/08\/img-sauna-la-stanza-che-non-ce-cortem-design.jpg","contentUrl":"https:\/\/ilgiardinodicorten.it\/wp-content\/uploads\/2022\/08\/img-sauna-la-stanza-che-non-ce-cortem-design.jpg","width":900,"height":650},{"@type":"BreadcrumbList","@id":"https:\/\/ilgiardinodicorten.it\/de\/produkt\/la-stanza-che-non-ce-sauna\/#breadcrumb","itemListElement":[{"@type":"ListItem","position":1,"name":"Home","item":"https:\/\/ilgiardinodicorten.it\/de\/"},{"@type":"ListItem","position":2,"name":"Einkaufen","item":"https:\/\/ilgiardinodicorten.it\/de\/einkaufen\/"},{"@type":"ListItem","position":3,"name":"La Stanza Che Non C&#8217;\u00e8 &#8211; Sauna"}]},{"@type":"WebSite","@id":"https:\/\/ilgiardinodicorten.it\/#website","url":"https:\/\/ilgiardinodicorten.it\/","name":"Il Giardino di Corten","description":"","potentialAction":[{"@type":"SearchAction","target":{"@type":"EntryPoint","urlTemplate":"https:\/\/ilgiardinodicorten.it\/?s={search_term_string}"},"query-input":{"@type":"PropertyValueSpecification","valueRequired":true,"valueName":"search_term_string"}}],"inLanguage":"de"}]}},"_links":{"self":[{"href":"https:\/\/ilgiardinodicorten.it\/de\/wp-json\/wp\/v2\/product\/22033","targetHints":{"allow":["GET"]}}],"collection":[{"href":"https:\/\/ilgiardinodicorten.it\/de\/wp-json\/wp\/v2\/product"}],"about":[{"href":"https:\/\/ilgiardinodicorten.it\/de\/wp-json\/wp\/v2\/types\/product"}],"wp:featuredmedia":[{"embeddable":true,"href":"https:\/\/ilgiardinodicorten.it\/de\/wp-json\/wp\/v2\/media\/20985"}],"wp:attachment":[{"href":"https:\/\/ilgiardinodicorten.it\/de\/wp-json\/wp\/v2\/media?parent=22033"}],"wp:term":[{"taxonomy":"product_brand","embeddable":true,"href":"https:\/\/ilgiardinodicorten.it\/de\/wp-json\/wp\/v2\/product_brand?post=22033"},{"taxonomy":"product_cat","embeddable":true,"href":"https:\/\/ilgiardinodicorten.it\/de\/wp-json\/wp\/v2\/product_cat?post=22033"},{"taxonomy":"product_tag","embeddable":true,"href":"https:\/\/ilgiardinodicorten.it\/de\/wp-json\/wp\/v2\/product_tag?post=22033"}],"curies":[{"name":"wp","href":"https:\/\/api.w.org\/{rel}","templated":true}]}}