{"id":22036,"date":"2022-07-12T10:48:53","date_gmt":"2022-07-12T08:48:53","guid":{"rendered":"https:\/\/ilgiardinodicorten.it\/prodotto\/pergola-ariaperta\/"},"modified":"2023-01-13T16:40:58","modified_gmt":"2023-01-13T15:40:58","slug":"pergola-ariaperta","status":"publish","type":"product","link":"https:\/\/ilgiardinodicorten.it\/de\/produkt\/pergola-ariaperta\/","title":{"rendered":"Pergola Ariaperta"},"content":{"rendered":"<p>Die vollst\u00e4ndig aus Cortenstahl gefertigte Struktur aus vier S\u00e4ulen und einem Lamellendach mit Abstand kann allein verwendet oder mit anderen identischen Strukturen kombiniert werden, um eine modulare Komposition zu schaffen.<\/p>\n<p>Die an den verschiedenen Seiten und in unterschiedlichen H\u00f6hen angeordneten Kammern f\u00fcr die Unterbringung der Pflanzen sind mit einem allm\u00e4hlichen Drainagesystem zum Boden ausgestattet, um die Feuchtigkeit nach dem Gie\u00dfen aufrechtzuerhalten und eine Wasserstagnation um die Wurzeln herum zu vermeiden. <\/p>\n<p><strong>Masse<\/strong>: 400 x 400 x 280 cm<\/p>\n<p><strong>Auf Anfrage kann die Struktur in der Gr\u00f6\u00dfe angepasst und an jeden architektonischen Kontext oder jede Umgebung angepasst werden.<\/strong><\/p>\n","protected":false},"excerpt":{"rendered":"<p>Ein architektonisches Element in v\u00f6lligem Einklang und Zusammenwirken mit der Natur.<\/p>\n<p>Ihre Struktur ist von den poetischen Pergolen der Vergangenheit inspiriert, um einer raffinierten zeitgen\u00f6ssischen Situation, in der Luft und Sonnenlicht frei zirkulieren, Leben zu schenken.<\/p>\n<p>Die F\u00e4cher in den S\u00e4ulen k\u00f6nnen Pflanzen unterbringen, die zusammen mit den visuellen und taktilen Eigenschaften von Corten-Stahl eine intime, natu\u0308rliche und einladende Atmosph\u00e4re verwirklichen, in der man leben und das Vergnu\u0308gen im Freien genie\u00dfen kann.<\/p>\n","protected":false},"featured_media":20361,"template":"","meta":{"_acf_changed":false},"product_brand":[],"product_cat":[349],"product_tag":[],"class_list":{"0":"post-22036","1":"product","2":"type-product","3":"status-publish","4":"has-post-thumbnail","6":"product_cat-schattierung","9":"first","10":"instock","11":"taxable","12":"shipping-taxable","13":"product-type-simple"},"acf":[],"yoast_head":"<!-- This site is optimized with the Yoast SEO plugin v27.1.1 - https:\/\/yoast.com\/product\/yoast-seo-wordpress\/ -->\n<title>Pergola Ariaperta - Il Giardino di Corten<\/title>\n<meta name=\"robots\" content=\"index, follow, max-snippet:-1, max-image-preview:large, max-video-preview:-1\" \/>\n<link rel=\"canonical\" href=\"https:\/\/ilgiardinodicorten.it\/produkt\/pergola-ariaperta\/\" \/>\n<meta property=\"og:locale\" content=\"de_DE\" \/>\n<meta property=\"og:type\" content=\"article\" \/>\n<meta property=\"og:title\" content=\"Pergola Ariaperta - Il Giardino di Corten\" \/>\n<meta property=\"og:description\" content=\"Ein architektonisches Element in v\u00f6lligem Einklang und Zusammenwirken mit der Natur. Ihre Struktur ist von den poetischen Pergolen der Vergangenheit inspiriert, um einer raffinierten zeitgen\u00f6ssischen Situation, in der Luft und Sonnenlicht frei zirkulieren, Leben zu schenken. Die F\u00e4cher in den S\u00e4ulen k\u00f6nnen Pflanzen unterbringen, die zusammen mit den visuellen und taktilen Eigenschaften von Corten-Stahl eine intime, natu\u0308rliche und einladende Atmosph\u00e4re verwirklichen, in der man leben und das Vergnu\u0308gen im Freien genie\u00dfen kann.\" \/>\n<meta property=\"og:url\" content=\"https:\/\/ilgiardinodicorten.it\/produkt\/pergola-ariaperta\/\" \/>\n<meta property=\"og:site_name\" content=\"Il Giardino di Corten\" \/>\n<meta property=\"article:modified_time\" content=\"2023-01-13T15:40:58+00:00\" \/>\n<meta property=\"og:image\" content=\"https:\/\/ilgiardinodicorten.it\/wp-content\/uploads\/2021\/10\/pergola-ariaperta-S9T9954-1.jpg\" \/>\n\t<meta property=\"og:image:width\" content=\"1152\" \/>\n\t<meta property=\"og:image:height\" content=\"1728\" \/>\n\t<meta property=\"og:image:type\" content=\"image\/jpeg\" \/>\n<meta name=\"twitter:card\" content=\"summary_large_image\" \/>\n<meta name=\"twitter:label1\" content=\"Gesch\u00e4tzte Lesezeit\" \/>\n\t<meta name=\"twitter:data1\" content=\"1\u00a0Minute\" \/>\n<script type=\"application\/ld+json\" class=\"yoast-schema-graph\">{\"@context\":\"https:\/\/schema.org\",\"@graph\":[{\"@type\":\"WebPage\",\"@id\":\"https:\/\/ilgiardinodicorten.it\/produkt\/pergola-ariaperta\/\",\"url\":\"https:\/\/ilgiardinodicorten.it\/produkt\/pergola-ariaperta\/\",\"name\":\"Pergola Ariaperta - Il Giardino di Corten\",\"isPartOf\":{\"@id\":\"https:\/\/ilgiardinodicorten.it\/#website\"},\"primaryImageOfPage\":{\"@id\":\"https:\/\/ilgiardinodicorten.it\/produkt\/pergola-ariaperta\/#primaryimage\"},\"image\":{\"@id\":\"https:\/\/ilgiardinodicorten.it\/produkt\/pergola-ariaperta\/#primaryimage\"},\"thumbnailUrl\":\"https:\/\/ilgiardinodicorten.it\/wp-content\/uploads\/2021\/10\/pergola-ariaperta-S9T9954-1.jpg\",\"datePublished\":\"2022-07-12T08:48:53+00:00\",\"dateModified\":\"2023-01-13T15:40:58+00:00\",\"breadcrumb\":{\"@id\":\"https:\/\/ilgiardinodicorten.it\/produkt\/pergola-ariaperta\/#breadcrumb\"},\"inLanguage\":\"de\",\"potentialAction\":[{\"@type\":\"ReadAction\",\"target\":[\"https:\/\/ilgiardinodicorten.it\/produkt\/pergola-ariaperta\/\"]}]},{\"@type\":\"ImageObject\",\"inLanguage\":\"de\",\"@id\":\"https:\/\/ilgiardinodicorten.it\/produkt\/pergola-ariaperta\/#primaryimage\",\"url\":\"https:\/\/ilgiardinodicorten.it\/wp-content\/uploads\/2021\/10\/pergola-ariaperta-S9T9954-1.jpg\",\"contentUrl\":\"https:\/\/ilgiardinodicorten.it\/wp-content\/uploads\/2021\/10\/pergola-ariaperta-S9T9954-1.jpg\",\"width\":1152,\"height\":1728},{\"@type\":\"BreadcrumbList\",\"@id\":\"https:\/\/ilgiardinodicorten.it\/produkt\/pergola-ariaperta\/#breadcrumb\",\"itemListElement\":[{\"@type\":\"ListItem\",\"position\":1,\"name\":\"Home\",\"item\":\"https:\/\/ilgiardinodicorten.it\/de\/\"},{\"@type\":\"ListItem\",\"position\":2,\"name\":\"Einkaufen\",\"item\":\"https:\/\/ilgiardinodicorten.it\/de\/einkaufen\/\"},{\"@type\":\"ListItem\",\"position\":3,\"name\":\"Pergola Ariaperta\"}]},{\"@type\":\"WebSite\",\"@id\":\"https:\/\/ilgiardinodicorten.it\/#website\",\"url\":\"https:\/\/ilgiardinodicorten.it\/\",\"name\":\"Il Giardino di Corten\",\"description\":\"\",\"potentialAction\":[{\"@type\":\"SearchAction\",\"target\":{\"@type\":\"EntryPoint\",\"urlTemplate\":\"https:\/\/ilgiardinodicorten.it\/?s={search_term_string}\"},\"query-input\":{\"@type\":\"PropertyValueSpecification\",\"valueRequired\":true,\"valueName\":\"search_term_string\"}}],\"inLanguage\":\"de\"}]}<\/script>\n<!-- \/ Yoast SEO plugin. -->","yoast_head_json":{"title":"Pergola Ariaperta - Il Giardino di Corten","robots":{"index":"index","follow":"follow","max-snippet":"max-snippet:-1","max-image-preview":"max-image-preview:large","max-video-preview":"max-video-preview:-1"},"canonical":"https:\/\/ilgiardinodicorten.it\/produkt\/pergola-ariaperta\/","og_locale":"de_DE","og_type":"article","og_title":"Pergola Ariaperta - Il Giardino di Corten","og_description":"Ein architektonisches Element in v\u00f6lligem Einklang und Zusammenwirken mit der Natur. Ihre Struktur ist von den poetischen Pergolen der Vergangenheit inspiriert, um einer raffinierten zeitgen\u00f6ssischen Situation, in der Luft und Sonnenlicht frei zirkulieren, Leben zu schenken. Die F\u00e4cher in den S\u00e4ulen k\u00f6nnen Pflanzen unterbringen, die zusammen mit den visuellen und taktilen Eigenschaften von Corten-Stahl eine intime, natu\u0308rliche und einladende Atmosph\u00e4re verwirklichen, in der man leben und das Vergnu\u0308gen im Freien genie\u00dfen kann.","og_url":"https:\/\/ilgiardinodicorten.it\/produkt\/pergola-ariaperta\/","og_site_name":"Il Giardino di Corten","article_modified_time":"2023-01-13T15:40:58+00:00","og_image":[{"width":1152,"height":1728,"url":"https:\/\/ilgiardinodicorten.it\/wp-content\/uploads\/2021\/10\/pergola-ariaperta-S9T9954-1.jpg","type":"image\/jpeg"}],"twitter_card":"summary_large_image","twitter_misc":{"Gesch\u00e4tzte Lesezeit":"1\u00a0Minute"},"schema":{"@context":"https:\/\/schema.org","@graph":[{"@type":"WebPage","@id":"https:\/\/ilgiardinodicorten.it\/produkt\/pergola-ariaperta\/","url":"https:\/\/ilgiardinodicorten.it\/produkt\/pergola-ariaperta\/","name":"Pergola Ariaperta - Il Giardino di Corten","isPartOf":{"@id":"https:\/\/ilgiardinodicorten.it\/#website"},"primaryImageOfPage":{"@id":"https:\/\/ilgiardinodicorten.it\/produkt\/pergola-ariaperta\/#primaryimage"},"image":{"@id":"https:\/\/ilgiardinodicorten.it\/produkt\/pergola-ariaperta\/#primaryimage"},"thumbnailUrl":"https:\/\/ilgiardinodicorten.it\/wp-content\/uploads\/2021\/10\/pergola-ariaperta-S9T9954-1.jpg","datePublished":"2022-07-12T08:48:53+00:00","dateModified":"2023-01-13T15:40:58+00:00","breadcrumb":{"@id":"https:\/\/ilgiardinodicorten.it\/produkt\/pergola-ariaperta\/#breadcrumb"},"inLanguage":"de","potentialAction":[{"@type":"ReadAction","target":["https:\/\/ilgiardinodicorten.it\/produkt\/pergola-ariaperta\/"]}]},{"@type":"ImageObject","inLanguage":"de","@id":"https:\/\/ilgiardinodicorten.it\/produkt\/pergola-ariaperta\/#primaryimage","url":"https:\/\/ilgiardinodicorten.it\/wp-content\/uploads\/2021\/10\/pergola-ariaperta-S9T9954-1.jpg","contentUrl":"https:\/\/ilgiardinodicorten.it\/wp-content\/uploads\/2021\/10\/pergola-ariaperta-S9T9954-1.jpg","width":1152,"height":1728},{"@type":"BreadcrumbList","@id":"https:\/\/ilgiardinodicorten.it\/produkt\/pergola-ariaperta\/#breadcrumb","itemListElement":[{"@type":"ListItem","position":1,"name":"Home","item":"https:\/\/ilgiardinodicorten.it\/de\/"},{"@type":"ListItem","position":2,"name":"Einkaufen","item":"https:\/\/ilgiardinodicorten.it\/de\/einkaufen\/"},{"@type":"ListItem","position":3,"name":"Pergola Ariaperta"}]},{"@type":"WebSite","@id":"https:\/\/ilgiardinodicorten.it\/#website","url":"https:\/\/ilgiardinodicorten.it\/","name":"Il Giardino di Corten","description":"","potentialAction":[{"@type":"SearchAction","target":{"@type":"EntryPoint","urlTemplate":"https:\/\/ilgiardinodicorten.it\/?s={search_term_string}"},"query-input":{"@type":"PropertyValueSpecification","valueRequired":true,"valueName":"search_term_string"}}],"inLanguage":"de"}]}},"_links":{"self":[{"href":"https:\/\/ilgiardinodicorten.it\/de\/wp-json\/wp\/v2\/product\/22036","targetHints":{"allow":["GET"]}}],"collection":[{"href":"https:\/\/ilgiardinodicorten.it\/de\/wp-json\/wp\/v2\/product"}],"about":[{"href":"https:\/\/ilgiardinodicorten.it\/de\/wp-json\/wp\/v2\/types\/product"}],"wp:featuredmedia":[{"embeddable":true,"href":"https:\/\/ilgiardinodicorten.it\/de\/wp-json\/wp\/v2\/media\/20361"}],"wp:attachment":[{"href":"https:\/\/ilgiardinodicorten.it\/de\/wp-json\/wp\/v2\/media?parent=22036"}],"wp:term":[{"taxonomy":"product_brand","embeddable":true,"href":"https:\/\/ilgiardinodicorten.it\/de\/wp-json\/wp\/v2\/product_brand?post=22036"},{"taxonomy":"product_cat","embeddable":true,"href":"https:\/\/ilgiardinodicorten.it\/de\/wp-json\/wp\/v2\/product_cat?post=22036"},{"taxonomy":"product_tag","embeddable":true,"href":"https:\/\/ilgiardinodicorten.it\/de\/wp-json\/wp\/v2\/product_tag?post=22036"}],"curies":[{"name":"wp","href":"https:\/\/api.w.org\/{rel}","templated":true}]}}