{"id":22039,"date":"2022-07-12T11:03:29","date_gmt":"2022-07-12T09:03:29","guid":{"rendered":"https:\/\/ilgiardinodicorten.it\/prodotto\/porta-biciclette\/"},"modified":"2022-07-12T11:03:29","modified_gmt":"2022-07-12T09:03:29","slug":"porta-biciclette","status":"publish","type":"product","link":"https:\/\/ilgiardinodicorten.it\/de\/produkt\/porta-biciclette\/","title":{"rendered":"Porta Biciclette"},"content":{"rendered":"<p>Die spezielle Form ist so konzipiert, dass Fahrr\u00e4der und Roller optimal im Raum untergebracht werden k\u00f6nnen. Das seitliche Loch erm\u00f6glicht das Einh\u00e4ngen der Diebstahlsicherungen.<\/p>\n<p>Masse: 150 x 40 x 50 cm<br \/>\nGewicht: 70 Kg<\/p>\n","protected":false},"excerpt":{"rendered":"<p>Diese modularen Fahrradst\u00e4nder wurden entwickelt, um nicht nur im Nahverkehr, sondern auch bei der Konzeption von Stadtm\u00f6beln eine \u201egru\u0308ne\u201c Mentalit\u00e4t zu verbreiten. Dank ihres Designs und des attraktiven Materials von Cortenstahl passen sie in die unterschiedlichsten Szenarien.<\/p>\n","protected":false},"featured_media":20373,"template":"","meta":{"_acf_changed":false},"product_brand":[],"product_cat":[297],"product_tag":[],"class_list":{"0":"post-22039","1":"product","2":"type-product","3":"status-publish","4":"has-post-thumbnail","6":"product_cat-fragmente-der-aesthetik","9":"first","10":"instock","11":"taxable","12":"shipping-taxable","13":"product-type-simple"},"acf":[],"yoast_head":"<!-- This site is optimized with the Yoast SEO plugin v27.1.1 - https:\/\/yoast.com\/product\/yoast-seo-wordpress\/ -->\n<title>Porta Biciclette - Il Giardino di Corten<\/title>\n<meta name=\"robots\" content=\"index, follow, max-snippet:-1, max-image-preview:large, max-video-preview:-1\" \/>\n<link rel=\"canonical\" href=\"https:\/\/ilgiardinodicorten.it\/produkt\/porta-biciclette\/\" \/>\n<meta property=\"og:locale\" content=\"de_DE\" \/>\n<meta property=\"og:type\" content=\"article\" \/>\n<meta property=\"og:title\" content=\"Porta Biciclette - Il Giardino di Corten\" \/>\n<meta property=\"og:description\" content=\"Diese modularen Fahrradst\u00e4nder wurden entwickelt, um nicht nur im Nahverkehr, sondern auch bei der Konzeption von Stadtm\u00f6beln eine \u201egru\u0308ne\u201c Mentalit\u00e4t zu verbreiten. Dank ihres Designs und des attraktiven Materials von Cortenstahl passen sie in die unterschiedlichsten Szenarien.\" \/>\n<meta property=\"og:url\" content=\"https:\/\/ilgiardinodicorten.it\/produkt\/porta-biciclette\/\" \/>\n<meta property=\"og:site_name\" content=\"Il Giardino di Corten\" \/>\n<meta property=\"og:image\" content=\"https:\/\/ilgiardinodicorten.it\/wp-content\/uploads\/2021\/10\/porta-biciclette-BL5I0650.jpg\" \/>\n\t<meta property=\"og:image:width\" content=\"1313\" \/>\n\t<meta property=\"og:image:height\" content=\"876\" \/>\n\t<meta property=\"og:image:type\" content=\"image\/jpeg\" \/>\n<meta name=\"twitter:card\" content=\"summary_large_image\" \/>\n<script type=\"application\/ld+json\" class=\"yoast-schema-graph\">{\"@context\":\"https:\/\/schema.org\",\"@graph\":[{\"@type\":\"WebPage\",\"@id\":\"https:\/\/ilgiardinodicorten.it\/produkt\/porta-biciclette\/\",\"url\":\"https:\/\/ilgiardinodicorten.it\/produkt\/porta-biciclette\/\",\"name\":\"Porta Biciclette - Il Giardino di Corten\",\"isPartOf\":{\"@id\":\"https:\/\/ilgiardinodicorten.it\/#website\"},\"primaryImageOfPage\":{\"@id\":\"https:\/\/ilgiardinodicorten.it\/produkt\/porta-biciclette\/#primaryimage\"},\"image\":{\"@id\":\"https:\/\/ilgiardinodicorten.it\/produkt\/porta-biciclette\/#primaryimage\"},\"thumbnailUrl\":\"https:\/\/ilgiardinodicorten.it\/wp-content\/uploads\/2021\/10\/porta-biciclette-BL5I0650.jpg\",\"datePublished\":\"2022-07-12T09:03:29+00:00\",\"breadcrumb\":{\"@id\":\"https:\/\/ilgiardinodicorten.it\/produkt\/porta-biciclette\/#breadcrumb\"},\"inLanguage\":\"de\",\"potentialAction\":[{\"@type\":\"ReadAction\",\"target\":[\"https:\/\/ilgiardinodicorten.it\/produkt\/porta-biciclette\/\"]}]},{\"@type\":\"ImageObject\",\"inLanguage\":\"de\",\"@id\":\"https:\/\/ilgiardinodicorten.it\/produkt\/porta-biciclette\/#primaryimage\",\"url\":\"https:\/\/ilgiardinodicorten.it\/wp-content\/uploads\/2021\/10\/porta-biciclette-BL5I0650.jpg\",\"contentUrl\":\"https:\/\/ilgiardinodicorten.it\/wp-content\/uploads\/2021\/10\/porta-biciclette-BL5I0650.jpg\",\"width\":1313,\"height\":876},{\"@type\":\"BreadcrumbList\",\"@id\":\"https:\/\/ilgiardinodicorten.it\/produkt\/porta-biciclette\/#breadcrumb\",\"itemListElement\":[{\"@type\":\"ListItem\",\"position\":1,\"name\":\"Home\",\"item\":\"https:\/\/ilgiardinodicorten.it\/de\/\"},{\"@type\":\"ListItem\",\"position\":2,\"name\":\"Einkaufen\",\"item\":\"https:\/\/ilgiardinodicorten.it\/de\/einkaufen\/\"},{\"@type\":\"ListItem\",\"position\":3,\"name\":\"Porta Biciclette\"}]},{\"@type\":\"WebSite\",\"@id\":\"https:\/\/ilgiardinodicorten.it\/#website\",\"url\":\"https:\/\/ilgiardinodicorten.it\/\",\"name\":\"Il Giardino di Corten\",\"description\":\"\",\"potentialAction\":[{\"@type\":\"SearchAction\",\"target\":{\"@type\":\"EntryPoint\",\"urlTemplate\":\"https:\/\/ilgiardinodicorten.it\/?s={search_term_string}\"},\"query-input\":{\"@type\":\"PropertyValueSpecification\",\"valueRequired\":true,\"valueName\":\"search_term_string\"}}],\"inLanguage\":\"de\"}]}<\/script>\n<!-- \/ Yoast SEO plugin. -->","yoast_head_json":{"title":"Porta Biciclette - Il Giardino di Corten","robots":{"index":"index","follow":"follow","max-snippet":"max-snippet:-1","max-image-preview":"max-image-preview:large","max-video-preview":"max-video-preview:-1"},"canonical":"https:\/\/ilgiardinodicorten.it\/produkt\/porta-biciclette\/","og_locale":"de_DE","og_type":"article","og_title":"Porta Biciclette - Il Giardino di Corten","og_description":"Diese modularen Fahrradst\u00e4nder wurden entwickelt, um nicht nur im Nahverkehr, sondern auch bei der Konzeption von Stadtm\u00f6beln eine \u201egru\u0308ne\u201c Mentalit\u00e4t zu verbreiten. Dank ihres Designs und des attraktiven Materials von Cortenstahl passen sie in die unterschiedlichsten Szenarien.","og_url":"https:\/\/ilgiardinodicorten.it\/produkt\/porta-biciclette\/","og_site_name":"Il Giardino di Corten","og_image":[{"width":1313,"height":876,"url":"https:\/\/ilgiardinodicorten.it\/wp-content\/uploads\/2021\/10\/porta-biciclette-BL5I0650.jpg","type":"image\/jpeg"}],"twitter_card":"summary_large_image","schema":{"@context":"https:\/\/schema.org","@graph":[{"@type":"WebPage","@id":"https:\/\/ilgiardinodicorten.it\/produkt\/porta-biciclette\/","url":"https:\/\/ilgiardinodicorten.it\/produkt\/porta-biciclette\/","name":"Porta Biciclette - Il Giardino di Corten","isPartOf":{"@id":"https:\/\/ilgiardinodicorten.it\/#website"},"primaryImageOfPage":{"@id":"https:\/\/ilgiardinodicorten.it\/produkt\/porta-biciclette\/#primaryimage"},"image":{"@id":"https:\/\/ilgiardinodicorten.it\/produkt\/porta-biciclette\/#primaryimage"},"thumbnailUrl":"https:\/\/ilgiardinodicorten.it\/wp-content\/uploads\/2021\/10\/porta-biciclette-BL5I0650.jpg","datePublished":"2022-07-12T09:03:29+00:00","breadcrumb":{"@id":"https:\/\/ilgiardinodicorten.it\/produkt\/porta-biciclette\/#breadcrumb"},"inLanguage":"de","potentialAction":[{"@type":"ReadAction","target":["https:\/\/ilgiardinodicorten.it\/produkt\/porta-biciclette\/"]}]},{"@type":"ImageObject","inLanguage":"de","@id":"https:\/\/ilgiardinodicorten.it\/produkt\/porta-biciclette\/#primaryimage","url":"https:\/\/ilgiardinodicorten.it\/wp-content\/uploads\/2021\/10\/porta-biciclette-BL5I0650.jpg","contentUrl":"https:\/\/ilgiardinodicorten.it\/wp-content\/uploads\/2021\/10\/porta-biciclette-BL5I0650.jpg","width":1313,"height":876},{"@type":"BreadcrumbList","@id":"https:\/\/ilgiardinodicorten.it\/produkt\/porta-biciclette\/#breadcrumb","itemListElement":[{"@type":"ListItem","position":1,"name":"Home","item":"https:\/\/ilgiardinodicorten.it\/de\/"},{"@type":"ListItem","position":2,"name":"Einkaufen","item":"https:\/\/ilgiardinodicorten.it\/de\/einkaufen\/"},{"@type":"ListItem","position":3,"name":"Porta Biciclette"}]},{"@type":"WebSite","@id":"https:\/\/ilgiardinodicorten.it\/#website","url":"https:\/\/ilgiardinodicorten.it\/","name":"Il Giardino di Corten","description":"","potentialAction":[{"@type":"SearchAction","target":{"@type":"EntryPoint","urlTemplate":"https:\/\/ilgiardinodicorten.it\/?s={search_term_string}"},"query-input":{"@type":"PropertyValueSpecification","valueRequired":true,"valueName":"search_term_string"}}],"inLanguage":"de"}]}},"_links":{"self":[{"href":"https:\/\/ilgiardinodicorten.it\/de\/wp-json\/wp\/v2\/product\/22039","targetHints":{"allow":["GET"]}}],"collection":[{"href":"https:\/\/ilgiardinodicorten.it\/de\/wp-json\/wp\/v2\/product"}],"about":[{"href":"https:\/\/ilgiardinodicorten.it\/de\/wp-json\/wp\/v2\/types\/product"}],"wp:featuredmedia":[{"embeddable":true,"href":"https:\/\/ilgiardinodicorten.it\/de\/wp-json\/wp\/v2\/media\/20373"}],"wp:attachment":[{"href":"https:\/\/ilgiardinodicorten.it\/de\/wp-json\/wp\/v2\/media?parent=22039"}],"wp:term":[{"taxonomy":"product_brand","embeddable":true,"href":"https:\/\/ilgiardinodicorten.it\/de\/wp-json\/wp\/v2\/product_brand?post=22039"},{"taxonomy":"product_cat","embeddable":true,"href":"https:\/\/ilgiardinodicorten.it\/de\/wp-json\/wp\/v2\/product_cat?post=22039"},{"taxonomy":"product_tag","embeddable":true,"href":"https:\/\/ilgiardinodicorten.it\/de\/wp-json\/wp\/v2\/product_tag?post=22039"}],"curies":[{"name":"wp","href":"https:\/\/api.w.org\/{rel}","templated":true}]}}