{"id":22042,"date":"2021-10-27T15:01:59","date_gmt":"2021-10-27T13:01:59","guid":{"rendered":"https:\/\/ilgiardinodicorten.it\/prodotto\/set-the-e-biscotto-1-runder-tisch-3-runde-hocker\/"},"modified":"2021-10-27T15:01:59","modified_gmt":"2021-10-27T13:01:59","slug":"set-the-e-biscotto-1-runder-tisch-3-runde-hocker","status":"publish","type":"product","link":"https:\/\/ilgiardinodicorten.it\/de\/produkt\/set-the-e-biscotto-1-runder-tisch-3-runde-hocker\/","title":{"rendered":"Set The e Biscotto: 1 runder Tisch + 3 runde Hocker"},"content":{"rendered":"<p><em>Runder Tisch und Hocker<\/em><\/p>\n<p>Der Kreis ist ein Symbol fu\u0308r Perfektion und Harmonie und er ist die geometrische Form, die diese Kollektion von Tischen und Stu\u0308hlen aus Cortenstahl auszeichnet.<\/p>\n<p>Die Platten aus Cortenstahl sind angenehm du\u0308nn, aber widerstandsf\u00e4hig und sorgen zusammen mit den tragenden Strukturen fu\u0308r ein Gefu\u0308hl von Leichtigkeit und Dynamik.<\/p>\n<p>Der Sitz ist mit einem Handgriff ausgestattet, mit dem Sie ihn leicht bewegen und die Anordnung im Raum entsprechend Ihren Anforderungen \u00e4ndern k\u00f6nnen.<\/p>\n","protected":false},"excerpt":{"rendered":"<p>Das Tee- und Keksset besteht aus 3 Tondi-Hockern und 1 Tondo-Couchtisch aus Cortenstahl mit pigmentiertem Harzfinish.<\/p>\n<p><strong>Masse<\/strong>:<strong><br \/>\n<\/strong>3 x <strong>Fu\u00dfbank 40 \u00d7 40 \u00d7 45 cm<br \/>\n<\/strong>1 x <strong>Tisch 80 \u00d7 75 cm<\/strong><\/p>\n","protected":false},"featured_media":21118,"template":"","meta":{"_acf_changed":false},"product_brand":[],"product_cat":[352],"product_tag":[],"class_list":{"0":"post-22042","1":"product","2":"type-product","3":"status-publish","4":"has-post-thumbnail","6":"product_cat-tische-und-sitzgelegenheiten","7":"product_shipping_class-spedizione-140-de","10":"first","11":"instock","12":"taxable","13":"shipping-taxable","14":"purchasable","15":"product-type-simple"},"acf":[],"yoast_head":"<!-- This site is optimized with the Yoast SEO plugin v27.1.1 - https:\/\/yoast.com\/product\/yoast-seo-wordpress\/ -->\n<title>Set The e Biscotto: 1 runder Tisch + 3 runde Hocker - Il Giardino di Corten<\/title>\n<meta name=\"robots\" content=\"index, follow, max-snippet:-1, max-image-preview:large, max-video-preview:-1\" \/>\n<link rel=\"canonical\" href=\"https:\/\/ilgiardinodicorten.it\/produkt\/set-the-e-biscotto-1-tavolino-tondo-3-sgabelli-tondi\/\" \/>\n<meta property=\"og:locale\" content=\"de_DE\" \/>\n<meta property=\"og:type\" content=\"article\" \/>\n<meta property=\"og:title\" content=\"Set The e Biscotto: 1 runder Tisch + 3 runde Hocker - Il Giardino di Corten\" \/>\n<meta property=\"og:description\" content=\"Das Tee- und Keksset besteht aus 3 Tondi-Hockern und 1 Tondo-Couchtisch aus Cortenstahl mit pigmentiertem Harzfinish. Masse: 3 x Fu\u00dfbank 40 \u00d7 40 \u00d7 45 cm 1 x Tisch 80 \u00d7 75 cm\" \/>\n<meta property=\"og:url\" content=\"https:\/\/ilgiardinodicorten.it\/produkt\/set-the-e-biscotto-1-tavolino-tondo-3-sgabelli-tondi\/\" \/>\n<meta property=\"og:site_name\" content=\"Il Giardino di Corten\" \/>\n<meta property=\"og:image\" content=\"https:\/\/ilgiardinodicorten.it\/wp-content\/uploads\/2021\/10\/set-the-e-biscotto_1.jpg\" \/>\n\t<meta property=\"og:image:width\" content=\"1000\" \/>\n\t<meta property=\"og:image:height\" content=\"1000\" \/>\n\t<meta property=\"og:image:type\" content=\"image\/jpeg\" \/>\n<meta name=\"twitter:card\" content=\"summary_large_image\" \/>\n<script type=\"application\/ld+json\" class=\"yoast-schema-graph\">{\"@context\":\"https:\/\/schema.org\",\"@graph\":[{\"@type\":\"WebPage\",\"@id\":\"https:\/\/ilgiardinodicorten.it\/produkt\/set-the-e-biscotto-1-tavolino-tondo-3-sgabelli-tondi\/\",\"url\":\"https:\/\/ilgiardinodicorten.it\/produkt\/set-the-e-biscotto-1-tavolino-tondo-3-sgabelli-tondi\/\",\"name\":\"Set The e Biscotto: 1 runder Tisch + 3 runde Hocker - Il Giardino di Corten\",\"isPartOf\":{\"@id\":\"https:\/\/ilgiardinodicorten.it\/#website\"},\"primaryImageOfPage\":{\"@id\":\"https:\/\/ilgiardinodicorten.it\/produkt\/set-the-e-biscotto-1-tavolino-tondo-3-sgabelli-tondi\/#primaryimage\"},\"image\":{\"@id\":\"https:\/\/ilgiardinodicorten.it\/produkt\/set-the-e-biscotto-1-tavolino-tondo-3-sgabelli-tondi\/#primaryimage\"},\"thumbnailUrl\":\"https:\/\/ilgiardinodicorten.it\/wp-content\/uploads\/2021\/10\/set-the-e-biscotto_1.jpg\",\"datePublished\":\"2021-10-27T13:01:59+00:00\",\"breadcrumb\":{\"@id\":\"https:\/\/ilgiardinodicorten.it\/produkt\/set-the-e-biscotto-1-tavolino-tondo-3-sgabelli-tondi\/#breadcrumb\"},\"inLanguage\":\"de\",\"potentialAction\":[{\"@type\":\"ReadAction\",\"target\":[\"https:\/\/ilgiardinodicorten.it\/produkt\/set-the-e-biscotto-1-tavolino-tondo-3-sgabelli-tondi\/\"]}]},{\"@type\":\"ImageObject\",\"inLanguage\":\"de\",\"@id\":\"https:\/\/ilgiardinodicorten.it\/produkt\/set-the-e-biscotto-1-tavolino-tondo-3-sgabelli-tondi\/#primaryimage\",\"url\":\"https:\/\/ilgiardinodicorten.it\/wp-content\/uploads\/2021\/10\/set-the-e-biscotto_1.jpg\",\"contentUrl\":\"https:\/\/ilgiardinodicorten.it\/wp-content\/uploads\/2021\/10\/set-the-e-biscotto_1.jpg\",\"width\":1000,\"height\":1000},{\"@type\":\"BreadcrumbList\",\"@id\":\"https:\/\/ilgiardinodicorten.it\/produkt\/set-the-e-biscotto-1-tavolino-tondo-3-sgabelli-tondi\/#breadcrumb\",\"itemListElement\":[{\"@type\":\"ListItem\",\"position\":1,\"name\":\"Home\",\"item\":\"https:\/\/ilgiardinodicorten.it\/de\/\"},{\"@type\":\"ListItem\",\"position\":2,\"name\":\"Einkaufen\",\"item\":\"https:\/\/ilgiardinodicorten.it\/de\/einkaufen\/\"},{\"@type\":\"ListItem\",\"position\":3,\"name\":\"Set The e Biscotto: 1 runder Tisch + 3 runde Hocker\"}]},{\"@type\":\"WebSite\",\"@id\":\"https:\/\/ilgiardinodicorten.it\/#website\",\"url\":\"https:\/\/ilgiardinodicorten.it\/\",\"name\":\"Il Giardino di Corten\",\"description\":\"\",\"potentialAction\":[{\"@type\":\"SearchAction\",\"target\":{\"@type\":\"EntryPoint\",\"urlTemplate\":\"https:\/\/ilgiardinodicorten.it\/?s={search_term_string}\"},\"query-input\":{\"@type\":\"PropertyValueSpecification\",\"valueRequired\":true,\"valueName\":\"search_term_string\"}}],\"inLanguage\":\"de\"}]}<\/script>\n<!-- \/ Yoast SEO plugin. -->","yoast_head_json":{"title":"Set The e Biscotto: 1 runder Tisch + 3 runde Hocker - Il Giardino di Corten","robots":{"index":"index","follow":"follow","max-snippet":"max-snippet:-1","max-image-preview":"max-image-preview:large","max-video-preview":"max-video-preview:-1"},"canonical":"https:\/\/ilgiardinodicorten.it\/produkt\/set-the-e-biscotto-1-tavolino-tondo-3-sgabelli-tondi\/","og_locale":"de_DE","og_type":"article","og_title":"Set The e Biscotto: 1 runder Tisch + 3 runde Hocker - Il Giardino di Corten","og_description":"Das Tee- und Keksset besteht aus 3 Tondi-Hockern und 1 Tondo-Couchtisch aus Cortenstahl mit pigmentiertem Harzfinish. Masse: 3 x Fu\u00dfbank 40 \u00d7 40 \u00d7 45 cm 1 x Tisch 80 \u00d7 75 cm","og_url":"https:\/\/ilgiardinodicorten.it\/produkt\/set-the-e-biscotto-1-tavolino-tondo-3-sgabelli-tondi\/","og_site_name":"Il Giardino di Corten","og_image":[{"width":1000,"height":1000,"url":"https:\/\/ilgiardinodicorten.it\/wp-content\/uploads\/2021\/10\/set-the-e-biscotto_1.jpg","type":"image\/jpeg"}],"twitter_card":"summary_large_image","schema":{"@context":"https:\/\/schema.org","@graph":[{"@type":"WebPage","@id":"https:\/\/ilgiardinodicorten.it\/produkt\/set-the-e-biscotto-1-tavolino-tondo-3-sgabelli-tondi\/","url":"https:\/\/ilgiardinodicorten.it\/produkt\/set-the-e-biscotto-1-tavolino-tondo-3-sgabelli-tondi\/","name":"Set The e Biscotto: 1 runder Tisch + 3 runde Hocker - Il Giardino di Corten","isPartOf":{"@id":"https:\/\/ilgiardinodicorten.it\/#website"},"primaryImageOfPage":{"@id":"https:\/\/ilgiardinodicorten.it\/produkt\/set-the-e-biscotto-1-tavolino-tondo-3-sgabelli-tondi\/#primaryimage"},"image":{"@id":"https:\/\/ilgiardinodicorten.it\/produkt\/set-the-e-biscotto-1-tavolino-tondo-3-sgabelli-tondi\/#primaryimage"},"thumbnailUrl":"https:\/\/ilgiardinodicorten.it\/wp-content\/uploads\/2021\/10\/set-the-e-biscotto_1.jpg","datePublished":"2021-10-27T13:01:59+00:00","breadcrumb":{"@id":"https:\/\/ilgiardinodicorten.it\/produkt\/set-the-e-biscotto-1-tavolino-tondo-3-sgabelli-tondi\/#breadcrumb"},"inLanguage":"de","potentialAction":[{"@type":"ReadAction","target":["https:\/\/ilgiardinodicorten.it\/produkt\/set-the-e-biscotto-1-tavolino-tondo-3-sgabelli-tondi\/"]}]},{"@type":"ImageObject","inLanguage":"de","@id":"https:\/\/ilgiardinodicorten.it\/produkt\/set-the-e-biscotto-1-tavolino-tondo-3-sgabelli-tondi\/#primaryimage","url":"https:\/\/ilgiardinodicorten.it\/wp-content\/uploads\/2021\/10\/set-the-e-biscotto_1.jpg","contentUrl":"https:\/\/ilgiardinodicorten.it\/wp-content\/uploads\/2021\/10\/set-the-e-biscotto_1.jpg","width":1000,"height":1000},{"@type":"BreadcrumbList","@id":"https:\/\/ilgiardinodicorten.it\/produkt\/set-the-e-biscotto-1-tavolino-tondo-3-sgabelli-tondi\/#breadcrumb","itemListElement":[{"@type":"ListItem","position":1,"name":"Home","item":"https:\/\/ilgiardinodicorten.it\/de\/"},{"@type":"ListItem","position":2,"name":"Einkaufen","item":"https:\/\/ilgiardinodicorten.it\/de\/einkaufen\/"},{"@type":"ListItem","position":3,"name":"Set The e Biscotto: 1 runder Tisch + 3 runde Hocker"}]},{"@type":"WebSite","@id":"https:\/\/ilgiardinodicorten.it\/#website","url":"https:\/\/ilgiardinodicorten.it\/","name":"Il Giardino di Corten","description":"","potentialAction":[{"@type":"SearchAction","target":{"@type":"EntryPoint","urlTemplate":"https:\/\/ilgiardinodicorten.it\/?s={search_term_string}"},"query-input":{"@type":"PropertyValueSpecification","valueRequired":true,"valueName":"search_term_string"}}],"inLanguage":"de"}]}},"_links":{"self":[{"href":"https:\/\/ilgiardinodicorten.it\/de\/wp-json\/wp\/v2\/product\/22042","targetHints":{"allow":["GET"]}}],"collection":[{"href":"https:\/\/ilgiardinodicorten.it\/de\/wp-json\/wp\/v2\/product"}],"about":[{"href":"https:\/\/ilgiardinodicorten.it\/de\/wp-json\/wp\/v2\/types\/product"}],"wp:featuredmedia":[{"embeddable":true,"href":"https:\/\/ilgiardinodicorten.it\/de\/wp-json\/wp\/v2\/media\/21118"}],"wp:attachment":[{"href":"https:\/\/ilgiardinodicorten.it\/de\/wp-json\/wp\/v2\/media?parent=22042"}],"wp:term":[{"taxonomy":"product_brand","embeddable":true,"href":"https:\/\/ilgiardinodicorten.it\/de\/wp-json\/wp\/v2\/product_brand?post=22042"},{"taxonomy":"product_cat","embeddable":true,"href":"https:\/\/ilgiardinodicorten.it\/de\/wp-json\/wp\/v2\/product_cat?post=22042"},{"taxonomy":"product_tag","embeddable":true,"href":"https:\/\/ilgiardinodicorten.it\/de\/wp-json\/wp\/v2\/product_tag?post=22042"}],"curies":[{"name":"wp","href":"https:\/\/api.w.org\/{rel}","templated":true}]}}