{"id":22058,"date":"2017-11-29T16:18:26","date_gmt":"2017-11-29T15:18:26","guid":{"rendered":"https:\/\/ilgiardinodicorten.it\/prodotto\/porta-attrezzi-rapanui\/"},"modified":"2017-11-29T16:18:26","modified_gmt":"2017-11-29T15:18:26","slug":"porta-attrezzi-rapanui","status":"publish","type":"product","link":"https:\/\/ilgiardinodicorten.it\/de\/produkt\/porta-attrezzi-rapanui\/","title":{"rendered":"Porta Attrezzi Rapanui"},"content":{"rendered":"<p>Ein vertikaler Werkzeughalter, der zu einem M\u00f6belst\u00fcck f\u00fcr die ordentliche Aufbewahrung von Werkzeugen wird. Dieser vertikale Gartenger\u00e4tehalter kombiniert praktische Funktion mit einem originellen Design, das ihn einer zeitgen\u00f6ssischen Au\u00dfenskulptur n\u00e4her bringt.<br \/>\nEin n\u00fctzliches und gestalterisches Hilfsmittel zur geordneten Aufbewahrung Ihrer Gartenger\u00e4te.<br \/>\nZudem garantiert der breite Standfu\u00df volle Stabilit\u00e4t.<\/p>\n<p><strong>MASSE:\u00a0<\/strong><\/p>\n<p>H\u00f6he: 110 cm<br \/>\nL\u00e4nge : 41 cm<br \/>\nTiefe: 7 cm<br \/>\nGewicht: 19 kg<\/p>\n","protected":false},"excerpt":{"rendered":"<p class=\"p1\">Dieser Gartenwerkzeughalter kombiniert eine praktische Funktion mit einer originellen Form, die ihn mit einer zeitgen\u00f6ssischen Skulptur fu\u0308r den Au\u00dfenbereich vergleichbar macht.<\/p>\n","protected":false},"featured_media":20526,"template":"","meta":{"_acf_changed":false},"product_brand":[],"product_cat":[297],"product_tag":[],"class_list":{"0":"post-22058","1":"product","2":"type-product","3":"status-publish","4":"has-post-thumbnail","6":"product_cat-fragmente-der-aesthetik","7":"product_shipping_class-spedizione-19-de","10":"first","11":"instock","12":"taxable","13":"shipping-taxable","14":"purchasable","15":"product-type-simple"},"acf":[],"yoast_head":"<!-- This site is optimized with the Yoast SEO plugin v27.1.1 - https:\/\/yoast.com\/product\/yoast-seo-wordpress\/ -->\n<title>Porta Attrezzi Rapanui - Il Giardino di Corten<\/title>\n<meta name=\"robots\" content=\"index, follow, max-snippet:-1, max-image-preview:large, max-video-preview:-1\" \/>\n<link rel=\"canonical\" href=\"https:\/\/ilgiardinodicorten.it\/produkt\/porta-attrezzi-rapanui\/\" \/>\n<meta property=\"og:locale\" content=\"de_DE\" \/>\n<meta property=\"og:type\" content=\"article\" \/>\n<meta property=\"og:title\" content=\"Porta Attrezzi Rapanui - Il Giardino di Corten\" \/>\n<meta property=\"og:description\" content=\"Dieser Gartenwerkzeughalter kombiniert eine praktische Funktion mit einer originellen Form, die ihn mit einer zeitgen\u00f6ssischen Skulptur fu\u0308r den Au\u00dfenbereich vergleichbar macht.\" \/>\n<meta property=\"og:url\" content=\"https:\/\/ilgiardinodicorten.it\/produkt\/porta-attrezzi-rapanui\/\" \/>\n<meta property=\"og:site_name\" content=\"Il Giardino di Corten\" \/>\n<meta property=\"og:image\" content=\"https:\/\/ilgiardinodicorten.it\/wp-content\/uploads\/2017\/11\/Porta-atrezzi-rapanui-2.jpg\" \/>\n\t<meta property=\"og:image:width\" content=\"612\" \/>\n\t<meta property=\"og:image:height\" content=\"780\" \/>\n\t<meta property=\"og:image:type\" content=\"image\/jpeg\" \/>\n<meta name=\"twitter:card\" content=\"summary_large_image\" \/>\n<script type=\"application\/ld+json\" class=\"yoast-schema-graph\">{\"@context\":\"https:\/\/schema.org\",\"@graph\":[{\"@type\":\"WebPage\",\"@id\":\"https:\/\/ilgiardinodicorten.it\/produkt\/porta-attrezzi-rapanui\/\",\"url\":\"https:\/\/ilgiardinodicorten.it\/produkt\/porta-attrezzi-rapanui\/\",\"name\":\"Porta Attrezzi Rapanui - Il Giardino di Corten\",\"isPartOf\":{\"@id\":\"https:\/\/ilgiardinodicorten.it\/#website\"},\"primaryImageOfPage\":{\"@id\":\"https:\/\/ilgiardinodicorten.it\/produkt\/porta-attrezzi-rapanui\/#primaryimage\"},\"image\":{\"@id\":\"https:\/\/ilgiardinodicorten.it\/produkt\/porta-attrezzi-rapanui\/#primaryimage\"},\"thumbnailUrl\":\"https:\/\/ilgiardinodicorten.it\/wp-content\/uploads\/2017\/11\/Porta-atrezzi-rapanui-2.jpg\",\"datePublished\":\"2017-11-29T15:18:26+00:00\",\"breadcrumb\":{\"@id\":\"https:\/\/ilgiardinodicorten.it\/produkt\/porta-attrezzi-rapanui\/#breadcrumb\"},\"inLanguage\":\"de\",\"potentialAction\":[{\"@type\":\"ReadAction\",\"target\":[\"https:\/\/ilgiardinodicorten.it\/produkt\/porta-attrezzi-rapanui\/\"]}]},{\"@type\":\"ImageObject\",\"inLanguage\":\"de\",\"@id\":\"https:\/\/ilgiardinodicorten.it\/produkt\/porta-attrezzi-rapanui\/#primaryimage\",\"url\":\"https:\/\/ilgiardinodicorten.it\/wp-content\/uploads\/2017\/11\/Porta-atrezzi-rapanui-2.jpg\",\"contentUrl\":\"https:\/\/ilgiardinodicorten.it\/wp-content\/uploads\/2017\/11\/Porta-atrezzi-rapanui-2.jpg\",\"width\":612,\"height\":780},{\"@type\":\"BreadcrumbList\",\"@id\":\"https:\/\/ilgiardinodicorten.it\/produkt\/porta-attrezzi-rapanui\/#breadcrumb\",\"itemListElement\":[{\"@type\":\"ListItem\",\"position\":1,\"name\":\"Home\",\"item\":\"https:\/\/ilgiardinodicorten.it\/de\/\"},{\"@type\":\"ListItem\",\"position\":2,\"name\":\"Einkaufen\",\"item\":\"https:\/\/ilgiardinodicorten.it\/de\/einkaufen\/\"},{\"@type\":\"ListItem\",\"position\":3,\"name\":\"Porta Attrezzi Rapanui\"}]},{\"@type\":\"WebSite\",\"@id\":\"https:\/\/ilgiardinodicorten.it\/#website\",\"url\":\"https:\/\/ilgiardinodicorten.it\/\",\"name\":\"Il Giardino di Corten\",\"description\":\"\",\"potentialAction\":[{\"@type\":\"SearchAction\",\"target\":{\"@type\":\"EntryPoint\",\"urlTemplate\":\"https:\/\/ilgiardinodicorten.it\/?s={search_term_string}\"},\"query-input\":{\"@type\":\"PropertyValueSpecification\",\"valueRequired\":true,\"valueName\":\"search_term_string\"}}],\"inLanguage\":\"de\"}]}<\/script>\n<!-- \/ Yoast SEO plugin. -->","yoast_head_json":{"title":"Porta Attrezzi Rapanui - Il Giardino di Corten","robots":{"index":"index","follow":"follow","max-snippet":"max-snippet:-1","max-image-preview":"max-image-preview:large","max-video-preview":"max-video-preview:-1"},"canonical":"https:\/\/ilgiardinodicorten.it\/produkt\/porta-attrezzi-rapanui\/","og_locale":"de_DE","og_type":"article","og_title":"Porta Attrezzi Rapanui - Il Giardino di Corten","og_description":"Dieser Gartenwerkzeughalter kombiniert eine praktische Funktion mit einer originellen Form, die ihn mit einer zeitgen\u00f6ssischen Skulptur fu\u0308r den Au\u00dfenbereich vergleichbar macht.","og_url":"https:\/\/ilgiardinodicorten.it\/produkt\/porta-attrezzi-rapanui\/","og_site_name":"Il Giardino di Corten","og_image":[{"width":612,"height":780,"url":"https:\/\/ilgiardinodicorten.it\/wp-content\/uploads\/2017\/11\/Porta-atrezzi-rapanui-2.jpg","type":"image\/jpeg"}],"twitter_card":"summary_large_image","schema":{"@context":"https:\/\/schema.org","@graph":[{"@type":"WebPage","@id":"https:\/\/ilgiardinodicorten.it\/produkt\/porta-attrezzi-rapanui\/","url":"https:\/\/ilgiardinodicorten.it\/produkt\/porta-attrezzi-rapanui\/","name":"Porta Attrezzi Rapanui - Il Giardino di Corten","isPartOf":{"@id":"https:\/\/ilgiardinodicorten.it\/#website"},"primaryImageOfPage":{"@id":"https:\/\/ilgiardinodicorten.it\/produkt\/porta-attrezzi-rapanui\/#primaryimage"},"image":{"@id":"https:\/\/ilgiardinodicorten.it\/produkt\/porta-attrezzi-rapanui\/#primaryimage"},"thumbnailUrl":"https:\/\/ilgiardinodicorten.it\/wp-content\/uploads\/2017\/11\/Porta-atrezzi-rapanui-2.jpg","datePublished":"2017-11-29T15:18:26+00:00","breadcrumb":{"@id":"https:\/\/ilgiardinodicorten.it\/produkt\/porta-attrezzi-rapanui\/#breadcrumb"},"inLanguage":"de","potentialAction":[{"@type":"ReadAction","target":["https:\/\/ilgiardinodicorten.it\/produkt\/porta-attrezzi-rapanui\/"]}]},{"@type":"ImageObject","inLanguage":"de","@id":"https:\/\/ilgiardinodicorten.it\/produkt\/porta-attrezzi-rapanui\/#primaryimage","url":"https:\/\/ilgiardinodicorten.it\/wp-content\/uploads\/2017\/11\/Porta-atrezzi-rapanui-2.jpg","contentUrl":"https:\/\/ilgiardinodicorten.it\/wp-content\/uploads\/2017\/11\/Porta-atrezzi-rapanui-2.jpg","width":612,"height":780},{"@type":"BreadcrumbList","@id":"https:\/\/ilgiardinodicorten.it\/produkt\/porta-attrezzi-rapanui\/#breadcrumb","itemListElement":[{"@type":"ListItem","position":1,"name":"Home","item":"https:\/\/ilgiardinodicorten.it\/de\/"},{"@type":"ListItem","position":2,"name":"Einkaufen","item":"https:\/\/ilgiardinodicorten.it\/de\/einkaufen\/"},{"@type":"ListItem","position":3,"name":"Porta Attrezzi Rapanui"}]},{"@type":"WebSite","@id":"https:\/\/ilgiardinodicorten.it\/#website","url":"https:\/\/ilgiardinodicorten.it\/","name":"Il Giardino di Corten","description":"","potentialAction":[{"@type":"SearchAction","target":{"@type":"EntryPoint","urlTemplate":"https:\/\/ilgiardinodicorten.it\/?s={search_term_string}"},"query-input":{"@type":"PropertyValueSpecification","valueRequired":true,"valueName":"search_term_string"}}],"inLanguage":"de"}]}},"_links":{"self":[{"href":"https:\/\/ilgiardinodicorten.it\/de\/wp-json\/wp\/v2\/product\/22058","targetHints":{"allow":["GET"]}}],"collection":[{"href":"https:\/\/ilgiardinodicorten.it\/de\/wp-json\/wp\/v2\/product"}],"about":[{"href":"https:\/\/ilgiardinodicorten.it\/de\/wp-json\/wp\/v2\/types\/product"}],"wp:featuredmedia":[{"embeddable":true,"href":"https:\/\/ilgiardinodicorten.it\/de\/wp-json\/wp\/v2\/media\/20526"}],"wp:attachment":[{"href":"https:\/\/ilgiardinodicorten.it\/de\/wp-json\/wp\/v2\/media?parent=22058"}],"wp:term":[{"taxonomy":"product_brand","embeddable":true,"href":"https:\/\/ilgiardinodicorten.it\/de\/wp-json\/wp\/v2\/product_brand?post=22058"},{"taxonomy":"product_cat","embeddable":true,"href":"https:\/\/ilgiardinodicorten.it\/de\/wp-json\/wp\/v2\/product_cat?post=22058"},{"taxonomy":"product_tag","embeddable":true,"href":"https:\/\/ilgiardinodicorten.it\/de\/wp-json\/wp\/v2\/product_tag?post=22058"}],"curies":[{"name":"wp","href":"https:\/\/api.w.org\/{rel}","templated":true}]}}