{"id":22071,"date":"2017-10-11T10:19:43","date_gmt":"2017-10-11T08:19:43","guid":{"rendered":"https:\/\/ilgiardinodicorten.it\/prodotto\/sassopasso\/"},"modified":"2022-12-20T09:08:52","modified_gmt":"2022-12-20T08:08:52","slug":"sassopasso","status":"publish","type":"product","link":"https:\/\/ilgiardinodicorten.it\/de\/produkt\/sassopasso\/","title":{"rendered":"Sassopasso"},"content":{"rendered":"<p><span style=\"font-weight: 400;\">Sassopasso ist eine Cortenplatte, die im Garten aufgestellt werden kann und in ovaler, elliptischer, herzf\u00f6rmiger, unregelm\u00e4\u00dfiger &#8220;Pr\u00e4gung&#8221; und rechteckiger Form erh\u00e4ltlich ist. Es ist auch m\u00f6glich, es nach Ma\u00df mit einer personalisierten Form nach Ihrem Geschmack zu erstellen oder das Kit mit 6 Elementen in der von Ihnen bevorzugten Form zu kaufen.<\/span><\/p>\n<p><span style=\"font-weight: 400;\">Dank dieses Cortenlaminats ist es m\u00f6glich, einen ordentlichen und praktischen begehbaren Weg zu schaffen. Diese Platten haften perfekt auf dem Boden und erm\u00f6glichen auch den Durchgang herk\u00f6mmlicher Rasenm\u00e4her, ohne dass sie bewegt werden m\u00fcssen.<\/span><\/p>\n<p><span style=\"font-weight: 400;\">Ein \u00e4u\u00dferst komfortables, rutschfestes und leichtes Produkt, das m\u00fchelos neu positioniert werden kann: eine originelle Idee f\u00fcr den Garten, personalisierte und funktionelle Gartenm\u00f6bel, die durch die Vorteile der Eigenschaften von Cortenstahl nicht von Zeit und Witterungseinfl\u00fcssen beeinflusst werden.<\/span><\/p>\n","protected":false},"excerpt":{"rendered":"<p>Eine vorteilhafte Alternative, sowohl in \u00e4sthetischer als auch in praktischer Hinsicht, um einen begehbaren Weg auf dem Rasen zu schaffen. Die Sassopasso-Elemente sind, auch auf Anfrage, in verschiedenen Formen gefertigt und leicht zu transportieren. Sie werden ohne Vorbereitung des Bodens installiert, sind fest mit dem Rasen verbunden und fu\u0308gen sich gut in die Natur ein.<\/p>\n<p><strong>MASSE:<\/strong><\/p>\n<p><strong>Sassopasso Runden\u00a0<\/strong>(Durchmesser 50 cm &#8211; Gewicht: 4 kg)<br \/>\n<strong>Sassopasso Irregul\u00e4r<\/strong> (38 x 58 cm &#8211; Gewicht: 4 kg)<br \/>\n<strong>Sassopasso Oval<\/strong> (30 x 60 cm &#8211; Gewicht: 4 kg)<br \/>\n<strong>Sassopasso Herz<\/strong> (44 x 45 cm &#8211; Gewicht: 4 kg)<\/p>\n<p><strong>Sassopasso-Set 6 pz.<\/strong> (Gewicht: 24 kg)<\/p>\n","protected":false},"featured_media":20529,"template":"","meta":{"_acf_changed":false},"product_brand":[],"product_cat":[297],"product_tag":[],"class_list":{"0":"post-22071","1":"product","2":"type-product","3":"status-publish","4":"has-post-thumbnail","6":"product_cat-fragmente-der-aesthetik","7":"product_shipping_class-spedizione-12-de","10":"first","11":"instock","12":"taxable","13":"shipping-taxable","14":"purchasable","15":"product-type-variable","16":"has-default-attributes"},"acf":[],"yoast_head":"<!-- This site is optimized with the Yoast SEO plugin v27.1.1 - https:\/\/yoast.com\/product\/yoast-seo-wordpress\/ -->\n<title>Sassopasso - Il Giardino di Corten<\/title>\n<meta name=\"robots\" content=\"index, follow, max-snippet:-1, max-image-preview:large, max-video-preview:-1\" \/>\n<link rel=\"canonical\" href=\"https:\/\/ilgiardinodicorten.it\/produkt\/sassopasso\/\" \/>\n<meta property=\"og:locale\" content=\"de_DE\" \/>\n<meta property=\"og:type\" content=\"article\" \/>\n<meta property=\"og:title\" content=\"Sassopasso - Il Giardino di Corten\" \/>\n<meta property=\"og:description\" content=\"Eine vorteilhafte Alternative, sowohl in \u00e4sthetischer als auch in praktischer Hinsicht, um einen begehbaren Weg auf dem Rasen zu schaffen. Die Sassopasso-Elemente sind, auch auf Anfrage, in verschiedenen Formen gefertigt und leicht zu transportieren. Sie werden ohne Vorbereitung des Bodens installiert, sind fest mit dem Rasen verbunden und fu\u0308gen sich gut in die Natur ein. MASSE: Sassopasso Runden\u00a0(Durchmesser 50 cm - Gewicht: 4 kg) Sassopasso Irregul\u00e4r (38 x 58 cm - Gewicht: 4 kg) Sassopasso Oval (30 x 60 cm - Gewicht: 4 kg) Sassopasso Herz (44 x 45 cm - Gewicht: 4 kg) Sassopasso-Set 6 pz. (Gewicht: 24 kg)\" \/>\n<meta property=\"og:url\" content=\"https:\/\/ilgiardinodicorten.it\/produkt\/sassopasso\/\" \/>\n<meta property=\"og:site_name\" content=\"Il Giardino di Corten\" \/>\n<meta property=\"article:modified_time\" content=\"2022-12-20T08:08:52+00:00\" \/>\n<meta property=\"og:image\" content=\"https:\/\/ilgiardinodicorten.it\/wp-content\/uploads\/2017\/11\/set-Sassopasso-6-elementi-1-1.jpg\" \/>\n\t<meta property=\"og:image:width\" content=\"780\" \/>\n\t<meta property=\"og:image:height\" content=\"619\" \/>\n\t<meta property=\"og:image:type\" content=\"image\/jpeg\" \/>\n<meta name=\"twitter:card\" content=\"summary_large_image\" \/>\n<meta name=\"twitter:label1\" content=\"Gesch\u00e4tzte Lesezeit\" \/>\n\t<meta name=\"twitter:data1\" content=\"1\u00a0Minute\" \/>\n<script type=\"application\/ld+json\" class=\"yoast-schema-graph\">{\"@context\":\"https:\/\/schema.org\",\"@graph\":[{\"@type\":\"WebPage\",\"@id\":\"https:\/\/ilgiardinodicorten.it\/produkt\/sassopasso\/\",\"url\":\"https:\/\/ilgiardinodicorten.it\/produkt\/sassopasso\/\",\"name\":\"Sassopasso - Il Giardino di Corten\",\"isPartOf\":{\"@id\":\"https:\/\/ilgiardinodicorten.it\/#website\"},\"primaryImageOfPage\":{\"@id\":\"https:\/\/ilgiardinodicorten.it\/produkt\/sassopasso\/#primaryimage\"},\"image\":{\"@id\":\"https:\/\/ilgiardinodicorten.it\/produkt\/sassopasso\/#primaryimage\"},\"thumbnailUrl\":\"https:\/\/ilgiardinodicorten.it\/wp-content\/uploads\/2017\/11\/set-Sassopasso-6-elementi-1-1.jpg\",\"datePublished\":\"2017-10-11T08:19:43+00:00\",\"dateModified\":\"2022-12-20T08:08:52+00:00\",\"breadcrumb\":{\"@id\":\"https:\/\/ilgiardinodicorten.it\/produkt\/sassopasso\/#breadcrumb\"},\"inLanguage\":\"de\",\"potentialAction\":[{\"@type\":\"ReadAction\",\"target\":[\"https:\/\/ilgiardinodicorten.it\/produkt\/sassopasso\/\"]}]},{\"@type\":\"ImageObject\",\"inLanguage\":\"de\",\"@id\":\"https:\/\/ilgiardinodicorten.it\/produkt\/sassopasso\/#primaryimage\",\"url\":\"https:\/\/ilgiardinodicorten.it\/wp-content\/uploads\/2017\/11\/set-Sassopasso-6-elementi-1-1.jpg\",\"contentUrl\":\"https:\/\/ilgiardinodicorten.it\/wp-content\/uploads\/2017\/11\/set-Sassopasso-6-elementi-1-1.jpg\",\"width\":780,\"height\":619},{\"@type\":\"BreadcrumbList\",\"@id\":\"https:\/\/ilgiardinodicorten.it\/produkt\/sassopasso\/#breadcrumb\",\"itemListElement\":[{\"@type\":\"ListItem\",\"position\":1,\"name\":\"Home\",\"item\":\"https:\/\/ilgiardinodicorten.it\/de\/\"},{\"@type\":\"ListItem\",\"position\":2,\"name\":\"Einkaufen\",\"item\":\"https:\/\/ilgiardinodicorten.it\/de\/einkaufen\/\"},{\"@type\":\"ListItem\",\"position\":3,\"name\":\"Sassopasso\"}]},{\"@type\":\"WebSite\",\"@id\":\"https:\/\/ilgiardinodicorten.it\/#website\",\"url\":\"https:\/\/ilgiardinodicorten.it\/\",\"name\":\"Il Giardino di Corten\",\"description\":\"\",\"potentialAction\":[{\"@type\":\"SearchAction\",\"target\":{\"@type\":\"EntryPoint\",\"urlTemplate\":\"https:\/\/ilgiardinodicorten.it\/?s={search_term_string}\"},\"query-input\":{\"@type\":\"PropertyValueSpecification\",\"valueRequired\":true,\"valueName\":\"search_term_string\"}}],\"inLanguage\":\"de\"}]}<\/script>\n<!-- \/ Yoast SEO plugin. -->","yoast_head_json":{"title":"Sassopasso - Il Giardino di Corten","robots":{"index":"index","follow":"follow","max-snippet":"max-snippet:-1","max-image-preview":"max-image-preview:large","max-video-preview":"max-video-preview:-1"},"canonical":"https:\/\/ilgiardinodicorten.it\/produkt\/sassopasso\/","og_locale":"de_DE","og_type":"article","og_title":"Sassopasso - Il Giardino di Corten","og_description":"Eine vorteilhafte Alternative, sowohl in \u00e4sthetischer als auch in praktischer Hinsicht, um einen begehbaren Weg auf dem Rasen zu schaffen. Die Sassopasso-Elemente sind, auch auf Anfrage, in verschiedenen Formen gefertigt und leicht zu transportieren. Sie werden ohne Vorbereitung des Bodens installiert, sind fest mit dem Rasen verbunden und fu\u0308gen sich gut in die Natur ein. MASSE: Sassopasso Runden\u00a0(Durchmesser 50 cm - Gewicht: 4 kg) Sassopasso Irregul\u00e4r (38 x 58 cm - Gewicht: 4 kg) Sassopasso Oval (30 x 60 cm - Gewicht: 4 kg) Sassopasso Herz (44 x 45 cm - Gewicht: 4 kg) Sassopasso-Set 6 pz. (Gewicht: 24 kg)","og_url":"https:\/\/ilgiardinodicorten.it\/produkt\/sassopasso\/","og_site_name":"Il Giardino di Corten","article_modified_time":"2022-12-20T08:08:52+00:00","og_image":[{"width":780,"height":619,"url":"https:\/\/ilgiardinodicorten.it\/wp-content\/uploads\/2017\/11\/set-Sassopasso-6-elementi-1-1.jpg","type":"image\/jpeg"}],"twitter_card":"summary_large_image","twitter_misc":{"Gesch\u00e4tzte Lesezeit":"1\u00a0Minute"},"schema":{"@context":"https:\/\/schema.org","@graph":[{"@type":"WebPage","@id":"https:\/\/ilgiardinodicorten.it\/produkt\/sassopasso\/","url":"https:\/\/ilgiardinodicorten.it\/produkt\/sassopasso\/","name":"Sassopasso - Il Giardino di Corten","isPartOf":{"@id":"https:\/\/ilgiardinodicorten.it\/#website"},"primaryImageOfPage":{"@id":"https:\/\/ilgiardinodicorten.it\/produkt\/sassopasso\/#primaryimage"},"image":{"@id":"https:\/\/ilgiardinodicorten.it\/produkt\/sassopasso\/#primaryimage"},"thumbnailUrl":"https:\/\/ilgiardinodicorten.it\/wp-content\/uploads\/2017\/11\/set-Sassopasso-6-elementi-1-1.jpg","datePublished":"2017-10-11T08:19:43+00:00","dateModified":"2022-12-20T08:08:52+00:00","breadcrumb":{"@id":"https:\/\/ilgiardinodicorten.it\/produkt\/sassopasso\/#breadcrumb"},"inLanguage":"de","potentialAction":[{"@type":"ReadAction","target":["https:\/\/ilgiardinodicorten.it\/produkt\/sassopasso\/"]}]},{"@type":"ImageObject","inLanguage":"de","@id":"https:\/\/ilgiardinodicorten.it\/produkt\/sassopasso\/#primaryimage","url":"https:\/\/ilgiardinodicorten.it\/wp-content\/uploads\/2017\/11\/set-Sassopasso-6-elementi-1-1.jpg","contentUrl":"https:\/\/ilgiardinodicorten.it\/wp-content\/uploads\/2017\/11\/set-Sassopasso-6-elementi-1-1.jpg","width":780,"height":619},{"@type":"BreadcrumbList","@id":"https:\/\/ilgiardinodicorten.it\/produkt\/sassopasso\/#breadcrumb","itemListElement":[{"@type":"ListItem","position":1,"name":"Home","item":"https:\/\/ilgiardinodicorten.it\/de\/"},{"@type":"ListItem","position":2,"name":"Einkaufen","item":"https:\/\/ilgiardinodicorten.it\/de\/einkaufen\/"},{"@type":"ListItem","position":3,"name":"Sassopasso"}]},{"@type":"WebSite","@id":"https:\/\/ilgiardinodicorten.it\/#website","url":"https:\/\/ilgiardinodicorten.it\/","name":"Il Giardino di Corten","description":"","potentialAction":[{"@type":"SearchAction","target":{"@type":"EntryPoint","urlTemplate":"https:\/\/ilgiardinodicorten.it\/?s={search_term_string}"},"query-input":{"@type":"PropertyValueSpecification","valueRequired":true,"valueName":"search_term_string"}}],"inLanguage":"de"}]}},"_links":{"self":[{"href":"https:\/\/ilgiardinodicorten.it\/de\/wp-json\/wp\/v2\/product\/22071","targetHints":{"allow":["GET"]}}],"collection":[{"href":"https:\/\/ilgiardinodicorten.it\/de\/wp-json\/wp\/v2\/product"}],"about":[{"href":"https:\/\/ilgiardinodicorten.it\/de\/wp-json\/wp\/v2\/types\/product"}],"wp:featuredmedia":[{"embeddable":true,"href":"https:\/\/ilgiardinodicorten.it\/de\/wp-json\/wp\/v2\/media\/20529"}],"wp:attachment":[{"href":"https:\/\/ilgiardinodicorten.it\/de\/wp-json\/wp\/v2\/media?parent=22071"}],"wp:term":[{"taxonomy":"product_brand","embeddable":true,"href":"https:\/\/ilgiardinodicorten.it\/de\/wp-json\/wp\/v2\/product_brand?post=22071"},{"taxonomy":"product_cat","embeddable":true,"href":"https:\/\/ilgiardinodicorten.it\/de\/wp-json\/wp\/v2\/product_cat?post=22071"},{"taxonomy":"product_tag","embeddable":true,"href":"https:\/\/ilgiardinodicorten.it\/de\/wp-json\/wp\/v2\/product_tag?post=22071"}],"curies":[{"name":"wp","href":"https:\/\/api.w.org\/{rel}","templated":true}]}}