{"id":22104,"date":"2017-10-11T08:15:24","date_gmt":"2017-10-11T06:15:24","guid":{"rendered":"https:\/\/ilgiardinodicorten.it\/prodotto\/portalegna-eracle\/"},"modified":"2024-05-10T17:09:00","modified_gmt":"2024-05-10T15:09:00","slug":"portalegna-eracle","status":"publish","type":"product","link":"https:\/\/ilgiardinodicorten.it\/de\/produkt\/portalegna-eracle\/","title":{"rendered":"Portalegna Eracle"},"content":{"rendered":"<p>Robust, ger\u00e4umig und nicht sperrig, der Holzhalter Eracle ist modern, elegant und funktional. Es kann neben dem Kamin oder Ofen einen Platz finden, aber auch drau\u00dfen, unter einer Terrasse oder im Garten.<\/p>\n<p>Eracle ist in zwei Formaten erh\u00e4ltlich und ist ein vertikaler Parallelepiped, der Hunderte von Holzscheiten stapeln kann, die bereit sind, in den Ofen oder Kamin eingesetzt zu werden. Eventuell gebrauchsbedingte Kratzer verkratzen nicht die Oberfl\u00e4che, die sich selbstst\u00e4ndig und auf nat\u00fcrliche Weise regeneriert.<\/p>\n<p><strong>MASSE:<\/strong><\/p>\n<p><strong>Portalegna Eracle Standard:<br \/>\n<\/strong>H\u00f6he: 157 cm<br \/>\nL\u00e4nge: 37 cm<br \/>\nTiefe: 44 cm<br \/>\nGewicht: 27 kg<\/p>\n<p><strong>Portalegna Eracle Baby:<br \/>\n<\/strong>H\u00f6he: 69,8 cm<br \/>\nL\u00e4nge: 37 cm<br \/>\nTiefe: 41,6 cm<br \/>\nGewicht: 15 kg<\/p>\n","protected":false},"excerpt":{"rendered":"<p>Der Eracle Holzscheithalter ist eine platzsparende L\u00f6sung f\u00fcr die Aufbewahrung von Holz, die sich einfach einrichten l\u00e4sst.<\/p>\n","protected":false},"featured_media":20802,"template":"","meta":{"_acf_changed":false},"product_brand":[],"product_cat":[297],"product_tag":[],"class_list":{"0":"post-22104","1":"product","2":"type-product","3":"status-publish","4":"has-post-thumbnail","6":"product_cat-fragmente-der-aesthetik","7":"product_shipping_class-spedizione-24-de","10":"first","11":"instock","12":"taxable","13":"shipping-taxable","14":"purchasable","15":"product-type-variable"},"acf":[],"yoast_head":"<!-- This site is optimized with the Yoast SEO plugin v27.1.1 - https:\/\/yoast.com\/product\/yoast-seo-wordpress\/ -->\n<title>Portalegna Eracle - Il Giardino di Corten<\/title>\n<meta name=\"robots\" content=\"index, follow, max-snippet:-1, max-image-preview:large, max-video-preview:-1\" \/>\n<link rel=\"canonical\" href=\"https:\/\/ilgiardinodicorten.it\/produkt\/portalegna-eracle\/\" \/>\n<meta property=\"og:locale\" content=\"de_DE\" \/>\n<meta property=\"og:type\" content=\"article\" \/>\n<meta property=\"og:title\" content=\"Portalegna Eracle - Il Giardino di Corten\" \/>\n<meta property=\"og:description\" content=\"Der Eracle Holzscheithalter ist eine platzsparende L\u00f6sung f\u00fcr die Aufbewahrung von Holz, die sich einfach einrichten l\u00e4sst.\" \/>\n<meta property=\"og:url\" content=\"https:\/\/ilgiardinodicorten.it\/produkt\/portalegna-eracle\/\" \/>\n<meta property=\"og:site_name\" content=\"Il Giardino di Corten\" \/>\n<meta property=\"article:modified_time\" content=\"2024-05-10T15:09:00+00:00\" \/>\n<meta property=\"og:image\" content=\"https:\/\/ilgiardinodicorten.it\/wp-content\/uploads\/2017\/10\/Porta-legna-eracle-1.jpg\" \/>\n\t<meta property=\"og:image:width\" content=\"780\" \/>\n\t<meta property=\"og:image:height\" content=\"619\" \/>\n\t<meta property=\"og:image:type\" content=\"image\/jpeg\" \/>\n<meta name=\"twitter:card\" content=\"summary_large_image\" \/>\n<meta name=\"twitter:label1\" content=\"Gesch\u00e4tzte Lesezeit\" \/>\n\t<meta name=\"twitter:data1\" content=\"1\u00a0Minute\" \/>\n<script type=\"application\/ld+json\" class=\"yoast-schema-graph\">{\"@context\":\"https:\/\/schema.org\",\"@graph\":[{\"@type\":\"WebPage\",\"@id\":\"https:\/\/ilgiardinodicorten.it\/produkt\/portalegna-eracle\/\",\"url\":\"https:\/\/ilgiardinodicorten.it\/produkt\/portalegna-eracle\/\",\"name\":\"Portalegna Eracle - Il Giardino di Corten\",\"isPartOf\":{\"@id\":\"https:\/\/ilgiardinodicorten.it\/#website\"},\"primaryImageOfPage\":{\"@id\":\"https:\/\/ilgiardinodicorten.it\/produkt\/portalegna-eracle\/#primaryimage\"},\"image\":{\"@id\":\"https:\/\/ilgiardinodicorten.it\/produkt\/portalegna-eracle\/#primaryimage\"},\"thumbnailUrl\":\"https:\/\/ilgiardinodicorten.it\/wp-content\/uploads\/2017\/10\/Porta-legna-eracle-1.jpg\",\"datePublished\":\"2017-10-11T06:15:24+00:00\",\"dateModified\":\"2024-05-10T15:09:00+00:00\",\"breadcrumb\":{\"@id\":\"https:\/\/ilgiardinodicorten.it\/produkt\/portalegna-eracle\/#breadcrumb\"},\"inLanguage\":\"de\",\"potentialAction\":[{\"@type\":\"ReadAction\",\"target\":[\"https:\/\/ilgiardinodicorten.it\/produkt\/portalegna-eracle\/\"]}]},{\"@type\":\"ImageObject\",\"inLanguage\":\"de\",\"@id\":\"https:\/\/ilgiardinodicorten.it\/produkt\/portalegna-eracle\/#primaryimage\",\"url\":\"https:\/\/ilgiardinodicorten.it\/wp-content\/uploads\/2017\/10\/Porta-legna-eracle-1.jpg\",\"contentUrl\":\"https:\/\/ilgiardinodicorten.it\/wp-content\/uploads\/2017\/10\/Porta-legna-eracle-1.jpg\",\"width\":780,\"height\":619},{\"@type\":\"BreadcrumbList\",\"@id\":\"https:\/\/ilgiardinodicorten.it\/produkt\/portalegna-eracle\/#breadcrumb\",\"itemListElement\":[{\"@type\":\"ListItem\",\"position\":1,\"name\":\"Home\",\"item\":\"https:\/\/ilgiardinodicorten.it\/de\/\"},{\"@type\":\"ListItem\",\"position\":2,\"name\":\"Einkaufen\",\"item\":\"https:\/\/ilgiardinodicorten.it\/de\/einkaufen\/\"},{\"@type\":\"ListItem\",\"position\":3,\"name\":\"Portalegna Eracle\"}]},{\"@type\":\"WebSite\",\"@id\":\"https:\/\/ilgiardinodicorten.it\/#website\",\"url\":\"https:\/\/ilgiardinodicorten.it\/\",\"name\":\"Il Giardino di Corten\",\"description\":\"\",\"potentialAction\":[{\"@type\":\"SearchAction\",\"target\":{\"@type\":\"EntryPoint\",\"urlTemplate\":\"https:\/\/ilgiardinodicorten.it\/?s={search_term_string}\"},\"query-input\":{\"@type\":\"PropertyValueSpecification\",\"valueRequired\":true,\"valueName\":\"search_term_string\"}}],\"inLanguage\":\"de\"}]}<\/script>\n<!-- \/ Yoast SEO plugin. -->","yoast_head_json":{"title":"Portalegna Eracle - Il Giardino di Corten","robots":{"index":"index","follow":"follow","max-snippet":"max-snippet:-1","max-image-preview":"max-image-preview:large","max-video-preview":"max-video-preview:-1"},"canonical":"https:\/\/ilgiardinodicorten.it\/produkt\/portalegna-eracle\/","og_locale":"de_DE","og_type":"article","og_title":"Portalegna Eracle - Il Giardino di Corten","og_description":"Der Eracle Holzscheithalter ist eine platzsparende L\u00f6sung f\u00fcr die Aufbewahrung von Holz, die sich einfach einrichten l\u00e4sst.","og_url":"https:\/\/ilgiardinodicorten.it\/produkt\/portalegna-eracle\/","og_site_name":"Il Giardino di Corten","article_modified_time":"2024-05-10T15:09:00+00:00","og_image":[{"width":780,"height":619,"url":"https:\/\/ilgiardinodicorten.it\/wp-content\/uploads\/2017\/10\/Porta-legna-eracle-1.jpg","type":"image\/jpeg"}],"twitter_card":"summary_large_image","twitter_misc":{"Gesch\u00e4tzte Lesezeit":"1\u00a0Minute"},"schema":{"@context":"https:\/\/schema.org","@graph":[{"@type":"WebPage","@id":"https:\/\/ilgiardinodicorten.it\/produkt\/portalegna-eracle\/","url":"https:\/\/ilgiardinodicorten.it\/produkt\/portalegna-eracle\/","name":"Portalegna Eracle - Il Giardino di Corten","isPartOf":{"@id":"https:\/\/ilgiardinodicorten.it\/#website"},"primaryImageOfPage":{"@id":"https:\/\/ilgiardinodicorten.it\/produkt\/portalegna-eracle\/#primaryimage"},"image":{"@id":"https:\/\/ilgiardinodicorten.it\/produkt\/portalegna-eracle\/#primaryimage"},"thumbnailUrl":"https:\/\/ilgiardinodicorten.it\/wp-content\/uploads\/2017\/10\/Porta-legna-eracle-1.jpg","datePublished":"2017-10-11T06:15:24+00:00","dateModified":"2024-05-10T15:09:00+00:00","breadcrumb":{"@id":"https:\/\/ilgiardinodicorten.it\/produkt\/portalegna-eracle\/#breadcrumb"},"inLanguage":"de","potentialAction":[{"@type":"ReadAction","target":["https:\/\/ilgiardinodicorten.it\/produkt\/portalegna-eracle\/"]}]},{"@type":"ImageObject","inLanguage":"de","@id":"https:\/\/ilgiardinodicorten.it\/produkt\/portalegna-eracle\/#primaryimage","url":"https:\/\/ilgiardinodicorten.it\/wp-content\/uploads\/2017\/10\/Porta-legna-eracle-1.jpg","contentUrl":"https:\/\/ilgiardinodicorten.it\/wp-content\/uploads\/2017\/10\/Porta-legna-eracle-1.jpg","width":780,"height":619},{"@type":"BreadcrumbList","@id":"https:\/\/ilgiardinodicorten.it\/produkt\/portalegna-eracle\/#breadcrumb","itemListElement":[{"@type":"ListItem","position":1,"name":"Home","item":"https:\/\/ilgiardinodicorten.it\/de\/"},{"@type":"ListItem","position":2,"name":"Einkaufen","item":"https:\/\/ilgiardinodicorten.it\/de\/einkaufen\/"},{"@type":"ListItem","position":3,"name":"Portalegna Eracle"}]},{"@type":"WebSite","@id":"https:\/\/ilgiardinodicorten.it\/#website","url":"https:\/\/ilgiardinodicorten.it\/","name":"Il Giardino di Corten","description":"","potentialAction":[{"@type":"SearchAction","target":{"@type":"EntryPoint","urlTemplate":"https:\/\/ilgiardinodicorten.it\/?s={search_term_string}"},"query-input":{"@type":"PropertyValueSpecification","valueRequired":true,"valueName":"search_term_string"}}],"inLanguage":"de"}]}},"_links":{"self":[{"href":"https:\/\/ilgiardinodicorten.it\/de\/wp-json\/wp\/v2\/product\/22104","targetHints":{"allow":["GET"]}}],"collection":[{"href":"https:\/\/ilgiardinodicorten.it\/de\/wp-json\/wp\/v2\/product"}],"about":[{"href":"https:\/\/ilgiardinodicorten.it\/de\/wp-json\/wp\/v2\/types\/product"}],"wp:featuredmedia":[{"embeddable":true,"href":"https:\/\/ilgiardinodicorten.it\/de\/wp-json\/wp\/v2\/media\/20802"}],"wp:attachment":[{"href":"https:\/\/ilgiardinodicorten.it\/de\/wp-json\/wp\/v2\/media?parent=22104"}],"wp:term":[{"taxonomy":"product_brand","embeddable":true,"href":"https:\/\/ilgiardinodicorten.it\/de\/wp-json\/wp\/v2\/product_brand?post=22104"},{"taxonomy":"product_cat","embeddable":true,"href":"https:\/\/ilgiardinodicorten.it\/de\/wp-json\/wp\/v2\/product_cat?post=22104"},{"taxonomy":"product_tag","embeddable":true,"href":"https:\/\/ilgiardinodicorten.it\/de\/wp-json\/wp\/v2\/product_tag?post=22104"}],"curies":[{"name":"wp","href":"https:\/\/api.w.org\/{rel}","templated":true}]}}