{"id":22145,"date":"2017-10-09T08:51:26","date_gmt":"2017-10-09T06:51:26","guid":{"rendered":"https:\/\/ilgiardinodicorten.it\/prodotto\/tavolo-efeso\/"},"modified":"2017-10-09T08:51:26","modified_gmt":"2017-10-09T06:51:26","slug":"tavolo-efeso","status":"publish","type":"product","link":"https:\/\/ilgiardinodicorten.it\/de\/produkt\/tavolo-efeso\/","title":{"rendered":"Tavolo Efeso"},"content":{"rendered":"<p>Eine einzigartige und raffinierte Kreation, die N\u00fcchternheit, Linearit\u00e4t und Eleganz zu ihren Hauptqualit\u00e4ten macht.<br \/>\nEin rechteckiger Tisch mit einem mythologischen Namen: Ephesus hat seinen Namen tats\u00e4chlich von dem griechischen Gott des Feuers, der Technologie, des Ingenieurwesens, der Bildhauerei und der Metallurgie, der die meisten der pr\u00e4chtigen Gegenst\u00e4nde, die von den G\u00f6ttern verwendet wurden, geschmiedet hat. <\/p>\n<p>Efeso ist auf Anfrage mit Innen- oder Au\u00dfenpfosten in einer L\u00e4nge von 240 oder 270 cm erh\u00e4ltlich und kann mit einer Bronze-, Kupfer- oder Messingoberfl\u00e4che individuell gestaltet werden.<\/p>\n<p><strong>ABMESSUNGEN:<\/strong><\/p>\n<p><strong>Efeso mit Au\u00dfenpfosten:<br \/>\n<\/strong>H\u00f6he: 80 cm<br \/>\nL\u00e4nge: 210, 240 oder 270 cm<br \/>\nBreite: 90 cm<br \/>\nGewicht: 52, 58 oder 62 kg<\/p>\n<p><strong>Efeso mit inneren Pfosten:<br \/>\n<\/strong>H\u00f6he: 80 cm<br \/>\nL\u00e4nge: 210, 240 oder 270 cm<br \/>\nBreite: 90 cm<br \/>\nGewicht: 52, 58 oder 62 kg<\/p>\n","protected":false},"excerpt":{"rendered":"<p>Klare, dicke geometrische Linien, die sich an jede Art von Au\u00dfenarchitektur anpassen und Robustheit und Komfort garantieren.<\/p>\n","protected":false},"featured_media":20883,"template":"","meta":{"_acf_changed":false},"product_brand":[],"product_cat":[352],"product_tag":[],"class_list":{"0":"post-22145","1":"product","2":"type-product","3":"status-publish","4":"has-post-thumbnail","6":"product_cat-tische-und-sitzgelegenheiten","7":"product_shipping_class-spedizione-140-de","10":"first","11":"instock","12":"taxable","13":"shipping-taxable","14":"purchasable","15":"product-type-variable"},"acf":[],"yoast_head":"<!-- This site is optimized with the Yoast SEO plugin v27.1.1 - https:\/\/yoast.com\/product\/yoast-seo-wordpress\/ -->\n<title>Tavolo Efeso - Il Giardino di Corten<\/title>\n<meta name=\"robots\" content=\"index, follow, max-snippet:-1, max-image-preview:large, max-video-preview:-1\" \/>\n<link rel=\"canonical\" href=\"https:\/\/ilgiardinodicorten.it\/produkt\/tavolo-efeso\/\" \/>\n<meta property=\"og:locale\" content=\"de_DE\" \/>\n<meta property=\"og:type\" content=\"article\" \/>\n<meta property=\"og:title\" content=\"Tavolo Efeso - Il Giardino di Corten\" \/>\n<meta property=\"og:description\" content=\"Klare, dicke geometrische Linien, die sich an jede Art von Au\u00dfenarchitektur anpassen und Robustheit und Komfort garantieren.\" \/>\n<meta property=\"og:url\" content=\"https:\/\/ilgiardinodicorten.it\/produkt\/tavolo-efeso\/\" \/>\n<meta property=\"og:site_name\" content=\"Il Giardino di Corten\" \/>\n<meta property=\"og:image\" content=\"https:\/\/ilgiardinodicorten.it\/wp-content\/uploads\/2017\/10\/Tavolo-Efeso-2.jpg\" \/>\n\t<meta property=\"og:image:width\" content=\"780\" \/>\n\t<meta property=\"og:image:height\" content=\"619\" \/>\n\t<meta property=\"og:image:type\" content=\"image\/jpeg\" \/>\n<meta name=\"twitter:card\" content=\"summary_large_image\" \/>\n<meta name=\"twitter:label1\" content=\"Gesch\u00e4tzte Lesezeit\" \/>\n\t<meta name=\"twitter:data1\" content=\"1\u00a0Minute\" \/>\n<script type=\"application\/ld+json\" class=\"yoast-schema-graph\">{\"@context\":\"https:\/\/schema.org\",\"@graph\":[{\"@type\":\"WebPage\",\"@id\":\"https:\/\/ilgiardinodicorten.it\/produkt\/tavolo-efeso\/\",\"url\":\"https:\/\/ilgiardinodicorten.it\/produkt\/tavolo-efeso\/\",\"name\":\"Tavolo Efeso - Il Giardino di Corten\",\"isPartOf\":{\"@id\":\"https:\/\/ilgiardinodicorten.it\/#website\"},\"primaryImageOfPage\":{\"@id\":\"https:\/\/ilgiardinodicorten.it\/produkt\/tavolo-efeso\/#primaryimage\"},\"image\":{\"@id\":\"https:\/\/ilgiardinodicorten.it\/produkt\/tavolo-efeso\/#primaryimage\"},\"thumbnailUrl\":\"https:\/\/ilgiardinodicorten.it\/wp-content\/uploads\/2017\/10\/Tavolo-Efeso-2.jpg\",\"datePublished\":\"2017-10-09T06:51:26+00:00\",\"breadcrumb\":{\"@id\":\"https:\/\/ilgiardinodicorten.it\/produkt\/tavolo-efeso\/#breadcrumb\"},\"inLanguage\":\"de\",\"potentialAction\":[{\"@type\":\"ReadAction\",\"target\":[\"https:\/\/ilgiardinodicorten.it\/produkt\/tavolo-efeso\/\"]}]},{\"@type\":\"ImageObject\",\"inLanguage\":\"de\",\"@id\":\"https:\/\/ilgiardinodicorten.it\/produkt\/tavolo-efeso\/#primaryimage\",\"url\":\"https:\/\/ilgiardinodicorten.it\/wp-content\/uploads\/2017\/10\/Tavolo-Efeso-2.jpg\",\"contentUrl\":\"https:\/\/ilgiardinodicorten.it\/wp-content\/uploads\/2017\/10\/Tavolo-Efeso-2.jpg\",\"width\":780,\"height\":619},{\"@type\":\"BreadcrumbList\",\"@id\":\"https:\/\/ilgiardinodicorten.it\/produkt\/tavolo-efeso\/#breadcrumb\",\"itemListElement\":[{\"@type\":\"ListItem\",\"position\":1,\"name\":\"Home\",\"item\":\"https:\/\/ilgiardinodicorten.it\/de\/\"},{\"@type\":\"ListItem\",\"position\":2,\"name\":\"Einkaufen\",\"item\":\"https:\/\/ilgiardinodicorten.it\/de\/einkaufen\/\"},{\"@type\":\"ListItem\",\"position\":3,\"name\":\"Tavolo Efeso\"}]},{\"@type\":\"WebSite\",\"@id\":\"https:\/\/ilgiardinodicorten.it\/#website\",\"url\":\"https:\/\/ilgiardinodicorten.it\/\",\"name\":\"Il Giardino di Corten\",\"description\":\"\",\"potentialAction\":[{\"@type\":\"SearchAction\",\"target\":{\"@type\":\"EntryPoint\",\"urlTemplate\":\"https:\/\/ilgiardinodicorten.it\/?s={search_term_string}\"},\"query-input\":{\"@type\":\"PropertyValueSpecification\",\"valueRequired\":true,\"valueName\":\"search_term_string\"}}],\"inLanguage\":\"de\"}]}<\/script>\n<!-- \/ Yoast SEO plugin. -->","yoast_head_json":{"title":"Tavolo Efeso - Il Giardino di Corten","robots":{"index":"index","follow":"follow","max-snippet":"max-snippet:-1","max-image-preview":"max-image-preview:large","max-video-preview":"max-video-preview:-1"},"canonical":"https:\/\/ilgiardinodicorten.it\/produkt\/tavolo-efeso\/","og_locale":"de_DE","og_type":"article","og_title":"Tavolo Efeso - Il Giardino di Corten","og_description":"Klare, dicke geometrische Linien, die sich an jede Art von Au\u00dfenarchitektur anpassen und Robustheit und Komfort garantieren.","og_url":"https:\/\/ilgiardinodicorten.it\/produkt\/tavolo-efeso\/","og_site_name":"Il Giardino di Corten","og_image":[{"width":780,"height":619,"url":"https:\/\/ilgiardinodicorten.it\/wp-content\/uploads\/2017\/10\/Tavolo-Efeso-2.jpg","type":"image\/jpeg"}],"twitter_card":"summary_large_image","twitter_misc":{"Gesch\u00e4tzte Lesezeit":"1\u00a0Minute"},"schema":{"@context":"https:\/\/schema.org","@graph":[{"@type":"WebPage","@id":"https:\/\/ilgiardinodicorten.it\/produkt\/tavolo-efeso\/","url":"https:\/\/ilgiardinodicorten.it\/produkt\/tavolo-efeso\/","name":"Tavolo Efeso - Il Giardino di Corten","isPartOf":{"@id":"https:\/\/ilgiardinodicorten.it\/#website"},"primaryImageOfPage":{"@id":"https:\/\/ilgiardinodicorten.it\/produkt\/tavolo-efeso\/#primaryimage"},"image":{"@id":"https:\/\/ilgiardinodicorten.it\/produkt\/tavolo-efeso\/#primaryimage"},"thumbnailUrl":"https:\/\/ilgiardinodicorten.it\/wp-content\/uploads\/2017\/10\/Tavolo-Efeso-2.jpg","datePublished":"2017-10-09T06:51:26+00:00","breadcrumb":{"@id":"https:\/\/ilgiardinodicorten.it\/produkt\/tavolo-efeso\/#breadcrumb"},"inLanguage":"de","potentialAction":[{"@type":"ReadAction","target":["https:\/\/ilgiardinodicorten.it\/produkt\/tavolo-efeso\/"]}]},{"@type":"ImageObject","inLanguage":"de","@id":"https:\/\/ilgiardinodicorten.it\/produkt\/tavolo-efeso\/#primaryimage","url":"https:\/\/ilgiardinodicorten.it\/wp-content\/uploads\/2017\/10\/Tavolo-Efeso-2.jpg","contentUrl":"https:\/\/ilgiardinodicorten.it\/wp-content\/uploads\/2017\/10\/Tavolo-Efeso-2.jpg","width":780,"height":619},{"@type":"BreadcrumbList","@id":"https:\/\/ilgiardinodicorten.it\/produkt\/tavolo-efeso\/#breadcrumb","itemListElement":[{"@type":"ListItem","position":1,"name":"Home","item":"https:\/\/ilgiardinodicorten.it\/de\/"},{"@type":"ListItem","position":2,"name":"Einkaufen","item":"https:\/\/ilgiardinodicorten.it\/de\/einkaufen\/"},{"@type":"ListItem","position":3,"name":"Tavolo Efeso"}]},{"@type":"WebSite","@id":"https:\/\/ilgiardinodicorten.it\/#website","url":"https:\/\/ilgiardinodicorten.it\/","name":"Il Giardino di Corten","description":"","potentialAction":[{"@type":"SearchAction","target":{"@type":"EntryPoint","urlTemplate":"https:\/\/ilgiardinodicorten.it\/?s={search_term_string}"},"query-input":{"@type":"PropertyValueSpecification","valueRequired":true,"valueName":"search_term_string"}}],"inLanguage":"de"}]}},"_links":{"self":[{"href":"https:\/\/ilgiardinodicorten.it\/de\/wp-json\/wp\/v2\/product\/22145","targetHints":{"allow":["GET"]}}],"collection":[{"href":"https:\/\/ilgiardinodicorten.it\/de\/wp-json\/wp\/v2\/product"}],"about":[{"href":"https:\/\/ilgiardinodicorten.it\/de\/wp-json\/wp\/v2\/types\/product"}],"wp:featuredmedia":[{"embeddable":true,"href":"https:\/\/ilgiardinodicorten.it\/de\/wp-json\/wp\/v2\/media\/20883"}],"wp:attachment":[{"href":"https:\/\/ilgiardinodicorten.it\/de\/wp-json\/wp\/v2\/media?parent=22145"}],"wp:term":[{"taxonomy":"product_brand","embeddable":true,"href":"https:\/\/ilgiardinodicorten.it\/de\/wp-json\/wp\/v2\/product_brand?post=22145"},{"taxonomy":"product_cat","embeddable":true,"href":"https:\/\/ilgiardinodicorten.it\/de\/wp-json\/wp\/v2\/product_cat?post=22145"},{"taxonomy":"product_tag","embeddable":true,"href":"https:\/\/ilgiardinodicorten.it\/de\/wp-json\/wp\/v2\/product_tag?post=22145"}],"curies":[{"name":"wp","href":"https:\/\/api.w.org\/{rel}","templated":true}]}}