{"id":22187,"date":"2022-07-12T10:37:27","date_gmt":"2022-07-12T08:37:27","guid":{"rendered":"https:\/\/ilgiardinodicorten.it\/prodotto\/set-tebe-archimede\/"},"modified":"2022-07-12T10:37:27","modified_gmt":"2022-07-12T08:37:27","slug":"set-tebe-archimede","status":"publish","type":"product","link":"https:\/\/ilgiardinodicorten.it\/de\/produkt\/set-tebe-archimede\/","title":{"rendered":"Set Tebe Archimede"},"content":{"rendered":"<p><strong>ABMESSUNGEN<\/strong><br \/>\n<strong>Theben-Archimedes-Set<\/strong> &#8211; Gewicht: 72 kg<br \/>\n<strong>Archimede 40, Klein<\/strong>: 40 x 130 cm (Gewicht: 16 kg)<br \/>\n<strong>Archimede 60, Medium<\/strong>: 60 x 110 cm (Gewicht: 24 kg)<br \/>\n<strong>Archimede 80, Grande<\/strong>: 80 x 80 cm (Gewicht: 32 kg)<\/p>\n","protected":false},"excerpt":{"rendered":"<p><em>Pflanzsystem<\/em><br \/>\nEine reine und essentielle Geometrie charakterisiert diese Familie zylindrischer Pflanzgef\u00e4\u00dfe, die in drei verschiedenen Durchmessern und H\u00f6hen erh\u00e4ltlich sind \u2013 40\u00d7130 cm, 60\u00d7110 cm und 80\u00d780 cm \u2013 die an den d\u00fcnnen St\u00fctzstrukturen zu schweben scheinen. Die besondere Geometrie der tragenden Strukturen wurde entwickelt, um Kombinationen zwischen verschiedenen Pflanzgef\u00e4\u00dfen zu erm\u00f6glichen, um originelle Kompositionen in Harmonie mit jedem Raum und Bedarf zu schaffen.<br \/>\nDank eines speziellen Systems, das das Wasser sammelt und die Feuchtigkeit der Erde in der Vase h\u00e4lt, ist es m\u00f6glich, die Pflanzgef\u00e4\u00dfe auch im Innenbereich aufzustellen.<\/p>\n","protected":false},"featured_media":21140,"template":"","meta":{"_acf_changed":false},"product_brand":[],"product_cat":[282],"product_tag":[],"class_list":{"0":"post-22187","1":"product","2":"type-product","3":"status-publish","4":"has-post-thumbnail","6":"product_cat-pflanzgefasen","9":"first","10":"instock","11":"taxable","12":"shipping-taxable","13":"purchasable","14":"product-type-simple"},"acf":[],"yoast_head":"<!-- This site is optimized with the Yoast SEO plugin v27.1.1 - https:\/\/yoast.com\/product\/yoast-seo-wordpress\/ -->\n<title>Set Tebe Archimede - Il Giardino di Corten<\/title>\n<meta name=\"robots\" content=\"index, follow, max-snippet:-1, max-image-preview:large, max-video-preview:-1\" \/>\n<link rel=\"canonical\" href=\"https:\/\/ilgiardinodicorten.it\/produkt\/set-tebe-archimede\/\" \/>\n<meta property=\"og:locale\" content=\"de_DE\" \/>\n<meta property=\"og:type\" content=\"article\" \/>\n<meta property=\"og:title\" content=\"Set Tebe Archimede - Il Giardino di Corten\" \/>\n<meta property=\"og:description\" content=\"Pflanzsystem Eine reine und essentielle Geometrie charakterisiert diese Familie zylindrischer Pflanzgef\u00e4\u00dfe, die in drei verschiedenen Durchmessern und H\u00f6hen erh\u00e4ltlich sind \u2013 40\u00d7130 cm, 60\u00d7110 cm und 80\u00d780 cm \u2013 die an den d\u00fcnnen St\u00fctzstrukturen zu schweben scheinen. Die besondere Geometrie der tragenden Strukturen wurde entwickelt, um Kombinationen zwischen verschiedenen Pflanzgef\u00e4\u00dfen zu erm\u00f6glichen, um originelle Kompositionen in Harmonie mit jedem Raum und Bedarf zu schaffen. Dank eines speziellen Systems, das das Wasser sammelt und die Feuchtigkeit der Erde in der Vase h\u00e4lt, ist es m\u00f6glich, die Pflanzgef\u00e4\u00dfe auch im Innenbereich aufzustellen.\" \/>\n<meta property=\"og:url\" content=\"https:\/\/ilgiardinodicorten.it\/produkt\/set-tebe-archimede\/\" \/>\n<meta property=\"og:site_name\" content=\"Il Giardino di Corten\" \/>\n<meta property=\"og:image\" content=\"https:\/\/ilgiardinodicorten.it\/wp-content\/uploads\/2022\/07\/set-tebe-archimede_3.jpg\" \/>\n\t<meta property=\"og:image:width\" content=\"668\" \/>\n\t<meta property=\"og:image:height\" content=\"1000\" \/>\n\t<meta property=\"og:image:type\" content=\"image\/jpeg\" \/>\n<meta name=\"twitter:card\" content=\"summary_large_image\" \/>\n<script type=\"application\/ld+json\" class=\"yoast-schema-graph\">{\"@context\":\"https:\/\/schema.org\",\"@graph\":[{\"@type\":\"WebPage\",\"@id\":\"https:\/\/ilgiardinodicorten.it\/produkt\/set-tebe-archimede\/\",\"url\":\"https:\/\/ilgiardinodicorten.it\/produkt\/set-tebe-archimede\/\",\"name\":\"Set Tebe Archimede - Il Giardino di Corten\",\"isPartOf\":{\"@id\":\"https:\/\/ilgiardinodicorten.it\/#website\"},\"primaryImageOfPage\":{\"@id\":\"https:\/\/ilgiardinodicorten.it\/produkt\/set-tebe-archimede\/#primaryimage\"},\"image\":{\"@id\":\"https:\/\/ilgiardinodicorten.it\/produkt\/set-tebe-archimede\/#primaryimage\"},\"thumbnailUrl\":\"https:\/\/ilgiardinodicorten.it\/wp-content\/uploads\/2022\/07\/set-tebe-archimede_3.jpg\",\"datePublished\":\"2022-07-12T08:37:27+00:00\",\"breadcrumb\":{\"@id\":\"https:\/\/ilgiardinodicorten.it\/produkt\/set-tebe-archimede\/#breadcrumb\"},\"inLanguage\":\"de\",\"potentialAction\":[{\"@type\":\"ReadAction\",\"target\":[\"https:\/\/ilgiardinodicorten.it\/produkt\/set-tebe-archimede\/\"]}]},{\"@type\":\"ImageObject\",\"inLanguage\":\"de\",\"@id\":\"https:\/\/ilgiardinodicorten.it\/produkt\/set-tebe-archimede\/#primaryimage\",\"url\":\"https:\/\/ilgiardinodicorten.it\/wp-content\/uploads\/2022\/07\/set-tebe-archimede_3.jpg\",\"contentUrl\":\"https:\/\/ilgiardinodicorten.it\/wp-content\/uploads\/2022\/07\/set-tebe-archimede_3.jpg\",\"width\":668,\"height\":1000},{\"@type\":\"BreadcrumbList\",\"@id\":\"https:\/\/ilgiardinodicorten.it\/produkt\/set-tebe-archimede\/#breadcrumb\",\"itemListElement\":[{\"@type\":\"ListItem\",\"position\":1,\"name\":\"Home\",\"item\":\"https:\/\/ilgiardinodicorten.it\/de\/\"},{\"@type\":\"ListItem\",\"position\":2,\"name\":\"Einkaufen\",\"item\":\"https:\/\/ilgiardinodicorten.it\/de\/einkaufen\/\"},{\"@type\":\"ListItem\",\"position\":3,\"name\":\"Set Tebe Archimede\"}]},{\"@type\":\"WebSite\",\"@id\":\"https:\/\/ilgiardinodicorten.it\/#website\",\"url\":\"https:\/\/ilgiardinodicorten.it\/\",\"name\":\"Il Giardino di Corten\",\"description\":\"\",\"potentialAction\":[{\"@type\":\"SearchAction\",\"target\":{\"@type\":\"EntryPoint\",\"urlTemplate\":\"https:\/\/ilgiardinodicorten.it\/?s={search_term_string}\"},\"query-input\":{\"@type\":\"PropertyValueSpecification\",\"valueRequired\":true,\"valueName\":\"search_term_string\"}}],\"inLanguage\":\"de\"}]}<\/script>\n<!-- \/ Yoast SEO plugin. -->","yoast_head_json":{"title":"Set Tebe Archimede - Il Giardino di Corten","robots":{"index":"index","follow":"follow","max-snippet":"max-snippet:-1","max-image-preview":"max-image-preview:large","max-video-preview":"max-video-preview:-1"},"canonical":"https:\/\/ilgiardinodicorten.it\/produkt\/set-tebe-archimede\/","og_locale":"de_DE","og_type":"article","og_title":"Set Tebe Archimede - Il Giardino di Corten","og_description":"Pflanzsystem Eine reine und essentielle Geometrie charakterisiert diese Familie zylindrischer Pflanzgef\u00e4\u00dfe, die in drei verschiedenen Durchmessern und H\u00f6hen erh\u00e4ltlich sind \u2013 40\u00d7130 cm, 60\u00d7110 cm und 80\u00d780 cm \u2013 die an den d\u00fcnnen St\u00fctzstrukturen zu schweben scheinen. Die besondere Geometrie der tragenden Strukturen wurde entwickelt, um Kombinationen zwischen verschiedenen Pflanzgef\u00e4\u00dfen zu erm\u00f6glichen, um originelle Kompositionen in Harmonie mit jedem Raum und Bedarf zu schaffen. Dank eines speziellen Systems, das das Wasser sammelt und die Feuchtigkeit der Erde in der Vase h\u00e4lt, ist es m\u00f6glich, die Pflanzgef\u00e4\u00dfe auch im Innenbereich aufzustellen.","og_url":"https:\/\/ilgiardinodicorten.it\/produkt\/set-tebe-archimede\/","og_site_name":"Il Giardino di Corten","og_image":[{"width":668,"height":1000,"url":"https:\/\/ilgiardinodicorten.it\/wp-content\/uploads\/2022\/07\/set-tebe-archimede_3.jpg","type":"image\/jpeg"}],"twitter_card":"summary_large_image","schema":{"@context":"https:\/\/schema.org","@graph":[{"@type":"WebPage","@id":"https:\/\/ilgiardinodicorten.it\/produkt\/set-tebe-archimede\/","url":"https:\/\/ilgiardinodicorten.it\/produkt\/set-tebe-archimede\/","name":"Set Tebe Archimede - Il Giardino di Corten","isPartOf":{"@id":"https:\/\/ilgiardinodicorten.it\/#website"},"primaryImageOfPage":{"@id":"https:\/\/ilgiardinodicorten.it\/produkt\/set-tebe-archimede\/#primaryimage"},"image":{"@id":"https:\/\/ilgiardinodicorten.it\/produkt\/set-tebe-archimede\/#primaryimage"},"thumbnailUrl":"https:\/\/ilgiardinodicorten.it\/wp-content\/uploads\/2022\/07\/set-tebe-archimede_3.jpg","datePublished":"2022-07-12T08:37:27+00:00","breadcrumb":{"@id":"https:\/\/ilgiardinodicorten.it\/produkt\/set-tebe-archimede\/#breadcrumb"},"inLanguage":"de","potentialAction":[{"@type":"ReadAction","target":["https:\/\/ilgiardinodicorten.it\/produkt\/set-tebe-archimede\/"]}]},{"@type":"ImageObject","inLanguage":"de","@id":"https:\/\/ilgiardinodicorten.it\/produkt\/set-tebe-archimede\/#primaryimage","url":"https:\/\/ilgiardinodicorten.it\/wp-content\/uploads\/2022\/07\/set-tebe-archimede_3.jpg","contentUrl":"https:\/\/ilgiardinodicorten.it\/wp-content\/uploads\/2022\/07\/set-tebe-archimede_3.jpg","width":668,"height":1000},{"@type":"BreadcrumbList","@id":"https:\/\/ilgiardinodicorten.it\/produkt\/set-tebe-archimede\/#breadcrumb","itemListElement":[{"@type":"ListItem","position":1,"name":"Home","item":"https:\/\/ilgiardinodicorten.it\/de\/"},{"@type":"ListItem","position":2,"name":"Einkaufen","item":"https:\/\/ilgiardinodicorten.it\/de\/einkaufen\/"},{"@type":"ListItem","position":3,"name":"Set Tebe Archimede"}]},{"@type":"WebSite","@id":"https:\/\/ilgiardinodicorten.it\/#website","url":"https:\/\/ilgiardinodicorten.it\/","name":"Il Giardino di Corten","description":"","potentialAction":[{"@type":"SearchAction","target":{"@type":"EntryPoint","urlTemplate":"https:\/\/ilgiardinodicorten.it\/?s={search_term_string}"},"query-input":{"@type":"PropertyValueSpecification","valueRequired":true,"valueName":"search_term_string"}}],"inLanguage":"de"}]}},"_links":{"self":[{"href":"https:\/\/ilgiardinodicorten.it\/de\/wp-json\/wp\/v2\/product\/22187","targetHints":{"allow":["GET"]}}],"collection":[{"href":"https:\/\/ilgiardinodicorten.it\/de\/wp-json\/wp\/v2\/product"}],"about":[{"href":"https:\/\/ilgiardinodicorten.it\/de\/wp-json\/wp\/v2\/types\/product"}],"wp:featuredmedia":[{"embeddable":true,"href":"https:\/\/ilgiardinodicorten.it\/de\/wp-json\/wp\/v2\/media\/21140"}],"wp:attachment":[{"href":"https:\/\/ilgiardinodicorten.it\/de\/wp-json\/wp\/v2\/media?parent=22187"}],"wp:term":[{"taxonomy":"product_brand","embeddable":true,"href":"https:\/\/ilgiardinodicorten.it\/de\/wp-json\/wp\/v2\/product_brand?post=22187"},{"taxonomy":"product_cat","embeddable":true,"href":"https:\/\/ilgiardinodicorten.it\/de\/wp-json\/wp\/v2\/product_cat?post=22187"},{"taxonomy":"product_tag","embeddable":true,"href":"https:\/\/ilgiardinodicorten.it\/de\/wp-json\/wp\/v2\/product_tag?post=22187"}],"curies":[{"name":"wp","href":"https:\/\/api.w.org\/{rel}","templated":true}]}}