{"id":22199,"date":"2022-07-12T10:31:47","date_gmt":"2022-07-12T08:31:47","guid":{"rendered":"https:\/\/ilgiardinodicorten.it\/prodotto\/set-tebe-pitagora\/"},"modified":"2022-07-12T10:31:47","modified_gmt":"2022-07-12T08:31:47","slug":"set-tebe-pitagora","status":"publish","type":"product","link":"https:\/\/ilgiardinodicorten.it\/de\/produkt\/set-tebe-pitagora\/","title":{"rendered":"Set Tebe Pitagora"},"content":{"rendered":"<p><strong>ABMESSUNGEN<\/strong><\/p>\n<p><strong>Komplettset<\/strong> &#8211; Gewicht: 72 kg<\/p>\n<p><strong>Kleine Pythagoras<\/strong>: 40 x 110 cm (Gewicht: 16 kg)<\/p>\n<p><strong>Mittelgro\u00dfe Pythagoras<\/strong>: 60 x 95 cm (Gewicht: 24 kg)<\/p>\n<p><strong>Gro\u00dfer Pythagoras<\/strong>: 80 x 80 cm (Gewicht: 32 kg)<\/p>\n","protected":false},"excerpt":{"rendered":"<p><em>Pflanzsystem<\/em><\/p>\n<p>Eine Familie von kegelf\u00f6rmigen Pflanzgef\u00e4\u00dfen aus Cortenstahl, die in drei verschiedenen Gr\u00f6\u00dfen erh\u00e4ltlich sind \u2013 40\u00d7110 cm, 60\u00d795 cm und 80\u00d780 cm \u2013 um allen Anforderungen an Verwendung, Einstellung und Zusammensetzung gerecht zu werden. Das obere Volumen bildet einen dynamischen Kontrast zur Leichtigkeit der tragenden Struktur.<\/p>\n<p>Das Innere des Pflanzgef\u00e4\u00dfes ist mit einem System ausgestattet, das Wasser sammelt und die Feuchtigkeit der Erde in der Vase aufrechterh\u00e4lt, sodass es auch im Innenbereich verwendet werden kann.<\/p>\n<p>Die Geometrie der tragenden Strukturen erm\u00f6glicht es Ihnen, mehrere Pflanzgef\u00e4\u00dfe frei zu kombinieren, mit einem angenehmen visuellen Effekt von sich \u00fcberlagernden Linien.<\/p>\n","protected":false},"featured_media":21144,"template":"","meta":{"_acf_changed":false},"product_brand":[],"product_cat":[282],"product_tag":[],"class_list":{"0":"post-22199","1":"product","2":"type-product","3":"status-publish","4":"has-post-thumbnail","6":"product_cat-pflanzgefasen","9":"first","10":"instock","11":"taxable","12":"shipping-taxable","13":"purchasable","14":"product-type-simple"},"acf":[],"yoast_head":"<!-- This site is optimized with the Yoast SEO plugin v27.5 - https:\/\/yoast.com\/product\/yoast-seo-wordpress\/ -->\n<title>Set Tebe Pitagora - Il Giardino di Corten<\/title>\n<meta name=\"robots\" content=\"index, follow, max-snippet:-1, max-image-preview:large, max-video-preview:-1\" \/>\n<link rel=\"canonical\" href=\"https:\/\/ilgiardinodicorten.it\/produkt\/set-tebe-pitagora\/\" \/>\n<meta property=\"og:locale\" content=\"de_DE\" \/>\n<meta property=\"og:type\" content=\"article\" \/>\n<meta property=\"og:title\" content=\"Set Tebe Pitagora - Il Giardino di Corten\" \/>\n<meta property=\"og:description\" content=\"Pflanzsystem Eine Familie von kegelf\u00f6rmigen Pflanzgef\u00e4\u00dfen aus Cortenstahl, die in drei verschiedenen Gr\u00f6\u00dfen erh\u00e4ltlich sind \u2013 40\u00d7110 cm, 60\u00d795 cm und 80\u00d780 cm \u2013 um allen Anforderungen an Verwendung, Einstellung und Zusammensetzung gerecht zu werden. Das obere Volumen bildet einen dynamischen Kontrast zur Leichtigkeit der tragenden Struktur. Das Innere des Pflanzgef\u00e4\u00dfes ist mit einem System ausgestattet, das Wasser sammelt und die Feuchtigkeit der Erde in der Vase aufrechterh\u00e4lt, sodass es auch im Innenbereich verwendet werden kann. Die Geometrie der tragenden Strukturen erm\u00f6glicht es Ihnen, mehrere Pflanzgef\u00e4\u00dfe frei zu kombinieren, mit einem angenehmen visuellen Effekt von sich \u00fcberlagernden Linien.\" \/>\n<meta property=\"og:url\" content=\"https:\/\/ilgiardinodicorten.it\/produkt\/set-tebe-pitagora\/\" \/>\n<meta property=\"og:site_name\" content=\"Il Giardino di Corten\" \/>\n<meta property=\"og:image\" content=\"https:\/\/ilgiardinodicorten.it\/wp-content\/uploads\/2022\/07\/set-tebe-pitagora_0-e1690468129390.jpg\" \/>\n\t<meta property=\"og:image:width\" content=\"1000\" \/>\n\t<meta property=\"og:image:height\" content=\"666\" \/>\n\t<meta property=\"og:image:type\" content=\"image\/jpeg\" \/>\n<meta name=\"twitter:card\" content=\"summary_large_image\" \/>\n<script type=\"application\/ld+json\" class=\"yoast-schema-graph\">{\"@context\":\"https:\\\/\\\/schema.org\",\"@graph\":[{\"@type\":\"WebPage\",\"@id\":\"https:\\\/\\\/ilgiardinodicorten.it\\\/produkt\\\/set-tebe-pitagora\\\/\",\"url\":\"https:\\\/\\\/ilgiardinodicorten.it\\\/produkt\\\/set-tebe-pitagora\\\/\",\"name\":\"Set Tebe Pitagora - Il Giardino di Corten\",\"isPartOf\":{\"@id\":\"https:\\\/\\\/ilgiardinodicorten.it\\\/#website\"},\"primaryImageOfPage\":{\"@id\":\"https:\\\/\\\/ilgiardinodicorten.it\\\/produkt\\\/set-tebe-pitagora\\\/#primaryimage\"},\"image\":{\"@id\":\"https:\\\/\\\/ilgiardinodicorten.it\\\/produkt\\\/set-tebe-pitagora\\\/#primaryimage\"},\"thumbnailUrl\":\"https:\\\/\\\/ilgiardinodicorten.it\\\/wp-content\\\/uploads\\\/2022\\\/07\\\/set-tebe-pitagora_0-e1690468129390.jpg\",\"datePublished\":\"2022-07-12T08:31:47+00:00\",\"breadcrumb\":{\"@id\":\"https:\\\/\\\/ilgiardinodicorten.it\\\/produkt\\\/set-tebe-pitagora\\\/#breadcrumb\"},\"inLanguage\":\"de\",\"potentialAction\":[{\"@type\":\"ReadAction\",\"target\":[\"https:\\\/\\\/ilgiardinodicorten.it\\\/produkt\\\/set-tebe-pitagora\\\/\"]}]},{\"@type\":\"ImageObject\",\"inLanguage\":\"de\",\"@id\":\"https:\\\/\\\/ilgiardinodicorten.it\\\/produkt\\\/set-tebe-pitagora\\\/#primaryimage\",\"url\":\"https:\\\/\\\/ilgiardinodicorten.it\\\/wp-content\\\/uploads\\\/2022\\\/07\\\/set-tebe-pitagora_0-e1690468129390.jpg\",\"contentUrl\":\"https:\\\/\\\/ilgiardinodicorten.it\\\/wp-content\\\/uploads\\\/2022\\\/07\\\/set-tebe-pitagora_0-e1690468129390.jpg\",\"width\":1000,\"height\":666},{\"@type\":\"BreadcrumbList\",\"@id\":\"https:\\\/\\\/ilgiardinodicorten.it\\\/produkt\\\/set-tebe-pitagora\\\/#breadcrumb\",\"itemListElement\":[{\"@type\":\"ListItem\",\"position\":1,\"name\":\"Home\",\"item\":\"https:\\\/\\\/ilgiardinodicorten.it\\\/de\\\/\"},{\"@type\":\"ListItem\",\"position\":2,\"name\":\"Einkaufen\",\"item\":\"https:\\\/\\\/ilgiardinodicorten.it\\\/de\\\/einkaufen\\\/\"},{\"@type\":\"ListItem\",\"position\":3,\"name\":\"Set Tebe Pitagora\"}]},{\"@type\":\"WebSite\",\"@id\":\"https:\\\/\\\/ilgiardinodicorten.it\\\/#website\",\"url\":\"https:\\\/\\\/ilgiardinodicorten.it\\\/\",\"name\":\"Il Giardino di Corten\",\"description\":\"\",\"potentialAction\":[{\"@type\":\"SearchAction\",\"target\":{\"@type\":\"EntryPoint\",\"urlTemplate\":\"https:\\\/\\\/ilgiardinodicorten.it\\\/?s={search_term_string}\"},\"query-input\":{\"@type\":\"PropertyValueSpecification\",\"valueRequired\":true,\"valueName\":\"search_term_string\"}}],\"inLanguage\":\"de\"}]}<\/script>\n<!-- \/ Yoast SEO plugin. -->","yoast_head_json":{"title":"Set Tebe Pitagora - Il Giardino di Corten","robots":{"index":"index","follow":"follow","max-snippet":"max-snippet:-1","max-image-preview":"max-image-preview:large","max-video-preview":"max-video-preview:-1"},"canonical":"https:\/\/ilgiardinodicorten.it\/produkt\/set-tebe-pitagora\/","og_locale":"de_DE","og_type":"article","og_title":"Set Tebe Pitagora - Il Giardino di Corten","og_description":"Pflanzsystem Eine Familie von kegelf\u00f6rmigen Pflanzgef\u00e4\u00dfen aus Cortenstahl, die in drei verschiedenen Gr\u00f6\u00dfen erh\u00e4ltlich sind \u2013 40\u00d7110 cm, 60\u00d795 cm und 80\u00d780 cm \u2013 um allen Anforderungen an Verwendung, Einstellung und Zusammensetzung gerecht zu werden. Das obere Volumen bildet einen dynamischen Kontrast zur Leichtigkeit der tragenden Struktur. Das Innere des Pflanzgef\u00e4\u00dfes ist mit einem System ausgestattet, das Wasser sammelt und die Feuchtigkeit der Erde in der Vase aufrechterh\u00e4lt, sodass es auch im Innenbereich verwendet werden kann. Die Geometrie der tragenden Strukturen erm\u00f6glicht es Ihnen, mehrere Pflanzgef\u00e4\u00dfe frei zu kombinieren, mit einem angenehmen visuellen Effekt von sich \u00fcberlagernden Linien.","og_url":"https:\/\/ilgiardinodicorten.it\/produkt\/set-tebe-pitagora\/","og_site_name":"Il Giardino di Corten","og_image":[{"width":1000,"height":666,"url":"https:\/\/ilgiardinodicorten.it\/wp-content\/uploads\/2022\/07\/set-tebe-pitagora_0-e1690468129390.jpg","type":"image\/jpeg"}],"twitter_card":"summary_large_image","schema":{"@context":"https:\/\/schema.org","@graph":[{"@type":"WebPage","@id":"https:\/\/ilgiardinodicorten.it\/produkt\/set-tebe-pitagora\/","url":"https:\/\/ilgiardinodicorten.it\/produkt\/set-tebe-pitagora\/","name":"Set Tebe Pitagora - Il Giardino di Corten","isPartOf":{"@id":"https:\/\/ilgiardinodicorten.it\/#website"},"primaryImageOfPage":{"@id":"https:\/\/ilgiardinodicorten.it\/produkt\/set-tebe-pitagora\/#primaryimage"},"image":{"@id":"https:\/\/ilgiardinodicorten.it\/produkt\/set-tebe-pitagora\/#primaryimage"},"thumbnailUrl":"https:\/\/ilgiardinodicorten.it\/wp-content\/uploads\/2022\/07\/set-tebe-pitagora_0-e1690468129390.jpg","datePublished":"2022-07-12T08:31:47+00:00","breadcrumb":{"@id":"https:\/\/ilgiardinodicorten.it\/produkt\/set-tebe-pitagora\/#breadcrumb"},"inLanguage":"de","potentialAction":[{"@type":"ReadAction","target":["https:\/\/ilgiardinodicorten.it\/produkt\/set-tebe-pitagora\/"]}]},{"@type":"ImageObject","inLanguage":"de","@id":"https:\/\/ilgiardinodicorten.it\/produkt\/set-tebe-pitagora\/#primaryimage","url":"https:\/\/ilgiardinodicorten.it\/wp-content\/uploads\/2022\/07\/set-tebe-pitagora_0-e1690468129390.jpg","contentUrl":"https:\/\/ilgiardinodicorten.it\/wp-content\/uploads\/2022\/07\/set-tebe-pitagora_0-e1690468129390.jpg","width":1000,"height":666},{"@type":"BreadcrumbList","@id":"https:\/\/ilgiardinodicorten.it\/produkt\/set-tebe-pitagora\/#breadcrumb","itemListElement":[{"@type":"ListItem","position":1,"name":"Home","item":"https:\/\/ilgiardinodicorten.it\/de\/"},{"@type":"ListItem","position":2,"name":"Einkaufen","item":"https:\/\/ilgiardinodicorten.it\/de\/einkaufen\/"},{"@type":"ListItem","position":3,"name":"Set Tebe Pitagora"}]},{"@type":"WebSite","@id":"https:\/\/ilgiardinodicorten.it\/#website","url":"https:\/\/ilgiardinodicorten.it\/","name":"Il Giardino di Corten","description":"","potentialAction":[{"@type":"SearchAction","target":{"@type":"EntryPoint","urlTemplate":"https:\/\/ilgiardinodicorten.it\/?s={search_term_string}"},"query-input":{"@type":"PropertyValueSpecification","valueRequired":true,"valueName":"search_term_string"}}],"inLanguage":"de"}]}},"_links":{"self":[{"href":"https:\/\/ilgiardinodicorten.it\/de\/wp-json\/wp\/v2\/product\/22199","targetHints":{"allow":["GET"]}}],"collection":[{"href":"https:\/\/ilgiardinodicorten.it\/de\/wp-json\/wp\/v2\/product"}],"about":[{"href":"https:\/\/ilgiardinodicorten.it\/de\/wp-json\/wp\/v2\/types\/product"}],"wp:featuredmedia":[{"embeddable":true,"href":"https:\/\/ilgiardinodicorten.it\/de\/wp-json\/wp\/v2\/media\/21144"}],"wp:attachment":[{"href":"https:\/\/ilgiardinodicorten.it\/de\/wp-json\/wp\/v2\/media?parent=22199"}],"wp:term":[{"taxonomy":"product_brand","embeddable":true,"href":"https:\/\/ilgiardinodicorten.it\/de\/wp-json\/wp\/v2\/product_brand?post=22199"},{"taxonomy":"product_cat","embeddable":true,"href":"https:\/\/ilgiardinodicorten.it\/de\/wp-json\/wp\/v2\/product_cat?post=22199"},{"taxonomy":"product_tag","embeddable":true,"href":"https:\/\/ilgiardinodicorten.it\/de\/wp-json\/wp\/v2\/product_tag?post=22199"}],"curies":[{"name":"wp","href":"https:\/\/api.w.org\/{rel}","templated":true}]}}