{"id":22207,"date":"2022-07-12T11:21:18","date_gmt":"2022-07-12T09:21:18","guid":{"rendered":"https:\/\/ilgiardinodicorten.it\/prodotto\/docciart-grecata\/"},"modified":"2023-01-16T12:21:01","modified_gmt":"2023-01-16T11:21:01","slug":"docciart-grecata","status":"publish","type":"product","link":"https:\/\/ilgiardinodicorten.it\/de\/produkt\/docciart-grecata\/","title":{"rendered":"Docciart Grecata"},"content":{"rendered":"<p><span style=\"font-weight: 400;\">Die wichtige H\u00f6he macht es zum Protagonisten, schafft aber gleichzeitig ein Gef\u00fchl von Intimit\u00e4t und Schutz im Inneren.<\/span><\/p>\n<p><span style=\"font-weight: 400;\">Die <strong>Docciart Grecata<\/strong> l\u00e4sst sich problemlos in den unterschiedlichsten R\u00e4umen aufstellen, allein oder in Kombination mit anderen Outdoor-Einrichtungselementen, um ihnen Leben einzuhauchen eine raffinierte und prestigetr\u00e4chtige Wellness-Situation im Einklang mit der Natur.<\/span><\/p>\n<p>&nbsp;<\/p>\n<p><strong>ABMESSUNGEN: <\/strong>203 x 175 x 250 cm<\/p>\n","protected":false},"excerpt":{"rendered":"<p><span style=\"font-weight: 400;\">Eine skulpturale und imposante Pr\u00e4senz im Au\u00dfenbereich, ein intimer und einladender Raum, der <strong>als Dusche und Umkleideraum<\/strong> genutzt werden kann: zwei Werte in einer einzigen Architektur mit einer Spirale, wie die Schale einer Muschel, mit einem gewellten Design, das perfekt mit den anderen Elementen der Kollektion \u201eIl Giardino di Corten\u201c harmoniert.<\/span><\/p>\n","protected":false},"featured_media":20421,"template":"","meta":{"_acf_changed":false},"product_brand":[],"product_cat":[289],"product_tag":[466],"class_list":{"0":"post-22207","1":"product","2":"type-product","3":"status-publish","4":"has-post-thumbnail","6":"product_cat-docciart-de","7":"product_tag-docciart-de","10":"first","11":"instock","12":"taxable","13":"shipping-taxable","14":"product-type-simple"},"acf":[],"yoast_head":"<!-- This site is optimized with the Yoast SEO plugin v27.1.1 - https:\/\/yoast.com\/product\/yoast-seo-wordpress\/ -->\n<title>Docciart Grecata - Il Giardino di Corten<\/title>\n<meta name=\"robots\" content=\"index, follow, max-snippet:-1, max-image-preview:large, max-video-preview:-1\" \/>\n<link rel=\"canonical\" href=\"https:\/\/ilgiardinodicorten.it\/produkt\/docciart-grecata\/\" \/>\n<meta property=\"og:locale\" content=\"de_DE\" \/>\n<meta property=\"og:type\" content=\"article\" \/>\n<meta property=\"og:title\" content=\"Docciart Grecata - Il Giardino di Corten\" \/>\n<meta property=\"og:description\" content=\"Eine skulpturale und imposante Pr\u00e4senz im Au\u00dfenbereich, ein intimer und einladender Raum, der als Dusche und Umkleideraum genutzt werden kann: zwei Werte in einer einzigen Architektur mit einer Spirale, wie die Schale einer Muschel, mit einem gewellten Design, das perfekt mit den anderen Elementen der Kollektion \u201eIl Giardino di Corten\u201c harmoniert.\" \/>\n<meta property=\"og:url\" content=\"https:\/\/ilgiardinodicorten.it\/produkt\/docciart-grecata\/\" \/>\n<meta property=\"og:site_name\" content=\"Il Giardino di Corten\" \/>\n<meta property=\"article:modified_time\" content=\"2023-01-16T11:21:01+00:00\" \/>\n<meta property=\"og:image\" content=\"https:\/\/ilgiardinodicorten.it\/wp-content\/uploads\/2021\/10\/docciart-grecata-BL5I3162.jpg\" \/>\n\t<meta property=\"og:image:width\" content=\"1313\" \/>\n\t<meta property=\"og:image:height\" content=\"876\" \/>\n\t<meta property=\"og:image:type\" content=\"image\/jpeg\" \/>\n<meta name=\"twitter:card\" content=\"summary_large_image\" \/>\n<script type=\"application\/ld+json\" class=\"yoast-schema-graph\">{\"@context\":\"https:\/\/schema.org\",\"@graph\":[{\"@type\":\"WebPage\",\"@id\":\"https:\/\/ilgiardinodicorten.it\/produkt\/docciart-grecata\/\",\"url\":\"https:\/\/ilgiardinodicorten.it\/produkt\/docciart-grecata\/\",\"name\":\"Docciart Grecata - Il Giardino di Corten\",\"isPartOf\":{\"@id\":\"https:\/\/ilgiardinodicorten.it\/#website\"},\"primaryImageOfPage\":{\"@id\":\"https:\/\/ilgiardinodicorten.it\/produkt\/docciart-grecata\/#primaryimage\"},\"image\":{\"@id\":\"https:\/\/ilgiardinodicorten.it\/produkt\/docciart-grecata\/#primaryimage\"},\"thumbnailUrl\":\"https:\/\/ilgiardinodicorten.it\/wp-content\/uploads\/2021\/10\/docciart-grecata-BL5I3162.jpg\",\"datePublished\":\"2022-07-12T09:21:18+00:00\",\"dateModified\":\"2023-01-16T11:21:01+00:00\",\"breadcrumb\":{\"@id\":\"https:\/\/ilgiardinodicorten.it\/produkt\/docciart-grecata\/#breadcrumb\"},\"inLanguage\":\"de\",\"potentialAction\":[{\"@type\":\"ReadAction\",\"target\":[\"https:\/\/ilgiardinodicorten.it\/produkt\/docciart-grecata\/\"]}]},{\"@type\":\"ImageObject\",\"inLanguage\":\"de\",\"@id\":\"https:\/\/ilgiardinodicorten.it\/produkt\/docciart-grecata\/#primaryimage\",\"url\":\"https:\/\/ilgiardinodicorten.it\/wp-content\/uploads\/2021\/10\/docciart-grecata-BL5I3162.jpg\",\"contentUrl\":\"https:\/\/ilgiardinodicorten.it\/wp-content\/uploads\/2021\/10\/docciart-grecata-BL5I3162.jpg\",\"width\":1313,\"height\":876},{\"@type\":\"BreadcrumbList\",\"@id\":\"https:\/\/ilgiardinodicorten.it\/produkt\/docciart-grecata\/#breadcrumb\",\"itemListElement\":[{\"@type\":\"ListItem\",\"position\":1,\"name\":\"Home\",\"item\":\"https:\/\/ilgiardinodicorten.it\/de\/\"},{\"@type\":\"ListItem\",\"position\":2,\"name\":\"Einkaufen\",\"item\":\"https:\/\/ilgiardinodicorten.it\/de\/einkaufen\/\"},{\"@type\":\"ListItem\",\"position\":3,\"name\":\"Docciart Grecata\"}]},{\"@type\":\"WebSite\",\"@id\":\"https:\/\/ilgiardinodicorten.it\/#website\",\"url\":\"https:\/\/ilgiardinodicorten.it\/\",\"name\":\"Il Giardino di Corten\",\"description\":\"\",\"potentialAction\":[{\"@type\":\"SearchAction\",\"target\":{\"@type\":\"EntryPoint\",\"urlTemplate\":\"https:\/\/ilgiardinodicorten.it\/?s={search_term_string}\"},\"query-input\":{\"@type\":\"PropertyValueSpecification\",\"valueRequired\":true,\"valueName\":\"search_term_string\"}}],\"inLanguage\":\"de\"}]}<\/script>\n<!-- \/ Yoast SEO plugin. -->","yoast_head_json":{"title":"Docciart Grecata - Il Giardino di Corten","robots":{"index":"index","follow":"follow","max-snippet":"max-snippet:-1","max-image-preview":"max-image-preview:large","max-video-preview":"max-video-preview:-1"},"canonical":"https:\/\/ilgiardinodicorten.it\/produkt\/docciart-grecata\/","og_locale":"de_DE","og_type":"article","og_title":"Docciart Grecata - Il Giardino di Corten","og_description":"Eine skulpturale und imposante Pr\u00e4senz im Au\u00dfenbereich, ein intimer und einladender Raum, der als Dusche und Umkleideraum genutzt werden kann: zwei Werte in einer einzigen Architektur mit einer Spirale, wie die Schale einer Muschel, mit einem gewellten Design, das perfekt mit den anderen Elementen der Kollektion \u201eIl Giardino di Corten\u201c harmoniert.","og_url":"https:\/\/ilgiardinodicorten.it\/produkt\/docciart-grecata\/","og_site_name":"Il Giardino di Corten","article_modified_time":"2023-01-16T11:21:01+00:00","og_image":[{"width":1313,"height":876,"url":"https:\/\/ilgiardinodicorten.it\/wp-content\/uploads\/2021\/10\/docciart-grecata-BL5I3162.jpg","type":"image\/jpeg"}],"twitter_card":"summary_large_image","schema":{"@context":"https:\/\/schema.org","@graph":[{"@type":"WebPage","@id":"https:\/\/ilgiardinodicorten.it\/produkt\/docciart-grecata\/","url":"https:\/\/ilgiardinodicorten.it\/produkt\/docciart-grecata\/","name":"Docciart Grecata - Il Giardino di Corten","isPartOf":{"@id":"https:\/\/ilgiardinodicorten.it\/#website"},"primaryImageOfPage":{"@id":"https:\/\/ilgiardinodicorten.it\/produkt\/docciart-grecata\/#primaryimage"},"image":{"@id":"https:\/\/ilgiardinodicorten.it\/produkt\/docciart-grecata\/#primaryimage"},"thumbnailUrl":"https:\/\/ilgiardinodicorten.it\/wp-content\/uploads\/2021\/10\/docciart-grecata-BL5I3162.jpg","datePublished":"2022-07-12T09:21:18+00:00","dateModified":"2023-01-16T11:21:01+00:00","breadcrumb":{"@id":"https:\/\/ilgiardinodicorten.it\/produkt\/docciart-grecata\/#breadcrumb"},"inLanguage":"de","potentialAction":[{"@type":"ReadAction","target":["https:\/\/ilgiardinodicorten.it\/produkt\/docciart-grecata\/"]}]},{"@type":"ImageObject","inLanguage":"de","@id":"https:\/\/ilgiardinodicorten.it\/produkt\/docciart-grecata\/#primaryimage","url":"https:\/\/ilgiardinodicorten.it\/wp-content\/uploads\/2021\/10\/docciart-grecata-BL5I3162.jpg","contentUrl":"https:\/\/ilgiardinodicorten.it\/wp-content\/uploads\/2021\/10\/docciart-grecata-BL5I3162.jpg","width":1313,"height":876},{"@type":"BreadcrumbList","@id":"https:\/\/ilgiardinodicorten.it\/produkt\/docciart-grecata\/#breadcrumb","itemListElement":[{"@type":"ListItem","position":1,"name":"Home","item":"https:\/\/ilgiardinodicorten.it\/de\/"},{"@type":"ListItem","position":2,"name":"Einkaufen","item":"https:\/\/ilgiardinodicorten.it\/de\/einkaufen\/"},{"@type":"ListItem","position":3,"name":"Docciart Grecata"}]},{"@type":"WebSite","@id":"https:\/\/ilgiardinodicorten.it\/#website","url":"https:\/\/ilgiardinodicorten.it\/","name":"Il Giardino di Corten","description":"","potentialAction":[{"@type":"SearchAction","target":{"@type":"EntryPoint","urlTemplate":"https:\/\/ilgiardinodicorten.it\/?s={search_term_string}"},"query-input":{"@type":"PropertyValueSpecification","valueRequired":true,"valueName":"search_term_string"}}],"inLanguage":"de"}]}},"_links":{"self":[{"href":"https:\/\/ilgiardinodicorten.it\/de\/wp-json\/wp\/v2\/product\/22207","targetHints":{"allow":["GET"]}}],"collection":[{"href":"https:\/\/ilgiardinodicorten.it\/de\/wp-json\/wp\/v2\/product"}],"about":[{"href":"https:\/\/ilgiardinodicorten.it\/de\/wp-json\/wp\/v2\/types\/product"}],"wp:featuredmedia":[{"embeddable":true,"href":"https:\/\/ilgiardinodicorten.it\/de\/wp-json\/wp\/v2\/media\/20421"}],"wp:attachment":[{"href":"https:\/\/ilgiardinodicorten.it\/de\/wp-json\/wp\/v2\/media?parent=22207"}],"wp:term":[{"taxonomy":"product_brand","embeddable":true,"href":"https:\/\/ilgiardinodicorten.it\/de\/wp-json\/wp\/v2\/product_brand?post=22207"},{"taxonomy":"product_cat","embeddable":true,"href":"https:\/\/ilgiardinodicorten.it\/de\/wp-json\/wp\/v2\/product_cat?post=22207"},{"taxonomy":"product_tag","embeddable":true,"href":"https:\/\/ilgiardinodicorten.it\/de\/wp-json\/wp\/v2\/product_tag?post=22207"}],"curies":[{"name":"wp","href":"https:\/\/api.w.org\/{rel}","templated":true}]}}