{"id":22243,"date":"2017-11-29T16:46:44","date_gmt":"2017-11-29T15:46:44","guid":{"rendered":"https:\/\/ilgiardinodicorten.it\/prodotto\/fioriera-tebe-quadro-traslante\/"},"modified":"2017-11-29T16:46:44","modified_gmt":"2017-11-29T15:46:44","slug":"fioriera-tebe-quadro-traslante","status":"publish","type":"product","link":"https:\/\/ilgiardinodicorten.it\/de\/produkt\/fioriera-tebe-quadro-traslante\/","title":{"rendered":"Fioriera Tebe Quadro Traslante"},"content":{"rendered":"<p>Der Pflanzk\u00fcbel Quadro Traslante von Tebe ist dynamisch und geometrisch und kann leicht bewegt werden, um sich an jeden Raum und jede Nutzungssituation anzupassen. Tats\u00e4chlich ist das Pflanzgef\u00e4\u00df Tebe Quadro Translante mit einem praktischen Unterpflanzenwagen ausgestattet, mit dem Sie es bei Bedarf ganz einfach verschieben k\u00f6nnen.<br \/>\nDie Struktur ist modular dank eines magnetischen Hakensystems, das die Verwendung von T\u00f6pfen mit erheblichem Gewicht erm\u00f6glicht.<\/p>\n<p><strong>ABMESSUNGEN:<\/strong><\/p>\n<p><strong>Kleiner \u00fcbersetzender quadratischer Tebe-Pflanzgef\u00e4\u00df:<br \/>\n<\/strong>H\u00f6he: 50 cm<br \/>\nBreite: 40cm<br \/>\nL\u00e4nge: 40cm<br \/>\nGewicht: 14 kg<\/p>\n<p><strong>Mittelgro\u00dfer quadratischer Thebes-Pflanzgef\u00e4\u00df:<br \/>\n<\/strong>H\u00f6he: 50 cm<br \/>\nBreite: 50cm<br \/>\nL\u00e4nge: 50cm<br \/>\nGewicht: 22 kg<\/p>\n<p><strong>Thebes Large Translating Square Planter:<br \/>\n<\/strong>H\u00f6he: 50 cm<br \/>\nBreite: 60 cm<br \/>\nL\u00e4nge: 60cm<br \/>\nGewicht: 30kg<\/p>\n","protected":false},"excerpt":{"rendered":"<p>Der translatierende Tebe-Pflanzkasten, ausgestattet mit einem praktischen Pflanzenhalterwagen auf R\u00e4dern, erm\u00f6glicht es Ihnen, ihn bei Bedarf ganz einfach zu bewegen.<\/p>\n","protected":false},"featured_media":20517,"template":"","meta":{"_acf_changed":false},"product_brand":[],"product_cat":[282],"product_tag":[],"class_list":{"0":"post-22243","1":"product","2":"type-product","3":"status-publish","4":"has-post-thumbnail","6":"product_cat-pflanzgefasen","7":"product_shipping_class-spedizione-19-de","10":"first","11":"instock","12":"taxable","13":"shipping-taxable","14":"purchasable","15":"product-type-variable"},"acf":[],"yoast_head":"<!-- This site is optimized with the Yoast SEO plugin v27.1.1 - https:\/\/yoast.com\/product\/yoast-seo-wordpress\/ -->\n<title>Fioriera Tebe Quadro Traslante - Il Giardino di Corten<\/title>\n<meta name=\"robots\" content=\"index, follow, max-snippet:-1, max-image-preview:large, max-video-preview:-1\" \/>\n<link rel=\"canonical\" href=\"https:\/\/ilgiardinodicorten.it\/de\/produkt\/fioriera-tebe-quadro-traslante\/\" \/>\n<meta property=\"og:locale\" content=\"de_DE\" \/>\n<meta property=\"og:type\" content=\"article\" \/>\n<meta property=\"og:title\" content=\"Fioriera Tebe Quadro Traslante - Il Giardino di Corten\" \/>\n<meta property=\"og:description\" content=\"Der translatierende Tebe-Pflanzkasten, ausgestattet mit einem praktischen Pflanzenhalterwagen auf R\u00e4dern, erm\u00f6glicht es Ihnen, ihn bei Bedarf ganz einfach zu bewegen.\" \/>\n<meta property=\"og:url\" content=\"https:\/\/ilgiardinodicorten.it\/de\/produkt\/fioriera-tebe-quadro-traslante\/\" \/>\n<meta property=\"og:site_name\" content=\"Il Giardino di Corten\" \/>\n<meta property=\"og:image\" content=\"https:\/\/ilgiardinodicorten.it\/wp-content\/uploads\/2017\/11\/fioriera-tebe-quadro-traslante-Vaso-Tebe-Quadro.jpg\" \/>\n\t<meta property=\"og:image:width\" content=\"612\" \/>\n\t<meta property=\"og:image:height\" content=\"780\" \/>\n\t<meta property=\"og:image:type\" content=\"image\/jpeg\" \/>\n<meta name=\"twitter:card\" content=\"summary_large_image\" \/>\n<meta name=\"twitter:label1\" content=\"Gesch\u00e4tzte Lesezeit\" \/>\n\t<meta name=\"twitter:data1\" content=\"1\u00a0Minute\" \/>\n<script type=\"application\/ld+json\" class=\"yoast-schema-graph\">{\"@context\":\"https:\/\/schema.org\",\"@graph\":[{\"@type\":\"WebPage\",\"@id\":\"https:\/\/ilgiardinodicorten.it\/de\/produkt\/fioriera-tebe-quadro-traslante\/\",\"url\":\"https:\/\/ilgiardinodicorten.it\/de\/produkt\/fioriera-tebe-quadro-traslante\/\",\"name\":\"Fioriera Tebe Quadro Traslante - Il Giardino di Corten\",\"isPartOf\":{\"@id\":\"https:\/\/ilgiardinodicorten.it\/#website\"},\"primaryImageOfPage\":{\"@id\":\"https:\/\/ilgiardinodicorten.it\/de\/produkt\/fioriera-tebe-quadro-traslante\/#primaryimage\"},\"image\":{\"@id\":\"https:\/\/ilgiardinodicorten.it\/de\/produkt\/fioriera-tebe-quadro-traslante\/#primaryimage\"},\"thumbnailUrl\":\"https:\/\/ilgiardinodicorten.it\/wp-content\/uploads\/2017\/11\/fioriera-tebe-quadro-traslante-Vaso-Tebe-Quadro.jpg\",\"datePublished\":\"2017-11-29T15:46:44+00:00\",\"breadcrumb\":{\"@id\":\"https:\/\/ilgiardinodicorten.it\/de\/produkt\/fioriera-tebe-quadro-traslante\/#breadcrumb\"},\"inLanguage\":\"de\",\"potentialAction\":[{\"@type\":\"ReadAction\",\"target\":[\"https:\/\/ilgiardinodicorten.it\/de\/produkt\/fioriera-tebe-quadro-traslante\/\"]}]},{\"@type\":\"ImageObject\",\"inLanguage\":\"de\",\"@id\":\"https:\/\/ilgiardinodicorten.it\/de\/produkt\/fioriera-tebe-quadro-traslante\/#primaryimage\",\"url\":\"https:\/\/ilgiardinodicorten.it\/wp-content\/uploads\/2017\/11\/fioriera-tebe-quadro-traslante-Vaso-Tebe-Quadro.jpg\",\"contentUrl\":\"https:\/\/ilgiardinodicorten.it\/wp-content\/uploads\/2017\/11\/fioriera-tebe-quadro-traslante-Vaso-Tebe-Quadro.jpg\",\"width\":612,\"height\":780},{\"@type\":\"BreadcrumbList\",\"@id\":\"https:\/\/ilgiardinodicorten.it\/de\/produkt\/fioriera-tebe-quadro-traslante\/#breadcrumb\",\"itemListElement\":[{\"@type\":\"ListItem\",\"position\":1,\"name\":\"Home\",\"item\":\"https:\/\/ilgiardinodicorten.it\/de\/\"},{\"@type\":\"ListItem\",\"position\":2,\"name\":\"Einkaufen\",\"item\":\"https:\/\/ilgiardinodicorten.it\/de\/einkaufen\/\"},{\"@type\":\"ListItem\",\"position\":3,\"name\":\"Fioriera Tebe Quadro Traslante\"}]},{\"@type\":\"WebSite\",\"@id\":\"https:\/\/ilgiardinodicorten.it\/#website\",\"url\":\"https:\/\/ilgiardinodicorten.it\/\",\"name\":\"Il Giardino di Corten\",\"description\":\"\",\"potentialAction\":[{\"@type\":\"SearchAction\",\"target\":{\"@type\":\"EntryPoint\",\"urlTemplate\":\"https:\/\/ilgiardinodicorten.it\/?s={search_term_string}\"},\"query-input\":{\"@type\":\"PropertyValueSpecification\",\"valueRequired\":true,\"valueName\":\"search_term_string\"}}],\"inLanguage\":\"de\"}]}<\/script>\n<!-- \/ Yoast SEO plugin. -->","yoast_head_json":{"title":"Fioriera Tebe Quadro Traslante - Il Giardino di Corten","robots":{"index":"index","follow":"follow","max-snippet":"max-snippet:-1","max-image-preview":"max-image-preview:large","max-video-preview":"max-video-preview:-1"},"canonical":"https:\/\/ilgiardinodicorten.it\/de\/produkt\/fioriera-tebe-quadro-traslante\/","og_locale":"de_DE","og_type":"article","og_title":"Fioriera Tebe Quadro Traslante - Il Giardino di Corten","og_description":"Der translatierende Tebe-Pflanzkasten, ausgestattet mit einem praktischen Pflanzenhalterwagen auf R\u00e4dern, erm\u00f6glicht es Ihnen, ihn bei Bedarf ganz einfach zu bewegen.","og_url":"https:\/\/ilgiardinodicorten.it\/de\/produkt\/fioriera-tebe-quadro-traslante\/","og_site_name":"Il Giardino di Corten","og_image":[{"width":612,"height":780,"url":"https:\/\/ilgiardinodicorten.it\/wp-content\/uploads\/2017\/11\/fioriera-tebe-quadro-traslante-Vaso-Tebe-Quadro.jpg","type":"image\/jpeg"}],"twitter_card":"summary_large_image","twitter_misc":{"Gesch\u00e4tzte Lesezeit":"1\u00a0Minute"},"schema":{"@context":"https:\/\/schema.org","@graph":[{"@type":"WebPage","@id":"https:\/\/ilgiardinodicorten.it\/de\/produkt\/fioriera-tebe-quadro-traslante\/","url":"https:\/\/ilgiardinodicorten.it\/de\/produkt\/fioriera-tebe-quadro-traslante\/","name":"Fioriera Tebe Quadro Traslante - Il Giardino di Corten","isPartOf":{"@id":"https:\/\/ilgiardinodicorten.it\/#website"},"primaryImageOfPage":{"@id":"https:\/\/ilgiardinodicorten.it\/de\/produkt\/fioriera-tebe-quadro-traslante\/#primaryimage"},"image":{"@id":"https:\/\/ilgiardinodicorten.it\/de\/produkt\/fioriera-tebe-quadro-traslante\/#primaryimage"},"thumbnailUrl":"https:\/\/ilgiardinodicorten.it\/wp-content\/uploads\/2017\/11\/fioriera-tebe-quadro-traslante-Vaso-Tebe-Quadro.jpg","datePublished":"2017-11-29T15:46:44+00:00","breadcrumb":{"@id":"https:\/\/ilgiardinodicorten.it\/de\/produkt\/fioriera-tebe-quadro-traslante\/#breadcrumb"},"inLanguage":"de","potentialAction":[{"@type":"ReadAction","target":["https:\/\/ilgiardinodicorten.it\/de\/produkt\/fioriera-tebe-quadro-traslante\/"]}]},{"@type":"ImageObject","inLanguage":"de","@id":"https:\/\/ilgiardinodicorten.it\/de\/produkt\/fioriera-tebe-quadro-traslante\/#primaryimage","url":"https:\/\/ilgiardinodicorten.it\/wp-content\/uploads\/2017\/11\/fioriera-tebe-quadro-traslante-Vaso-Tebe-Quadro.jpg","contentUrl":"https:\/\/ilgiardinodicorten.it\/wp-content\/uploads\/2017\/11\/fioriera-tebe-quadro-traslante-Vaso-Tebe-Quadro.jpg","width":612,"height":780},{"@type":"BreadcrumbList","@id":"https:\/\/ilgiardinodicorten.it\/de\/produkt\/fioriera-tebe-quadro-traslante\/#breadcrumb","itemListElement":[{"@type":"ListItem","position":1,"name":"Home","item":"https:\/\/ilgiardinodicorten.it\/de\/"},{"@type":"ListItem","position":2,"name":"Einkaufen","item":"https:\/\/ilgiardinodicorten.it\/de\/einkaufen\/"},{"@type":"ListItem","position":3,"name":"Fioriera Tebe Quadro Traslante"}]},{"@type":"WebSite","@id":"https:\/\/ilgiardinodicorten.it\/#website","url":"https:\/\/ilgiardinodicorten.it\/","name":"Il Giardino di Corten","description":"","potentialAction":[{"@type":"SearchAction","target":{"@type":"EntryPoint","urlTemplate":"https:\/\/ilgiardinodicorten.it\/?s={search_term_string}"},"query-input":{"@type":"PropertyValueSpecification","valueRequired":true,"valueName":"search_term_string"}}],"inLanguage":"de"}]}},"_links":{"self":[{"href":"https:\/\/ilgiardinodicorten.it\/de\/wp-json\/wp\/v2\/product\/22243","targetHints":{"allow":["GET"]}}],"collection":[{"href":"https:\/\/ilgiardinodicorten.it\/de\/wp-json\/wp\/v2\/product"}],"about":[{"href":"https:\/\/ilgiardinodicorten.it\/de\/wp-json\/wp\/v2\/types\/product"}],"wp:featuredmedia":[{"embeddable":true,"href":"https:\/\/ilgiardinodicorten.it\/de\/wp-json\/wp\/v2\/media\/20517"}],"wp:attachment":[{"href":"https:\/\/ilgiardinodicorten.it\/de\/wp-json\/wp\/v2\/media?parent=22243"}],"wp:term":[{"taxonomy":"product_brand","embeddable":true,"href":"https:\/\/ilgiardinodicorten.it\/de\/wp-json\/wp\/v2\/product_brand?post=22243"},{"taxonomy":"product_cat","embeddable":true,"href":"https:\/\/ilgiardinodicorten.it\/de\/wp-json\/wp\/v2\/product_cat?post=22243"},{"taxonomy":"product_tag","embeddable":true,"href":"https:\/\/ilgiardinodicorten.it\/de\/wp-json\/wp\/v2\/product_tag?post=22243"}],"curies":[{"name":"wp","href":"https:\/\/api.w.org\/{rel}","templated":true}]}}