{"id":22257,"date":"2017-11-29T16:42:23","date_gmt":"2017-11-29T15:42:23","guid":{"rendered":"https:\/\/ilgiardinodicorten.it\/prodotto\/fioriera-tebe-da-balcone\/"},"modified":"2017-11-29T16:42:23","modified_gmt":"2017-11-29T15:42:23","slug":"fioriera-tebe-da-balcone","status":"publish","type":"product","link":"https:\/\/ilgiardinodicorten.it\/de\/produkt\/fioriera-tebe-da-balcone\/","title":{"rendered":"Fioriera Tebe da balcone"},"content":{"rendered":"<p>Der Balkonkasten Tebe ist die ideale L\u00f6sung, um Balkone mit Schlichtheit und Eleganz zu versch\u00f6nern.<br \/>\nEs ist in vier verschiedenen Gr\u00f6\u00dfen erh\u00e4ltlich.<\/p>\n<p><strong>ABMESSUNGEN:\u00a0<\/strong><\/p>\n<p><strong>Tebe Balkonkasten 40:<br \/>\n<\/strong>H\u00f6he: 18 cm<br \/>\nL\u00e4nge: 43cm<br \/>\nBreite: 21 cm<br \/>\nGewicht: 6kg<\/p>\n<p><strong>Tebe Balkonkasten 50:<br \/>\n<\/strong>H\u00f6he: 18 cm<br \/>\nL\u00e4nge: 53cm<br \/>\nBreite: 21 cm<br \/>\nGewicht: 6kg<\/p>\n<p><strong>Tebe Balkonkasten 60:<br \/>\n<\/strong>H\u00f6he: 18 cm<br \/>\nL\u00e4nge: 63cm<br \/>\nBreite: 21 cm<br \/>\nGewicht: 7kg<\/p>\n<p><strong>Tebe Balkonkasten 80:<br \/>\n<\/strong>H\u00f6he: 18 cm<br \/>\nL\u00e4nge: 83cm<br \/>\nBreite: 21 cm<br \/>\nGewicht: 8kg<\/p>\n","protected":false},"excerpt":{"rendered":"<p>Der Tebe Balkonkasten ist in vier verschiedenen Gr\u00f6\u00dfen erh\u00e4ltlich und eignet sich perfekt f\u00fcr Blumen und Pflanzen.<br \/>\nDas essentielle und zeitgem\u00e4\u00dfe Design erm\u00f6glicht die Platzierung in jedem architektonischen Kontext.<\/p>\n","protected":false},"featured_media":20520,"template":"","meta":{"_acf_changed":false},"product_brand":[],"product_cat":[282],"product_tag":[],"class_list":{"0":"post-22257","1":"product","2":"type-product","3":"status-publish","4":"has-post-thumbnail","6":"product_cat-pflanzgefasen","7":"product_shipping_class-spedizione-12-de","10":"first","11":"instock","12":"taxable","13":"shipping-taxable","14":"purchasable","15":"product-type-variable"},"acf":[],"yoast_head":"<!-- This site is optimized with the Yoast SEO plugin v27.1.1 - https:\/\/yoast.com\/product\/yoast-seo-wordpress\/ -->\n<title>Fioriera Tebe da balcone - Il Giardino di Corten<\/title>\n<meta name=\"robots\" content=\"index, follow, max-snippet:-1, max-image-preview:large, max-video-preview:-1\" \/>\n<link rel=\"canonical\" href=\"https:\/\/ilgiardinodicorten.it\/produkt\/fioriera-da-balcone\/\" \/>\n<meta property=\"og:locale\" content=\"de_DE\" \/>\n<meta property=\"og:type\" content=\"article\" \/>\n<meta property=\"og:title\" content=\"Fioriera Tebe da balcone - Il Giardino di Corten\" \/>\n<meta property=\"og:description\" content=\"Der Tebe Balkonkasten ist in vier verschiedenen Gr\u00f6\u00dfen erh\u00e4ltlich und eignet sich perfekt f\u00fcr Blumen und Pflanzen. Das essentielle und zeitgem\u00e4\u00dfe Design erm\u00f6glicht die Platzierung in jedem architektonischen Kontext.\" \/>\n<meta property=\"og:url\" content=\"https:\/\/ilgiardinodicorten.it\/produkt\/fioriera-da-balcone\/\" \/>\n<meta property=\"og:site_name\" content=\"Il Giardino di Corten\" \/>\n<meta property=\"og:image\" content=\"https:\/\/ilgiardinodicorten.it\/wp-content\/uploads\/2017\/11\/Fioriere-Tebe-da-balcone-1.jpg\" \/>\n\t<meta property=\"og:image:width\" content=\"780\" \/>\n\t<meta property=\"og:image:height\" content=\"619\" \/>\n\t<meta property=\"og:image:type\" content=\"image\/jpeg\" \/>\n<meta name=\"twitter:card\" content=\"summary_large_image\" \/>\n<script type=\"application\/ld+json\" class=\"yoast-schema-graph\">{\"@context\":\"https:\/\/schema.org\",\"@graph\":[{\"@type\":\"WebPage\",\"@id\":\"https:\/\/ilgiardinodicorten.it\/produkt\/fioriera-da-balcone\/\",\"url\":\"https:\/\/ilgiardinodicorten.it\/produkt\/fioriera-da-balcone\/\",\"name\":\"Fioriera Tebe da balcone - Il Giardino di Corten\",\"isPartOf\":{\"@id\":\"https:\/\/ilgiardinodicorten.it\/#website\"},\"primaryImageOfPage\":{\"@id\":\"https:\/\/ilgiardinodicorten.it\/produkt\/fioriera-da-balcone\/#primaryimage\"},\"image\":{\"@id\":\"https:\/\/ilgiardinodicorten.it\/produkt\/fioriera-da-balcone\/#primaryimage\"},\"thumbnailUrl\":\"https:\/\/ilgiardinodicorten.it\/wp-content\/uploads\/2017\/11\/Fioriere-Tebe-da-balcone-1.jpg\",\"datePublished\":\"2017-11-29T15:42:23+00:00\",\"breadcrumb\":{\"@id\":\"https:\/\/ilgiardinodicorten.it\/produkt\/fioriera-da-balcone\/#breadcrumb\"},\"inLanguage\":\"de\",\"potentialAction\":[{\"@type\":\"ReadAction\",\"target\":[\"https:\/\/ilgiardinodicorten.it\/produkt\/fioriera-da-balcone\/\"]}]},{\"@type\":\"ImageObject\",\"inLanguage\":\"de\",\"@id\":\"https:\/\/ilgiardinodicorten.it\/produkt\/fioriera-da-balcone\/#primaryimage\",\"url\":\"https:\/\/ilgiardinodicorten.it\/wp-content\/uploads\/2017\/11\/Fioriere-Tebe-da-balcone-1.jpg\",\"contentUrl\":\"https:\/\/ilgiardinodicorten.it\/wp-content\/uploads\/2017\/11\/Fioriere-Tebe-da-balcone-1.jpg\",\"width\":780,\"height\":619},{\"@type\":\"BreadcrumbList\",\"@id\":\"https:\/\/ilgiardinodicorten.it\/produkt\/fioriera-da-balcone\/#breadcrumb\",\"itemListElement\":[{\"@type\":\"ListItem\",\"position\":1,\"name\":\"Home\",\"item\":\"https:\/\/ilgiardinodicorten.it\/de\/\"},{\"@type\":\"ListItem\",\"position\":2,\"name\":\"Einkaufen\",\"item\":\"https:\/\/ilgiardinodicorten.it\/de\/einkaufen\/\"},{\"@type\":\"ListItem\",\"position\":3,\"name\":\"Fioriera Tebe da balcone\"}]},{\"@type\":\"WebSite\",\"@id\":\"https:\/\/ilgiardinodicorten.it\/#website\",\"url\":\"https:\/\/ilgiardinodicorten.it\/\",\"name\":\"Il Giardino di Corten\",\"description\":\"\",\"potentialAction\":[{\"@type\":\"SearchAction\",\"target\":{\"@type\":\"EntryPoint\",\"urlTemplate\":\"https:\/\/ilgiardinodicorten.it\/?s={search_term_string}\"},\"query-input\":{\"@type\":\"PropertyValueSpecification\",\"valueRequired\":true,\"valueName\":\"search_term_string\"}}],\"inLanguage\":\"de\"}]}<\/script>\n<!-- \/ Yoast SEO plugin. -->","yoast_head_json":{"title":"Fioriera Tebe da balcone - Il Giardino di Corten","robots":{"index":"index","follow":"follow","max-snippet":"max-snippet:-1","max-image-preview":"max-image-preview:large","max-video-preview":"max-video-preview:-1"},"canonical":"https:\/\/ilgiardinodicorten.it\/produkt\/fioriera-da-balcone\/","og_locale":"de_DE","og_type":"article","og_title":"Fioriera Tebe da balcone - Il Giardino di Corten","og_description":"Der Tebe Balkonkasten ist in vier verschiedenen Gr\u00f6\u00dfen erh\u00e4ltlich und eignet sich perfekt f\u00fcr Blumen und Pflanzen. Das essentielle und zeitgem\u00e4\u00dfe Design erm\u00f6glicht die Platzierung in jedem architektonischen Kontext.","og_url":"https:\/\/ilgiardinodicorten.it\/produkt\/fioriera-da-balcone\/","og_site_name":"Il Giardino di Corten","og_image":[{"width":780,"height":619,"url":"https:\/\/ilgiardinodicorten.it\/wp-content\/uploads\/2017\/11\/Fioriere-Tebe-da-balcone-1.jpg","type":"image\/jpeg"}],"twitter_card":"summary_large_image","schema":{"@context":"https:\/\/schema.org","@graph":[{"@type":"WebPage","@id":"https:\/\/ilgiardinodicorten.it\/produkt\/fioriera-da-balcone\/","url":"https:\/\/ilgiardinodicorten.it\/produkt\/fioriera-da-balcone\/","name":"Fioriera Tebe da balcone - Il Giardino di Corten","isPartOf":{"@id":"https:\/\/ilgiardinodicorten.it\/#website"},"primaryImageOfPage":{"@id":"https:\/\/ilgiardinodicorten.it\/produkt\/fioriera-da-balcone\/#primaryimage"},"image":{"@id":"https:\/\/ilgiardinodicorten.it\/produkt\/fioriera-da-balcone\/#primaryimage"},"thumbnailUrl":"https:\/\/ilgiardinodicorten.it\/wp-content\/uploads\/2017\/11\/Fioriere-Tebe-da-balcone-1.jpg","datePublished":"2017-11-29T15:42:23+00:00","breadcrumb":{"@id":"https:\/\/ilgiardinodicorten.it\/produkt\/fioriera-da-balcone\/#breadcrumb"},"inLanguage":"de","potentialAction":[{"@type":"ReadAction","target":["https:\/\/ilgiardinodicorten.it\/produkt\/fioriera-da-balcone\/"]}]},{"@type":"ImageObject","inLanguage":"de","@id":"https:\/\/ilgiardinodicorten.it\/produkt\/fioriera-da-balcone\/#primaryimage","url":"https:\/\/ilgiardinodicorten.it\/wp-content\/uploads\/2017\/11\/Fioriere-Tebe-da-balcone-1.jpg","contentUrl":"https:\/\/ilgiardinodicorten.it\/wp-content\/uploads\/2017\/11\/Fioriere-Tebe-da-balcone-1.jpg","width":780,"height":619},{"@type":"BreadcrumbList","@id":"https:\/\/ilgiardinodicorten.it\/produkt\/fioriera-da-balcone\/#breadcrumb","itemListElement":[{"@type":"ListItem","position":1,"name":"Home","item":"https:\/\/ilgiardinodicorten.it\/de\/"},{"@type":"ListItem","position":2,"name":"Einkaufen","item":"https:\/\/ilgiardinodicorten.it\/de\/einkaufen\/"},{"@type":"ListItem","position":3,"name":"Fioriera Tebe da balcone"}]},{"@type":"WebSite","@id":"https:\/\/ilgiardinodicorten.it\/#website","url":"https:\/\/ilgiardinodicorten.it\/","name":"Il Giardino di Corten","description":"","potentialAction":[{"@type":"SearchAction","target":{"@type":"EntryPoint","urlTemplate":"https:\/\/ilgiardinodicorten.it\/?s={search_term_string}"},"query-input":{"@type":"PropertyValueSpecification","valueRequired":true,"valueName":"search_term_string"}}],"inLanguage":"de"}]}},"_links":{"self":[{"href":"https:\/\/ilgiardinodicorten.it\/de\/wp-json\/wp\/v2\/product\/22257","targetHints":{"allow":["GET"]}}],"collection":[{"href":"https:\/\/ilgiardinodicorten.it\/de\/wp-json\/wp\/v2\/product"}],"about":[{"href":"https:\/\/ilgiardinodicorten.it\/de\/wp-json\/wp\/v2\/types\/product"}],"wp:featuredmedia":[{"embeddable":true,"href":"https:\/\/ilgiardinodicorten.it\/de\/wp-json\/wp\/v2\/media\/20520"}],"wp:attachment":[{"href":"https:\/\/ilgiardinodicorten.it\/de\/wp-json\/wp\/v2\/media?parent=22257"}],"wp:term":[{"taxonomy":"product_brand","embeddable":true,"href":"https:\/\/ilgiardinodicorten.it\/de\/wp-json\/wp\/v2\/product_brand?post=22257"},{"taxonomy":"product_cat","embeddable":true,"href":"https:\/\/ilgiardinodicorten.it\/de\/wp-json\/wp\/v2\/product_cat?post=22257"},{"taxonomy":"product_tag","embeddable":true,"href":"https:\/\/ilgiardinodicorten.it\/de\/wp-json\/wp\/v2\/product_tag?post=22257"}],"curies":[{"name":"wp","href":"https:\/\/api.w.org\/{rel}","templated":true}]}}