{"id":22267,"date":"2017-11-28T15:18:14","date_gmt":"2017-11-28T14:18:14","guid":{"rendered":"https:\/\/ilgiardinodicorten.it\/prodotto\/efeso-set-1-efeso-tisch-1-venere-xl-bank-2-venere-m-banke\/"},"modified":"2017-11-28T15:18:14","modified_gmt":"2017-11-28T14:18:14","slug":"efeso-set-1-efeso-tisch-1-venere-xl-bank-2-venere-m-banke","status":"publish","type":"product","link":"https:\/\/ilgiardinodicorten.it\/de\/produkt\/efeso-set-1-efeso-tisch-1-venere-xl-bank-2-venere-m-banke\/","title":{"rendered":"Efeso-Set: 1 Efeso-Tisch + 1 Venere XL-Bank + 2 Venere M-B\u00e4nke"},"content":{"rendered":"<p>Die St\u00e4rken und Strukturen garantieren Robustheit und Komfort, w\u00e4hrend die klaren Linien so konzipiert sind, dass sie sich perfekt an jede Art von Garten anpassen. Eine einzigartige und raffinierte Kreation, die N\u00fcchternheit und Eleganz zu ihren Hauptqualit\u00e4ten macht.<br \/>\nEfeso ist auf Anfrage mit Bronze-, Kupfer- und Messingoberfl\u00e4che erh\u00e4ltlich.<\/p>\n<p><strong>ABMESSUNGEN:<\/strong><\/p>\n<p><strong>Nein. 1 Ephesos-Tisch:<br \/>\n<\/strong>H\u00f6he: 80 cm<br \/>\nBreite: 90 cm<br \/>\nL\u00e4nge: 270 cm<\/p>\n<p><strong>Nein. 2 Venusbank M:<br \/>\n<\/strong>L\u00e4nge: 120 cm<br \/>\nBreite: 40cm<br \/>\nH\u00f6he: 45 cm<br \/>\nGewicht: 13 kg<\/p>\n<p><strong>Nein. 1 Sitzbank Venere XL:<br \/>\n<\/strong>L\u00e4nge: 160 cm<br \/>\nBreite: 40cm<br \/>\nH\u00f6he: 45 cm<br \/>\nGewicht: 19kg<\/p>\n","protected":false},"excerpt":{"rendered":"<p>Das Set bestehend aus dem Efeso-Tisch und drei Venere-B\u00e4nken passt sich jedem Kontext an und verleiht jedem Raum eine zeitgem\u00e4\u00dfe Eleganz.<\/p>\n","protected":false},"featured_media":20619,"template":"","meta":{"_acf_changed":false},"product_brand":[],"product_cat":[352],"product_tag":[],"class_list":{"0":"post-22267","1":"product","2":"type-product","3":"status-publish","4":"has-post-thumbnail","6":"product_cat-tische-und-sitzgelegenheiten","7":"product_shipping_class-spedizione-160-de","10":"first","11":"instock","12":"taxable","13":"shipping-taxable","14":"purchasable","15":"product-type-simple"},"acf":[],"yoast_head":"<!-- This site is optimized with the Yoast SEO plugin v27.1.1 - https:\/\/yoast.com\/product\/yoast-seo-wordpress\/ -->\n<title>Efeso-Set: 1 Efeso-Tisch + 1 Venere XL-Bank + 2 Venere M-B\u00e4nke - Il Giardino di Corten<\/title>\n<meta name=\"robots\" content=\"index, follow, max-snippet:-1, max-image-preview:large, max-video-preview:-1\" \/>\n<link rel=\"canonical\" href=\"https:\/\/ilgiardinodicorten.it\/produkt\/set-efeso-1-tavolo-efeso-1-panca-venere-xl-2-panche-venere-m\/\" \/>\n<meta property=\"og:locale\" content=\"de_DE\" \/>\n<meta property=\"og:type\" content=\"article\" \/>\n<meta property=\"og:title\" content=\"Efeso-Set: 1 Efeso-Tisch + 1 Venere XL-Bank + 2 Venere M-B\u00e4nke - Il Giardino di Corten\" \/>\n<meta property=\"og:description\" content=\"Das Set bestehend aus dem Efeso-Tisch und drei Venere-B\u00e4nken passt sich jedem Kontext an und verleiht jedem Raum eine zeitgem\u00e4\u00dfe Eleganz.\" \/>\n<meta property=\"og:url\" content=\"https:\/\/ilgiardinodicorten.it\/produkt\/set-efeso-1-tavolo-efeso-1-panca-venere-xl-2-panche-venere-m\/\" \/>\n<meta property=\"og:site_name\" content=\"Il Giardino di Corten\" \/>\n<meta property=\"og:image\" content=\"https:\/\/ilgiardinodicorten.it\/wp-content\/uploads\/2017\/11\/kit-efeso-Panca-Venere-2.jpg\" \/>\n\t<meta property=\"og:image:width\" content=\"780\" \/>\n\t<meta property=\"og:image:height\" content=\"619\" \/>\n\t<meta property=\"og:image:type\" content=\"image\/jpeg\" \/>\n<meta name=\"twitter:card\" content=\"summary_large_image\" \/>\n<script type=\"application\/ld+json\" class=\"yoast-schema-graph\">{\"@context\":\"https:\/\/schema.org\",\"@graph\":[{\"@type\":\"WebPage\",\"@id\":\"https:\/\/ilgiardinodicorten.it\/produkt\/set-efeso-1-tavolo-efeso-1-panca-venere-xl-2-panche-venere-m\/\",\"url\":\"https:\/\/ilgiardinodicorten.it\/produkt\/set-efeso-1-tavolo-efeso-1-panca-venere-xl-2-panche-venere-m\/\",\"name\":\"Efeso-Set: 1 Efeso-Tisch + 1 Venere XL-Bank + 2 Venere M-B\u00e4nke - Il Giardino di Corten\",\"isPartOf\":{\"@id\":\"https:\/\/ilgiardinodicorten.it\/#website\"},\"primaryImageOfPage\":{\"@id\":\"https:\/\/ilgiardinodicorten.it\/produkt\/set-efeso-1-tavolo-efeso-1-panca-venere-xl-2-panche-venere-m\/#primaryimage\"},\"image\":{\"@id\":\"https:\/\/ilgiardinodicorten.it\/produkt\/set-efeso-1-tavolo-efeso-1-panca-venere-xl-2-panche-venere-m\/#primaryimage\"},\"thumbnailUrl\":\"https:\/\/ilgiardinodicorten.it\/wp-content\/uploads\/2017\/11\/kit-efeso-Panca-Venere-2.jpg\",\"datePublished\":\"2017-11-28T14:18:14+00:00\",\"breadcrumb\":{\"@id\":\"https:\/\/ilgiardinodicorten.it\/produkt\/set-efeso-1-tavolo-efeso-1-panca-venere-xl-2-panche-venere-m\/#breadcrumb\"},\"inLanguage\":\"de\",\"potentialAction\":[{\"@type\":\"ReadAction\",\"target\":[\"https:\/\/ilgiardinodicorten.it\/produkt\/set-efeso-1-tavolo-efeso-1-panca-venere-xl-2-panche-venere-m\/\"]}]},{\"@type\":\"ImageObject\",\"inLanguage\":\"de\",\"@id\":\"https:\/\/ilgiardinodicorten.it\/produkt\/set-efeso-1-tavolo-efeso-1-panca-venere-xl-2-panche-venere-m\/#primaryimage\",\"url\":\"https:\/\/ilgiardinodicorten.it\/wp-content\/uploads\/2017\/11\/kit-efeso-Panca-Venere-2.jpg\",\"contentUrl\":\"https:\/\/ilgiardinodicorten.it\/wp-content\/uploads\/2017\/11\/kit-efeso-Panca-Venere-2.jpg\",\"width\":780,\"height\":619},{\"@type\":\"BreadcrumbList\",\"@id\":\"https:\/\/ilgiardinodicorten.it\/produkt\/set-efeso-1-tavolo-efeso-1-panca-venere-xl-2-panche-venere-m\/#breadcrumb\",\"itemListElement\":[{\"@type\":\"ListItem\",\"position\":1,\"name\":\"Home\",\"item\":\"https:\/\/ilgiardinodicorten.it\/de\/\"},{\"@type\":\"ListItem\",\"position\":2,\"name\":\"Einkaufen\",\"item\":\"https:\/\/ilgiardinodicorten.it\/de\/einkaufen\/\"},{\"@type\":\"ListItem\",\"position\":3,\"name\":\"Efeso-Set: 1 Efeso-Tisch + 1 Venere XL-Bank + 2 Venere M-B\u00e4nke\"}]},{\"@type\":\"WebSite\",\"@id\":\"https:\/\/ilgiardinodicorten.it\/#website\",\"url\":\"https:\/\/ilgiardinodicorten.it\/\",\"name\":\"Il Giardino di Corten\",\"description\":\"\",\"potentialAction\":[{\"@type\":\"SearchAction\",\"target\":{\"@type\":\"EntryPoint\",\"urlTemplate\":\"https:\/\/ilgiardinodicorten.it\/?s={search_term_string}\"},\"query-input\":{\"@type\":\"PropertyValueSpecification\",\"valueRequired\":true,\"valueName\":\"search_term_string\"}}],\"inLanguage\":\"de\"}]}<\/script>\n<!-- \/ Yoast SEO plugin. -->","yoast_head_json":{"title":"Efeso-Set: 1 Efeso-Tisch + 1 Venere XL-Bank + 2 Venere M-B\u00e4nke - Il Giardino di Corten","robots":{"index":"index","follow":"follow","max-snippet":"max-snippet:-1","max-image-preview":"max-image-preview:large","max-video-preview":"max-video-preview:-1"},"canonical":"https:\/\/ilgiardinodicorten.it\/produkt\/set-efeso-1-tavolo-efeso-1-panca-venere-xl-2-panche-venere-m\/","og_locale":"de_DE","og_type":"article","og_title":"Efeso-Set: 1 Efeso-Tisch + 1 Venere XL-Bank + 2 Venere M-B\u00e4nke - Il Giardino di Corten","og_description":"Das Set bestehend aus dem Efeso-Tisch und drei Venere-B\u00e4nken passt sich jedem Kontext an und verleiht jedem Raum eine zeitgem\u00e4\u00dfe Eleganz.","og_url":"https:\/\/ilgiardinodicorten.it\/produkt\/set-efeso-1-tavolo-efeso-1-panca-venere-xl-2-panche-venere-m\/","og_site_name":"Il Giardino di Corten","og_image":[{"width":780,"height":619,"url":"https:\/\/ilgiardinodicorten.it\/wp-content\/uploads\/2017\/11\/kit-efeso-Panca-Venere-2.jpg","type":"image\/jpeg"}],"twitter_card":"summary_large_image","schema":{"@context":"https:\/\/schema.org","@graph":[{"@type":"WebPage","@id":"https:\/\/ilgiardinodicorten.it\/produkt\/set-efeso-1-tavolo-efeso-1-panca-venere-xl-2-panche-venere-m\/","url":"https:\/\/ilgiardinodicorten.it\/produkt\/set-efeso-1-tavolo-efeso-1-panca-venere-xl-2-panche-venere-m\/","name":"Efeso-Set: 1 Efeso-Tisch + 1 Venere XL-Bank + 2 Venere M-B\u00e4nke - Il Giardino di Corten","isPartOf":{"@id":"https:\/\/ilgiardinodicorten.it\/#website"},"primaryImageOfPage":{"@id":"https:\/\/ilgiardinodicorten.it\/produkt\/set-efeso-1-tavolo-efeso-1-panca-venere-xl-2-panche-venere-m\/#primaryimage"},"image":{"@id":"https:\/\/ilgiardinodicorten.it\/produkt\/set-efeso-1-tavolo-efeso-1-panca-venere-xl-2-panche-venere-m\/#primaryimage"},"thumbnailUrl":"https:\/\/ilgiardinodicorten.it\/wp-content\/uploads\/2017\/11\/kit-efeso-Panca-Venere-2.jpg","datePublished":"2017-11-28T14:18:14+00:00","breadcrumb":{"@id":"https:\/\/ilgiardinodicorten.it\/produkt\/set-efeso-1-tavolo-efeso-1-panca-venere-xl-2-panche-venere-m\/#breadcrumb"},"inLanguage":"de","potentialAction":[{"@type":"ReadAction","target":["https:\/\/ilgiardinodicorten.it\/produkt\/set-efeso-1-tavolo-efeso-1-panca-venere-xl-2-panche-venere-m\/"]}]},{"@type":"ImageObject","inLanguage":"de","@id":"https:\/\/ilgiardinodicorten.it\/produkt\/set-efeso-1-tavolo-efeso-1-panca-venere-xl-2-panche-venere-m\/#primaryimage","url":"https:\/\/ilgiardinodicorten.it\/wp-content\/uploads\/2017\/11\/kit-efeso-Panca-Venere-2.jpg","contentUrl":"https:\/\/ilgiardinodicorten.it\/wp-content\/uploads\/2017\/11\/kit-efeso-Panca-Venere-2.jpg","width":780,"height":619},{"@type":"BreadcrumbList","@id":"https:\/\/ilgiardinodicorten.it\/produkt\/set-efeso-1-tavolo-efeso-1-panca-venere-xl-2-panche-venere-m\/#breadcrumb","itemListElement":[{"@type":"ListItem","position":1,"name":"Home","item":"https:\/\/ilgiardinodicorten.it\/de\/"},{"@type":"ListItem","position":2,"name":"Einkaufen","item":"https:\/\/ilgiardinodicorten.it\/de\/einkaufen\/"},{"@type":"ListItem","position":3,"name":"Efeso-Set: 1 Efeso-Tisch + 1 Venere XL-Bank + 2 Venere M-B\u00e4nke"}]},{"@type":"WebSite","@id":"https:\/\/ilgiardinodicorten.it\/#website","url":"https:\/\/ilgiardinodicorten.it\/","name":"Il Giardino di Corten","description":"","potentialAction":[{"@type":"SearchAction","target":{"@type":"EntryPoint","urlTemplate":"https:\/\/ilgiardinodicorten.it\/?s={search_term_string}"},"query-input":{"@type":"PropertyValueSpecification","valueRequired":true,"valueName":"search_term_string"}}],"inLanguage":"de"}]}},"_links":{"self":[{"href":"https:\/\/ilgiardinodicorten.it\/de\/wp-json\/wp\/v2\/product\/22267","targetHints":{"allow":["GET"]}}],"collection":[{"href":"https:\/\/ilgiardinodicorten.it\/de\/wp-json\/wp\/v2\/product"}],"about":[{"href":"https:\/\/ilgiardinodicorten.it\/de\/wp-json\/wp\/v2\/types\/product"}],"wp:featuredmedia":[{"embeddable":true,"href":"https:\/\/ilgiardinodicorten.it\/de\/wp-json\/wp\/v2\/media\/20619"}],"wp:attachment":[{"href":"https:\/\/ilgiardinodicorten.it\/de\/wp-json\/wp\/v2\/media?parent=22267"}],"wp:term":[{"taxonomy":"product_brand","embeddable":true,"href":"https:\/\/ilgiardinodicorten.it\/de\/wp-json\/wp\/v2\/product_brand?post=22267"},{"taxonomy":"product_cat","embeddable":true,"href":"https:\/\/ilgiardinodicorten.it\/de\/wp-json\/wp\/v2\/product_cat?post=22267"},{"taxonomy":"product_tag","embeddable":true,"href":"https:\/\/ilgiardinodicorten.it\/de\/wp-json\/wp\/v2\/product_tag?post=22267"}],"curies":[{"name":"wp","href":"https:\/\/api.w.org\/{rel}","templated":true}]}}