{"id":22276,"date":"2017-10-11T08:43:43","date_gmt":"2017-10-11T06:43:43","guid":{"rendered":"https:\/\/ilgiardinodicorten.it\/prodotto\/fioriera-tebe-a-ponte\/"},"modified":"2017-10-11T08:43:43","modified_gmt":"2017-10-11T06:43:43","slug":"fioriera-tebe-a-ponte","status":"publish","type":"product","link":"https:\/\/ilgiardinodicorten.it\/de\/produkt\/fioriera-tebe-a-ponte\/","title":{"rendered":"Fioriera Tebe a Ponte"},"content":{"rendered":"<p><span style=\"font-weight: 400;\">Br\u00fcckenf\u00f6rmiger Vorbote mit quadratischen und strengen Linien. <\/span><span style=\"font-weight: 400;\">Es kann zur Vervollst\u00e4ndigung von Z\u00e4unen oder Begrenzungselementen platziert werden und eignet sich f\u00fcr verschiedene Kombinationen und Paarungen, da es modular aufgebaut ist, aber es ist auch f\u00fcr den alleinigen Einsatz geeignet . <\/span><\/p>\n<p><span style=\"font-weight: 400;\">Ist ideal f\u00fcr den Anbau von Pflanzen und kleinen Str\u00e4uchern: Dank des sogenannten &#8220;\u00dcberlauflochs&#8221;, das verhindert, dass das Wasser ein bestimmtes Niveau \u00fcberschreitet, wird das F\u00e4ulnis verhindert Pflanze, Anlage. Bei Regen wird das \u00fcbersch\u00fcssige Wasser durch das Loch abgef\u00fchrt, w\u00e4hrend bei Sonneneinstrahlung das Wasser im Inneren dank Verdunstungsk\u00fchlung frisch bleibt und mindestens eine Woche h\u00e4lt. <\/span><\/p>\n<p><strong>ABMESSUNGEN:<\/strong><\/p>\n<p>H\u00f6he: 90,5 cm<\/p>\n<p>Breite: 65,5\u00a0cm<\/p>\n<p>Tiefe: 25 cm<\/p>\n<p>Gewicht: 19 kg<\/p>\n","protected":false},"excerpt":{"rendered":"<p>Umgekehrter U-f\u00f6rmiger Vorbote mit quadratischen und strengen Linien mit einem internen System zum Speichern von Wasser und zur allm\u00e4hlichen Abgabe an den Boden.<\/p>\n","protected":false},"featured_media":20745,"template":"","meta":{"_acf_changed":false},"product_brand":[],"product_cat":[282],"product_tag":[],"class_list":{"0":"post-22276","1":"product","2":"type-product","3":"status-publish","4":"has-post-thumbnail","6":"product_cat-pflanzgefasen","7":"product_shipping_class-spedizione-48-de","10":"first","11":"instock","12":"taxable","13":"shipping-taxable","14":"purchasable","15":"product-type-simple"},"acf":[],"yoast_head":"<!-- This site is optimized with the Yoast SEO plugin v27.1.1 - https:\/\/yoast.com\/product\/yoast-seo-wordpress\/ -->\n<title>Fioriera Tebe a Ponte - Il Giardino di Corten<\/title>\n<meta name=\"robots\" content=\"index, follow, max-snippet:-1, max-image-preview:large, max-video-preview:-1\" \/>\n<link rel=\"canonical\" href=\"https:\/\/ilgiardinodicorten.it\/de\/produkt\/fioriera-tebe-a-ponte\/\" \/>\n<meta property=\"og:locale\" content=\"de_DE\" \/>\n<meta property=\"og:type\" content=\"article\" \/>\n<meta property=\"og:title\" content=\"Fioriera Tebe a Ponte - Il Giardino di Corten\" \/>\n<meta property=\"og:description\" content=\"Umgekehrter U-f\u00f6rmiger Vorbote mit quadratischen und strengen Linien mit einem internen System zum Speichern von Wasser und zur allm\u00e4hlichen Abgabe an den Boden.\" \/>\n<meta property=\"og:url\" content=\"https:\/\/ilgiardinodicorten.it\/de\/produkt\/fioriera-tebe-a-ponte\/\" \/>\n<meta property=\"og:site_name\" content=\"Il Giardino di Corten\" \/>\n<meta property=\"og:image\" content=\"https:\/\/ilgiardinodicorten.it\/wp-content\/uploads\/2017\/10\/Fioriere-Tebe-a-ponte-U-4.jpg\" \/>\n\t<meta property=\"og:image:width\" content=\"780\" \/>\n\t<meta property=\"og:image:height\" content=\"619\" \/>\n\t<meta property=\"og:image:type\" content=\"image\/jpeg\" \/>\n<meta name=\"twitter:card\" content=\"summary_large_image\" \/>\n<meta name=\"twitter:label1\" content=\"Gesch\u00e4tzte Lesezeit\" \/>\n\t<meta name=\"twitter:data1\" content=\"1\u00a0Minute\" \/>\n<script type=\"application\/ld+json\" class=\"yoast-schema-graph\">{\"@context\":\"https:\/\/schema.org\",\"@graph\":[{\"@type\":\"WebPage\",\"@id\":\"https:\/\/ilgiardinodicorten.it\/de\/produkt\/fioriera-tebe-a-ponte\/\",\"url\":\"https:\/\/ilgiardinodicorten.it\/de\/produkt\/fioriera-tebe-a-ponte\/\",\"name\":\"Fioriera Tebe a Ponte - Il Giardino di Corten\",\"isPartOf\":{\"@id\":\"https:\/\/ilgiardinodicorten.it\/#website\"},\"primaryImageOfPage\":{\"@id\":\"https:\/\/ilgiardinodicorten.it\/de\/produkt\/fioriera-tebe-a-ponte\/#primaryimage\"},\"image\":{\"@id\":\"https:\/\/ilgiardinodicorten.it\/de\/produkt\/fioriera-tebe-a-ponte\/#primaryimage\"},\"thumbnailUrl\":\"https:\/\/ilgiardinodicorten.it\/wp-content\/uploads\/2017\/10\/Fioriere-Tebe-a-ponte-U-4.jpg\",\"datePublished\":\"2017-10-11T06:43:43+00:00\",\"breadcrumb\":{\"@id\":\"https:\/\/ilgiardinodicorten.it\/de\/produkt\/fioriera-tebe-a-ponte\/#breadcrumb\"},\"inLanguage\":\"de\",\"potentialAction\":[{\"@type\":\"ReadAction\",\"target\":[\"https:\/\/ilgiardinodicorten.it\/de\/produkt\/fioriera-tebe-a-ponte\/\"]}]},{\"@type\":\"ImageObject\",\"inLanguage\":\"de\",\"@id\":\"https:\/\/ilgiardinodicorten.it\/de\/produkt\/fioriera-tebe-a-ponte\/#primaryimage\",\"url\":\"https:\/\/ilgiardinodicorten.it\/wp-content\/uploads\/2017\/10\/Fioriere-Tebe-a-ponte-U-4.jpg\",\"contentUrl\":\"https:\/\/ilgiardinodicorten.it\/wp-content\/uploads\/2017\/10\/Fioriere-Tebe-a-ponte-U-4.jpg\",\"width\":780,\"height\":619},{\"@type\":\"BreadcrumbList\",\"@id\":\"https:\/\/ilgiardinodicorten.it\/de\/produkt\/fioriera-tebe-a-ponte\/#breadcrumb\",\"itemListElement\":[{\"@type\":\"ListItem\",\"position\":1,\"name\":\"Home\",\"item\":\"https:\/\/ilgiardinodicorten.it\/de\/\"},{\"@type\":\"ListItem\",\"position\":2,\"name\":\"Einkaufen\",\"item\":\"https:\/\/ilgiardinodicorten.it\/de\/einkaufen\/\"},{\"@type\":\"ListItem\",\"position\":3,\"name\":\"Fioriera Tebe a Ponte\"}]},{\"@type\":\"WebSite\",\"@id\":\"https:\/\/ilgiardinodicorten.it\/#website\",\"url\":\"https:\/\/ilgiardinodicorten.it\/\",\"name\":\"Il Giardino di Corten\",\"description\":\"\",\"potentialAction\":[{\"@type\":\"SearchAction\",\"target\":{\"@type\":\"EntryPoint\",\"urlTemplate\":\"https:\/\/ilgiardinodicorten.it\/?s={search_term_string}\"},\"query-input\":{\"@type\":\"PropertyValueSpecification\",\"valueRequired\":true,\"valueName\":\"search_term_string\"}}],\"inLanguage\":\"de\"}]}<\/script>\n<!-- \/ Yoast SEO plugin. -->","yoast_head_json":{"title":"Fioriera Tebe a Ponte - Il Giardino di Corten","robots":{"index":"index","follow":"follow","max-snippet":"max-snippet:-1","max-image-preview":"max-image-preview:large","max-video-preview":"max-video-preview:-1"},"canonical":"https:\/\/ilgiardinodicorten.it\/de\/produkt\/fioriera-tebe-a-ponte\/","og_locale":"de_DE","og_type":"article","og_title":"Fioriera Tebe a Ponte - Il Giardino di Corten","og_description":"Umgekehrter U-f\u00f6rmiger Vorbote mit quadratischen und strengen Linien mit einem internen System zum Speichern von Wasser und zur allm\u00e4hlichen Abgabe an den Boden.","og_url":"https:\/\/ilgiardinodicorten.it\/de\/produkt\/fioriera-tebe-a-ponte\/","og_site_name":"Il Giardino di Corten","og_image":[{"width":780,"height":619,"url":"https:\/\/ilgiardinodicorten.it\/wp-content\/uploads\/2017\/10\/Fioriere-Tebe-a-ponte-U-4.jpg","type":"image\/jpeg"}],"twitter_card":"summary_large_image","twitter_misc":{"Gesch\u00e4tzte Lesezeit":"1\u00a0Minute"},"schema":{"@context":"https:\/\/schema.org","@graph":[{"@type":"WebPage","@id":"https:\/\/ilgiardinodicorten.it\/de\/produkt\/fioriera-tebe-a-ponte\/","url":"https:\/\/ilgiardinodicorten.it\/de\/produkt\/fioriera-tebe-a-ponte\/","name":"Fioriera Tebe a Ponte - Il Giardino di Corten","isPartOf":{"@id":"https:\/\/ilgiardinodicorten.it\/#website"},"primaryImageOfPage":{"@id":"https:\/\/ilgiardinodicorten.it\/de\/produkt\/fioriera-tebe-a-ponte\/#primaryimage"},"image":{"@id":"https:\/\/ilgiardinodicorten.it\/de\/produkt\/fioriera-tebe-a-ponte\/#primaryimage"},"thumbnailUrl":"https:\/\/ilgiardinodicorten.it\/wp-content\/uploads\/2017\/10\/Fioriere-Tebe-a-ponte-U-4.jpg","datePublished":"2017-10-11T06:43:43+00:00","breadcrumb":{"@id":"https:\/\/ilgiardinodicorten.it\/de\/produkt\/fioriera-tebe-a-ponte\/#breadcrumb"},"inLanguage":"de","potentialAction":[{"@type":"ReadAction","target":["https:\/\/ilgiardinodicorten.it\/de\/produkt\/fioriera-tebe-a-ponte\/"]}]},{"@type":"ImageObject","inLanguage":"de","@id":"https:\/\/ilgiardinodicorten.it\/de\/produkt\/fioriera-tebe-a-ponte\/#primaryimage","url":"https:\/\/ilgiardinodicorten.it\/wp-content\/uploads\/2017\/10\/Fioriere-Tebe-a-ponte-U-4.jpg","contentUrl":"https:\/\/ilgiardinodicorten.it\/wp-content\/uploads\/2017\/10\/Fioriere-Tebe-a-ponte-U-4.jpg","width":780,"height":619},{"@type":"BreadcrumbList","@id":"https:\/\/ilgiardinodicorten.it\/de\/produkt\/fioriera-tebe-a-ponte\/#breadcrumb","itemListElement":[{"@type":"ListItem","position":1,"name":"Home","item":"https:\/\/ilgiardinodicorten.it\/de\/"},{"@type":"ListItem","position":2,"name":"Einkaufen","item":"https:\/\/ilgiardinodicorten.it\/de\/einkaufen\/"},{"@type":"ListItem","position":3,"name":"Fioriera Tebe a Ponte"}]},{"@type":"WebSite","@id":"https:\/\/ilgiardinodicorten.it\/#website","url":"https:\/\/ilgiardinodicorten.it\/","name":"Il Giardino di Corten","description":"","potentialAction":[{"@type":"SearchAction","target":{"@type":"EntryPoint","urlTemplate":"https:\/\/ilgiardinodicorten.it\/?s={search_term_string}"},"query-input":{"@type":"PropertyValueSpecification","valueRequired":true,"valueName":"search_term_string"}}],"inLanguage":"de"}]}},"_links":{"self":[{"href":"https:\/\/ilgiardinodicorten.it\/de\/wp-json\/wp\/v2\/product\/22276","targetHints":{"allow":["GET"]}}],"collection":[{"href":"https:\/\/ilgiardinodicorten.it\/de\/wp-json\/wp\/v2\/product"}],"about":[{"href":"https:\/\/ilgiardinodicorten.it\/de\/wp-json\/wp\/v2\/types\/product"}],"wp:featuredmedia":[{"embeddable":true,"href":"https:\/\/ilgiardinodicorten.it\/de\/wp-json\/wp\/v2\/media\/20745"}],"wp:attachment":[{"href":"https:\/\/ilgiardinodicorten.it\/de\/wp-json\/wp\/v2\/media?parent=22276"}],"wp:term":[{"taxonomy":"product_brand","embeddable":true,"href":"https:\/\/ilgiardinodicorten.it\/de\/wp-json\/wp\/v2\/product_brand?post=22276"},{"taxonomy":"product_cat","embeddable":true,"href":"https:\/\/ilgiardinodicorten.it\/de\/wp-json\/wp\/v2\/product_cat?post=22276"},{"taxonomy":"product_tag","embeddable":true,"href":"https:\/\/ilgiardinodicorten.it\/de\/wp-json\/wp\/v2\/product_tag?post=22276"}],"curies":[{"name":"wp","href":"https:\/\/api.w.org\/{rel}","templated":true}]}}