{"id":22279,"date":"2017-10-11T08:42:39","date_gmt":"2017-10-11T06:42:39","guid":{"rendered":"https:\/\/ilgiardinodicorten.it\/prodotto\/fioriera-tebe-angolare\/"},"modified":"2017-10-11T08:42:39","modified_gmt":"2017-10-11T06:42:39","slug":"fioriera-tebe-angolare","status":"publish","type":"product","link":"https:\/\/ilgiardinodicorten.it\/de\/produkt\/fioriera-tebe-angolare\/","title":{"rendered":"Fioriera Tebe Angolare"},"content":{"rendered":"<p>Dank der modularen Zusammensetzung kann es zur Vervollst\u00e4ndigung von Z\u00e4unen oder Begrenzungselementen platziert werden, wodurch es sich f\u00fcr verschiedene Kombinationen eignet, aber es passt sich auch perfekt an, um alleine verwendet zu werden.<\/p>\n<p>Ideal f\u00fcr den Anbau von Pflanzen und kleinen Str\u00e4uchern: Dank des sogenannten &#8220;\u00dcberlauflochs&#8221;, das verhindert, dass das Wasser jemals ein bestimmtes Niveau \u00fcberschreitet, wird eine \u00fcberm\u00e4\u00dfige Wasserversorgung der Pflanze vermieden. Wenn es regnet, wird das \u00fcbersch\u00fcssige Wasser durch das Loch abgelassen, w\u00e4hrend das Wasser im Inneren des Pflanzgef\u00e4\u00dfes bei Sonneneinstrahlung frisch bleibt und dank Verdunstungsk\u00fchlung mindestens eine Woche lang h\u00e4lt.<\/p >\n<p><strong>ABMESSUNGEN:<br \/>\n<\/strong>H\u00f6he: 60 cm<br \/>\nBreite: 60 cm<br \/>\nTiefe: 65 cm<br \/>\nGewicht: 21 kg<\/p>\n","protected":false},"excerpt":{"rendered":"<p>Der Eckpflanzer hat essentielle und strenge Linien und ein internes System, um Wasser zu speichern und es allm\u00e4hlich in den Boden abzugeben.<\/p>\n","protected":false},"featured_media":20748,"template":"","meta":{"_acf_changed":false},"product_brand":[],"product_cat":[282],"product_tag":[],"class_list":{"0":"post-22279","1":"product","2":"type-product","3":"status-publish","4":"has-post-thumbnail","6":"product_cat-pflanzgefasen","7":"product_shipping_class-spedizione-48-de","10":"first","11":"instock","12":"taxable","13":"shipping-taxable","14":"purchasable","15":"product-type-simple"},"acf":[],"yoast_head":"<!-- This site is optimized with the Yoast SEO plugin v27.1.1 - https:\/\/yoast.com\/product\/yoast-seo-wordpress\/ -->\n<title>Fioriera Tebe Angolare - Il Giardino di Corten<\/title>\n<meta name=\"robots\" content=\"index, follow, max-snippet:-1, max-image-preview:large, max-video-preview:-1\" \/>\n<link rel=\"canonical\" href=\"https:\/\/ilgiardinodicorten.it\/produkt\/fioriera-tebe-angolare\/\" \/>\n<meta property=\"og:locale\" content=\"de_DE\" \/>\n<meta property=\"og:type\" content=\"article\" \/>\n<meta property=\"og:title\" content=\"Fioriera Tebe Angolare - Il Giardino di Corten\" \/>\n<meta property=\"og:description\" content=\"Der Eckpflanzer hat essentielle und strenge Linien und ein internes System, um Wasser zu speichern und es allm\u00e4hlich in den Boden abzugeben.\" \/>\n<meta property=\"og:url\" content=\"https:\/\/ilgiardinodicorten.it\/produkt\/fioriera-tebe-angolare\/\" \/>\n<meta property=\"og:site_name\" content=\"Il Giardino di Corten\" \/>\n<meta property=\"og:image\" content=\"https:\/\/ilgiardinodicorten.it\/wp-content\/uploads\/2017\/10\/fioriera-tebe-angolare-angolo-4.jpg\" \/>\n\t<meta property=\"og:image:width\" content=\"533\" \/>\n\t<meta property=\"og:image:height\" content=\"800\" \/>\n\t<meta property=\"og:image:type\" content=\"image\/jpeg\" \/>\n<meta name=\"twitter:card\" content=\"summary_large_image\" \/>\n<meta name=\"twitter:label1\" content=\"Gesch\u00e4tzte Lesezeit\" \/>\n\t<meta name=\"twitter:data1\" content=\"1\u00a0Minute\" \/>\n<script type=\"application\/ld+json\" class=\"yoast-schema-graph\">{\"@context\":\"https:\/\/schema.org\",\"@graph\":[{\"@type\":\"WebPage\",\"@id\":\"https:\/\/ilgiardinodicorten.it\/produkt\/fioriera-tebe-angolare\/\",\"url\":\"https:\/\/ilgiardinodicorten.it\/produkt\/fioriera-tebe-angolare\/\",\"name\":\"Fioriera Tebe Angolare - Il Giardino di Corten\",\"isPartOf\":{\"@id\":\"https:\/\/ilgiardinodicorten.it\/#website\"},\"primaryImageOfPage\":{\"@id\":\"https:\/\/ilgiardinodicorten.it\/produkt\/fioriera-tebe-angolare\/#primaryimage\"},\"image\":{\"@id\":\"https:\/\/ilgiardinodicorten.it\/produkt\/fioriera-tebe-angolare\/#primaryimage\"},\"thumbnailUrl\":\"https:\/\/ilgiardinodicorten.it\/wp-content\/uploads\/2017\/10\/fioriera-tebe-angolare-angolo-4.jpg\",\"datePublished\":\"2017-10-11T06:42:39+00:00\",\"breadcrumb\":{\"@id\":\"https:\/\/ilgiardinodicorten.it\/produkt\/fioriera-tebe-angolare\/#breadcrumb\"},\"inLanguage\":\"de\",\"potentialAction\":[{\"@type\":\"ReadAction\",\"target\":[\"https:\/\/ilgiardinodicorten.it\/produkt\/fioriera-tebe-angolare\/\"]}]},{\"@type\":\"ImageObject\",\"inLanguage\":\"de\",\"@id\":\"https:\/\/ilgiardinodicorten.it\/produkt\/fioriera-tebe-angolare\/#primaryimage\",\"url\":\"https:\/\/ilgiardinodicorten.it\/wp-content\/uploads\/2017\/10\/fioriera-tebe-angolare-angolo-4.jpg\",\"contentUrl\":\"https:\/\/ilgiardinodicorten.it\/wp-content\/uploads\/2017\/10\/fioriera-tebe-angolare-angolo-4.jpg\",\"width\":533,\"height\":800},{\"@type\":\"BreadcrumbList\",\"@id\":\"https:\/\/ilgiardinodicorten.it\/produkt\/fioriera-tebe-angolare\/#breadcrumb\",\"itemListElement\":[{\"@type\":\"ListItem\",\"position\":1,\"name\":\"Home\",\"item\":\"https:\/\/ilgiardinodicorten.it\/de\/\"},{\"@type\":\"ListItem\",\"position\":2,\"name\":\"Einkaufen\",\"item\":\"https:\/\/ilgiardinodicorten.it\/de\/einkaufen\/\"},{\"@type\":\"ListItem\",\"position\":3,\"name\":\"Fioriera Tebe Angolare\"}]},{\"@type\":\"WebSite\",\"@id\":\"https:\/\/ilgiardinodicorten.it\/#website\",\"url\":\"https:\/\/ilgiardinodicorten.it\/\",\"name\":\"Il Giardino di Corten\",\"description\":\"\",\"potentialAction\":[{\"@type\":\"SearchAction\",\"target\":{\"@type\":\"EntryPoint\",\"urlTemplate\":\"https:\/\/ilgiardinodicorten.it\/?s={search_term_string}\"},\"query-input\":{\"@type\":\"PropertyValueSpecification\",\"valueRequired\":true,\"valueName\":\"search_term_string\"}}],\"inLanguage\":\"de\"}]}<\/script>\n<!-- \/ Yoast SEO plugin. -->","yoast_head_json":{"title":"Fioriera Tebe Angolare - Il Giardino di Corten","robots":{"index":"index","follow":"follow","max-snippet":"max-snippet:-1","max-image-preview":"max-image-preview:large","max-video-preview":"max-video-preview:-1"},"canonical":"https:\/\/ilgiardinodicorten.it\/produkt\/fioriera-tebe-angolare\/","og_locale":"de_DE","og_type":"article","og_title":"Fioriera Tebe Angolare - Il Giardino di Corten","og_description":"Der Eckpflanzer hat essentielle und strenge Linien und ein internes System, um Wasser zu speichern und es allm\u00e4hlich in den Boden abzugeben.","og_url":"https:\/\/ilgiardinodicorten.it\/produkt\/fioriera-tebe-angolare\/","og_site_name":"Il Giardino di Corten","og_image":[{"width":533,"height":800,"url":"https:\/\/ilgiardinodicorten.it\/wp-content\/uploads\/2017\/10\/fioriera-tebe-angolare-angolo-4.jpg","type":"image\/jpeg"}],"twitter_card":"summary_large_image","twitter_misc":{"Gesch\u00e4tzte Lesezeit":"1\u00a0Minute"},"schema":{"@context":"https:\/\/schema.org","@graph":[{"@type":"WebPage","@id":"https:\/\/ilgiardinodicorten.it\/produkt\/fioriera-tebe-angolare\/","url":"https:\/\/ilgiardinodicorten.it\/produkt\/fioriera-tebe-angolare\/","name":"Fioriera Tebe Angolare - Il Giardino di Corten","isPartOf":{"@id":"https:\/\/ilgiardinodicorten.it\/#website"},"primaryImageOfPage":{"@id":"https:\/\/ilgiardinodicorten.it\/produkt\/fioriera-tebe-angolare\/#primaryimage"},"image":{"@id":"https:\/\/ilgiardinodicorten.it\/produkt\/fioriera-tebe-angolare\/#primaryimage"},"thumbnailUrl":"https:\/\/ilgiardinodicorten.it\/wp-content\/uploads\/2017\/10\/fioriera-tebe-angolare-angolo-4.jpg","datePublished":"2017-10-11T06:42:39+00:00","breadcrumb":{"@id":"https:\/\/ilgiardinodicorten.it\/produkt\/fioriera-tebe-angolare\/#breadcrumb"},"inLanguage":"de","potentialAction":[{"@type":"ReadAction","target":["https:\/\/ilgiardinodicorten.it\/produkt\/fioriera-tebe-angolare\/"]}]},{"@type":"ImageObject","inLanguage":"de","@id":"https:\/\/ilgiardinodicorten.it\/produkt\/fioriera-tebe-angolare\/#primaryimage","url":"https:\/\/ilgiardinodicorten.it\/wp-content\/uploads\/2017\/10\/fioriera-tebe-angolare-angolo-4.jpg","contentUrl":"https:\/\/ilgiardinodicorten.it\/wp-content\/uploads\/2017\/10\/fioriera-tebe-angolare-angolo-4.jpg","width":533,"height":800},{"@type":"BreadcrumbList","@id":"https:\/\/ilgiardinodicorten.it\/produkt\/fioriera-tebe-angolare\/#breadcrumb","itemListElement":[{"@type":"ListItem","position":1,"name":"Home","item":"https:\/\/ilgiardinodicorten.it\/de\/"},{"@type":"ListItem","position":2,"name":"Einkaufen","item":"https:\/\/ilgiardinodicorten.it\/de\/einkaufen\/"},{"@type":"ListItem","position":3,"name":"Fioriera Tebe Angolare"}]},{"@type":"WebSite","@id":"https:\/\/ilgiardinodicorten.it\/#website","url":"https:\/\/ilgiardinodicorten.it\/","name":"Il Giardino di Corten","description":"","potentialAction":[{"@type":"SearchAction","target":{"@type":"EntryPoint","urlTemplate":"https:\/\/ilgiardinodicorten.it\/?s={search_term_string}"},"query-input":{"@type":"PropertyValueSpecification","valueRequired":true,"valueName":"search_term_string"}}],"inLanguage":"de"}]}},"_links":{"self":[{"href":"https:\/\/ilgiardinodicorten.it\/de\/wp-json\/wp\/v2\/product\/22279","targetHints":{"allow":["GET"]}}],"collection":[{"href":"https:\/\/ilgiardinodicorten.it\/de\/wp-json\/wp\/v2\/product"}],"about":[{"href":"https:\/\/ilgiardinodicorten.it\/de\/wp-json\/wp\/v2\/types\/product"}],"wp:featuredmedia":[{"embeddable":true,"href":"https:\/\/ilgiardinodicorten.it\/de\/wp-json\/wp\/v2\/media\/20748"}],"wp:attachment":[{"href":"https:\/\/ilgiardinodicorten.it\/de\/wp-json\/wp\/v2\/media?parent=22279"}],"wp:term":[{"taxonomy":"product_brand","embeddable":true,"href":"https:\/\/ilgiardinodicorten.it\/de\/wp-json\/wp\/v2\/product_brand?post=22279"},{"taxonomy":"product_cat","embeddable":true,"href":"https:\/\/ilgiardinodicorten.it\/de\/wp-json\/wp\/v2\/product_cat?post=22279"},{"taxonomy":"product_tag","embeddable":true,"href":"https:\/\/ilgiardinodicorten.it\/de\/wp-json\/wp\/v2\/product_tag?post=22279"}],"curies":[{"name":"wp","href":"https:\/\/api.w.org\/{rel}","templated":true}]}}