{"id":22288,"date":"2017-10-11T08:38:56","date_gmt":"2017-10-11T06:38:56","guid":{"rendered":"https:\/\/ilgiardinodicorten.it\/prodotto\/fioriera-tebe-rettangolare\/"},"modified":"2024-05-10T17:03:47","modified_gmt":"2024-05-10T15:03:47","slug":"fioriera-tebe-rettangolare","status":"publish","type":"product","link":"https:\/\/ilgiardinodicorten.it\/de\/produkt\/fioriera-tebe-rettangolare\/","title":{"rendered":"Fioriera Tebe Rettangolare"},"content":{"rendered":"<p>Gekennzeichnet durch definierte Linien und ein imposantes Erscheinungsbild ist dieses Pflanzgef\u00e4\u00df sowohl als Blumenhalter als auch als Objekthalter ein perfektes und funktionelles Outdoor-Einrichtungselement.<\/p>\n<p>Es kann zur Vervollst\u00e4ndigung von Z\u00e4unen oder Begrenzungselementen eingesetzt werden und eignet sich f\u00fcr verschiedene Kombinationen und Kombinationen, da es modular aufgebaut ist, aber es ist auch f\u00fcr den alleinigen Gebrauch geeignet. Es ist ideal f\u00fcr die Anzucht von Pflanzen und kleinen Str\u00e4uchern: Dank des sogenannten \u201e\u00dcberlauflochs\u201c, das verhindert, dass das Wasser jemals ein bestimmtes Niveau \u00fcberschreitet, wird eine \u00fcberm\u00e4\u00dfige Wasserversorgung der Pflanze vermieden. Bei Regen wird das \u00fcbersch\u00fcssige Wasser durch das Loch entsorgt; steht das Pflanzgef\u00e4\u00df hingegen in direktem Sonnenlicht, bleibt das Wasser im Inneren frisch und h\u00e4lt dank Verdunstungsk\u00fchlung mindestens eine Woche.<\/p>\n<p><strong>ABMESSUNGEN:<\/strong><\/p>\n<p><strong>Kleines rechteckiges Tebe-Pflanzgef\u00e4\u00df<\/strong><br \/>\nH\u00f6he: 4o cm<br \/>\nBreite: 100 cm<br \/>\nTiefe: 40 cm<br \/>\nGewicht: 34 kg<\/p>\n<p><strong>Mittelgro\u00dfer rechteckiger Blumentopf Thebes<\/strong><br \/>\nH\u00f6he: 4o cm<br \/>\nBreite: 150 cm<br \/>\nTiefe: 40 cm<br \/>\nGewicht: 48 kg<\/p>\n<p><strong>Gro\u00dfer rechteckiger Pflanzk\u00fcbel Thebes<\/strong><br \/>\nH\u00f6he: 8o cm<br \/>\nBreite: 100 cm<br \/>\nTiefe: 40 cm<br \/>\nGewicht: 51 kg<\/p>\n","protected":false},"excerpt":{"rendered":"<p>Das rechteckige Pflanzgef\u00e4\u00df Tebe ist die originelle L\u00f6sung f\u00fcr Freifl\u00e4chen, G\u00e4rten, Balkone, Terrassen, \u00f6ffentliche Pl\u00e4tze und Restaurants mit einem internen System zur Wasserspeicherung und allm\u00e4hlichen Abgabe an den Boden.<\/p>\n","protected":false},"featured_media":20757,"template":"","meta":{"_acf_changed":false},"product_brand":[],"product_cat":[282],"product_tag":[],"class_list":{"0":"post-22288","1":"product","2":"type-product","3":"status-publish","4":"has-post-thumbnail","6":"product_cat-pflanzgefasen","7":"product_shipping_class-spedizione-48-de","10":"first","11":"instock","12":"taxable","13":"shipping-taxable","14":"purchasable","15":"product-type-variable"},"acf":[],"yoast_head":"<!-- This site is optimized with the Yoast SEO plugin v27.1.1 - https:\/\/yoast.com\/product\/yoast-seo-wordpress\/ -->\n<title>Fioriera Tebe Rettangolare - Il Giardino di Corten<\/title>\n<meta name=\"robots\" content=\"index, follow, max-snippet:-1, max-image-preview:large, max-video-preview:-1\" \/>\n<link rel=\"canonical\" href=\"https:\/\/ilgiardinodicorten.it\/produkt\/fioriera-tebe-rettangolare\/\" \/>\n<meta property=\"og:locale\" content=\"de_DE\" \/>\n<meta property=\"og:type\" content=\"article\" \/>\n<meta property=\"og:title\" content=\"Fioriera Tebe Rettangolare - Il Giardino di Corten\" \/>\n<meta property=\"og:description\" content=\"Das rechteckige Pflanzgef\u00e4\u00df Tebe ist die originelle L\u00f6sung f\u00fcr Freifl\u00e4chen, G\u00e4rten, Balkone, Terrassen, \u00f6ffentliche Pl\u00e4tze und Restaurants mit einem internen System zur Wasserspeicherung und allm\u00e4hlichen Abgabe an den Boden.\" \/>\n<meta property=\"og:url\" content=\"https:\/\/ilgiardinodicorten.it\/produkt\/fioriera-tebe-rettangolare\/\" \/>\n<meta property=\"og:site_name\" content=\"Il Giardino di Corten\" \/>\n<meta property=\"article:modified_time\" content=\"2024-05-10T15:03:47+00:00\" \/>\n<meta property=\"og:image\" content=\"https:\/\/ilgiardinodicorten.it\/wp-content\/uploads\/2017\/10\/fioriera-tebe-rettangolare-2.jpg\" \/>\n\t<meta property=\"og:image:width\" content=\"780\" \/>\n\t<meta property=\"og:image:height\" content=\"619\" \/>\n\t<meta property=\"og:image:type\" content=\"image\/jpeg\" \/>\n<meta name=\"twitter:card\" content=\"summary_large_image\" \/>\n<meta name=\"twitter:label1\" content=\"Gesch\u00e4tzte Lesezeit\" \/>\n\t<meta name=\"twitter:data1\" content=\"1\u00a0Minute\" \/>\n<script type=\"application\/ld+json\" class=\"yoast-schema-graph\">{\"@context\":\"https:\/\/schema.org\",\"@graph\":[{\"@type\":\"WebPage\",\"@id\":\"https:\/\/ilgiardinodicorten.it\/produkt\/fioriera-tebe-rettangolare\/\",\"url\":\"https:\/\/ilgiardinodicorten.it\/produkt\/fioriera-tebe-rettangolare\/\",\"name\":\"Fioriera Tebe Rettangolare - Il Giardino di Corten\",\"isPartOf\":{\"@id\":\"https:\/\/ilgiardinodicorten.it\/#website\"},\"primaryImageOfPage\":{\"@id\":\"https:\/\/ilgiardinodicorten.it\/produkt\/fioriera-tebe-rettangolare\/#primaryimage\"},\"image\":{\"@id\":\"https:\/\/ilgiardinodicorten.it\/produkt\/fioriera-tebe-rettangolare\/#primaryimage\"},\"thumbnailUrl\":\"https:\/\/ilgiardinodicorten.it\/wp-content\/uploads\/2017\/10\/fioriera-tebe-rettangolare-2.jpg\",\"datePublished\":\"2017-10-11T06:38:56+00:00\",\"dateModified\":\"2024-05-10T15:03:47+00:00\",\"breadcrumb\":{\"@id\":\"https:\/\/ilgiardinodicorten.it\/produkt\/fioriera-tebe-rettangolare\/#breadcrumb\"},\"inLanguage\":\"de\",\"potentialAction\":[{\"@type\":\"ReadAction\",\"target\":[\"https:\/\/ilgiardinodicorten.it\/produkt\/fioriera-tebe-rettangolare\/\"]}]},{\"@type\":\"ImageObject\",\"inLanguage\":\"de\",\"@id\":\"https:\/\/ilgiardinodicorten.it\/produkt\/fioriera-tebe-rettangolare\/#primaryimage\",\"url\":\"https:\/\/ilgiardinodicorten.it\/wp-content\/uploads\/2017\/10\/fioriera-tebe-rettangolare-2.jpg\",\"contentUrl\":\"https:\/\/ilgiardinodicorten.it\/wp-content\/uploads\/2017\/10\/fioriera-tebe-rettangolare-2.jpg\",\"width\":780,\"height\":619},{\"@type\":\"BreadcrumbList\",\"@id\":\"https:\/\/ilgiardinodicorten.it\/produkt\/fioriera-tebe-rettangolare\/#breadcrumb\",\"itemListElement\":[{\"@type\":\"ListItem\",\"position\":1,\"name\":\"Home\",\"item\":\"https:\/\/ilgiardinodicorten.it\/de\/\"},{\"@type\":\"ListItem\",\"position\":2,\"name\":\"Einkaufen\",\"item\":\"https:\/\/ilgiardinodicorten.it\/de\/einkaufen\/\"},{\"@type\":\"ListItem\",\"position\":3,\"name\":\"Fioriera Tebe Rettangolare\"}]},{\"@type\":\"WebSite\",\"@id\":\"https:\/\/ilgiardinodicorten.it\/#website\",\"url\":\"https:\/\/ilgiardinodicorten.it\/\",\"name\":\"Il Giardino di Corten\",\"description\":\"\",\"potentialAction\":[{\"@type\":\"SearchAction\",\"target\":{\"@type\":\"EntryPoint\",\"urlTemplate\":\"https:\/\/ilgiardinodicorten.it\/?s={search_term_string}\"},\"query-input\":{\"@type\":\"PropertyValueSpecification\",\"valueRequired\":true,\"valueName\":\"search_term_string\"}}],\"inLanguage\":\"de\"}]}<\/script>\n<!-- \/ Yoast SEO plugin. -->","yoast_head_json":{"title":"Fioriera Tebe Rettangolare - Il Giardino di Corten","robots":{"index":"index","follow":"follow","max-snippet":"max-snippet:-1","max-image-preview":"max-image-preview:large","max-video-preview":"max-video-preview:-1"},"canonical":"https:\/\/ilgiardinodicorten.it\/produkt\/fioriera-tebe-rettangolare\/","og_locale":"de_DE","og_type":"article","og_title":"Fioriera Tebe Rettangolare - Il Giardino di Corten","og_description":"Das rechteckige Pflanzgef\u00e4\u00df Tebe ist die originelle L\u00f6sung f\u00fcr Freifl\u00e4chen, G\u00e4rten, Balkone, Terrassen, \u00f6ffentliche Pl\u00e4tze und Restaurants mit einem internen System zur Wasserspeicherung und allm\u00e4hlichen Abgabe an den Boden.","og_url":"https:\/\/ilgiardinodicorten.it\/produkt\/fioriera-tebe-rettangolare\/","og_site_name":"Il Giardino di Corten","article_modified_time":"2024-05-10T15:03:47+00:00","og_image":[{"width":780,"height":619,"url":"https:\/\/ilgiardinodicorten.it\/wp-content\/uploads\/2017\/10\/fioriera-tebe-rettangolare-2.jpg","type":"image\/jpeg"}],"twitter_card":"summary_large_image","twitter_misc":{"Gesch\u00e4tzte Lesezeit":"1\u00a0Minute"},"schema":{"@context":"https:\/\/schema.org","@graph":[{"@type":"WebPage","@id":"https:\/\/ilgiardinodicorten.it\/produkt\/fioriera-tebe-rettangolare\/","url":"https:\/\/ilgiardinodicorten.it\/produkt\/fioriera-tebe-rettangolare\/","name":"Fioriera Tebe Rettangolare - Il Giardino di Corten","isPartOf":{"@id":"https:\/\/ilgiardinodicorten.it\/#website"},"primaryImageOfPage":{"@id":"https:\/\/ilgiardinodicorten.it\/produkt\/fioriera-tebe-rettangolare\/#primaryimage"},"image":{"@id":"https:\/\/ilgiardinodicorten.it\/produkt\/fioriera-tebe-rettangolare\/#primaryimage"},"thumbnailUrl":"https:\/\/ilgiardinodicorten.it\/wp-content\/uploads\/2017\/10\/fioriera-tebe-rettangolare-2.jpg","datePublished":"2017-10-11T06:38:56+00:00","dateModified":"2024-05-10T15:03:47+00:00","breadcrumb":{"@id":"https:\/\/ilgiardinodicorten.it\/produkt\/fioriera-tebe-rettangolare\/#breadcrumb"},"inLanguage":"de","potentialAction":[{"@type":"ReadAction","target":["https:\/\/ilgiardinodicorten.it\/produkt\/fioriera-tebe-rettangolare\/"]}]},{"@type":"ImageObject","inLanguage":"de","@id":"https:\/\/ilgiardinodicorten.it\/produkt\/fioriera-tebe-rettangolare\/#primaryimage","url":"https:\/\/ilgiardinodicorten.it\/wp-content\/uploads\/2017\/10\/fioriera-tebe-rettangolare-2.jpg","contentUrl":"https:\/\/ilgiardinodicorten.it\/wp-content\/uploads\/2017\/10\/fioriera-tebe-rettangolare-2.jpg","width":780,"height":619},{"@type":"BreadcrumbList","@id":"https:\/\/ilgiardinodicorten.it\/produkt\/fioriera-tebe-rettangolare\/#breadcrumb","itemListElement":[{"@type":"ListItem","position":1,"name":"Home","item":"https:\/\/ilgiardinodicorten.it\/de\/"},{"@type":"ListItem","position":2,"name":"Einkaufen","item":"https:\/\/ilgiardinodicorten.it\/de\/einkaufen\/"},{"@type":"ListItem","position":3,"name":"Fioriera Tebe Rettangolare"}]},{"@type":"WebSite","@id":"https:\/\/ilgiardinodicorten.it\/#website","url":"https:\/\/ilgiardinodicorten.it\/","name":"Il Giardino di Corten","description":"","potentialAction":[{"@type":"SearchAction","target":{"@type":"EntryPoint","urlTemplate":"https:\/\/ilgiardinodicorten.it\/?s={search_term_string}"},"query-input":{"@type":"PropertyValueSpecification","valueRequired":true,"valueName":"search_term_string"}}],"inLanguage":"de"}]}},"_links":{"self":[{"href":"https:\/\/ilgiardinodicorten.it\/de\/wp-json\/wp\/v2\/product\/22288","targetHints":{"allow":["GET"]}}],"collection":[{"href":"https:\/\/ilgiardinodicorten.it\/de\/wp-json\/wp\/v2\/product"}],"about":[{"href":"https:\/\/ilgiardinodicorten.it\/de\/wp-json\/wp\/v2\/types\/product"}],"wp:featuredmedia":[{"embeddable":true,"href":"https:\/\/ilgiardinodicorten.it\/de\/wp-json\/wp\/v2\/media\/20757"}],"wp:attachment":[{"href":"https:\/\/ilgiardinodicorten.it\/de\/wp-json\/wp\/v2\/media?parent=22288"}],"wp:term":[{"taxonomy":"product_brand","embeddable":true,"href":"https:\/\/ilgiardinodicorten.it\/de\/wp-json\/wp\/v2\/product_brand?post=22288"},{"taxonomy":"product_cat","embeddable":true,"href":"https:\/\/ilgiardinodicorten.it\/de\/wp-json\/wp\/v2\/product_cat?post=22288"},{"taxonomy":"product_tag","embeddable":true,"href":"https:\/\/ilgiardinodicorten.it\/de\/wp-json\/wp\/v2\/product_tag?post=22288"}],"curies":[{"name":"wp","href":"https:\/\/api.w.org\/{rel}","templated":true}]}}