{"id":22303,"date":"2022-12-14T12:15:18","date_gmt":"2022-12-14T11:15:18","guid":{"rendered":"https:\/\/ilgiardinodicorten.it\/prodotto\/conviviumbasisset-holzgrill\/"},"modified":"2024-05-10T17:06:14","modified_gmt":"2024-05-10T15:06:14","slug":"conviviumbasisset-holzgrill","status":"publish","type":"product","link":"https:\/\/ilgiardinodicorten.it\/de\/produkt\/conviviumbasisset-holzgrill\/","title":{"rendered":"Convivium<br>Basisset Holzgrill"},"content":{"rendered":"<p><span style=\"font-weight: 400;\">Durch seinen modularen Aufbau in Gr\u00f6\u00dfe und Ausstattung anpassbar, hat er eine das Design pr\u00e4gende geriffelte Front, die ein perspektivisches Spiel von Licht und Schatten erzeugt, im Einklang mit dem Landschaft und mit der \u00e4u\u00dferen Architektur.<\/span><\/p>\n<p><span style=\"font-weight: 400;\">\u00a0Die warme Oberfl\u00e4che von Cortenstahl verbindet sich mit den Reflexionen von Edelstahl und schafft ein raffiniertes Ganzes, das gleichzeitig witterungsbest\u00e4ndig ist.<\/span><\/p>\n<p><span style=\"font-weight: 400;\">Die Unterthekenf\u00e4cher mit T\u00fcren aus Cortenstahl und vertikalen Edelstahlgriffen erf\u00fcllen alle Anforderungen an die Aufbewahrung und erm\u00f6glichen Ihnen die Aufbewahrung des gesamten Zubeh\u00f6rs f\u00fcr die Zubereitung und den Service .<\/span><\/p>\n<p><span style=\"font-weight: 400;\">Die Edelstahlsp\u00fcle verf\u00fcgt \u00fcber ausziehbare Wasserh\u00e4hne, die im eingefahrenen Zustand koplanar werden und an Hausinstallationen oder einen normalen Gartenschlauch mit gleitendem Abfluss am Boden angeschlossen werden k\u00f6nnen weg im Schrank.<\/span><\/p>\n","protected":false},"excerpt":{"rendered":"<p>Die Materialit\u00e4t und die Best\u00e4ndigkeit von Corten-Stahl sind die Protagonisten eines beispiellosen modularen Systems zum Kochen und zum Servieren von Cocktails im Freien.<br \/>\nAusgestattet nach Belieben mit Elektro-, Holzkohle- oder Gasgrills, Edelstahlspu\u0308le, ausziehbaren Wasserh\u00e4hnen, Schneidebrettern aus Holz und Beh\u00e4ltern fu\u0308r Gewu\u0308rze oder fu\u0308r Eis, handelt es sich um ein echtes Labor, in dem man der eigenen Kreativit\u00e4t freien Lauf lassen und ein raffiniertes und angenehmes Zusammensein im Kontakt mit der Natur erleben kann.<\/p>\n","protected":false},"featured_media":21510,"template":"","meta":{"_acf_changed":false},"product_brand":[],"product_cat":[292],"product_tag":[],"class_list":{"0":"post-22303","1":"product","2":"type-product","3":"status-publish","4":"has-post-thumbnail","6":"product_cat-convivium-de","9":"first","10":"instock","11":"taxable","12":"shipping-taxable","13":"product-type-simple"},"acf":[],"yoast_head":"<!-- This site is optimized with the Yoast SEO plugin v27.1.1 - https:\/\/yoast.com\/product\/yoast-seo-wordpress\/ -->\n<title>ConviviumBasisset Holzgrill - Il Giardino di Corten<\/title>\n<meta name=\"robots\" content=\"index, follow, max-snippet:-1, max-image-preview:large, max-video-preview:-1\" \/>\n<link rel=\"canonical\" href=\"https:\/\/ilgiardinodicorten.it\/produkt\/conviviumset-base-griglia-a-legna\/\" \/>\n<meta property=\"og:locale\" content=\"de_DE\" \/>\n<meta property=\"og:type\" content=\"article\" \/>\n<meta property=\"og:title\" content=\"ConviviumBasisset Holzgrill - Il Giardino di Corten\" \/>\n<meta property=\"og:description\" content=\"Die Materialit\u00e4t und die Best\u00e4ndigkeit von Corten-Stahl sind die Protagonisten eines beispiellosen modularen Systems zum Kochen und zum Servieren von Cocktails im Freien. Ausgestattet nach Belieben mit Elektro-, Holzkohle- oder Gasgrills, Edelstahlspu\u0308le, ausziehbaren Wasserh\u00e4hnen, Schneidebrettern aus Holz und Beh\u00e4ltern fu\u0308r Gewu\u0308rze oder fu\u0308r Eis, handelt es sich um ein echtes Labor, in dem man der eigenen Kreativit\u00e4t freien Lauf lassen und ein raffiniertes und angenehmes Zusammensein im Kontakt mit der Natur erleben kann.\" \/>\n<meta property=\"og:url\" content=\"https:\/\/ilgiardinodicorten.it\/produkt\/conviviumset-base-griglia-a-legna\/\" \/>\n<meta property=\"og:site_name\" content=\"Il Giardino di Corten\" \/>\n<meta property=\"article:modified_time\" content=\"2024-05-10T15:06:14+00:00\" \/>\n<meta property=\"og:image\" content=\"https:\/\/ilgiardinodicorten.it\/wp-content\/uploads\/2022\/12\/convivium-set-base-griglia-a-legna.jpg\" \/>\n\t<meta property=\"og:image:width\" content=\"546\" \/>\n\t<meta property=\"og:image:height\" content=\"368\" \/>\n\t<meta property=\"og:image:type\" content=\"image\/jpeg\" \/>\n<meta name=\"twitter:card\" content=\"summary_large_image\" \/>\n<meta name=\"twitter:label1\" content=\"Gesch\u00e4tzte Lesezeit\" \/>\n\t<meta name=\"twitter:data1\" content=\"1\u00a0Minute\" \/>\n<script type=\"application\/ld+json\" class=\"yoast-schema-graph\">{\"@context\":\"https:\/\/schema.org\",\"@graph\":[{\"@type\":\"WebPage\",\"@id\":\"https:\/\/ilgiardinodicorten.it\/produkt\/conviviumset-base-griglia-a-legna\/\",\"url\":\"https:\/\/ilgiardinodicorten.it\/produkt\/conviviumset-base-griglia-a-legna\/\",\"name\":\"Convivium Basisset Holzgrill - Il Giardino di Corten\",\"isPartOf\":{\"@id\":\"https:\/\/ilgiardinodicorten.it\/#website\"},\"primaryImageOfPage\":{\"@id\":\"https:\/\/ilgiardinodicorten.it\/produkt\/conviviumset-base-griglia-a-legna\/#primaryimage\"},\"image\":{\"@id\":\"https:\/\/ilgiardinodicorten.it\/produkt\/conviviumset-base-griglia-a-legna\/#primaryimage\"},\"thumbnailUrl\":\"https:\/\/ilgiardinodicorten.it\/wp-content\/uploads\/2022\/12\/convivium-set-base-griglia-a-legna.jpg\",\"datePublished\":\"2022-12-14T11:15:18+00:00\",\"dateModified\":\"2024-05-10T15:06:14+00:00\",\"breadcrumb\":{\"@id\":\"https:\/\/ilgiardinodicorten.it\/produkt\/conviviumset-base-griglia-a-legna\/#breadcrumb\"},\"inLanguage\":\"de\",\"potentialAction\":[{\"@type\":\"ReadAction\",\"target\":[\"https:\/\/ilgiardinodicorten.it\/produkt\/conviviumset-base-griglia-a-legna\/\"]}]},{\"@type\":\"ImageObject\",\"inLanguage\":\"de\",\"@id\":\"https:\/\/ilgiardinodicorten.it\/produkt\/conviviumset-base-griglia-a-legna\/#primaryimage\",\"url\":\"https:\/\/ilgiardinodicorten.it\/wp-content\/uploads\/2022\/12\/convivium-set-base-griglia-a-legna.jpg\",\"contentUrl\":\"https:\/\/ilgiardinodicorten.it\/wp-content\/uploads\/2022\/12\/convivium-set-base-griglia-a-legna.jpg\",\"width\":546,\"height\":368},{\"@type\":\"BreadcrumbList\",\"@id\":\"https:\/\/ilgiardinodicorten.it\/produkt\/conviviumset-base-griglia-a-legna\/#breadcrumb\",\"itemListElement\":[{\"@type\":\"ListItem\",\"position\":1,\"name\":\"Home\",\"item\":\"https:\/\/ilgiardinodicorten.it\/de\/\"},{\"@type\":\"ListItem\",\"position\":2,\"name\":\"Einkaufen\",\"item\":\"https:\/\/ilgiardinodicorten.it\/de\/einkaufen\/\"},{\"@type\":\"ListItem\",\"position\":3,\"name\":\"ConviviumBasisset Holzgrill\"}]},{\"@type\":\"WebSite\",\"@id\":\"https:\/\/ilgiardinodicorten.it\/#website\",\"url\":\"https:\/\/ilgiardinodicorten.it\/\",\"name\":\"Il Giardino di Corten\",\"description\":\"\",\"potentialAction\":[{\"@type\":\"SearchAction\",\"target\":{\"@type\":\"EntryPoint\",\"urlTemplate\":\"https:\/\/ilgiardinodicorten.it\/?s={search_term_string}\"},\"query-input\":{\"@type\":\"PropertyValueSpecification\",\"valueRequired\":true,\"valueName\":\"search_term_string\"}}],\"inLanguage\":\"de\"}]}<\/script>\n<!-- \/ Yoast SEO plugin. -->","yoast_head_json":{"title":"ConviviumBasisset Holzgrill - Il Giardino di Corten","robots":{"index":"index","follow":"follow","max-snippet":"max-snippet:-1","max-image-preview":"max-image-preview:large","max-video-preview":"max-video-preview:-1"},"canonical":"https:\/\/ilgiardinodicorten.it\/produkt\/conviviumset-base-griglia-a-legna\/","og_locale":"de_DE","og_type":"article","og_title":"ConviviumBasisset Holzgrill - Il Giardino di Corten","og_description":"Die Materialit\u00e4t und die Best\u00e4ndigkeit von Corten-Stahl sind die Protagonisten eines beispiellosen modularen Systems zum Kochen und zum Servieren von Cocktails im Freien. Ausgestattet nach Belieben mit Elektro-, Holzkohle- oder Gasgrills, Edelstahlspu\u0308le, ausziehbaren Wasserh\u00e4hnen, Schneidebrettern aus Holz und Beh\u00e4ltern fu\u0308r Gewu\u0308rze oder fu\u0308r Eis, handelt es sich um ein echtes Labor, in dem man der eigenen Kreativit\u00e4t freien Lauf lassen und ein raffiniertes und angenehmes Zusammensein im Kontakt mit der Natur erleben kann.","og_url":"https:\/\/ilgiardinodicorten.it\/produkt\/conviviumset-base-griglia-a-legna\/","og_site_name":"Il Giardino di Corten","article_modified_time":"2024-05-10T15:06:14+00:00","og_image":[{"width":546,"height":368,"url":"https:\/\/ilgiardinodicorten.it\/wp-content\/uploads\/2022\/12\/convivium-set-base-griglia-a-legna.jpg","type":"image\/jpeg"}],"twitter_card":"summary_large_image","twitter_misc":{"Gesch\u00e4tzte Lesezeit":"1\u00a0Minute"},"schema":{"@context":"https:\/\/schema.org","@graph":[{"@type":"WebPage","@id":"https:\/\/ilgiardinodicorten.it\/produkt\/conviviumset-base-griglia-a-legna\/","url":"https:\/\/ilgiardinodicorten.it\/produkt\/conviviumset-base-griglia-a-legna\/","name":"Convivium Basisset Holzgrill - Il Giardino di Corten","isPartOf":{"@id":"https:\/\/ilgiardinodicorten.it\/#website"},"primaryImageOfPage":{"@id":"https:\/\/ilgiardinodicorten.it\/produkt\/conviviumset-base-griglia-a-legna\/#primaryimage"},"image":{"@id":"https:\/\/ilgiardinodicorten.it\/produkt\/conviviumset-base-griglia-a-legna\/#primaryimage"},"thumbnailUrl":"https:\/\/ilgiardinodicorten.it\/wp-content\/uploads\/2022\/12\/convivium-set-base-griglia-a-legna.jpg","datePublished":"2022-12-14T11:15:18+00:00","dateModified":"2024-05-10T15:06:14+00:00","breadcrumb":{"@id":"https:\/\/ilgiardinodicorten.it\/produkt\/conviviumset-base-griglia-a-legna\/#breadcrumb"},"inLanguage":"de","potentialAction":[{"@type":"ReadAction","target":["https:\/\/ilgiardinodicorten.it\/produkt\/conviviumset-base-griglia-a-legna\/"]}]},{"@type":"ImageObject","inLanguage":"de","@id":"https:\/\/ilgiardinodicorten.it\/produkt\/conviviumset-base-griglia-a-legna\/#primaryimage","url":"https:\/\/ilgiardinodicorten.it\/wp-content\/uploads\/2022\/12\/convivium-set-base-griglia-a-legna.jpg","contentUrl":"https:\/\/ilgiardinodicorten.it\/wp-content\/uploads\/2022\/12\/convivium-set-base-griglia-a-legna.jpg","width":546,"height":368},{"@type":"BreadcrumbList","@id":"https:\/\/ilgiardinodicorten.it\/produkt\/conviviumset-base-griglia-a-legna\/#breadcrumb","itemListElement":[{"@type":"ListItem","position":1,"name":"Home","item":"https:\/\/ilgiardinodicorten.it\/de\/"},{"@type":"ListItem","position":2,"name":"Einkaufen","item":"https:\/\/ilgiardinodicorten.it\/de\/einkaufen\/"},{"@type":"ListItem","position":3,"name":"ConviviumBasisset Holzgrill"}]},{"@type":"WebSite","@id":"https:\/\/ilgiardinodicorten.it\/#website","url":"https:\/\/ilgiardinodicorten.it\/","name":"Il Giardino di Corten","description":"","potentialAction":[{"@type":"SearchAction","target":{"@type":"EntryPoint","urlTemplate":"https:\/\/ilgiardinodicorten.it\/?s={search_term_string}"},"query-input":{"@type":"PropertyValueSpecification","valueRequired":true,"valueName":"search_term_string"}}],"inLanguage":"de"}]}},"_links":{"self":[{"href":"https:\/\/ilgiardinodicorten.it\/de\/wp-json\/wp\/v2\/product\/22303","targetHints":{"allow":["GET"]}}],"collection":[{"href":"https:\/\/ilgiardinodicorten.it\/de\/wp-json\/wp\/v2\/product"}],"about":[{"href":"https:\/\/ilgiardinodicorten.it\/de\/wp-json\/wp\/v2\/types\/product"}],"wp:featuredmedia":[{"embeddable":true,"href":"https:\/\/ilgiardinodicorten.it\/de\/wp-json\/wp\/v2\/media\/21510"}],"wp:attachment":[{"href":"https:\/\/ilgiardinodicorten.it\/de\/wp-json\/wp\/v2\/media?parent=22303"}],"wp:term":[{"taxonomy":"product_brand","embeddable":true,"href":"https:\/\/ilgiardinodicorten.it\/de\/wp-json\/wp\/v2\/product_brand?post=22303"},{"taxonomy":"product_cat","embeddable":true,"href":"https:\/\/ilgiardinodicorten.it\/de\/wp-json\/wp\/v2\/product_cat?post=22303"},{"taxonomy":"product_tag","embeddable":true,"href":"https:\/\/ilgiardinodicorten.it\/de\/wp-json\/wp\/v2\/product_tag?post=22303"}],"curies":[{"name":"wp","href":"https:\/\/api.w.org\/{rel}","templated":true}]}}