{"id":22648,"date":"2022-07-27T17:30:20","date_gmt":"2022-07-27T15:30:20","guid":{"rendered":"https:\/\/ilgiardinodicorten.it\/paiements\/"},"modified":"2023-01-19T10:02:43","modified_gmt":"2023-01-19T09:02:43","slug":"paiements","status":"publish","type":"page","link":"https:\/\/ilgiardinodicorten.it\/fr\/paiements\/","title":{"rendered":"Paiements"},"content":{"rendered":"\t\t<div data-elementor-type=\"wp-page\" data-elementor-id=\"22648\" class=\"elementor elementor-22648 elementor-18763\" data-elementor-post-type=\"page\">\n\t\t\t\t\t\t<section class=\"elementor-section elementor-top-section elementor-element elementor-element-94935b5 elementor-section-boxed elementor-section-height-default elementor-section-height-default wpr-particle-no wpr-jarallax-no wpr-parallax-no wpr-sticky-section-no\" data-id=\"94935b5\" data-element_type=\"section\" data-e-type=\"section\">\n\t\t\t\t\t\t<div class=\"elementor-container elementor-column-gap-default\">\n\t\t\t\t\t<div class=\"elementor-column elementor-col-100 elementor-top-column elementor-element elementor-element-9e9e9da\" data-id=\"9e9e9da\" data-element_type=\"column\" data-e-type=\"column\">\n\t\t\t<div class=\"elementor-widget-wrap elementor-element-populated\">\n\t\t\t\t\t\t<div class=\"elementor-element elementor-element-98faf23 elementor-widget elementor-widget-heading\" data-id=\"98faf23\" data-element_type=\"widget\" data-e-type=\"widget\" data-widget_type=\"heading.default\">\n\t\t\t\t<div class=\"elementor-widget-container\">\n\t\t\t\t\t<h2 class=\"elementor-heading-title elementor-size-default\">Carte de cr\u00e9dit<\/h2>\t\t\t\t<\/div>\n\t\t\t\t<\/div>\n\t\t\t\t<div class=\"elementor-element elementor-element-d69c84f elementor-widget elementor-widget-text-editor\" data-id=\"d69c84f\" data-element_type=\"widget\" data-e-type=\"widget\" data-widget_type=\"text-editor.default\">\n\t\t\t\t<div class=\"elementor-widget-container\">\n\t\t\t\t\t\t\t\t\tPour le paiement par carte de cr\u00e9dit, nous nous appuyons sur le syst\u00e8me de paiement s\u00e9curis\u00e9 propos\u00e9 par PayPal\u00a0: lors de la confirmation de la commande, les donn\u00e9es de la carte de cr\u00e9dit seront transf\u00e9r\u00e9es au gestionnaire de la carte, via une connexion s\u00e9curis\u00e9e crypt\u00e9e SSL (Secure Socket Layer), pour autorisation et d\u00e9bit. Une proc\u00e9dure s\u00fbre et sans risque qui prot\u00e8ge le client de tout abus possible.\r\n\r\nNous vous rappelons que, gr\u00e2ce \u00e0 ce syst\u00e8me, Il Giardino di Corten n&#8217;affiche en aucun cas le num\u00e9ro de carte de cr\u00e9dit de ses clients\t\t\t\t\t\t\t\t<\/div>\n\t\t\t\t<\/div>\n\t\t\t\t<div class=\"elementor-element elementor-element-579e72c elementor-widget elementor-widget-heading\" data-id=\"579e72c\" data-element_type=\"widget\" data-e-type=\"widget\" data-widget_type=\"heading.default\">\n\t\t\t\t<div class=\"elementor-widget-container\">\n\t\t\t\t\t<h2 class=\"elementor-heading-title elementor-size-default\">PayPal<\/h2>\t\t\t\t<\/div>\n\t\t\t\t<\/div>\n\t\t\t\t<div class=\"elementor-element elementor-element-7588d9b elementor-widget elementor-widget-text-editor\" data-id=\"7588d9b\" data-element_type=\"widget\" data-e-type=\"widget\" data-widget_type=\"text-editor.default\">\n\t\t\t\t<div class=\"elementor-widget-container\">\n\t\t\t\t\t\t\t\t\tNous acceptons \u00e9galement les paiements pour ceux qui ont un compte enregistr\u00e9 sur PayPal.\r\n\r\nVos donn\u00e9es financi\u00e8res ne seront pas partag\u00e9es avec Il Giardino di Corten mais seront g\u00e9r\u00e9es directement par PayPal.\r\n\r\nEn cas d&#8217;annulation de la commande (tant par le client que par Il Giardino di Corten), le montant sera cr\u00e9dit\u00e9 sur votre compte PayPal.\r\n\r\nIl Giardino di Corten ne sera pas responsable des retards ou des dommages caus\u00e9 d&#8217;\u00eatre rembours\u00e9.\t\t\t\t\t\t\t\t<\/div>\n\t\t\t\t<\/div>\n\t\t\t\t<div class=\"elementor-element elementor-element-e355175 elementor-widget elementor-widget-heading\" data-id=\"e355175\" data-element_type=\"widget\" data-e-type=\"widget\" data-widget_type=\"heading.default\">\n\t\t\t\t<div class=\"elementor-widget-container\">\n\t\t\t\t\t<h2 class=\"elementor-heading-title elementor-size-default\">Virement<\/h2>\t\t\t\t<\/div>\n\t\t\t\t<\/div>\n\t\t\t\t<div class=\"elementor-element elementor-element-72f6769 elementor-widget elementor-widget-text-editor\" data-id=\"72f6769\" data-element_type=\"widget\" data-e-type=\"widget\" data-widget_type=\"text-editor.default\">\n\t\t\t\t<div class=\"elementor-widget-container\">\n\t\t\t\t\t\t\t\t\tPour le paiement par virement bancaire, les donn\u00e9es d&#8217;en-t\u00eate sont les suivantes\u00a0:\r\n<div><b>UNICREDIT BANCA<\/b><\/div>\r\n<div><b>IT 21 B 02008 64280 000002761162<\/b><\/div>\r\n<div><b>BIC SWIFT\u00a0: UNCRITM1UU3<\/b><\/div>\r\n<div><\/div>\r\n<div>Les produits achet\u00e9s par virement bancaire ne sont r\u00e9serv\u00e9s qu&#8217;apr\u00e8s r\u00e9ception par e-mail de la copie du virement bancaire.<\/div>\r\n<div><\/div>\r\n<div>Il Giardino di Corten n&#8217;enverra les produits que lorsque le montant correspondant aura \u00e9t\u00e9 cr\u00e9dit\u00e9 sur le compte courant indiqu\u00e9 ci-dessus.<\/div>\t\t\t\t\t\t\t\t<\/div>\n\t\t\t\t<\/div>\n\t\t\t\t<div class=\"elementor-element elementor-element-5daec32 elementor-widget elementor-widget-text-editor\" data-id=\"5daec32\" data-element_type=\"widget\" data-e-type=\"widget\" data-widget_type=\"text-editor.default\">\n\t\t\t\t<div class=\"elementor-widget-container\">\n\t\t\t\t\t\t\t\t\t<p>Il Giardino di Corten peut ne pas accepter la demande de remplacement s&#8217;il est constat\u00e9 que l&#8217;article a \u00e9t\u00e9 endommag\u00e9 en raison d&#8217;un emballage inappropri\u00e9 lors du retour par le client ou en raison de l&#8217;absence de composants pr\u00e9c\u00e9demment pr\u00e9sents dans l&#8217;emballage de l&#8217;article.<\/ p>\t\t\t\t\t\t\t\t<\/div>\n\t\t\t\t<\/div>\n\t\t\t\t\t<\/div>\n\t\t<\/div>\n\t\t\t\t\t<\/div>\n\t\t<\/section>\n\t\t\t\t<\/div>\n\t\t","protected":false},"excerpt":{"rendered":"<p>Carte de cr\u00e9dit Pour le paiement par carte de cr\u00e9dit, nous nous appuyons sur le syst\u00e8me de paiement s\u00e9curis\u00e9 propos\u00e9 par PayPal\u00a0: lors de la confirmation de la commande, les donn\u00e9es de la carte de cr\u00e9dit seront transf\u00e9r\u00e9es au gestionnaire de la carte, via une connexion s\u00e9curis\u00e9e crypt\u00e9e SSL (Secure Socket Layer), pour autorisation et d\u00e9bit. Une proc\u00e9dure s\u00fbre et sans risque qui prot\u00e8ge le client de tout abus possible. Nous vous rappelons que, gr\u00e2ce \u00e0 ce syst\u00e8me, Il Giardino di Corten n&#8217;affiche en aucun cas le num\u00e9ro de carte de cr\u00e9dit de ses clients PayPal Nous acceptons \u00e9galement les paiements pour ceux qui ont un compte enregistr\u00e9 sur PayPal. Vos donn\u00e9es financi\u00e8res ne seront pas partag\u00e9es avec Il Giardino di Corten mais seront g\u00e9r\u00e9es directement par PayPal. En cas d&#8217;annulation de la commande (tant par le client que par Il Giardino di Corten), le montant sera cr\u00e9dit\u00e9 sur votre compte PayPal. Il Giardino di Corten ne sera pas responsable des retards ou des dommages caus\u00e9 d&#8217;\u00eatre rembours\u00e9. Virement Pour le paiement par virement bancaire, les donn\u00e9es d&#8217;en-t\u00eate sont les suivantes\u00a0: UNICREDIT BANCA IT 21 B 02008 64280 000002761162 BIC SWIFT\u00a0: UNCRITM1UU3 Les produits achet\u00e9s par virement bancaire ne sont r\u00e9serv\u00e9s qu&#8217;apr\u00e8s r\u00e9ception par e-mail de la copie du virement bancaire. Il Giardino di Corten n&#8217;enverra les produits que lorsque le montant correspondant aura \u00e9t\u00e9 cr\u00e9dit\u00e9 sur le compte courant indiqu\u00e9 ci-dessus. Il Giardino di Corten peut ne pas accepter la demande de remplacement s&#8217;il est constat\u00e9 que l&#8217;article a \u00e9t\u00e9 endommag\u00e9 en raison d&#8217;un emballage inappropri\u00e9 lors du retour par le client ou en raison de l&#8217;absence de composants pr\u00e9c\u00e9demment pr\u00e9sents dans l&#8217;emballage de l&#8217;article.<\/p>\n","protected":false},"author":1,"featured_media":0,"parent":0,"menu_order":0,"comment_status":"closed","ping_status":"closed","template":"page-templates\/default-page.php","meta":{"_acf_changed":false,"footnotes":""},"class_list":["post-22648","page","type-page","status-publish","hentry"],"acf":[],"yoast_head":"<!-- This site is optimized with the Yoast SEO plugin v27.1.1 - https:\/\/yoast.com\/product\/yoast-seo-wordpress\/ -->\n<title>Paiements - Il Giardino di Corten<\/title>\n<meta name=\"robots\" content=\"index, follow, max-snippet:-1, max-image-preview:large, max-video-preview:-1\" \/>\n<link rel=\"canonical\" href=\"https:\/\/ilgiardinodicorten.it\/fr\/paiements\/\" \/>\n<meta property=\"og:locale\" content=\"fr_FR\" \/>\n<meta property=\"og:type\" content=\"article\" \/>\n<meta property=\"og:title\" content=\"Paiements - Il Giardino di Corten\" \/>\n<meta property=\"og:description\" content=\"Carte de cr\u00e9dit Pour le paiement par carte de cr\u00e9dit, nous nous appuyons sur le syst\u00e8me de paiement s\u00e9curis\u00e9 propos\u00e9 par PayPal\u00a0: lors de la confirmation de la commande, les donn\u00e9es de la carte de cr\u00e9dit seront transf\u00e9r\u00e9es au gestionnaire de la carte, via une connexion s\u00e9curis\u00e9e crypt\u00e9e SSL (Secure Socket Layer), pour autorisation et d\u00e9bit. Une proc\u00e9dure s\u00fbre et sans risque qui prot\u00e8ge le client de tout abus possible. Nous vous rappelons que, gr\u00e2ce \u00e0 ce syst\u00e8me, Il Giardino di Corten n&#8217;affiche en aucun cas le num\u00e9ro de carte de cr\u00e9dit de ses clients PayPal Nous acceptons \u00e9galement les paiements pour ceux qui ont un compte enregistr\u00e9 sur PayPal. Vos donn\u00e9es financi\u00e8res ne seront pas partag\u00e9es avec Il Giardino di Corten mais seront g\u00e9r\u00e9es directement par PayPal. En cas d&#8217;annulation de la commande (tant par le client que par Il Giardino di Corten), le montant sera cr\u00e9dit\u00e9 sur votre compte PayPal. Il Giardino di Corten ne sera pas responsable des retards ou des dommages caus\u00e9 d&#8217;\u00eatre rembours\u00e9. Virement Pour le paiement par virement bancaire, les donn\u00e9es d&#8217;en-t\u00eate sont les suivantes\u00a0: UNICREDIT BANCA IT 21 B 02008 64280 000002761162 BIC SWIFT\u00a0: UNCRITM1UU3 Les produits achet\u00e9s par virement bancaire ne sont r\u00e9serv\u00e9s qu&#8217;apr\u00e8s r\u00e9ception par e-mail de la copie du virement bancaire. Il Giardino di Corten n&#8217;enverra les produits que lorsque le montant correspondant aura \u00e9t\u00e9 cr\u00e9dit\u00e9 sur le compte courant indiqu\u00e9 ci-dessus. Il Giardino di Corten peut ne pas accepter la demande de remplacement s&#8217;il est constat\u00e9 que l&#8217;article a \u00e9t\u00e9 endommag\u00e9 en raison d&#8217;un emballage inappropri\u00e9 lors du retour par le client ou en raison de l&#8217;absence de composants pr\u00e9c\u00e9demment pr\u00e9sents dans l&#8217;emballage de l&#8217;article.\" \/>\n<meta property=\"og:url\" content=\"https:\/\/ilgiardinodicorten.it\/fr\/paiements\/\" \/>\n<meta property=\"og:site_name\" content=\"Il Giardino di Corten\" \/>\n<meta property=\"article:modified_time\" content=\"2023-01-19T09:02:43+00:00\" \/>\n<meta name=\"twitter:card\" content=\"summary_large_image\" \/>\n<meta name=\"twitter:label1\" content=\"Dur\u00e9e de lecture estim\u00e9e\" \/>\n\t<meta name=\"twitter:data1\" content=\"2 minutes\" \/>\n<script type=\"application\/ld+json\" class=\"yoast-schema-graph\">{\"@context\":\"https:\/\/schema.org\",\"@graph\":[{\"@type\":\"WebPage\",\"@id\":\"https:\/\/ilgiardinodicorten.it\/fr\/paiements\/\",\"url\":\"https:\/\/ilgiardinodicorten.it\/fr\/paiements\/\",\"name\":\"Paiements - Il Giardino di Corten\",\"isPartOf\":{\"@id\":\"https:\/\/ilgiardinodicorten.it\/#website\"},\"datePublished\":\"2022-07-27T15:30:20+00:00\",\"dateModified\":\"2023-01-19T09:02:43+00:00\",\"breadcrumb\":{\"@id\":\"https:\/\/ilgiardinodicorten.it\/fr\/paiements\/#breadcrumb\"},\"inLanguage\":\"fr-FR\",\"potentialAction\":[{\"@type\":\"ReadAction\",\"target\":[\"https:\/\/ilgiardinodicorten.it\/fr\/paiements\/\"]}]},{\"@type\":\"BreadcrumbList\",\"@id\":\"https:\/\/ilgiardinodicorten.it\/fr\/paiements\/#breadcrumb\",\"itemListElement\":[{\"@type\":\"ListItem\",\"position\":1,\"name\":\"Home\",\"item\":\"https:\/\/ilgiardinodicorten.it\/fr\/\"},{\"@type\":\"ListItem\",\"position\":2,\"name\":\"Paiements\"}]},{\"@type\":\"WebSite\",\"@id\":\"https:\/\/ilgiardinodicorten.it\/#website\",\"url\":\"https:\/\/ilgiardinodicorten.it\/\",\"name\":\"Il Giardino di Corten\",\"description\":\"\",\"potentialAction\":[{\"@type\":\"SearchAction\",\"target\":{\"@type\":\"EntryPoint\",\"urlTemplate\":\"https:\/\/ilgiardinodicorten.it\/?s={search_term_string}\"},\"query-input\":{\"@type\":\"PropertyValueSpecification\",\"valueRequired\":true,\"valueName\":\"search_term_string\"}}],\"inLanguage\":\"fr-FR\"}]}<\/script>\n<!-- \/ Yoast SEO plugin. -->","yoast_head_json":{"title":"Paiements - Il Giardino di Corten","robots":{"index":"index","follow":"follow","max-snippet":"max-snippet:-1","max-image-preview":"max-image-preview:large","max-video-preview":"max-video-preview:-1"},"canonical":"https:\/\/ilgiardinodicorten.it\/fr\/paiements\/","og_locale":"fr_FR","og_type":"article","og_title":"Paiements - Il Giardino di Corten","og_description":"Carte de cr\u00e9dit Pour le paiement par carte de cr\u00e9dit, nous nous appuyons sur le syst\u00e8me de paiement s\u00e9curis\u00e9 propos\u00e9 par PayPal\u00a0: lors de la confirmation de la commande, les donn\u00e9es de la carte de cr\u00e9dit seront transf\u00e9r\u00e9es au gestionnaire de la carte, via une connexion s\u00e9curis\u00e9e crypt\u00e9e SSL (Secure Socket Layer), pour autorisation et d\u00e9bit. Une proc\u00e9dure s\u00fbre et sans risque qui prot\u00e8ge le client de tout abus possible. Nous vous rappelons que, gr\u00e2ce \u00e0 ce syst\u00e8me, Il Giardino di Corten n&#8217;affiche en aucun cas le num\u00e9ro de carte de cr\u00e9dit de ses clients PayPal Nous acceptons \u00e9galement les paiements pour ceux qui ont un compte enregistr\u00e9 sur PayPal. Vos donn\u00e9es financi\u00e8res ne seront pas partag\u00e9es avec Il Giardino di Corten mais seront g\u00e9r\u00e9es directement par PayPal. En cas d&#8217;annulation de la commande (tant par le client que par Il Giardino di Corten), le montant sera cr\u00e9dit\u00e9 sur votre compte PayPal. Il Giardino di Corten ne sera pas responsable des retards ou des dommages caus\u00e9 d&#8217;\u00eatre rembours\u00e9. Virement Pour le paiement par virement bancaire, les donn\u00e9es d&#8217;en-t\u00eate sont les suivantes\u00a0: UNICREDIT BANCA IT 21 B 02008 64280 000002761162 BIC SWIFT\u00a0: UNCRITM1UU3 Les produits achet\u00e9s par virement bancaire ne sont r\u00e9serv\u00e9s qu&#8217;apr\u00e8s r\u00e9ception par e-mail de la copie du virement bancaire. Il Giardino di Corten n&#8217;enverra les produits que lorsque le montant correspondant aura \u00e9t\u00e9 cr\u00e9dit\u00e9 sur le compte courant indiqu\u00e9 ci-dessus. Il Giardino di Corten peut ne pas accepter la demande de remplacement s&#8217;il est constat\u00e9 que l&#8217;article a \u00e9t\u00e9 endommag\u00e9 en raison d&#8217;un emballage inappropri\u00e9 lors du retour par le client ou en raison de l&#8217;absence de composants pr\u00e9c\u00e9demment pr\u00e9sents dans l&#8217;emballage de l&#8217;article.","og_url":"https:\/\/ilgiardinodicorten.it\/fr\/paiements\/","og_site_name":"Il Giardino di Corten","article_modified_time":"2023-01-19T09:02:43+00:00","twitter_card":"summary_large_image","twitter_misc":{"Dur\u00e9e de lecture estim\u00e9e":"2 minutes"},"schema":{"@context":"https:\/\/schema.org","@graph":[{"@type":"WebPage","@id":"https:\/\/ilgiardinodicorten.it\/fr\/paiements\/","url":"https:\/\/ilgiardinodicorten.it\/fr\/paiements\/","name":"Paiements - Il Giardino di Corten","isPartOf":{"@id":"https:\/\/ilgiardinodicorten.it\/#website"},"datePublished":"2022-07-27T15:30:20+00:00","dateModified":"2023-01-19T09:02:43+00:00","breadcrumb":{"@id":"https:\/\/ilgiardinodicorten.it\/fr\/paiements\/#breadcrumb"},"inLanguage":"fr-FR","potentialAction":[{"@type":"ReadAction","target":["https:\/\/ilgiardinodicorten.it\/fr\/paiements\/"]}]},{"@type":"BreadcrumbList","@id":"https:\/\/ilgiardinodicorten.it\/fr\/paiements\/#breadcrumb","itemListElement":[{"@type":"ListItem","position":1,"name":"Home","item":"https:\/\/ilgiardinodicorten.it\/fr\/"},{"@type":"ListItem","position":2,"name":"Paiements"}]},{"@type":"WebSite","@id":"https:\/\/ilgiardinodicorten.it\/#website","url":"https:\/\/ilgiardinodicorten.it\/","name":"Il Giardino di Corten","description":"","potentialAction":[{"@type":"SearchAction","target":{"@type":"EntryPoint","urlTemplate":"https:\/\/ilgiardinodicorten.it\/?s={search_term_string}"},"query-input":{"@type":"PropertyValueSpecification","valueRequired":true,"valueName":"search_term_string"}}],"inLanguage":"fr-FR"}]}},"_links":{"self":[{"href":"https:\/\/ilgiardinodicorten.it\/fr\/wp-json\/wp\/v2\/pages\/22648","targetHints":{"allow":["GET"]}}],"collection":[{"href":"https:\/\/ilgiardinodicorten.it\/fr\/wp-json\/wp\/v2\/pages"}],"about":[{"href":"https:\/\/ilgiardinodicorten.it\/fr\/wp-json\/wp\/v2\/types\/page"}],"author":[{"embeddable":true,"href":"https:\/\/ilgiardinodicorten.it\/fr\/wp-json\/wp\/v2\/users\/1"}],"replies":[{"embeddable":true,"href":"https:\/\/ilgiardinodicorten.it\/fr\/wp-json\/wp\/v2\/comments?post=22648"}],"version-history":[{"count":4,"href":"https:\/\/ilgiardinodicorten.it\/fr\/wp-json\/wp\/v2\/pages\/22648\/revisions"}],"predecessor-version":[{"id":23162,"href":"https:\/\/ilgiardinodicorten.it\/fr\/wp-json\/wp\/v2\/pages\/22648\/revisions\/23162"}],"wp:attachment":[{"href":"https:\/\/ilgiardinodicorten.it\/fr\/wp-json\/wp\/v2\/media?parent=22648"}],"curies":[{"name":"wp","href":"https:\/\/api.w.org\/{rel}","templated":true}]}}