{"id":22656,"date":"2022-07-27T17:22:02","date_gmt":"2022-07-27T15:22:02","guid":{"rendered":"https:\/\/ilgiardinodicorten.it\/expeditions\/"},"modified":"2022-12-21T16:14:00","modified_gmt":"2022-12-21T15:14:00","slug":"expeditions","status":"publish","type":"page","link":"https:\/\/ilgiardinodicorten.it\/fr\/expeditions\/","title":{"rendered":"Exp\u00e9ditions"},"content":{"rendered":"\t\t<div data-elementor-type=\"wp-page\" data-elementor-id=\"22656\" class=\"elementor elementor-22656 elementor-18737\" data-elementor-post-type=\"page\">\n\t\t\t\t\t\t<section class=\"elementor-section elementor-top-section elementor-element elementor-element-94935b5 elementor-section-boxed elementor-section-height-default elementor-section-height-default wpr-particle-no wpr-jarallax-no wpr-parallax-no wpr-sticky-section-no\" data-id=\"94935b5\" data-element_type=\"section\" data-e-type=\"section\">\n\t\t\t\t\t\t<div class=\"elementor-container elementor-column-gap-default\">\n\t\t\t\t\t<div class=\"elementor-column elementor-col-100 elementor-top-column elementor-element elementor-element-9e9e9da\" data-id=\"9e9e9da\" data-element_type=\"column\" data-e-type=\"column\">\n\t\t\t<div class=\"elementor-widget-wrap elementor-element-populated\">\n\t\t\t\t\t\t<div class=\"elementor-element elementor-element-98faf23 elementor-widget elementor-widget-heading\" data-id=\"98faf23\" data-element_type=\"widget\" data-e-type=\"widget\" data-widget_type=\"heading.default\">\n\t\t\t\t<div class=\"elementor-widget-container\">\n\t\t\t\t\t<h2 class=\"elementor-heading-title elementor-size-default\">O\u00f9 et quand exp\u00e9dions-nous<\/h2>\t\t\t\t<\/div>\n\t\t\t\t<\/div>\n\t\t\t\t<div class=\"elementor-element elementor-element-d69c84f elementor-widget elementor-widget-text-editor\" data-id=\"d69c84f\" data-element_type=\"widget\" data-e-type=\"widget\" data-widget_type=\"text-editor.default\">\n\t\t\t\t<div class=\"elementor-widget-container\">\n\t\t\t\t\t\t\t\t\t<p>Les produits command\u00e9s sur ilgiardinodicorten.it seront exp\u00e9di\u00e9s dans les pays indiqu\u00e9s ci-dessous. Les envois en dehors du territoire italien ou des \u00eeles seront \u00e9valu\u00e9s et personnalis\u00e9s en fonction du type de produit et du pays de destination.<\/p>\r\n<p>\u2022 Italie<br>\u2022 Saint-Marin<br>\u2022 Cit\u00e9 du Vatican<\/p><p><br><\/p>\r\n<p><\/p>\r\n<p>Vous pouvez demander que l&#8217;envoi soit effectu\u00e9 \u00e0 une adresse autre que votre adresse personnelle ou votre adresse de facturation en s\u00e9lectionnant l&#8217;option correspondante lors de l&#8217;achat, \u00e0 condition que l&#8217;adresse fournie se trouve dans les pays d&#8217;exp\u00e9dition indiqu\u00e9s ci-dessus.< \/p>\r\n<p>L&#8217;envoi sera effectu\u00e9 par coursier pendant les heures de bureau, du lundi au vendredi. Livraison en 2 jours ouvr\u00e9s (sous r\u00e9serve de disponibilit\u00e9 des stocks).<\/p>\r\n<p>Les produits sont livr\u00e9s aux bo\u00eetes postales et poste restante dans tous les bureaux de poste agr\u00e9\u00e9s.<\/p>\r\n<p><br>Veuillez noter que\u00a0:<\/p>\r\n<p>\u2022 Les d\u00e9lais de livraison sont donn\u00e9s \u00e0 titre indicatif et ne tiennent pas compte des retards \u00e9ventuels li\u00e9s \u00e0 la proc\u00e9dure d&#8217;autorisation de paiement.<br>\u2022 Les commandes seront trait\u00e9es conform\u00e9ment aux Conditions G\u00e9n\u00e9rales de Vente. Nous ne pouvons pas modifier la destination des commandes une fois que les produits ont \u00e9t\u00e9 exp\u00e9di\u00e9s.<\/p>\t\t\t\t\t\t\t\t<\/div>\n\t\t\t\t<\/div>\n\t\t\t\t<div class=\"elementor-element elementor-element-579e72c elementor-widget elementor-widget-heading\" data-id=\"579e72c\" data-element_type=\"widget\" data-e-type=\"widget\" data-widget_type=\"heading.default\">\n\t\t\t\t<div class=\"elementor-widget-container\">\n\t\t\t\t\t<h2 class=\"elementor-heading-title elementor-size-default\">Frais de port<\/h2>\t\t\t\t<\/div>\n\t\t\t\t<\/div>\n\t\t\t\t<div class=\"elementor-element elementor-element-7588d9b elementor-widget elementor-widget-text-editor\" data-id=\"7588d9b\" data-element_type=\"widget\" data-e-type=\"widget\" data-widget_type=\"text-editor.default\">\n\t\t\t\t<div class=\"elementor-widget-container\">\n\t\t\t\t\t\t\t\t\t<p>Les frais de port sont calcul\u00e9s en fonction de la valeur de votre commande, du type de livraison et de la destination. Ceux-ci seront d\u00e9finis \u00e0 la conclusion d&#8217;une commande.<\/p>\t\t\t\t\t\t\t\t<\/div>\n\t\t\t\t<\/div>\n\t\t\t\t<div class=\"elementor-element elementor-element-e355175 elementor-widget elementor-widget-heading\" data-id=\"e355175\" data-element_type=\"widget\" data-e-type=\"widget\" data-widget_type=\"heading.default\">\n\t\t\t\t<div class=\"elementor-widget-container\">\n\t\t\t\t\t<h2 class=\"elementor-heading-title elementor-size-default\">Imp\u00f4ts et taxes<\/h2>\t\t\t\t<\/div>\n\t\t\t\t<\/div>\n\t\t\t\t<div class=\"elementor-element elementor-element-72f6769 elementor-widget elementor-widget-text-editor\" data-id=\"72f6769\" data-element_type=\"widget\" data-e-type=\"widget\" data-widget_type=\"text-editor.default\">\n\t\t\t\t<div class=\"elementor-widget-container\">\n\t\t\t\t\t\t\t\t\t<p>Les taxes et droits sont calcul\u00e9s en fonction de votre adresse de livraison et sp\u00e9cifi\u00e9s sur la page de paiement finale de la confirmation de commande. Les frais d&#8217;exp\u00e9dition pour les commandes exp\u00e9di\u00e9es en Italie incluent la TVA et comprennent tous les frais li\u00e9s \u00e0 la livraison de la commande \u00e0 l&#8217;adresse indiqu\u00e9e.<\/p>\t\t\t\t\t\t\t\t<\/div>\n\t\t\t\t<\/div>\n\t\t\t\t<div class=\"elementor-element elementor-element-3e1fdf9 elementor-widget elementor-widget-heading\" data-id=\"3e1fdf9\" data-element_type=\"widget\" data-e-type=\"widget\" data-widget_type=\"heading.default\">\n\t\t\t\t<div class=\"elementor-widget-container\">\n\t\t\t\t\t<h2 class=\"elementor-heading-title elementor-size-default\">Statut de livraison<\/h2>\t\t\t\t<\/div>\n\t\t\t\t<\/div>\n\t\t\t\t<div class=\"elementor-element elementor-element-5daec32 elementor-widget elementor-widget-text-editor\" data-id=\"5daec32\" data-element_type=\"widget\" data-e-type=\"widget\" data-widget_type=\"text-editor.default\">\n\t\t\t\t<div class=\"elementor-widget-container\">\n\t\t\t\t\t\t\t\t\t<p>Vous pouvez v\u00e9rifier l&#8217;\u00e9tat de votre envoi en s\u00e9lectionnant la section &#8220;Compte&#8221; sur notre site Web.<\/p><p>Alternativement, dans la confirmation d&#8217;envoi, que vous recevrez par e-mail, vous pouvez cliquer directement sur le lien de notre service de messagerie, si le service de messagerie dispose de ce service.<\/p><p>Le lien permettant de v\u00e9rifier l&#8217;\u00e9tat de l&#8217;envoi devient actif dans les 24\u00a0heures suivant la prise en charge de votre envoi par le service de messagerie.<\/p>\t\t\t\t\t\t\t\t<\/div>\n\t\t\t\t<\/div>\n\t\t\t\t<div class=\"elementor-element elementor-element-b53effa elementor-widget elementor-widget-heading\" data-id=\"b53effa\" data-element_type=\"widget\" data-e-type=\"widget\" data-widget_type=\"heading.default\">\n\t\t\t\t<div class=\"elementor-widget-container\">\n\t\t\t\t\t<h2 class=\"elementor-heading-title elementor-size-default\">Vos donn\u00e9es personnelles sont toujours trait\u00e9es<\/h2>\t\t\t\t<\/div>\n\t\t\t\t<\/div>\n\t\t\t\t<div class=\"elementor-element elementor-element-e3d2a38 elementor-widget elementor-widget-text-editor\" data-id=\"e3d2a38\" data-element_type=\"widget\" data-e-type=\"widget\" data-widget_type=\"text-editor.default\">\n\t\t\t\t<div class=\"elementor-widget-container\">\n\t\t\t\t\t\t\t\t\t<p>Concernant le traitement de vos donn\u00e9es personnelles lors de la passation d&#8217;une commande, veuillez vous r\u00e9f\u00e9rer \u00e0 notre <a href=\"https:\/\/ilgiardinodicorten.it\/privacy-policy\/\" target=\"_blank\" rel=\"noopener\">Politique de confidentialit\u00e9<\/a>. <\/ p>\t\t\t\t\t\t\t\t<\/div>\n\t\t\t\t<\/div>\n\t\t\t\t\t<\/div>\n\t\t<\/div>\n\t\t\t\t\t<\/div>\n\t\t<\/section>\n\t\t\t\t<\/div>\n\t\t","protected":false},"excerpt":{"rendered":"<p>O\u00f9 et quand exp\u00e9dions-nous Les produits command\u00e9s sur ilgiardinodicorten.it seront exp\u00e9di\u00e9s dans les pays indiqu\u00e9s ci-dessous. Les envois en dehors du territoire italien ou des \u00eeles seront \u00e9valu\u00e9s et personnalis\u00e9s en fonction du type de produit et du pays de destination. \u2022 Italie\u2022 Saint-Marin\u2022 Cit\u00e9 du Vatican Vous pouvez demander que l&#8217;envoi soit effectu\u00e9 \u00e0 une adresse autre que votre adresse personnelle ou votre adresse de facturation en s\u00e9lectionnant l&#8217;option correspondante lors de l&#8217;achat, \u00e0 condition que l&#8217;adresse fournie se trouve dans les pays d&#8217;exp\u00e9dition indiqu\u00e9s ci-dessus.< \/p> L&#8217;envoi sera effectu\u00e9 par coursier pendant les heures de bureau, du lundi au vendredi. Livraison en 2 jours ouvr\u00e9s (sous r\u00e9serve de disponibilit\u00e9 des stocks). Les produits sont livr\u00e9s aux bo\u00eetes postales et poste restante dans tous les bureaux de poste agr\u00e9\u00e9s. Veuillez noter que\u00a0: \u2022 Les d\u00e9lais de livraison sont donn\u00e9s \u00e0 titre indicatif et ne tiennent pas compte des retards \u00e9ventuels li\u00e9s \u00e0 la proc\u00e9dure d&#8217;autorisation de paiement.\u2022 Les commandes seront trait\u00e9es conform\u00e9ment aux Conditions G\u00e9n\u00e9rales de Vente. Nous ne pouvons pas modifier la destination des commandes une fois que les produits ont \u00e9t\u00e9 exp\u00e9di\u00e9s. Frais de port Les frais de port sont calcul\u00e9s en fonction de la valeur de votre commande, du type de livraison et de la destination. Ceux-ci seront d\u00e9finis \u00e0 la conclusion d&#8217;une commande. Imp\u00f4ts et taxes Les taxes et droits sont calcul\u00e9s en fonction de votre adresse de livraison et sp\u00e9cifi\u00e9s sur la page de paiement finale de la confirmation de commande. Les frais d&#8217;exp\u00e9dition pour les commandes exp\u00e9di\u00e9es en Italie incluent la TVA et comprennent tous les frais li\u00e9s \u00e0 la livraison de la commande \u00e0 l&#8217;adresse indiqu\u00e9e. Statut de livraison Vous pouvez v\u00e9rifier l&#8217;\u00e9tat de votre envoi en s\u00e9lectionnant la section &#8220;Compte&#8221; sur notre site Web. Alternativement, dans la confirmation d&#8217;envoi, que vous recevrez par e-mail, vous pouvez cliquer directement sur le lien de notre service de messagerie, si le service de messagerie dispose de ce service. Le lien permettant de v\u00e9rifier l&#8217;\u00e9tat de l&#8217;envoi devient actif dans les 24\u00a0heures suivant la prise en charge de votre envoi par le service de messagerie. Vos donn\u00e9es personnelles sont toujours trait\u00e9es Concernant le traitement de vos donn\u00e9es personnelles lors de la passation d&#8217;une commande, veuillez vous r\u00e9f\u00e9rer \u00e0 notre Politique de confidentialit\u00e9.<\/p>\n","protected":false},"author":1,"featured_media":0,"parent":0,"menu_order":0,"comment_status":"closed","ping_status":"closed","template":"page-templates\/default-page.php","meta":{"_acf_changed":false,"footnotes":""},"class_list":["post-22656","page","type-page","status-publish","hentry"],"acf":[],"yoast_head":"<!-- This site is optimized with the Yoast SEO plugin v27.1.1 - https:\/\/yoast.com\/product\/yoast-seo-wordpress\/ -->\n<title>Exp\u00e9ditions - Il Giardino di Corten<\/title>\n<meta name=\"robots\" content=\"index, follow, max-snippet:-1, max-image-preview:large, max-video-preview:-1\" \/>\n<link rel=\"canonical\" href=\"https:\/\/ilgiardinodicorten.it\/fr\/expeditions\/\" \/>\n<meta property=\"og:locale\" content=\"fr_FR\" \/>\n<meta property=\"og:type\" content=\"article\" \/>\n<meta property=\"og:title\" content=\"Exp\u00e9ditions - Il Giardino di Corten\" \/>\n<meta property=\"og:description\" content=\"O\u00f9 et quand exp\u00e9dions-nous Les produits command\u00e9s sur ilgiardinodicorten.it seront exp\u00e9di\u00e9s dans les pays indiqu\u00e9s ci-dessous. Les envois en dehors du territoire italien ou des \u00eeles seront \u00e9valu\u00e9s et personnalis\u00e9s en fonction du type de produit et du pays de destination. \u2022 Italie\u2022 Saint-Marin\u2022 Cit\u00e9 du Vatican Vous pouvez demander que l&#8217;envoi soit effectu\u00e9 \u00e0 une adresse autre que votre adresse personnelle ou votre adresse de facturation en s\u00e9lectionnant l&#8217;option correspondante lors de l&#8217;achat, \u00e0 condition que l&#8217;adresse fournie se trouve dans les pays d&#8217;exp\u00e9dition indiqu\u00e9s ci-dessus.&lt; \/p&gt; L&#8217;envoi sera effectu\u00e9 par coursier pendant les heures de bureau, du lundi au vendredi. Livraison en 2 jours ouvr\u00e9s (sous r\u00e9serve de disponibilit\u00e9 des stocks). Les produits sont livr\u00e9s aux bo\u00eetes postales et poste restante dans tous les bureaux de poste agr\u00e9\u00e9s. Veuillez noter que\u00a0: \u2022 Les d\u00e9lais de livraison sont donn\u00e9s \u00e0 titre indicatif et ne tiennent pas compte des retards \u00e9ventuels li\u00e9s \u00e0 la proc\u00e9dure d&#8217;autorisation de paiement.\u2022 Les commandes seront trait\u00e9es conform\u00e9ment aux Conditions G\u00e9n\u00e9rales de Vente. Nous ne pouvons pas modifier la destination des commandes une fois que les produits ont \u00e9t\u00e9 exp\u00e9di\u00e9s. Frais de port Les frais de port sont calcul\u00e9s en fonction de la valeur de votre commande, du type de livraison et de la destination. Ceux-ci seront d\u00e9finis \u00e0 la conclusion d&#8217;une commande. Imp\u00f4ts et taxes Les taxes et droits sont calcul\u00e9s en fonction de votre adresse de livraison et sp\u00e9cifi\u00e9s sur la page de paiement finale de la confirmation de commande. Les frais d&#8217;exp\u00e9dition pour les commandes exp\u00e9di\u00e9es en Italie incluent la TVA et comprennent tous les frais li\u00e9s \u00e0 la livraison de la commande \u00e0 l&#8217;adresse indiqu\u00e9e. Statut de livraison Vous pouvez v\u00e9rifier l&#8217;\u00e9tat de votre envoi en s\u00e9lectionnant la section &#8220;Compte&#8221; sur notre site Web. Alternativement, dans la confirmation d&#8217;envoi, que vous recevrez par e-mail, vous pouvez cliquer directement sur le lien de notre service de messagerie, si le service de messagerie dispose de ce service. Le lien permettant de v\u00e9rifier l&#8217;\u00e9tat de l&#8217;envoi devient actif dans les 24\u00a0heures suivant la prise en charge de votre envoi par le service de messagerie. Vos donn\u00e9es personnelles sont toujours trait\u00e9es Concernant le traitement de vos donn\u00e9es personnelles lors de la passation d&#8217;une commande, veuillez vous r\u00e9f\u00e9rer \u00e0 notre Politique de confidentialit\u00e9.\" \/>\n<meta property=\"og:url\" content=\"https:\/\/ilgiardinodicorten.it\/fr\/expeditions\/\" \/>\n<meta property=\"og:site_name\" content=\"Il Giardino di Corten\" \/>\n<meta property=\"article:modified_time\" content=\"2022-12-21T15:14:00+00:00\" \/>\n<meta name=\"twitter:card\" content=\"summary_large_image\" \/>\n<meta name=\"twitter:label1\" content=\"Dur\u00e9e de lecture estim\u00e9e\" \/>\n\t<meta name=\"twitter:data1\" content=\"2 minutes\" \/>\n<script type=\"application\/ld+json\" class=\"yoast-schema-graph\">{\"@context\":\"https:\/\/schema.org\",\"@graph\":[{\"@type\":\"WebPage\",\"@id\":\"https:\/\/ilgiardinodicorten.it\/fr\/expeditions\/\",\"url\":\"https:\/\/ilgiardinodicorten.it\/fr\/expeditions\/\",\"name\":\"Exp\u00e9ditions - Il Giardino di Corten\",\"isPartOf\":{\"@id\":\"https:\/\/ilgiardinodicorten.it\/#website\"},\"datePublished\":\"2022-07-27T15:22:02+00:00\",\"dateModified\":\"2022-12-21T15:14:00+00:00\",\"breadcrumb\":{\"@id\":\"https:\/\/ilgiardinodicorten.it\/fr\/expeditions\/#breadcrumb\"},\"inLanguage\":\"fr-FR\",\"potentialAction\":[{\"@type\":\"ReadAction\",\"target\":[\"https:\/\/ilgiardinodicorten.it\/fr\/expeditions\/\"]}]},{\"@type\":\"BreadcrumbList\",\"@id\":\"https:\/\/ilgiardinodicorten.it\/fr\/expeditions\/#breadcrumb\",\"itemListElement\":[{\"@type\":\"ListItem\",\"position\":1,\"name\":\"Home\",\"item\":\"https:\/\/ilgiardinodicorten.it\/fr\/\"},{\"@type\":\"ListItem\",\"position\":2,\"name\":\"Exp\u00e9ditions\"}]},{\"@type\":\"WebSite\",\"@id\":\"https:\/\/ilgiardinodicorten.it\/#website\",\"url\":\"https:\/\/ilgiardinodicorten.it\/\",\"name\":\"Il Giardino di Corten\",\"description\":\"\",\"potentialAction\":[{\"@type\":\"SearchAction\",\"target\":{\"@type\":\"EntryPoint\",\"urlTemplate\":\"https:\/\/ilgiardinodicorten.it\/?s={search_term_string}\"},\"query-input\":{\"@type\":\"PropertyValueSpecification\",\"valueRequired\":true,\"valueName\":\"search_term_string\"}}],\"inLanguage\":\"fr-FR\"}]}<\/script>\n<!-- \/ Yoast SEO plugin. -->","yoast_head_json":{"title":"Exp\u00e9ditions - Il Giardino di Corten","robots":{"index":"index","follow":"follow","max-snippet":"max-snippet:-1","max-image-preview":"max-image-preview:large","max-video-preview":"max-video-preview:-1"},"canonical":"https:\/\/ilgiardinodicorten.it\/fr\/expeditions\/","og_locale":"fr_FR","og_type":"article","og_title":"Exp\u00e9ditions - Il Giardino di Corten","og_description":"O\u00f9 et quand exp\u00e9dions-nous Les produits command\u00e9s sur ilgiardinodicorten.it seront exp\u00e9di\u00e9s dans les pays indiqu\u00e9s ci-dessous. Les envois en dehors du territoire italien ou des \u00eeles seront \u00e9valu\u00e9s et personnalis\u00e9s en fonction du type de produit et du pays de destination. \u2022 Italie\u2022 Saint-Marin\u2022 Cit\u00e9 du Vatican Vous pouvez demander que l&#8217;envoi soit effectu\u00e9 \u00e0 une adresse autre que votre adresse personnelle ou votre adresse de facturation en s\u00e9lectionnant l&#8217;option correspondante lors de l&#8217;achat, \u00e0 condition que l&#8217;adresse fournie se trouve dans les pays d&#8217;exp\u00e9dition indiqu\u00e9s ci-dessus.< \/p> L&#8217;envoi sera effectu\u00e9 par coursier pendant les heures de bureau, du lundi au vendredi. Livraison en 2 jours ouvr\u00e9s (sous r\u00e9serve de disponibilit\u00e9 des stocks). Les produits sont livr\u00e9s aux bo\u00eetes postales et poste restante dans tous les bureaux de poste agr\u00e9\u00e9s. Veuillez noter que\u00a0: \u2022 Les d\u00e9lais de livraison sont donn\u00e9s \u00e0 titre indicatif et ne tiennent pas compte des retards \u00e9ventuels li\u00e9s \u00e0 la proc\u00e9dure d&#8217;autorisation de paiement.\u2022 Les commandes seront trait\u00e9es conform\u00e9ment aux Conditions G\u00e9n\u00e9rales de Vente. Nous ne pouvons pas modifier la destination des commandes une fois que les produits ont \u00e9t\u00e9 exp\u00e9di\u00e9s. Frais de port Les frais de port sont calcul\u00e9s en fonction de la valeur de votre commande, du type de livraison et de la destination. Ceux-ci seront d\u00e9finis \u00e0 la conclusion d&#8217;une commande. Imp\u00f4ts et taxes Les taxes et droits sont calcul\u00e9s en fonction de votre adresse de livraison et sp\u00e9cifi\u00e9s sur la page de paiement finale de la confirmation de commande. Les frais d&#8217;exp\u00e9dition pour les commandes exp\u00e9di\u00e9es en Italie incluent la TVA et comprennent tous les frais li\u00e9s \u00e0 la livraison de la commande \u00e0 l&#8217;adresse indiqu\u00e9e. Statut de livraison Vous pouvez v\u00e9rifier l&#8217;\u00e9tat de votre envoi en s\u00e9lectionnant la section &#8220;Compte&#8221; sur notre site Web. Alternativement, dans la confirmation d&#8217;envoi, que vous recevrez par e-mail, vous pouvez cliquer directement sur le lien de notre service de messagerie, si le service de messagerie dispose de ce service. Le lien permettant de v\u00e9rifier l&#8217;\u00e9tat de l&#8217;envoi devient actif dans les 24\u00a0heures suivant la prise en charge de votre envoi par le service de messagerie. Vos donn\u00e9es personnelles sont toujours trait\u00e9es Concernant le traitement de vos donn\u00e9es personnelles lors de la passation d&#8217;une commande, veuillez vous r\u00e9f\u00e9rer \u00e0 notre Politique de confidentialit\u00e9.","og_url":"https:\/\/ilgiardinodicorten.it\/fr\/expeditions\/","og_site_name":"Il Giardino di Corten","article_modified_time":"2022-12-21T15:14:00+00:00","twitter_card":"summary_large_image","twitter_misc":{"Dur\u00e9e de lecture estim\u00e9e":"2 minutes"},"schema":{"@context":"https:\/\/schema.org","@graph":[{"@type":"WebPage","@id":"https:\/\/ilgiardinodicorten.it\/fr\/expeditions\/","url":"https:\/\/ilgiardinodicorten.it\/fr\/expeditions\/","name":"Exp\u00e9ditions - Il Giardino di Corten","isPartOf":{"@id":"https:\/\/ilgiardinodicorten.it\/#website"},"datePublished":"2022-07-27T15:22:02+00:00","dateModified":"2022-12-21T15:14:00+00:00","breadcrumb":{"@id":"https:\/\/ilgiardinodicorten.it\/fr\/expeditions\/#breadcrumb"},"inLanguage":"fr-FR","potentialAction":[{"@type":"ReadAction","target":["https:\/\/ilgiardinodicorten.it\/fr\/expeditions\/"]}]},{"@type":"BreadcrumbList","@id":"https:\/\/ilgiardinodicorten.it\/fr\/expeditions\/#breadcrumb","itemListElement":[{"@type":"ListItem","position":1,"name":"Home","item":"https:\/\/ilgiardinodicorten.it\/fr\/"},{"@type":"ListItem","position":2,"name":"Exp\u00e9ditions"}]},{"@type":"WebSite","@id":"https:\/\/ilgiardinodicorten.it\/#website","url":"https:\/\/ilgiardinodicorten.it\/","name":"Il Giardino di Corten","description":"","potentialAction":[{"@type":"SearchAction","target":{"@type":"EntryPoint","urlTemplate":"https:\/\/ilgiardinodicorten.it\/?s={search_term_string}"},"query-input":{"@type":"PropertyValueSpecification","valueRequired":true,"valueName":"search_term_string"}}],"inLanguage":"fr-FR"}]}},"_links":{"self":[{"href":"https:\/\/ilgiardinodicorten.it\/fr\/wp-json\/wp\/v2\/pages\/22656","targetHints":{"allow":["GET"]}}],"collection":[{"href":"https:\/\/ilgiardinodicorten.it\/fr\/wp-json\/wp\/v2\/pages"}],"about":[{"href":"https:\/\/ilgiardinodicorten.it\/fr\/wp-json\/wp\/v2\/types\/page"}],"author":[{"embeddable":true,"href":"https:\/\/ilgiardinodicorten.it\/fr\/wp-json\/wp\/v2\/users\/1"}],"replies":[{"embeddable":true,"href":"https:\/\/ilgiardinodicorten.it\/fr\/wp-json\/wp\/v2\/comments?post=22656"}],"version-history":[{"count":1,"href":"https:\/\/ilgiardinodicorten.it\/fr\/wp-json\/wp\/v2\/pages\/22656\/revisions"}],"predecessor-version":[{"id":22657,"href":"https:\/\/ilgiardinodicorten.it\/fr\/wp-json\/wp\/v2\/pages\/22656\/revisions\/22657"}],"wp:attachment":[{"href":"https:\/\/ilgiardinodicorten.it\/fr\/wp-json\/wp\/v2\/media?parent=22656"}],"curies":[{"name":"wp","href":"https:\/\/api.w.org\/{rel}","templated":true}]}}