{"id":22662,"date":"2022-07-27T17:02:57","date_gmt":"2022-07-27T15:02:57","guid":{"rendered":"https:\/\/ilgiardinodicorten.it\/retour\/"},"modified":"2023-01-11T11:08:42","modified_gmt":"2023-01-11T10:08:42","slug":"retour","status":"publish","type":"page","link":"https:\/\/ilgiardinodicorten.it\/fr\/retour\/","title":{"rendered":"Retour"},"content":{"rendered":"\t\t<div data-elementor-type=\"wp-page\" data-elementor-id=\"22662\" class=\"elementor elementor-22662 elementor-17\" data-elementor-post-type=\"page\">\n\t\t\t\t\t\t<section class=\"elementor-section elementor-top-section elementor-element elementor-element-94935b5 elementor-section-boxed elementor-section-height-default elementor-section-height-default wpr-particle-no wpr-jarallax-no wpr-parallax-no wpr-sticky-section-no\" data-id=\"94935b5\" data-element_type=\"section\" data-e-type=\"section\">\n\t\t\t\t\t\t<div class=\"elementor-container elementor-column-gap-default\">\n\t\t\t\t\t<div class=\"elementor-column elementor-col-100 elementor-top-column elementor-element elementor-element-9e9e9da\" data-id=\"9e9e9da\" data-element_type=\"column\" data-e-type=\"column\">\n\t\t\t<div class=\"elementor-widget-wrap elementor-element-populated\">\n\t\t\t\t\t\t<div class=\"elementor-element elementor-element-98faf23 elementor-widget elementor-widget-heading\" data-id=\"98faf23\" data-element_type=\"widget\" data-e-type=\"widget\" data-widget_type=\"heading.default\">\n\t\t\t\t<div class=\"elementor-widget-container\">\n\t\t\t\t\t<h2 class=\"elementor-heading-title elementor-size-default\">Nos politiques de remboursement et d'\u00e9change<\/h2>\t\t\t\t<\/div>\n\t\t\t\t<\/div>\n\t\t\t\t<div class=\"elementor-element elementor-element-d69c84f elementor-widget elementor-widget-text-editor\" data-id=\"d69c84f\" data-element_type=\"widget\" data-e-type=\"widget\" data-widget_type=\"text-editor.default\">\n\t\t\t\t<div class=\"elementor-widget-container\">\n\t\t\t\t\t\t\t\t\t<p>Cette section d\u00e9crit comment les remboursements sont calcul\u00e9s et explique nos proc\u00e9dures de remboursement, y compris pour les commandes de cadeaux.<\/p>\r\n<p>Nos proc\u00e9dures de remboursement n&#8217;affectent pas vos droits.<\/p>\r\n<p>Notes de remboursement\u00a0:<\/p>\r\n<ul>\r\n<li>Le remboursement est effectu\u00e9 en cr\u00e9ditant le montant sur le m\u00eame mode de paiement que celui que vous avez choisi pour l&#8217;achat. Toute modification de la m\u00e9thode d&#8217;accr\u00e9ditation sera communiqu\u00e9e \u00e0 l&#8217;avance.<\/li>\r\n<li>Vous pouvez v\u00e9rifier les retours et les remboursements complets dans le r\u00e9capitulatif de la commande dans la section Compte. Si les retours et les remboursements n&#8217;apparaissent pas quatre semaines apr\u00e8s l&#8217;envoi de votre retour, veuillez nous contacter pour obtenir de l&#8217;aide.<\/li>\r\n<\/ul>\t\t\t\t\t\t\t\t<\/div>\n\t\t\t\t<\/div>\n\t\t\t\t<div class=\"elementor-element elementor-element-579e72c elementor-widget elementor-widget-heading\" data-id=\"579e72c\" data-element_type=\"widget\" data-e-type=\"widget\" data-widget_type=\"heading.default\">\n\t\t\t\t<div class=\"elementor-widget-container\">\n\t\t\t\t\t<h2 class=\"elementor-heading-title elementor-size-default\">Quand puis-je obtenir le remboursement\u00a0?<\/h2>\t\t\t\t<\/div>\n\t\t\t\t<\/div>\n\t\t\t\t<div class=\"elementor-element elementor-element-7588d9b elementor-widget elementor-widget-text-editor\" data-id=\"7588d9b\" data-element_type=\"widget\" data-e-type=\"widget\" data-widget_type=\"text-editor.default\">\n\t\t\t\t<div class=\"elementor-widget-container\">\n\t\t\t\t\t\t\t\t\t<h2>Articles retourn\u00e9s parce qu&#8217;ils sont incorrects, endommag\u00e9s ou d\u00e9fectueux.<\/h2><p>Si vous retournez un article en raison de notre erreur ou parce que l&#8217;article est endommag\u00e9, d\u00e9fectueux ou ne correspond pas \u00e0 ce que vous avez command\u00e9, et n&#8217;a pas \u00e9t\u00e9 possible pour proc\u00e9der \u00e0 la r\u00e9paration ou au remplacement, vous serez rembours\u00e9 du prix de l&#8217;article.<\/p><p>Il Giardino di Corten v\u00e9rifiera tous les articles retourn\u00e9s comme endommag\u00e9s ou d\u00e9fectueux. Dans le cas o\u00f9 aucun d\u00e9faut n&#8217;est constat\u00e9, nous nous r\u00e9servons le droit de vous facturer les frais d&#8217;exp\u00e9dition et tous les autres frais encourus.<\/p><h2>Articles retourn\u00e9s sous 30 jours<\/h2><p>Vous pouvez retourner les produits achet\u00e9 sur ilgiardinodicorten.it jusqu&#8217;\u00e0 30 jours calendaires \u00e0 compter de la date de livraison de celui-ci. Dans ce cas, nous vous rembourserons le prix de l&#8217;article. <strong>Vous ne serez pas rembours\u00e9 des frais d&#8217;exp\u00e9dition engag\u00e9s pour recevoir le produit ou d&#8217;autres services associ\u00e9s \u00e0 votre achat. Les frais de retour de l&#8217;article \u00e0 ilgiardinodicorten.it ne seront pas rembours\u00e9s mais resteront \u00e0 votre charge.<\/strong><\/p><h2>Droit de r\u00e9tractation dans les 10 jours<\/h2><p>Lorsque vous renoncez au achat dans les dix jours ouvrables suivant la livraison de l&#8217;article, vous serez rembours\u00e9 \u00e0 la fois du prix de l&#8217;article et des frais d&#8217;exp\u00e9dition que vous avez engag\u00e9s pour le recevoir. Les directives suivantes s&#8217;appliqueront au retrait\u00a0:<\/p><ul><li>Si vous retournez un article faisant partie d&#8217;une commande multiple, vous ne serez rembours\u00e9 que des frais relatifs \u00e0 l&#8217;article retourn\u00e9 unique.<\/li> <li> Si vous retournez une commande enti\u00e8re, les frais d&#8217;exp\u00e9dition relatifs \u00e0 l&#8217;ensemble de la commande vous seront rembours\u00e9s.<\/li><li>Les frais de retour de l&#8217;article \u00e0 ilgiardinodicorten.it ne seront pas rembours\u00e9s et resteront \u00e0 votre charge .<\/li <\/ul>\t\t\t\t\t\t\t\t<\/div>\n\t\t\t\t<\/div>\n\t\t\t\t<div class=\"elementor-element elementor-element-e355175 elementor-widget elementor-widget-heading\" data-id=\"e355175\" data-element_type=\"widget\" data-e-type=\"widget\" data-widget_type=\"heading.default\">\n\t\t\t\t<div class=\"elementor-widget-container\">\n\t\t\t\t\t<h2 class=\"elementor-heading-title elementor-size-default\">Quand puis-je obtenir le remplacement de l'article\u00a0?<\/h2>\t\t\t\t<\/div>\n\t\t\t\t<\/div>\n\t\t\t\t<div class=\"elementor-element elementor-element-72f6769 elementor-widget elementor-widget-text-editor\" data-id=\"72f6769\" data-element_type=\"widget\" data-e-type=\"widget\" data-widget_type=\"text-editor.default\">\n\t\t\t\t<div class=\"elementor-widget-container\">\n\t\t\t\t\t\t\t\t\t<h2>Articles remplac\u00e9s parce qu&#8217;ils sont incorrects, endommag\u00e9s ou d\u00e9fectueux<\/h2>\r\nSi l&#8217;article livr\u00e9 ne correspond pas \u00e0 l&#8217;article command\u00e9 sur ilgiardinodicorten.it en raison de notre erreur ou parce que l&#8217;article est endommag\u00e9, d\u00e9fectueux ou ne correspond pas \u00e0 celui que vous avez command\u00e9, suivez la proc\u00e9dure ci-dessous :\r\n<ol>\r\n \t<li>Envoyez-nous un rapport \u00e0 l&#8217;adresse e-mail info@ilgiardinodicorten.it dans les 30 jours suivant la livraison de l&#8217;article.<\/li>\r\n \t<li>Placez l&#8217;article \u00e0 remplacer dans son emballage d&#8217;origine, avec les composants \u00e0 l&#8217;int\u00e9rieur, exactement comme re\u00e7u.<\/li>\r\n \t<li>Proc\u00e9der \u00e0 l&#8217;emballage s\u00fbr de la marchandise \u00e0 remplacer et l&#8217;envoyer \u00e0\u00a0:\u00a0<span class=\"companyAddress\">Il Giardino di Corten, S.S. 13 Pontebbana Km. 144+68, \u2013 33017 Collalto di Tarcento (UD)<\/span><\/li>\r\n<\/ol>\r\nUne fois l&#8217;article re\u00e7u, Il Giardino di Corten v\u00e9rifiera l&#8217;ad\u00e9quation de votre demande de remplacement et proc\u00e9dera ensuite \u00e0 la livraison de l&#8217;article demand\u00e9.\t\t\t\t\t\t\t\t<\/div>\n\t\t\t\t<\/div>\n\t\t\t\t<div class=\"elementor-element elementor-element-5daec32 elementor-widget elementor-widget-text-editor\" data-id=\"5daec32\" data-element_type=\"widget\" data-e-type=\"widget\" data-widget_type=\"text-editor.default\">\n\t\t\t\t<div class=\"elementor-widget-container\">\n\t\t\t\t\t\t\t\t\t<p>Il Giardino di Corten peut ne pas accepter la demande de remplacement s&#8217;il est constat\u00e9 que l&#8217;article a \u00e9t\u00e9 endommag\u00e9 en raison d&#8217;un emballage inappropri\u00e9 lors du retour par le client ou en raison de l&#8217;absence de composants pr\u00e9c\u00e9demment pr\u00e9sents dans l&#8217;emballage de l&#8217;article.<\/ p>\t\t\t\t\t\t\t\t<\/div>\n\t\t\t\t<\/div>\n\t\t\t\t\t<\/div>\n\t\t<\/div>\n\t\t\t\t\t<\/div>\n\t\t<\/section>\n\t\t\t\t<\/div>\n\t\t","protected":false},"excerpt":{"rendered":"<p>Nos politiques de remboursement et d&#8217;\u00e9change Cette section d\u00e9crit comment les remboursements sont calcul\u00e9s et explique nos proc\u00e9dures de remboursement, y compris pour les commandes de cadeaux. Nos proc\u00e9dures de remboursement n&#8217;affectent pas vos droits. Notes de remboursement\u00a0: Le remboursement est effectu\u00e9 en cr\u00e9ditant le montant sur le m\u00eame mode de paiement que celui que vous avez choisi pour l&#8217;achat. Toute modification de la m\u00e9thode d&#8217;accr\u00e9ditation sera communiqu\u00e9e \u00e0 l&#8217;avance. Vous pouvez v\u00e9rifier les retours et les remboursements complets dans le r\u00e9capitulatif de la commande dans la section Compte. Si les retours et les remboursements n&#8217;apparaissent pas quatre semaines apr\u00e8s l&#8217;envoi de votre retour, veuillez nous contacter pour obtenir de l&#8217;aide. Quand puis-je obtenir le remboursement\u00a0? Articles retourn\u00e9s parce qu&#8217;ils sont incorrects, endommag\u00e9s ou d\u00e9fectueux. Si vous retournez un article en raison de notre erreur ou parce que l&#8217;article est endommag\u00e9, d\u00e9fectueux ou ne correspond pas \u00e0 ce que vous avez command\u00e9, et n&#8217;a pas \u00e9t\u00e9 possible pour proc\u00e9der \u00e0 la r\u00e9paration ou au remplacement, vous serez rembours\u00e9 du prix de l&#8217;article. Il Giardino di Corten v\u00e9rifiera tous les articles retourn\u00e9s comme endommag\u00e9s ou d\u00e9fectueux. Dans le cas o\u00f9 aucun d\u00e9faut n&#8217;est constat\u00e9, nous nous r\u00e9servons le droit de vous facturer les frais d&#8217;exp\u00e9dition et tous les autres frais encourus. Articles retourn\u00e9s sous 30 jours Vous pouvez retourner les produits achet\u00e9 sur ilgiardinodicorten.it jusqu&#8217;\u00e0 30 jours calendaires \u00e0 compter de la date de livraison de celui-ci. Dans ce cas, nous vous rembourserons le prix de l&#8217;article. Vous ne serez pas rembours\u00e9 des frais d&#8217;exp\u00e9dition engag\u00e9s pour recevoir le produit ou d&#8217;autres services associ\u00e9s \u00e0 votre achat. Les frais de retour de l&#8217;article \u00e0 ilgiardinodicorten.it ne seront pas rembours\u00e9s mais resteront \u00e0 votre charge. Droit de r\u00e9tractation dans les 10 jours Lorsque vous renoncez au achat dans les dix jours ouvrables suivant la livraison de l&#8217;article, vous serez rembours\u00e9 \u00e0 la fois du prix de l&#8217;article et des frais d&#8217;exp\u00e9dition que vous avez engag\u00e9s pour le recevoir. Les directives suivantes s&#8217;appliqueront au retrait\u00a0: Si vous retournez un article faisant partie d&#8217;une commande multiple, vous ne serez rembours\u00e9 que des frais relatifs \u00e0 l&#8217;article retourn\u00e9 unique. Si vous retournez une commande enti\u00e8re, les frais d&#8217;exp\u00e9dition relatifs \u00e0 l&#8217;ensemble de la commande vous seront rembours\u00e9s. Les frais de retour de l&#8217;article \u00e0 ilgiardinodicorten.it ne seront pas rembours\u00e9s et resteront \u00e0 votre charge .<\/p>\n","protected":false},"author":1,"featured_media":0,"parent":0,"menu_order":0,"comment_status":"closed","ping_status":"closed","template":"page-templates\/default-page.php","meta":{"_acf_changed":false,"footnotes":""},"class_list":["post-22662","page","type-page","status-publish","hentry"],"acf":[],"yoast_head":"<!-- This site is optimized with the Yoast SEO plugin v27.1.1 - https:\/\/yoast.com\/product\/yoast-seo-wordpress\/ -->\n<title>Retour - Il Giardino di Corten<\/title>\n<meta name=\"robots\" content=\"index, follow, max-snippet:-1, max-image-preview:large, max-video-preview:-1\" \/>\n<link rel=\"canonical\" href=\"https:\/\/ilgiardinodicorten.it\/fr\/retour\/\" \/>\n<meta property=\"og:locale\" content=\"fr_FR\" \/>\n<meta property=\"og:type\" content=\"article\" \/>\n<meta property=\"og:title\" content=\"Retour - Il Giardino di Corten\" \/>\n<meta property=\"og:description\" content=\"Nos politiques de remboursement et d&#8217;\u00e9change Cette section d\u00e9crit comment les remboursements sont calcul\u00e9s et explique nos proc\u00e9dures de remboursement, y compris pour les commandes de cadeaux. Nos proc\u00e9dures de remboursement n&#8217;affectent pas vos droits. Notes de remboursement\u00a0: Le remboursement est effectu\u00e9 en cr\u00e9ditant le montant sur le m\u00eame mode de paiement que celui que vous avez choisi pour l&#8217;achat. Toute modification de la m\u00e9thode d&#8217;accr\u00e9ditation sera communiqu\u00e9e \u00e0 l&#8217;avance. Vous pouvez v\u00e9rifier les retours et les remboursements complets dans le r\u00e9capitulatif de la commande dans la section Compte. Si les retours et les remboursements n&#8217;apparaissent pas quatre semaines apr\u00e8s l&#8217;envoi de votre retour, veuillez nous contacter pour obtenir de l&#8217;aide. Quand puis-je obtenir le remboursement\u00a0? Articles retourn\u00e9s parce qu&#8217;ils sont incorrects, endommag\u00e9s ou d\u00e9fectueux. Si vous retournez un article en raison de notre erreur ou parce que l&#8217;article est endommag\u00e9, d\u00e9fectueux ou ne correspond pas \u00e0 ce que vous avez command\u00e9, et n&#8217;a pas \u00e9t\u00e9 possible pour proc\u00e9der \u00e0 la r\u00e9paration ou au remplacement, vous serez rembours\u00e9 du prix de l&#8217;article. Il Giardino di Corten v\u00e9rifiera tous les articles retourn\u00e9s comme endommag\u00e9s ou d\u00e9fectueux. Dans le cas o\u00f9 aucun d\u00e9faut n&#8217;est constat\u00e9, nous nous r\u00e9servons le droit de vous facturer les frais d&#8217;exp\u00e9dition et tous les autres frais encourus. Articles retourn\u00e9s sous 30 jours Vous pouvez retourner les produits achet\u00e9 sur ilgiardinodicorten.it jusqu&#8217;\u00e0 30 jours calendaires \u00e0 compter de la date de livraison de celui-ci. Dans ce cas, nous vous rembourserons le prix de l&#8217;article. Vous ne serez pas rembours\u00e9 des frais d&#8217;exp\u00e9dition engag\u00e9s pour recevoir le produit ou d&#8217;autres services associ\u00e9s \u00e0 votre achat. Les frais de retour de l&#8217;article \u00e0 ilgiardinodicorten.it ne seront pas rembours\u00e9s mais resteront \u00e0 votre charge. Droit de r\u00e9tractation dans les 10 jours Lorsque vous renoncez au achat dans les dix jours ouvrables suivant la livraison de l&#8217;article, vous serez rembours\u00e9 \u00e0 la fois du prix de l&#8217;article et des frais d&#8217;exp\u00e9dition que vous avez engag\u00e9s pour le recevoir. Les directives suivantes s&#8217;appliqueront au retrait\u00a0: Si vous retournez un article faisant partie d&#8217;une commande multiple, vous ne serez rembours\u00e9 que des frais relatifs \u00e0 l&#8217;article retourn\u00e9 unique. Si vous retournez une commande enti\u00e8re, les frais d&#8217;exp\u00e9dition relatifs \u00e0 l&#8217;ensemble de la commande vous seront rembours\u00e9s. Les frais de retour de l&#8217;article \u00e0 ilgiardinodicorten.it ne seront pas rembours\u00e9s et resteront \u00e0 votre charge .\" \/>\n<meta property=\"og:url\" content=\"https:\/\/ilgiardinodicorten.it\/fr\/retour\/\" \/>\n<meta property=\"og:site_name\" content=\"Il Giardino di Corten\" \/>\n<meta property=\"article:modified_time\" content=\"2023-01-11T10:08:42+00:00\" \/>\n<meta name=\"twitter:card\" content=\"summary_large_image\" \/>\n<meta name=\"twitter:label1\" content=\"Dur\u00e9e de lecture estim\u00e9e\" \/>\n\t<meta name=\"twitter:data1\" content=\"2 minutes\" \/>\n<script type=\"application\/ld+json\" class=\"yoast-schema-graph\">{\"@context\":\"https:\/\/schema.org\",\"@graph\":[{\"@type\":\"WebPage\",\"@id\":\"https:\/\/ilgiardinodicorten.it\/fr\/retour\/\",\"url\":\"https:\/\/ilgiardinodicorten.it\/fr\/retour\/\",\"name\":\"Retour - Il Giardino di Corten\",\"isPartOf\":{\"@id\":\"https:\/\/ilgiardinodicorten.it\/#website\"},\"datePublished\":\"2022-07-27T15:02:57+00:00\",\"dateModified\":\"2023-01-11T10:08:42+00:00\",\"breadcrumb\":{\"@id\":\"https:\/\/ilgiardinodicorten.it\/fr\/retour\/#breadcrumb\"},\"inLanguage\":\"fr-FR\",\"potentialAction\":[{\"@type\":\"ReadAction\",\"target\":[\"https:\/\/ilgiardinodicorten.it\/fr\/retour\/\"]}]},{\"@type\":\"BreadcrumbList\",\"@id\":\"https:\/\/ilgiardinodicorten.it\/fr\/retour\/#breadcrumb\",\"itemListElement\":[{\"@type\":\"ListItem\",\"position\":1,\"name\":\"Home\",\"item\":\"https:\/\/ilgiardinodicorten.it\/fr\/\"},{\"@type\":\"ListItem\",\"position\":2,\"name\":\"Retour\"}]},{\"@type\":\"WebSite\",\"@id\":\"https:\/\/ilgiardinodicorten.it\/#website\",\"url\":\"https:\/\/ilgiardinodicorten.it\/\",\"name\":\"Il Giardino di Corten\",\"description\":\"\",\"potentialAction\":[{\"@type\":\"SearchAction\",\"target\":{\"@type\":\"EntryPoint\",\"urlTemplate\":\"https:\/\/ilgiardinodicorten.it\/?s={search_term_string}\"},\"query-input\":{\"@type\":\"PropertyValueSpecification\",\"valueRequired\":true,\"valueName\":\"search_term_string\"}}],\"inLanguage\":\"fr-FR\"}]}<\/script>\n<!-- \/ Yoast SEO plugin. -->","yoast_head_json":{"title":"Retour - Il Giardino di Corten","robots":{"index":"index","follow":"follow","max-snippet":"max-snippet:-1","max-image-preview":"max-image-preview:large","max-video-preview":"max-video-preview:-1"},"canonical":"https:\/\/ilgiardinodicorten.it\/fr\/retour\/","og_locale":"fr_FR","og_type":"article","og_title":"Retour - Il Giardino di Corten","og_description":"Nos politiques de remboursement et d&#8217;\u00e9change Cette section d\u00e9crit comment les remboursements sont calcul\u00e9s et explique nos proc\u00e9dures de remboursement, y compris pour les commandes de cadeaux. Nos proc\u00e9dures de remboursement n&#8217;affectent pas vos droits. Notes de remboursement\u00a0: Le remboursement est effectu\u00e9 en cr\u00e9ditant le montant sur le m\u00eame mode de paiement que celui que vous avez choisi pour l&#8217;achat. Toute modification de la m\u00e9thode d&#8217;accr\u00e9ditation sera communiqu\u00e9e \u00e0 l&#8217;avance. Vous pouvez v\u00e9rifier les retours et les remboursements complets dans le r\u00e9capitulatif de la commande dans la section Compte. Si les retours et les remboursements n&#8217;apparaissent pas quatre semaines apr\u00e8s l&#8217;envoi de votre retour, veuillez nous contacter pour obtenir de l&#8217;aide. Quand puis-je obtenir le remboursement\u00a0? Articles retourn\u00e9s parce qu&#8217;ils sont incorrects, endommag\u00e9s ou d\u00e9fectueux. Si vous retournez un article en raison de notre erreur ou parce que l&#8217;article est endommag\u00e9, d\u00e9fectueux ou ne correspond pas \u00e0 ce que vous avez command\u00e9, et n&#8217;a pas \u00e9t\u00e9 possible pour proc\u00e9der \u00e0 la r\u00e9paration ou au remplacement, vous serez rembours\u00e9 du prix de l&#8217;article. Il Giardino di Corten v\u00e9rifiera tous les articles retourn\u00e9s comme endommag\u00e9s ou d\u00e9fectueux. Dans le cas o\u00f9 aucun d\u00e9faut n&#8217;est constat\u00e9, nous nous r\u00e9servons le droit de vous facturer les frais d&#8217;exp\u00e9dition et tous les autres frais encourus. Articles retourn\u00e9s sous 30 jours Vous pouvez retourner les produits achet\u00e9 sur ilgiardinodicorten.it jusqu&#8217;\u00e0 30 jours calendaires \u00e0 compter de la date de livraison de celui-ci. Dans ce cas, nous vous rembourserons le prix de l&#8217;article. Vous ne serez pas rembours\u00e9 des frais d&#8217;exp\u00e9dition engag\u00e9s pour recevoir le produit ou d&#8217;autres services associ\u00e9s \u00e0 votre achat. Les frais de retour de l&#8217;article \u00e0 ilgiardinodicorten.it ne seront pas rembours\u00e9s mais resteront \u00e0 votre charge. Droit de r\u00e9tractation dans les 10 jours Lorsque vous renoncez au achat dans les dix jours ouvrables suivant la livraison de l&#8217;article, vous serez rembours\u00e9 \u00e0 la fois du prix de l&#8217;article et des frais d&#8217;exp\u00e9dition que vous avez engag\u00e9s pour le recevoir. Les directives suivantes s&#8217;appliqueront au retrait\u00a0: Si vous retournez un article faisant partie d&#8217;une commande multiple, vous ne serez rembours\u00e9 que des frais relatifs \u00e0 l&#8217;article retourn\u00e9 unique. Si vous retournez une commande enti\u00e8re, les frais d&#8217;exp\u00e9dition relatifs \u00e0 l&#8217;ensemble de la commande vous seront rembours\u00e9s. Les frais de retour de l&#8217;article \u00e0 ilgiardinodicorten.it ne seront pas rembours\u00e9s et resteront \u00e0 votre charge .","og_url":"https:\/\/ilgiardinodicorten.it\/fr\/retour\/","og_site_name":"Il Giardino di Corten","article_modified_time":"2023-01-11T10:08:42+00:00","twitter_card":"summary_large_image","twitter_misc":{"Dur\u00e9e de lecture estim\u00e9e":"2 minutes"},"schema":{"@context":"https:\/\/schema.org","@graph":[{"@type":"WebPage","@id":"https:\/\/ilgiardinodicorten.it\/fr\/retour\/","url":"https:\/\/ilgiardinodicorten.it\/fr\/retour\/","name":"Retour - Il Giardino di Corten","isPartOf":{"@id":"https:\/\/ilgiardinodicorten.it\/#website"},"datePublished":"2022-07-27T15:02:57+00:00","dateModified":"2023-01-11T10:08:42+00:00","breadcrumb":{"@id":"https:\/\/ilgiardinodicorten.it\/fr\/retour\/#breadcrumb"},"inLanguage":"fr-FR","potentialAction":[{"@type":"ReadAction","target":["https:\/\/ilgiardinodicorten.it\/fr\/retour\/"]}]},{"@type":"BreadcrumbList","@id":"https:\/\/ilgiardinodicorten.it\/fr\/retour\/#breadcrumb","itemListElement":[{"@type":"ListItem","position":1,"name":"Home","item":"https:\/\/ilgiardinodicorten.it\/fr\/"},{"@type":"ListItem","position":2,"name":"Retour"}]},{"@type":"WebSite","@id":"https:\/\/ilgiardinodicorten.it\/#website","url":"https:\/\/ilgiardinodicorten.it\/","name":"Il Giardino di Corten","description":"","potentialAction":[{"@type":"SearchAction","target":{"@type":"EntryPoint","urlTemplate":"https:\/\/ilgiardinodicorten.it\/?s={search_term_string}"},"query-input":{"@type":"PropertyValueSpecification","valueRequired":true,"valueName":"search_term_string"}}],"inLanguage":"fr-FR"}]}},"_links":{"self":[{"href":"https:\/\/ilgiardinodicorten.it\/fr\/wp-json\/wp\/v2\/pages\/22662","targetHints":{"allow":["GET"]}}],"collection":[{"href":"https:\/\/ilgiardinodicorten.it\/fr\/wp-json\/wp\/v2\/pages"}],"about":[{"href":"https:\/\/ilgiardinodicorten.it\/fr\/wp-json\/wp\/v2\/types\/page"}],"author":[{"embeddable":true,"href":"https:\/\/ilgiardinodicorten.it\/fr\/wp-json\/wp\/v2\/users\/1"}],"replies":[{"embeddable":true,"href":"https:\/\/ilgiardinodicorten.it\/fr\/wp-json\/wp\/v2\/comments?post=22662"}],"version-history":[{"count":2,"href":"https:\/\/ilgiardinodicorten.it\/fr\/wp-json\/wp\/v2\/pages\/22662\/revisions"}],"predecessor-version":[{"id":22870,"href":"https:\/\/ilgiardinodicorten.it\/fr\/wp-json\/wp\/v2\/pages\/22662\/revisions\/22870"}],"wp:attachment":[{"href":"https:\/\/ilgiardinodicorten.it\/fr\/wp-json\/wp\/v2\/media?parent=22662"}],"curies":[{"name":"wp","href":"https:\/\/api.w.org\/{rel}","templated":true}]}}