{"id":21975,"date":"2017-10-11T08:46:57","date_gmt":"2017-10-11T06:46:57","guid":{"rendered":"https:\/\/ilgiardinodicorten.it\/prodotto\/fontaine-teti\/"},"modified":"2017-10-11T08:46:57","modified_gmt":"2017-10-11T06:46:57","slug":"fontaine-teti","status":"publish","type":"product","link":"https:\/\/ilgiardinodicorten.it\/fr\/produit\/fontaine-teti\/","title":{"rendered":"Fontaine Teti"},"content":{"rendered":"<p>La fontaine Teti, avec sa forme essentielle, a \u00e9t\u00e9 \u00e9tudi\u00e9e pour permettre s\u2019adapter \u00e0 toutes les situations. Disponible en deux tailles et en trois<br \/>\nversions : avec r\u00e9servoir d\u2019eau, r\u00e9cipient \u00e0 galets ou avaloir.<\/p>\n","protected":false},"excerpt":{"rendered":"<p>Une fontaine aux lignes \u00e9pur\u00e9es et au design essentiel, adapt\u00e9e \u00e0 tout type de contexte gr\u00e2ce \u00e0 la finition Corten particuli\u00e8re.<\/p>\n","protected":false},"featured_media":20726,"template":"","meta":{"_acf_changed":false},"product_brand":[],"product_cat":[286],"product_tag":[],"class_list":{"0":"post-21975","1":"product","2":"type-product","3":"status-publish","4":"has-post-thumbnail","6":"product_cat-fontaines","9":"first","10":"instock","11":"taxable","12":"shipping-taxable","13":"purchasable","14":"product-type-simple"},"acf":[],"yoast_head":"<!-- This site is optimized with the Yoast SEO plugin v27.1.1 - https:\/\/yoast.com\/product\/yoast-seo-wordpress\/ -->\n<title>Fontaine Teti - Il Giardino di Corten<\/title>\n<meta name=\"robots\" content=\"index, follow, max-snippet:-1, max-image-preview:large, max-video-preview:-1\" \/>\n<link rel=\"canonical\" href=\"https:\/\/ilgiardinodicorten.it\/fr\/produit\/fontaine-teti\/\" \/>\n<meta property=\"og:locale\" content=\"fr_FR\" \/>\n<meta property=\"og:type\" content=\"article\" \/>\n<meta property=\"og:title\" content=\"Fontaine Teti - Il Giardino di Corten\" \/>\n<meta property=\"og:description\" content=\"Une fontaine aux lignes \u00e9pur\u00e9es et au design essentiel, adapt\u00e9e \u00e0 tout type de contexte gr\u00e2ce \u00e0 la finition Corten particuli\u00e8re.\" \/>\n<meta property=\"og:url\" content=\"https:\/\/ilgiardinodicorten.it\/fr\/produit\/fontaine-teti\/\" \/>\n<meta property=\"og:site_name\" content=\"Il Giardino di Corten\" \/>\n<meta property=\"og:image\" content=\"https:\/\/ilgiardinodicorten.it\/wp-content\/uploads\/2017\/10\/Fontana-Teti-8.jpg\" \/>\n\t<meta property=\"og:image:width\" content=\"415\" \/>\n\t<meta property=\"og:image:height\" content=\"619\" \/>\n\t<meta property=\"og:image:type\" content=\"image\/jpeg\" \/>\n<meta name=\"twitter:card\" content=\"summary_large_image\" \/>\n<script type=\"application\/ld+json\" class=\"yoast-schema-graph\">{\"@context\":\"https:\/\/schema.org\",\"@graph\":[{\"@type\":\"WebPage\",\"@id\":\"https:\/\/ilgiardinodicorten.it\/fr\/produit\/fontaine-teti\/\",\"url\":\"https:\/\/ilgiardinodicorten.it\/fr\/produit\/fontaine-teti\/\",\"name\":\"Fontaine Teti - Il Giardino di Corten\",\"isPartOf\":{\"@id\":\"https:\/\/ilgiardinodicorten.it\/#website\"},\"primaryImageOfPage\":{\"@id\":\"https:\/\/ilgiardinodicorten.it\/fr\/produit\/fontaine-teti\/#primaryimage\"},\"image\":{\"@id\":\"https:\/\/ilgiardinodicorten.it\/fr\/produit\/fontaine-teti\/#primaryimage\"},\"thumbnailUrl\":\"https:\/\/ilgiardinodicorten.it\/wp-content\/uploads\/2017\/10\/Fontana-Teti-8.jpg\",\"datePublished\":\"2017-10-11T06:46:57+00:00\",\"breadcrumb\":{\"@id\":\"https:\/\/ilgiardinodicorten.it\/fr\/produit\/fontaine-teti\/#breadcrumb\"},\"inLanguage\":\"fr-FR\",\"potentialAction\":[{\"@type\":\"ReadAction\",\"target\":[\"https:\/\/ilgiardinodicorten.it\/fr\/produit\/fontaine-teti\/\"]}]},{\"@type\":\"ImageObject\",\"inLanguage\":\"fr-FR\",\"@id\":\"https:\/\/ilgiardinodicorten.it\/fr\/produit\/fontaine-teti\/#primaryimage\",\"url\":\"https:\/\/ilgiardinodicorten.it\/wp-content\/uploads\/2017\/10\/Fontana-Teti-8.jpg\",\"contentUrl\":\"https:\/\/ilgiardinodicorten.it\/wp-content\/uploads\/2017\/10\/Fontana-Teti-8.jpg\",\"width\":415,\"height\":619},{\"@type\":\"BreadcrumbList\",\"@id\":\"https:\/\/ilgiardinodicorten.it\/fr\/produit\/fontaine-teti\/#breadcrumb\",\"itemListElement\":[{\"@type\":\"ListItem\",\"position\":1,\"name\":\"Home\",\"item\":\"https:\/\/ilgiardinodicorten.it\/fr\/\"},{\"@type\":\"ListItem\",\"position\":2,\"name\":\"Boutique\",\"item\":\"https:\/\/ilgiardinodicorten.it\/fr\/boutique\/\"},{\"@type\":\"ListItem\",\"position\":3,\"name\":\"Fontaine Teti\"}]},{\"@type\":\"WebSite\",\"@id\":\"https:\/\/ilgiardinodicorten.it\/#website\",\"url\":\"https:\/\/ilgiardinodicorten.it\/\",\"name\":\"Il Giardino di Corten\",\"description\":\"\",\"potentialAction\":[{\"@type\":\"SearchAction\",\"target\":{\"@type\":\"EntryPoint\",\"urlTemplate\":\"https:\/\/ilgiardinodicorten.it\/?s={search_term_string}\"},\"query-input\":{\"@type\":\"PropertyValueSpecification\",\"valueRequired\":true,\"valueName\":\"search_term_string\"}}],\"inLanguage\":\"fr-FR\"}]}<\/script>\n<!-- \/ Yoast SEO plugin. -->","yoast_head_json":{"title":"Fontaine Teti - Il Giardino di Corten","robots":{"index":"index","follow":"follow","max-snippet":"max-snippet:-1","max-image-preview":"max-image-preview:large","max-video-preview":"max-video-preview:-1"},"canonical":"https:\/\/ilgiardinodicorten.it\/fr\/produit\/fontaine-teti\/","og_locale":"fr_FR","og_type":"article","og_title":"Fontaine Teti - Il Giardino di Corten","og_description":"Une fontaine aux lignes \u00e9pur\u00e9es et au design essentiel, adapt\u00e9e \u00e0 tout type de contexte gr\u00e2ce \u00e0 la finition Corten particuli\u00e8re.","og_url":"https:\/\/ilgiardinodicorten.it\/fr\/produit\/fontaine-teti\/","og_site_name":"Il Giardino di Corten","og_image":[{"width":415,"height":619,"url":"https:\/\/ilgiardinodicorten.it\/wp-content\/uploads\/2017\/10\/Fontana-Teti-8.jpg","type":"image\/jpeg"}],"twitter_card":"summary_large_image","schema":{"@context":"https:\/\/schema.org","@graph":[{"@type":"WebPage","@id":"https:\/\/ilgiardinodicorten.it\/fr\/produit\/fontaine-teti\/","url":"https:\/\/ilgiardinodicorten.it\/fr\/produit\/fontaine-teti\/","name":"Fontaine Teti - Il Giardino di Corten","isPartOf":{"@id":"https:\/\/ilgiardinodicorten.it\/#website"},"primaryImageOfPage":{"@id":"https:\/\/ilgiardinodicorten.it\/fr\/produit\/fontaine-teti\/#primaryimage"},"image":{"@id":"https:\/\/ilgiardinodicorten.it\/fr\/produit\/fontaine-teti\/#primaryimage"},"thumbnailUrl":"https:\/\/ilgiardinodicorten.it\/wp-content\/uploads\/2017\/10\/Fontana-Teti-8.jpg","datePublished":"2017-10-11T06:46:57+00:00","breadcrumb":{"@id":"https:\/\/ilgiardinodicorten.it\/fr\/produit\/fontaine-teti\/#breadcrumb"},"inLanguage":"fr-FR","potentialAction":[{"@type":"ReadAction","target":["https:\/\/ilgiardinodicorten.it\/fr\/produit\/fontaine-teti\/"]}]},{"@type":"ImageObject","inLanguage":"fr-FR","@id":"https:\/\/ilgiardinodicorten.it\/fr\/produit\/fontaine-teti\/#primaryimage","url":"https:\/\/ilgiardinodicorten.it\/wp-content\/uploads\/2017\/10\/Fontana-Teti-8.jpg","contentUrl":"https:\/\/ilgiardinodicorten.it\/wp-content\/uploads\/2017\/10\/Fontana-Teti-8.jpg","width":415,"height":619},{"@type":"BreadcrumbList","@id":"https:\/\/ilgiardinodicorten.it\/fr\/produit\/fontaine-teti\/#breadcrumb","itemListElement":[{"@type":"ListItem","position":1,"name":"Home","item":"https:\/\/ilgiardinodicorten.it\/fr\/"},{"@type":"ListItem","position":2,"name":"Boutique","item":"https:\/\/ilgiardinodicorten.it\/fr\/boutique\/"},{"@type":"ListItem","position":3,"name":"Fontaine Teti"}]},{"@type":"WebSite","@id":"https:\/\/ilgiardinodicorten.it\/#website","url":"https:\/\/ilgiardinodicorten.it\/","name":"Il Giardino di Corten","description":"","potentialAction":[{"@type":"SearchAction","target":{"@type":"EntryPoint","urlTemplate":"https:\/\/ilgiardinodicorten.it\/?s={search_term_string}"},"query-input":{"@type":"PropertyValueSpecification","valueRequired":true,"valueName":"search_term_string"}}],"inLanguage":"fr-FR"}]}},"_links":{"self":[{"href":"https:\/\/ilgiardinodicorten.it\/fr\/wp-json\/wp\/v2\/product\/21975","targetHints":{"allow":["GET"]}}],"collection":[{"href":"https:\/\/ilgiardinodicorten.it\/fr\/wp-json\/wp\/v2\/product"}],"about":[{"href":"https:\/\/ilgiardinodicorten.it\/fr\/wp-json\/wp\/v2\/types\/product"}],"wp:featuredmedia":[{"embeddable":true,"href":"https:\/\/ilgiardinodicorten.it\/fr\/wp-json\/wp\/v2\/media\/20726"}],"wp:attachment":[{"href":"https:\/\/ilgiardinodicorten.it\/fr\/wp-json\/wp\/v2\/media?parent=21975"}],"wp:term":[{"taxonomy":"product_brand","embeddable":true,"href":"https:\/\/ilgiardinodicorten.it\/fr\/wp-json\/wp\/v2\/product_brand?post=21975"},{"taxonomy":"product_cat","embeddable":true,"href":"https:\/\/ilgiardinodicorten.it\/fr\/wp-json\/wp\/v2\/product_cat?post=21975"},{"taxonomy":"product_tag","embeddable":true,"href":"https:\/\/ilgiardinodicorten.it\/fr\/wp-json\/wp\/v2\/product_tag?post=21975"}],"curies":[{"name":"wp","href":"https:\/\/api.w.org\/{rel}","templated":true}]}}