{"id":21981,"date":"2017-11-29T15:35:58","date_gmt":"2017-11-29T14:35:58","guid":{"rendered":"https:\/\/ilgiardinodicorten.it\/prodotto\/orto-cassa\/"},"modified":"2023-01-13T17:02:20","modified_gmt":"2023-01-13T16:02:20","slug":"orto-cassa","status":"publish","type":"product","link":"https:\/\/ilgiardinodicorten.it\/fr\/produit\/orto-cassa\/","title":{"rendered":"Orto Cassa"},"content":{"rendered":"<p>Les murs fa\u00e7onn\u00e9s et renforc\u00e9s, une fois assembl\u00e9s avec un syst\u00e8me d&#8217;embo\u00eetement qui ne n\u00e9cessite ni vis ni soudure, cr\u00e9ent un parterre de fleurs sans fond parfait comme jardini\u00e8re ou pour mieux organiser votre potager.<\/p>\n<p><strong>DIMENSIONS<\/strong><\/p>\n<p><strong>Orto Cassa 240 (Petite):<\/strong><br \/>\nHauteur : 20 cm<br \/>\nLargeur : 90 cm<br \/>\nLongueur : 240 cm<br \/>\nPoids : 38 kg<\/p>\n<p><strong>Garden Case 270 (Moyenne):<\/strong><br \/>\nHauteur : 30 cm<br \/>\nLargeur : 90 cm<br \/>\nLongueur : 270 c<br \/>\nPoids : 40 kg<\/p>\n<p><strong>Orto Cassa 300 (Super):<\/strong><br \/>\nHauteur : 40 cm<br \/>\nLargeur : 90 cm<br \/>\nLongueur : 300 cm<br \/>\nPoids : 43 kg<\/p>\n","protected":false},"excerpt":{"rendered":"<p>Ce parterre de jardin de forme rectangulaire \u00e9l\u00e8ve les cultures par rapport au sol, ce qui rend le travail plus confortable et facilite la tonte de l\u2019herbe tout autour.<\/p>\n","protected":false},"featured_media":21466,"template":"","meta":{"_acf_changed":false},"product_brand":[],"product_cat":[325],"product_tag":[],"class_list":{"0":"post-21981","1":"product","2":"type-product","3":"status-publish","4":"has-post-thumbnail","6":"product_cat-clotures-et-bordures","7":"product_shipping_class-spedizione-140-fr","10":"first","11":"instock","12":"taxable","13":"shipping-taxable","14":"purchasable","15":"product-type-variable"},"acf":[],"yoast_head":"<!-- This site is optimized with the Yoast SEO plugin v27.1.1 - https:\/\/yoast.com\/product\/yoast-seo-wordpress\/ -->\n<title>Orto Cassa - Il Giardino di Corten<\/title>\n<meta name=\"robots\" content=\"index, follow, max-snippet:-1, max-image-preview:large, max-video-preview:-1\" \/>\n<link rel=\"canonical\" href=\"https:\/\/ilgiardinodicorten.it\/produit\/orto-cassa\/\" \/>\n<meta property=\"og:locale\" content=\"fr_FR\" \/>\n<meta property=\"og:type\" content=\"article\" \/>\n<meta property=\"og:title\" content=\"Orto Cassa - Il Giardino di Corten\" \/>\n<meta property=\"og:description\" content=\"Ce parterre de jardin de forme rectangulaire \u00e9l\u00e8ve les cultures par rapport au sol, ce qui rend le travail plus confortable et facilite la tonte de l\u2019herbe tout autour.\" \/>\n<meta property=\"og:url\" content=\"https:\/\/ilgiardinodicorten.it\/produit\/orto-cassa\/\" \/>\n<meta property=\"og:site_name\" content=\"Il Giardino di Corten\" \/>\n<meta property=\"article:modified_time\" content=\"2023-01-13T16:02:20+00:00\" \/>\n<meta property=\"og:image\" content=\"https:\/\/ilgiardinodicorten.it\/wp-content\/uploads\/2017\/11\/recinzione-bordura-orto-cassa.jpg\" \/>\n\t<meta property=\"og:image:width\" content=\"546\" \/>\n\t<meta property=\"og:image:height\" content=\"711\" \/>\n\t<meta property=\"og:image:type\" content=\"image\/jpeg\" \/>\n<meta name=\"twitter:card\" content=\"summary_large_image\" \/>\n<script type=\"application\/ld+json\" class=\"yoast-schema-graph\">{\"@context\":\"https:\/\/schema.org\",\"@graph\":[{\"@type\":\"WebPage\",\"@id\":\"https:\/\/ilgiardinodicorten.it\/produit\/orto-cassa\/\",\"url\":\"https:\/\/ilgiardinodicorten.it\/produit\/orto-cassa\/\",\"name\":\"Orto Cassa - Il Giardino di Corten\",\"isPartOf\":{\"@id\":\"https:\/\/ilgiardinodicorten.it\/#website\"},\"primaryImageOfPage\":{\"@id\":\"https:\/\/ilgiardinodicorten.it\/produit\/orto-cassa\/#primaryimage\"},\"image\":{\"@id\":\"https:\/\/ilgiardinodicorten.it\/produit\/orto-cassa\/#primaryimage\"},\"thumbnailUrl\":\"https:\/\/ilgiardinodicorten.it\/wp-content\/uploads\/2017\/11\/recinzione-bordura-orto-cassa.jpg\",\"datePublished\":\"2017-11-29T14:35:58+00:00\",\"dateModified\":\"2023-01-13T16:02:20+00:00\",\"breadcrumb\":{\"@id\":\"https:\/\/ilgiardinodicorten.it\/produit\/orto-cassa\/#breadcrumb\"},\"inLanguage\":\"fr-FR\",\"potentialAction\":[{\"@type\":\"ReadAction\",\"target\":[\"https:\/\/ilgiardinodicorten.it\/produit\/orto-cassa\/\"]}]},{\"@type\":\"ImageObject\",\"inLanguage\":\"fr-FR\",\"@id\":\"https:\/\/ilgiardinodicorten.it\/produit\/orto-cassa\/#primaryimage\",\"url\":\"https:\/\/ilgiardinodicorten.it\/wp-content\/uploads\/2017\/11\/recinzione-bordura-orto-cassa.jpg\",\"contentUrl\":\"https:\/\/ilgiardinodicorten.it\/wp-content\/uploads\/2017\/11\/recinzione-bordura-orto-cassa.jpg\",\"width\":546,\"height\":711},{\"@type\":\"BreadcrumbList\",\"@id\":\"https:\/\/ilgiardinodicorten.it\/produit\/orto-cassa\/#breadcrumb\",\"itemListElement\":[{\"@type\":\"ListItem\",\"position\":1,\"name\":\"Home\",\"item\":\"https:\/\/ilgiardinodicorten.it\/fr\/\"},{\"@type\":\"ListItem\",\"position\":2,\"name\":\"Boutique\",\"item\":\"https:\/\/ilgiardinodicorten.it\/fr\/boutique\/\"},{\"@type\":\"ListItem\",\"position\":3,\"name\":\"Orto Cassa\"}]},{\"@type\":\"WebSite\",\"@id\":\"https:\/\/ilgiardinodicorten.it\/#website\",\"url\":\"https:\/\/ilgiardinodicorten.it\/\",\"name\":\"Il Giardino di Corten\",\"description\":\"\",\"potentialAction\":[{\"@type\":\"SearchAction\",\"target\":{\"@type\":\"EntryPoint\",\"urlTemplate\":\"https:\/\/ilgiardinodicorten.it\/?s={search_term_string}\"},\"query-input\":{\"@type\":\"PropertyValueSpecification\",\"valueRequired\":true,\"valueName\":\"search_term_string\"}}],\"inLanguage\":\"fr-FR\"}]}<\/script>\n<!-- \/ Yoast SEO plugin. -->","yoast_head_json":{"title":"Orto Cassa - Il Giardino di Corten","robots":{"index":"index","follow":"follow","max-snippet":"max-snippet:-1","max-image-preview":"max-image-preview:large","max-video-preview":"max-video-preview:-1"},"canonical":"https:\/\/ilgiardinodicorten.it\/produit\/orto-cassa\/","og_locale":"fr_FR","og_type":"article","og_title":"Orto Cassa - Il Giardino di Corten","og_description":"Ce parterre de jardin de forme rectangulaire \u00e9l\u00e8ve les cultures par rapport au sol, ce qui rend le travail plus confortable et facilite la tonte de l\u2019herbe tout autour.","og_url":"https:\/\/ilgiardinodicorten.it\/produit\/orto-cassa\/","og_site_name":"Il Giardino di Corten","article_modified_time":"2023-01-13T16:02:20+00:00","og_image":[{"width":546,"height":711,"url":"https:\/\/ilgiardinodicorten.it\/wp-content\/uploads\/2017\/11\/recinzione-bordura-orto-cassa.jpg","type":"image\/jpeg"}],"twitter_card":"summary_large_image","schema":{"@context":"https:\/\/schema.org","@graph":[{"@type":"WebPage","@id":"https:\/\/ilgiardinodicorten.it\/produit\/orto-cassa\/","url":"https:\/\/ilgiardinodicorten.it\/produit\/orto-cassa\/","name":"Orto Cassa - Il Giardino di Corten","isPartOf":{"@id":"https:\/\/ilgiardinodicorten.it\/#website"},"primaryImageOfPage":{"@id":"https:\/\/ilgiardinodicorten.it\/produit\/orto-cassa\/#primaryimage"},"image":{"@id":"https:\/\/ilgiardinodicorten.it\/produit\/orto-cassa\/#primaryimage"},"thumbnailUrl":"https:\/\/ilgiardinodicorten.it\/wp-content\/uploads\/2017\/11\/recinzione-bordura-orto-cassa.jpg","datePublished":"2017-11-29T14:35:58+00:00","dateModified":"2023-01-13T16:02:20+00:00","breadcrumb":{"@id":"https:\/\/ilgiardinodicorten.it\/produit\/orto-cassa\/#breadcrumb"},"inLanguage":"fr-FR","potentialAction":[{"@type":"ReadAction","target":["https:\/\/ilgiardinodicorten.it\/produit\/orto-cassa\/"]}]},{"@type":"ImageObject","inLanguage":"fr-FR","@id":"https:\/\/ilgiardinodicorten.it\/produit\/orto-cassa\/#primaryimage","url":"https:\/\/ilgiardinodicorten.it\/wp-content\/uploads\/2017\/11\/recinzione-bordura-orto-cassa.jpg","contentUrl":"https:\/\/ilgiardinodicorten.it\/wp-content\/uploads\/2017\/11\/recinzione-bordura-orto-cassa.jpg","width":546,"height":711},{"@type":"BreadcrumbList","@id":"https:\/\/ilgiardinodicorten.it\/produit\/orto-cassa\/#breadcrumb","itemListElement":[{"@type":"ListItem","position":1,"name":"Home","item":"https:\/\/ilgiardinodicorten.it\/fr\/"},{"@type":"ListItem","position":2,"name":"Boutique","item":"https:\/\/ilgiardinodicorten.it\/fr\/boutique\/"},{"@type":"ListItem","position":3,"name":"Orto Cassa"}]},{"@type":"WebSite","@id":"https:\/\/ilgiardinodicorten.it\/#website","url":"https:\/\/ilgiardinodicorten.it\/","name":"Il Giardino di Corten","description":"","potentialAction":[{"@type":"SearchAction","target":{"@type":"EntryPoint","urlTemplate":"https:\/\/ilgiardinodicorten.it\/?s={search_term_string}"},"query-input":{"@type":"PropertyValueSpecification","valueRequired":true,"valueName":"search_term_string"}}],"inLanguage":"fr-FR"}]}},"_links":{"self":[{"href":"https:\/\/ilgiardinodicorten.it\/fr\/wp-json\/wp\/v2\/product\/21981","targetHints":{"allow":["GET"]}}],"collection":[{"href":"https:\/\/ilgiardinodicorten.it\/fr\/wp-json\/wp\/v2\/product"}],"about":[{"href":"https:\/\/ilgiardinodicorten.it\/fr\/wp-json\/wp\/v2\/types\/product"}],"wp:featuredmedia":[{"embeddable":true,"href":"https:\/\/ilgiardinodicorten.it\/fr\/wp-json\/wp\/v2\/media\/21466"}],"wp:attachment":[{"href":"https:\/\/ilgiardinodicorten.it\/fr\/wp-json\/wp\/v2\/media?parent=21981"}],"wp:term":[{"taxonomy":"product_brand","embeddable":true,"href":"https:\/\/ilgiardinodicorten.it\/fr\/wp-json\/wp\/v2\/product_brand?post=21981"},{"taxonomy":"product_cat","embeddable":true,"href":"https:\/\/ilgiardinodicorten.it\/fr\/wp-json\/wp\/v2\/product_cat?post=21981"},{"taxonomy":"product_tag","embeddable":true,"href":"https:\/\/ilgiardinodicorten.it\/fr\/wp-json\/wp\/v2\/product_tag?post=21981"}],"curies":[{"name":"wp","href":"https:\/\/api.w.org\/{rel}","templated":true}]}}