{"id":21999,"date":"2022-07-12T11:08:31","date_gmt":"2022-07-12T09:08:31","guid":{"rendered":"https:\/\/ilgiardinodicorten.it\/prodotto\/miobio\/"},"modified":"2023-01-13T16:02:44","modified_gmt":"2023-01-13T15:02:44","slug":"miobio","status":"publish","type":"product","link":"https:\/\/ilgiardinodicorten.it\/fr\/produit\/miobio\/","title":{"rendered":"Miobio"},"content":{"rendered":"<p>R\u00e9sistant aux intemp\u00e9ries et \u00e0 l&#8217;humidit\u00e9 gr\u00e2ce \u00e0 sa fabrication en Corten, cet \u00e9l\u00e9gant conteneur se caract\u00e9rise par sa forme harmonieuse et minimaliste qui s&#8217;int\u00e8gre parfaitement \u00e0 tout environnement ext\u00e9rieur et se marie avec tous les autres \u00e9l\u00e9ments de la collection \u00ab Il giardino di Corten \u00bb.<\/p>\n<p>Sa structure \u00e0 lattes espac\u00e9es favorise la circulation de l&#8217;air et la prolif\u00e9ration de \u00ab bonnes \u00bb bact\u00e9ries, permettant ainsi de transformer les d\u00e9chets v\u00e9g\u00e9taux en une ressource 100% \u00e9cologique, riche en substances nutritives pour le sol.<\/p>\n","protected":false},"excerpt":{"rendered":"<p>Une alternative \u00e9cologique, esth\u00e9tique et fonctionnelle \u00e0 la classique \u00ab poubelle \u00bb de collecte des d\u00e9chets dans le jardin ou le potager.<\/p>\n<p>Ses dimensions garantissent une contenance id\u00e9ale pour les besoins de tout potager. Les d\u00e9chets \u00e0 l&#8217;int\u00e9rieur restent \u00e0 l&#8217;abri des regards mais ne g\u00e9n\u00e8rent pas de mauvaises odeurs, lors du processus naturel qui les transforme en compost.<\/p>\n<p>L&#8217;ouverture sup\u00e9rieure permet de d\u00e9poser sans effort l&#8217;herbe, les feuilles, les branches et autres d\u00e9chets organiques de l&#8217;espace vert ou du jardin potager. Vous n&#8217;avez rien d&#8217;autre \u00e0 faire : l&#8217;air, le soleil et la nature se chargent du reste.<\/p>\n<p>La porte du bas permet d&#8217;extraire le compost lorsqu&#8217;il est pr\u00eat, dans la quantit\u00e9 n\u00e9cessaire pour fertiliser le sol, dans un cycle continu qui respecte la nature et le bien-\u00eatre des plantes.<\/p>\n<p><strong>DIMENSIONS: 95 x 95 x 103 cm\u00a0<\/strong><\/p>\n<p><strong>Poids: 90 kg<\/strong><\/p>\n","protected":false},"featured_media":20393,"template":"","meta":{"_acf_changed":false},"product_brand":[],"product_cat":[302],"product_tag":[],"class_list":{"0":"post-21999","1":"product","2":"type-product","3":"status-publish","4":"has-post-thumbnail","6":"product_cat-conteneurs","9":"first","10":"instock","11":"taxable","12":"shipping-taxable","13":"purchasable","14":"product-type-simple"},"acf":[],"yoast_head":"<!-- This site is optimized with the Yoast SEO plugin v27.1.1 - https:\/\/yoast.com\/product\/yoast-seo-wordpress\/ -->\n<title>Miobio - Il Giardino di Corten<\/title>\n<meta name=\"robots\" content=\"index, follow, max-snippet:-1, max-image-preview:large, max-video-preview:-1\" \/>\n<link rel=\"canonical\" href=\"https:\/\/ilgiardinodicorten.it\/fr\/produit\/miobio\/\" \/>\n<meta property=\"og:locale\" content=\"fr_FR\" \/>\n<meta property=\"og:type\" content=\"article\" \/>\n<meta property=\"og:title\" content=\"Miobio - Il Giardino di Corten\" \/>\n<meta property=\"og:description\" content=\"Une alternative \u00e9cologique, esth\u00e9tique et fonctionnelle \u00e0 la classique \u00ab poubelle \u00bb de collecte des d\u00e9chets dans le jardin ou le potager.  Ses dimensions garantissent une contenance id\u00e9ale pour les besoins de tout potager. Les d\u00e9chets \u00e0 l&#039;int\u00e9rieur restent \u00e0 l&#039;abri des regards mais ne g\u00e9n\u00e8rent pas de mauvaises odeurs, lors du processus naturel qui les transforme en compost.  L&#039;ouverture sup\u00e9rieure permet de d\u00e9poser sans effort l&#039;herbe, les feuilles, les branches et autres d\u00e9chets organiques de l&#039;espace vert ou du jardin potager. Vous n&#039;avez rien d&#039;autre \u00e0 faire : l&#039;air, le soleil et la nature se chargent du reste.  La porte du bas permet d&#039;extraire le compost lorsqu&#039;il est pr\u00eat, dans la quantit\u00e9 n\u00e9cessaire pour fertiliser le sol, dans un cycle continu qui respecte la nature et le bien-\u00eatre des plantes.   DIMENSIONS: 95 x 95 x 103 cm\u00a0 Poids: 90 kg\" \/>\n<meta property=\"og:url\" content=\"https:\/\/ilgiardinodicorten.it\/fr\/produit\/miobio\/\" \/>\n<meta property=\"og:site_name\" content=\"Il Giardino di Corten\" \/>\n<meta property=\"article:modified_time\" content=\"2023-01-13T15:02:44+00:00\" \/>\n<meta property=\"og:image\" content=\"https:\/\/ilgiardinodicorten.it\/wp-content\/uploads\/2021\/10\/miobio-COMPOST_03.jpg\" \/>\n\t<meta property=\"og:image:width\" content=\"1133\" \/>\n\t<meta property=\"og:image:height\" content=\"755\" \/>\n\t<meta property=\"og:image:type\" content=\"image\/jpeg\" \/>\n<meta name=\"twitter:card\" content=\"summary_large_image\" \/>\n<script type=\"application\/ld+json\" class=\"yoast-schema-graph\">{\"@context\":\"https:\/\/schema.org\",\"@graph\":[{\"@type\":\"WebPage\",\"@id\":\"https:\/\/ilgiardinodicorten.it\/fr\/produit\/miobio\/\",\"url\":\"https:\/\/ilgiardinodicorten.it\/fr\/produit\/miobio\/\",\"name\":\"Miobio - Il Giardino di Corten\",\"isPartOf\":{\"@id\":\"https:\/\/ilgiardinodicorten.it\/#website\"},\"primaryImageOfPage\":{\"@id\":\"https:\/\/ilgiardinodicorten.it\/fr\/produit\/miobio\/#primaryimage\"},\"image\":{\"@id\":\"https:\/\/ilgiardinodicorten.it\/fr\/produit\/miobio\/#primaryimage\"},\"thumbnailUrl\":\"https:\/\/ilgiardinodicorten.it\/wp-content\/uploads\/2021\/10\/miobio-COMPOST_03.jpg\",\"datePublished\":\"2022-07-12T09:08:31+00:00\",\"dateModified\":\"2023-01-13T15:02:44+00:00\",\"breadcrumb\":{\"@id\":\"https:\/\/ilgiardinodicorten.it\/fr\/produit\/miobio\/#breadcrumb\"},\"inLanguage\":\"fr-FR\",\"potentialAction\":[{\"@type\":\"ReadAction\",\"target\":[\"https:\/\/ilgiardinodicorten.it\/fr\/produit\/miobio\/\"]}]},{\"@type\":\"ImageObject\",\"inLanguage\":\"fr-FR\",\"@id\":\"https:\/\/ilgiardinodicorten.it\/fr\/produit\/miobio\/#primaryimage\",\"url\":\"https:\/\/ilgiardinodicorten.it\/wp-content\/uploads\/2021\/10\/miobio-COMPOST_03.jpg\",\"contentUrl\":\"https:\/\/ilgiardinodicorten.it\/wp-content\/uploads\/2021\/10\/miobio-COMPOST_03.jpg\",\"width\":1133,\"height\":755,\"caption\":\"Compostiera Mio Bio\"},{\"@type\":\"BreadcrumbList\",\"@id\":\"https:\/\/ilgiardinodicorten.it\/fr\/produit\/miobio\/#breadcrumb\",\"itemListElement\":[{\"@type\":\"ListItem\",\"position\":1,\"name\":\"Home\",\"item\":\"https:\/\/ilgiardinodicorten.it\/fr\/\"},{\"@type\":\"ListItem\",\"position\":2,\"name\":\"Boutique\",\"item\":\"https:\/\/ilgiardinodicorten.it\/fr\/boutique\/\"},{\"@type\":\"ListItem\",\"position\":3,\"name\":\"Miobio\"}]},{\"@type\":\"WebSite\",\"@id\":\"https:\/\/ilgiardinodicorten.it\/#website\",\"url\":\"https:\/\/ilgiardinodicorten.it\/\",\"name\":\"Il Giardino di Corten\",\"description\":\"\",\"potentialAction\":[{\"@type\":\"SearchAction\",\"target\":{\"@type\":\"EntryPoint\",\"urlTemplate\":\"https:\/\/ilgiardinodicorten.it\/?s={search_term_string}\"},\"query-input\":{\"@type\":\"PropertyValueSpecification\",\"valueRequired\":true,\"valueName\":\"search_term_string\"}}],\"inLanguage\":\"fr-FR\"}]}<\/script>\n<!-- \/ Yoast SEO plugin. -->","yoast_head_json":{"title":"Miobio - Il Giardino di Corten","robots":{"index":"index","follow":"follow","max-snippet":"max-snippet:-1","max-image-preview":"max-image-preview:large","max-video-preview":"max-video-preview:-1"},"canonical":"https:\/\/ilgiardinodicorten.it\/fr\/produit\/miobio\/","og_locale":"fr_FR","og_type":"article","og_title":"Miobio - Il Giardino di Corten","og_description":"Une alternative \u00e9cologique, esth\u00e9tique et fonctionnelle \u00e0 la classique \u00ab poubelle \u00bb de collecte des d\u00e9chets dans le jardin ou le potager.  Ses dimensions garantissent une contenance id\u00e9ale pour les besoins de tout potager. Les d\u00e9chets \u00e0 l'int\u00e9rieur restent \u00e0 l'abri des regards mais ne g\u00e9n\u00e8rent pas de mauvaises odeurs, lors du processus naturel qui les transforme en compost.  L'ouverture sup\u00e9rieure permet de d\u00e9poser sans effort l'herbe, les feuilles, les branches et autres d\u00e9chets organiques de l'espace vert ou du jardin potager. Vous n'avez rien d'autre \u00e0 faire : l'air, le soleil et la nature se chargent du reste.  La porte du bas permet d'extraire le compost lorsqu'il est pr\u00eat, dans la quantit\u00e9 n\u00e9cessaire pour fertiliser le sol, dans un cycle continu qui respecte la nature et le bien-\u00eatre des plantes.   DIMENSIONS: 95 x 95 x 103 cm\u00a0 Poids: 90 kg","og_url":"https:\/\/ilgiardinodicorten.it\/fr\/produit\/miobio\/","og_site_name":"Il Giardino di Corten","article_modified_time":"2023-01-13T15:02:44+00:00","og_image":[{"width":1133,"height":755,"url":"https:\/\/ilgiardinodicorten.it\/wp-content\/uploads\/2021\/10\/miobio-COMPOST_03.jpg","type":"image\/jpeg"}],"twitter_card":"summary_large_image","schema":{"@context":"https:\/\/schema.org","@graph":[{"@type":"WebPage","@id":"https:\/\/ilgiardinodicorten.it\/fr\/produit\/miobio\/","url":"https:\/\/ilgiardinodicorten.it\/fr\/produit\/miobio\/","name":"Miobio - Il Giardino di Corten","isPartOf":{"@id":"https:\/\/ilgiardinodicorten.it\/#website"},"primaryImageOfPage":{"@id":"https:\/\/ilgiardinodicorten.it\/fr\/produit\/miobio\/#primaryimage"},"image":{"@id":"https:\/\/ilgiardinodicorten.it\/fr\/produit\/miobio\/#primaryimage"},"thumbnailUrl":"https:\/\/ilgiardinodicorten.it\/wp-content\/uploads\/2021\/10\/miobio-COMPOST_03.jpg","datePublished":"2022-07-12T09:08:31+00:00","dateModified":"2023-01-13T15:02:44+00:00","breadcrumb":{"@id":"https:\/\/ilgiardinodicorten.it\/fr\/produit\/miobio\/#breadcrumb"},"inLanguage":"fr-FR","potentialAction":[{"@type":"ReadAction","target":["https:\/\/ilgiardinodicorten.it\/fr\/produit\/miobio\/"]}]},{"@type":"ImageObject","inLanguage":"fr-FR","@id":"https:\/\/ilgiardinodicorten.it\/fr\/produit\/miobio\/#primaryimage","url":"https:\/\/ilgiardinodicorten.it\/wp-content\/uploads\/2021\/10\/miobio-COMPOST_03.jpg","contentUrl":"https:\/\/ilgiardinodicorten.it\/wp-content\/uploads\/2021\/10\/miobio-COMPOST_03.jpg","width":1133,"height":755,"caption":"Compostiera Mio Bio"},{"@type":"BreadcrumbList","@id":"https:\/\/ilgiardinodicorten.it\/fr\/produit\/miobio\/#breadcrumb","itemListElement":[{"@type":"ListItem","position":1,"name":"Home","item":"https:\/\/ilgiardinodicorten.it\/fr\/"},{"@type":"ListItem","position":2,"name":"Boutique","item":"https:\/\/ilgiardinodicorten.it\/fr\/boutique\/"},{"@type":"ListItem","position":3,"name":"Miobio"}]},{"@type":"WebSite","@id":"https:\/\/ilgiardinodicorten.it\/#website","url":"https:\/\/ilgiardinodicorten.it\/","name":"Il Giardino di Corten","description":"","potentialAction":[{"@type":"SearchAction","target":{"@type":"EntryPoint","urlTemplate":"https:\/\/ilgiardinodicorten.it\/?s={search_term_string}"},"query-input":{"@type":"PropertyValueSpecification","valueRequired":true,"valueName":"search_term_string"}}],"inLanguage":"fr-FR"}]}},"_links":{"self":[{"href":"https:\/\/ilgiardinodicorten.it\/fr\/wp-json\/wp\/v2\/product\/21999","targetHints":{"allow":["GET"]}}],"collection":[{"href":"https:\/\/ilgiardinodicorten.it\/fr\/wp-json\/wp\/v2\/product"}],"about":[{"href":"https:\/\/ilgiardinodicorten.it\/fr\/wp-json\/wp\/v2\/types\/product"}],"wp:featuredmedia":[{"embeddable":true,"href":"https:\/\/ilgiardinodicorten.it\/fr\/wp-json\/wp\/v2\/media\/20393"}],"wp:attachment":[{"href":"https:\/\/ilgiardinodicorten.it\/fr\/wp-json\/wp\/v2\/media?parent=21999"}],"wp:term":[{"taxonomy":"product_brand","embeddable":true,"href":"https:\/\/ilgiardinodicorten.it\/fr\/wp-json\/wp\/v2\/product_brand?post=21999"},{"taxonomy":"product_cat","embeddable":true,"href":"https:\/\/ilgiardinodicorten.it\/fr\/wp-json\/wp\/v2\/product_cat?post=21999"},{"taxonomy":"product_tag","embeddable":true,"href":"https:\/\/ilgiardinodicorten.it\/fr\/wp-json\/wp\/v2\/product_tag?post=21999"}],"curies":[{"name":"wp","href":"https:\/\/api.w.org\/{rel}","templated":true}]}}