{"id":22002,"date":"2022-07-12T11:05:46","date_gmt":"2022-07-12T09:05:46","guid":{"rendered":"https:\/\/ilgiardinodicorten.it\/prodotto\/bicapanna\/"},"modified":"2023-01-13T16:23:42","modified_gmt":"2023-01-13T15:23:42","slug":"bicapanna","status":"publish","type":"product","link":"https:\/\/ilgiardinodicorten.it\/fr\/produit\/bicapanna\/","title":{"rendered":"Bicapanna"},"content":{"rendered":"<p><strong>La double poign\u00e9e<\/strong> horizontale et verticale offre une prise en main confortable pour l&#8217;ouverture des portes avant et arri\u00e8re. De cette fa\u00e7on, il est possible d&#8217;entrer et de sortir des deux c\u00f4t\u00e9s : une id\u00e9e qui rend l&#8217;installation et l&#8217;utilisation encore plus polyvalentes. <\/p>\n<p>Alternativement, la <strong>version avec une seule porte<\/strong> est disponible, toujours pratique et accessible.<\/p>\n<p><strong>DIMENSIONS:<\/strong> 80 x 160 x 220 cm<\/p>\n<p><strong>Poids:<\/strong> 190 kg<\/p>\n","protected":false},"excerpt":{"rendered":"<p>Un petit espace prot\u00e9g\u00e9 et accessible pour ranger les outils, la tondeuse et le tuyau d\u2019irrigation dans le jardin, \u00e0 l\u2019abri des intemp\u00e9ries ? Pas de probl\u00e8me : gr\u00e2ce \u00e0 sa taille compacte, c\u2019est la solution id\u00e9ale.<\/p>\n<p>La cabane est imm\u00e9diatement pr\u00eate \u00e0 l\u2019emploi, r\u00e9siste aux intemp\u00e9ries, dure longtemps, s\u2019adapte partout et pr\u00e9sente un design coordonn\u00e9 avec les autres \u00e9l\u00e9ments de la collection &#8220;Il Giardino di Corten&#8221;.<\/p>\n","protected":false},"featured_media":20384,"template":"","meta":{"_acf_changed":false},"product_brand":[],"product_cat":[302],"product_tag":[],"class_list":{"0":"post-22002","1":"product","2":"type-product","3":"status-publish","4":"has-post-thumbnail","6":"product_cat-conteneurs","9":"first","10":"instock","11":"taxable","12":"shipping-taxable","13":"product-type-simple"},"acf":[],"yoast_head":"<!-- This site is optimized with the Yoast SEO plugin v27.1.1 - https:\/\/yoast.com\/product\/yoast-seo-wordpress\/ -->\n<title>Bicapanna - Il Giardino di Corten<\/title>\n<meta name=\"robots\" content=\"noindex, follow\" \/>\n<meta property=\"og:locale\" content=\"fr_FR\" \/>\n<meta property=\"og:type\" content=\"article\" \/>\n<meta property=\"og:title\" content=\"Bicapanna - Il Giardino di Corten\" \/>\n<meta property=\"og:description\" content=\"Un petit espace prot\u00e9g\u00e9 et accessible pour ranger les outils, la tondeuse et le tuyau d\u2019irrigation dans le jardin, \u00e0 l\u2019abri des intemp\u00e9ries ? Pas de probl\u00e8me : gr\u00e2ce \u00e0 sa taille compacte, c\u2019est la solution id\u00e9ale.  La cabane est imm\u00e9diatement pr\u00eate \u00e0 l\u2019emploi, r\u00e9siste aux intemp\u00e9ries, dure longtemps, s\u2019adapte partout et pr\u00e9sente un design coordonn\u00e9 avec les autres \u00e9l\u00e9ments de la collection &quot;Il Giardino di Corten&quot;.\" \/>\n<meta property=\"og:url\" content=\"https:\/\/ilgiardinodicorten.it\/produit\/bicapanna\/\" \/>\n<meta property=\"og:site_name\" content=\"Il Giardino di Corten\" \/>\n<meta property=\"article:modified_time\" content=\"2023-01-13T15:23:42+00:00\" \/>\n<meta property=\"og:image\" content=\"https:\/\/ilgiardinodicorten.it\/wp-content\/uploads\/2021\/10\/bicapanna-BL5I3109.jpg\" \/>\n\t<meta property=\"og:image:width\" content=\"1313\" \/>\n\t<meta property=\"og:image:height\" content=\"876\" \/>\n\t<meta property=\"og:image:type\" content=\"image\/jpeg\" \/>\n<meta name=\"twitter:card\" content=\"summary_large_image\" \/>\n<script type=\"application\/ld+json\" class=\"yoast-schema-graph\">{\"@context\":\"https:\/\/schema.org\",\"@graph\":[{\"@type\":\"WebPage\",\"@id\":\"https:\/\/ilgiardinodicorten.it\/produit\/bicapanna\/\",\"url\":\"https:\/\/ilgiardinodicorten.it\/produit\/bicapanna\/\",\"name\":\"Bicapanna - Il Giardino di Corten\",\"isPartOf\":{\"@id\":\"https:\/\/ilgiardinodicorten.it\/#website\"},\"primaryImageOfPage\":{\"@id\":\"https:\/\/ilgiardinodicorten.it\/produit\/bicapanna\/#primaryimage\"},\"image\":{\"@id\":\"https:\/\/ilgiardinodicorten.it\/produit\/bicapanna\/#primaryimage\"},\"thumbnailUrl\":\"https:\/\/ilgiardinodicorten.it\/wp-content\/uploads\/2021\/10\/bicapanna-BL5I3109.jpg\",\"datePublished\":\"2022-07-12T09:05:46+00:00\",\"dateModified\":\"2023-01-13T15:23:42+00:00\",\"breadcrumb\":{\"@id\":\"https:\/\/ilgiardinodicorten.it\/produit\/bicapanna\/#breadcrumb\"},\"inLanguage\":\"fr-FR\",\"potentialAction\":[{\"@type\":\"ReadAction\",\"target\":[\"https:\/\/ilgiardinodicorten.it\/produit\/bicapanna\/\"]}]},{\"@type\":\"ImageObject\",\"inLanguage\":\"fr-FR\",\"@id\":\"https:\/\/ilgiardinodicorten.it\/produit\/bicapanna\/#primaryimage\",\"url\":\"https:\/\/ilgiardinodicorten.it\/wp-content\/uploads\/2021\/10\/bicapanna-BL5I3109.jpg\",\"contentUrl\":\"https:\/\/ilgiardinodicorten.it\/wp-content\/uploads\/2021\/10\/bicapanna-BL5I3109.jpg\",\"width\":1313,\"height\":876},{\"@type\":\"BreadcrumbList\",\"@id\":\"https:\/\/ilgiardinodicorten.it\/produit\/bicapanna\/#breadcrumb\",\"itemListElement\":[{\"@type\":\"ListItem\",\"position\":1,\"name\":\"Home\",\"item\":\"https:\/\/ilgiardinodicorten.it\/fr\/\"},{\"@type\":\"ListItem\",\"position\":2,\"name\":\"Boutique\",\"item\":\"https:\/\/ilgiardinodicorten.it\/fr\/boutique\/\"},{\"@type\":\"ListItem\",\"position\":3,\"name\":\"Bicapanna\"}]},{\"@type\":\"WebSite\",\"@id\":\"https:\/\/ilgiardinodicorten.it\/#website\",\"url\":\"https:\/\/ilgiardinodicorten.it\/\",\"name\":\"Il Giardino di Corten\",\"description\":\"\",\"potentialAction\":[{\"@type\":\"SearchAction\",\"target\":{\"@type\":\"EntryPoint\",\"urlTemplate\":\"https:\/\/ilgiardinodicorten.it\/?s={search_term_string}\"},\"query-input\":{\"@type\":\"PropertyValueSpecification\",\"valueRequired\":true,\"valueName\":\"search_term_string\"}}],\"inLanguage\":\"fr-FR\"}]}<\/script>\n<!-- \/ Yoast SEO plugin. -->","yoast_head_json":{"title":"Bicapanna - Il Giardino di Corten","robots":{"index":"noindex","follow":"follow"},"og_locale":"fr_FR","og_type":"article","og_title":"Bicapanna - Il Giardino di Corten","og_description":"Un petit espace prot\u00e9g\u00e9 et accessible pour ranger les outils, la tondeuse et le tuyau d\u2019irrigation dans le jardin, \u00e0 l\u2019abri des intemp\u00e9ries ? Pas de probl\u00e8me : gr\u00e2ce \u00e0 sa taille compacte, c\u2019est la solution id\u00e9ale.  La cabane est imm\u00e9diatement pr\u00eate \u00e0 l\u2019emploi, r\u00e9siste aux intemp\u00e9ries, dure longtemps, s\u2019adapte partout et pr\u00e9sente un design coordonn\u00e9 avec les autres \u00e9l\u00e9ments de la collection \"Il Giardino di Corten\".","og_url":"https:\/\/ilgiardinodicorten.it\/produit\/bicapanna\/","og_site_name":"Il Giardino di Corten","article_modified_time":"2023-01-13T15:23:42+00:00","og_image":[{"width":1313,"height":876,"url":"https:\/\/ilgiardinodicorten.it\/wp-content\/uploads\/2021\/10\/bicapanna-BL5I3109.jpg","type":"image\/jpeg"}],"twitter_card":"summary_large_image","schema":{"@context":"https:\/\/schema.org","@graph":[{"@type":"WebPage","@id":"https:\/\/ilgiardinodicorten.it\/produit\/bicapanna\/","url":"https:\/\/ilgiardinodicorten.it\/produit\/bicapanna\/","name":"Bicapanna - Il Giardino di Corten","isPartOf":{"@id":"https:\/\/ilgiardinodicorten.it\/#website"},"primaryImageOfPage":{"@id":"https:\/\/ilgiardinodicorten.it\/produit\/bicapanna\/#primaryimage"},"image":{"@id":"https:\/\/ilgiardinodicorten.it\/produit\/bicapanna\/#primaryimage"},"thumbnailUrl":"https:\/\/ilgiardinodicorten.it\/wp-content\/uploads\/2021\/10\/bicapanna-BL5I3109.jpg","datePublished":"2022-07-12T09:05:46+00:00","dateModified":"2023-01-13T15:23:42+00:00","breadcrumb":{"@id":"https:\/\/ilgiardinodicorten.it\/produit\/bicapanna\/#breadcrumb"},"inLanguage":"fr-FR","potentialAction":[{"@type":"ReadAction","target":["https:\/\/ilgiardinodicorten.it\/produit\/bicapanna\/"]}]},{"@type":"ImageObject","inLanguage":"fr-FR","@id":"https:\/\/ilgiardinodicorten.it\/produit\/bicapanna\/#primaryimage","url":"https:\/\/ilgiardinodicorten.it\/wp-content\/uploads\/2021\/10\/bicapanna-BL5I3109.jpg","contentUrl":"https:\/\/ilgiardinodicorten.it\/wp-content\/uploads\/2021\/10\/bicapanna-BL5I3109.jpg","width":1313,"height":876},{"@type":"BreadcrumbList","@id":"https:\/\/ilgiardinodicorten.it\/produit\/bicapanna\/#breadcrumb","itemListElement":[{"@type":"ListItem","position":1,"name":"Home","item":"https:\/\/ilgiardinodicorten.it\/fr\/"},{"@type":"ListItem","position":2,"name":"Boutique","item":"https:\/\/ilgiardinodicorten.it\/fr\/boutique\/"},{"@type":"ListItem","position":3,"name":"Bicapanna"}]},{"@type":"WebSite","@id":"https:\/\/ilgiardinodicorten.it\/#website","url":"https:\/\/ilgiardinodicorten.it\/","name":"Il Giardino di Corten","description":"","potentialAction":[{"@type":"SearchAction","target":{"@type":"EntryPoint","urlTemplate":"https:\/\/ilgiardinodicorten.it\/?s={search_term_string}"},"query-input":{"@type":"PropertyValueSpecification","valueRequired":true,"valueName":"search_term_string"}}],"inLanguage":"fr-FR"}]}},"_links":{"self":[{"href":"https:\/\/ilgiardinodicorten.it\/fr\/wp-json\/wp\/v2\/product\/22002","targetHints":{"allow":["GET"]}}],"collection":[{"href":"https:\/\/ilgiardinodicorten.it\/fr\/wp-json\/wp\/v2\/product"}],"about":[{"href":"https:\/\/ilgiardinodicorten.it\/fr\/wp-json\/wp\/v2\/types\/product"}],"wp:featuredmedia":[{"embeddable":true,"href":"https:\/\/ilgiardinodicorten.it\/fr\/wp-json\/wp\/v2\/media\/20384"}],"wp:attachment":[{"href":"https:\/\/ilgiardinodicorten.it\/fr\/wp-json\/wp\/v2\/media?parent=22002"}],"wp:term":[{"taxonomy":"product_brand","embeddable":true,"href":"https:\/\/ilgiardinodicorten.it\/fr\/wp-json\/wp\/v2\/product_brand?post=22002"},{"taxonomy":"product_cat","embeddable":true,"href":"https:\/\/ilgiardinodicorten.it\/fr\/wp-json\/wp\/v2\/product_cat?post=22002"},{"taxonomy":"product_tag","embeddable":true,"href":"https:\/\/ilgiardinodicorten.it\/fr\/wp-json\/wp\/v2\/product_tag?post=22002"}],"curies":[{"name":"wp","href":"https:\/\/api.w.org\/{rel}","templated":true}]}}