{"id":22008,"date":"2022-07-12T11:17:30","date_gmt":"2022-07-12T09:17:30","guid":{"rendered":"https:\/\/ilgiardinodicorten.it\/prodotto\/cuordicuoio-liscia\/"},"modified":"2022-07-12T11:17:30","modified_gmt":"2022-07-12T09:17:30","slug":"cuordicuoio-liscia","status":"publish","type":"product","link":"https:\/\/ilgiardinodicorten.it\/fr\/produit\/cuordicuoio-liscia\/","title":{"rendered":"Cuordicuoio Liscia"},"content":{"rendered":"<p>La chaise longue, elle, est constitu\u00e9e d&#8217;un seul rev\u00eatement en cuir, doux et \u00e9l\u00e9gant : les deux versions sont compl\u00e9t\u00e9es par un agr\u00e9able coussin capitonn\u00e9.<\/p>\n<p>&nbsp;<\/p>\n<p><strong>DIMENSIONS<\/strong><\/p>\n<p><strong>Cuordicuoio Liscia<\/strong>: 92 \u00d7 80 \u00d7 100 cm &#8211; Poids: 9 kg<\/p>\n","protected":false},"excerpt":{"rendered":"<p><em>L&#8217;aspect chaleureux de l&#8217;acier Corten s&#8217;allie au prestige naturel du cuir, trait\u00e9 pour un usage ext\u00e9rieur, pour proposer une famille de si\u00e8ges aussi confortables que raffin\u00e9s.<\/em><\/p>\n<p>La structure \u00e0 la fois l\u00e9g\u00e8re et r\u00e9sistante du fauteuil est combin\u00e9e \u00e0 un tissage artisanal en cuir qui \u00e9pouse les formes du corps dans une \u00e9treinte confortable.<\/p>\n","protected":false},"featured_media":21477,"template":"","meta":{"_acf_changed":false},"product_brand":[],"product_cat":[339],"product_tag":[],"class_list":{"0":"post-22008","1":"product","2":"type-product","3":"status-publish","4":"has-post-thumbnail","6":"product_cat-les-fauteuils","9":"first","10":"instock","11":"taxable","12":"shipping-taxable","13":"product-type-simple"},"acf":[],"yoast_head":"<!-- This site is optimized with the Yoast SEO plugin v27.1.1 - https:\/\/yoast.com\/product\/yoast-seo-wordpress\/ -->\n<title>Cuordicuoio Liscia - Il Giardino di Corten<\/title>\n<meta name=\"robots\" content=\"index, follow, max-snippet:-1, max-image-preview:large, max-video-preview:-1\" \/>\n<link rel=\"canonical\" href=\"https:\/\/ilgiardinodicorten.it\/produit\/cuordicuoio-liscia\/\" \/>\n<meta property=\"og:locale\" content=\"fr_FR\" \/>\n<meta property=\"og:type\" content=\"article\" \/>\n<meta property=\"og:title\" content=\"Cuordicuoio Liscia - Il Giardino di Corten\" \/>\n<meta property=\"og:description\" content=\"L&#039;aspect chaleureux de l&#039;acier Corten s&#039;allie au prestige naturel du cuir, trait\u00e9 pour un usage ext\u00e9rieur, pour proposer une famille de si\u00e8ges aussi confortables que raffin\u00e9s. La structure \u00e0 la fois l\u00e9g\u00e8re et r\u00e9sistante du fauteuil est combin\u00e9e \u00e0 un tissage artisanal en cuir qui \u00e9pouse les formes du corps dans une \u00e9treinte confortable.\" \/>\n<meta property=\"og:url\" content=\"https:\/\/ilgiardinodicorten.it\/produit\/cuordicuoio-liscia\/\" \/>\n<meta property=\"og:site_name\" content=\"Il Giardino di Corten\" \/>\n<meta property=\"og:image\" content=\"https:\/\/ilgiardinodicorten.it\/wp-content\/uploads\/2022\/12\/poltrona-cuodicuoio-liscia.jpg\" \/>\n\t<meta property=\"og:image:width\" content=\"546\" \/>\n\t<meta property=\"og:image:height\" content=\"711\" \/>\n\t<meta property=\"og:image:type\" content=\"image\/jpeg\" \/>\n<meta name=\"twitter:card\" content=\"summary_large_image\" \/>\n<script type=\"application\/ld+json\" class=\"yoast-schema-graph\">{\"@context\":\"https:\/\/schema.org\",\"@graph\":[{\"@type\":\"WebPage\",\"@id\":\"https:\/\/ilgiardinodicorten.it\/produit\/cuordicuoio-liscia\/\",\"url\":\"https:\/\/ilgiardinodicorten.it\/produit\/cuordicuoio-liscia\/\",\"name\":\"Cuordicuoio Liscia - Il Giardino di Corten\",\"isPartOf\":{\"@id\":\"https:\/\/ilgiardinodicorten.it\/#website\"},\"primaryImageOfPage\":{\"@id\":\"https:\/\/ilgiardinodicorten.it\/produit\/cuordicuoio-liscia\/#primaryimage\"},\"image\":{\"@id\":\"https:\/\/ilgiardinodicorten.it\/produit\/cuordicuoio-liscia\/#primaryimage\"},\"thumbnailUrl\":\"https:\/\/ilgiardinodicorten.it\/wp-content\/uploads\/2022\/12\/poltrona-cuodicuoio-liscia.jpg\",\"datePublished\":\"2022-07-12T09:17:30+00:00\",\"breadcrumb\":{\"@id\":\"https:\/\/ilgiardinodicorten.it\/produit\/cuordicuoio-liscia\/#breadcrumb\"},\"inLanguage\":\"fr-FR\",\"potentialAction\":[{\"@type\":\"ReadAction\",\"target\":[\"https:\/\/ilgiardinodicorten.it\/produit\/cuordicuoio-liscia\/\"]}]},{\"@type\":\"ImageObject\",\"inLanguage\":\"fr-FR\",\"@id\":\"https:\/\/ilgiardinodicorten.it\/produit\/cuordicuoio-liscia\/#primaryimage\",\"url\":\"https:\/\/ilgiardinodicorten.it\/wp-content\/uploads\/2022\/12\/poltrona-cuodicuoio-liscia.jpg\",\"contentUrl\":\"https:\/\/ilgiardinodicorten.it\/wp-content\/uploads\/2022\/12\/poltrona-cuodicuoio-liscia.jpg\",\"width\":546,\"height\":711},{\"@type\":\"BreadcrumbList\",\"@id\":\"https:\/\/ilgiardinodicorten.it\/produit\/cuordicuoio-liscia\/#breadcrumb\",\"itemListElement\":[{\"@type\":\"ListItem\",\"position\":1,\"name\":\"Home\",\"item\":\"https:\/\/ilgiardinodicorten.it\/fr\/\"},{\"@type\":\"ListItem\",\"position\":2,\"name\":\"Boutique\",\"item\":\"https:\/\/ilgiardinodicorten.it\/fr\/boutique\/\"},{\"@type\":\"ListItem\",\"position\":3,\"name\":\"Cuordicuoio Liscia\"}]},{\"@type\":\"WebSite\",\"@id\":\"https:\/\/ilgiardinodicorten.it\/#website\",\"url\":\"https:\/\/ilgiardinodicorten.it\/\",\"name\":\"Il Giardino di Corten\",\"description\":\"\",\"potentialAction\":[{\"@type\":\"SearchAction\",\"target\":{\"@type\":\"EntryPoint\",\"urlTemplate\":\"https:\/\/ilgiardinodicorten.it\/?s={search_term_string}\"},\"query-input\":{\"@type\":\"PropertyValueSpecification\",\"valueRequired\":true,\"valueName\":\"search_term_string\"}}],\"inLanguage\":\"fr-FR\"}]}<\/script>\n<!-- \/ Yoast SEO plugin. -->","yoast_head_json":{"title":"Cuordicuoio Liscia - Il Giardino di Corten","robots":{"index":"index","follow":"follow","max-snippet":"max-snippet:-1","max-image-preview":"max-image-preview:large","max-video-preview":"max-video-preview:-1"},"canonical":"https:\/\/ilgiardinodicorten.it\/produit\/cuordicuoio-liscia\/","og_locale":"fr_FR","og_type":"article","og_title":"Cuordicuoio Liscia - Il Giardino di Corten","og_description":"L'aspect chaleureux de l'acier Corten s'allie au prestige naturel du cuir, trait\u00e9 pour un usage ext\u00e9rieur, pour proposer une famille de si\u00e8ges aussi confortables que raffin\u00e9s. La structure \u00e0 la fois l\u00e9g\u00e8re et r\u00e9sistante du fauteuil est combin\u00e9e \u00e0 un tissage artisanal en cuir qui \u00e9pouse les formes du corps dans une \u00e9treinte confortable.","og_url":"https:\/\/ilgiardinodicorten.it\/produit\/cuordicuoio-liscia\/","og_site_name":"Il Giardino di Corten","og_image":[{"width":546,"height":711,"url":"https:\/\/ilgiardinodicorten.it\/wp-content\/uploads\/2022\/12\/poltrona-cuodicuoio-liscia.jpg","type":"image\/jpeg"}],"twitter_card":"summary_large_image","schema":{"@context":"https:\/\/schema.org","@graph":[{"@type":"WebPage","@id":"https:\/\/ilgiardinodicorten.it\/produit\/cuordicuoio-liscia\/","url":"https:\/\/ilgiardinodicorten.it\/produit\/cuordicuoio-liscia\/","name":"Cuordicuoio Liscia - Il Giardino di Corten","isPartOf":{"@id":"https:\/\/ilgiardinodicorten.it\/#website"},"primaryImageOfPage":{"@id":"https:\/\/ilgiardinodicorten.it\/produit\/cuordicuoio-liscia\/#primaryimage"},"image":{"@id":"https:\/\/ilgiardinodicorten.it\/produit\/cuordicuoio-liscia\/#primaryimage"},"thumbnailUrl":"https:\/\/ilgiardinodicorten.it\/wp-content\/uploads\/2022\/12\/poltrona-cuodicuoio-liscia.jpg","datePublished":"2022-07-12T09:17:30+00:00","breadcrumb":{"@id":"https:\/\/ilgiardinodicorten.it\/produit\/cuordicuoio-liscia\/#breadcrumb"},"inLanguage":"fr-FR","potentialAction":[{"@type":"ReadAction","target":["https:\/\/ilgiardinodicorten.it\/produit\/cuordicuoio-liscia\/"]}]},{"@type":"ImageObject","inLanguage":"fr-FR","@id":"https:\/\/ilgiardinodicorten.it\/produit\/cuordicuoio-liscia\/#primaryimage","url":"https:\/\/ilgiardinodicorten.it\/wp-content\/uploads\/2022\/12\/poltrona-cuodicuoio-liscia.jpg","contentUrl":"https:\/\/ilgiardinodicorten.it\/wp-content\/uploads\/2022\/12\/poltrona-cuodicuoio-liscia.jpg","width":546,"height":711},{"@type":"BreadcrumbList","@id":"https:\/\/ilgiardinodicorten.it\/produit\/cuordicuoio-liscia\/#breadcrumb","itemListElement":[{"@type":"ListItem","position":1,"name":"Home","item":"https:\/\/ilgiardinodicorten.it\/fr\/"},{"@type":"ListItem","position":2,"name":"Boutique","item":"https:\/\/ilgiardinodicorten.it\/fr\/boutique\/"},{"@type":"ListItem","position":3,"name":"Cuordicuoio Liscia"}]},{"@type":"WebSite","@id":"https:\/\/ilgiardinodicorten.it\/#website","url":"https:\/\/ilgiardinodicorten.it\/","name":"Il Giardino di Corten","description":"","potentialAction":[{"@type":"SearchAction","target":{"@type":"EntryPoint","urlTemplate":"https:\/\/ilgiardinodicorten.it\/?s={search_term_string}"},"query-input":{"@type":"PropertyValueSpecification","valueRequired":true,"valueName":"search_term_string"}}],"inLanguage":"fr-FR"}]}},"_links":{"self":[{"href":"https:\/\/ilgiardinodicorten.it\/fr\/wp-json\/wp\/v2\/product\/22008","targetHints":{"allow":["GET"]}}],"collection":[{"href":"https:\/\/ilgiardinodicorten.it\/fr\/wp-json\/wp\/v2\/product"}],"about":[{"href":"https:\/\/ilgiardinodicorten.it\/fr\/wp-json\/wp\/v2\/types\/product"}],"wp:featuredmedia":[{"embeddable":true,"href":"https:\/\/ilgiardinodicorten.it\/fr\/wp-json\/wp\/v2\/media\/21477"}],"wp:attachment":[{"href":"https:\/\/ilgiardinodicorten.it\/fr\/wp-json\/wp\/v2\/media?parent=22008"}],"wp:term":[{"taxonomy":"product_brand","embeddable":true,"href":"https:\/\/ilgiardinodicorten.it\/fr\/wp-json\/wp\/v2\/product_brand?post=22008"},{"taxonomy":"product_cat","embeddable":true,"href":"https:\/\/ilgiardinodicorten.it\/fr\/wp-json\/wp\/v2\/product_cat?post=22008"},{"taxonomy":"product_tag","embeddable":true,"href":"https:\/\/ilgiardinodicorten.it\/fr\/wp-json\/wp\/v2\/product_tag?post=22008"}],"curies":[{"name":"wp","href":"https:\/\/api.w.org\/{rel}","templated":true}]}}