{"id":22011,"date":"2017-10-11T08:48:39","date_gmt":"2017-10-11T06:48:39","guid":{"rendered":"https:\/\/ilgiardinodicorten.it\/prodotto\/accessoire-vasca-di-raccolta\/"},"modified":"2023-01-13T10:54:43","modified_gmt":"2023-01-13T09:54:43","slug":"accessoire-cuve-de-collecte","status":"publish","type":"product","link":"https:\/\/ilgiardinodicorten.it\/fr\/produit\/accessoire-cuve-de-collecte\/","title":{"rendered":"Accessoire: Cuve de collecte"},"content":{"rendered":"<p>Un r\u00e9servoir de r\u00e9cup\u00e9ration d&#8217;eau \u00e0 combiner avec les fontaines Teti et Teti Baby qui peut \u00eatre positionn\u00e9 partiellement ou totalement hors sol selon les go\u00fbts esth\u00e9tiques ou les pr\u00e9f\u00e9rences personnelles.<\/p>\n<p><strong>DIMENSIONS:<\/strong><br \/>\nLongueur : 60 cm<br \/>\nLargeur : 45 cm<br \/>\nHauteur : 25 cm<br \/>\nPoids : 18 kg<\/p>\n","protected":false},"excerpt":{"rendered":"<p>R\u00e9servoir de collecte d&#8217;eau pratique \u00e0 combiner avec les fontaines <a href=\"\/prodotto\/fontana-teti\/\"><strong>Teti<\/strong><\/a> et <a href=\"\/prodotto\/fontana-teti\/\"><strong>Teti Baby<\/strong><\/a>. <\/p>\n","protected":false},"featured_media":20696,"template":"","meta":{"_acf_changed":false},"product_brand":[],"product_cat":[307],"product_tag":[],"class_list":{"0":"post-22011","1":"product","2":"type-product","3":"status-publish","4":"has-post-thumbnail","6":"product_cat-accessoires","7":"product_shipping_class-spedizione-19-fr","10":"first","11":"instock","12":"taxable","13":"shipping-taxable","14":"purchasable","15":"product-type-simple"},"acf":[],"yoast_head":"<!-- This site is optimized with the Yoast SEO plugin v27.1.1 - https:\/\/yoast.com\/product\/yoast-seo-wordpress\/ -->\n<title>Accessoire: Cuve de collecte - Il Giardino di Corten<\/title>\n<meta name=\"robots\" content=\"index, follow, max-snippet:-1, max-image-preview:large, max-video-preview:-1\" \/>\n<link rel=\"canonical\" href=\"https:\/\/ilgiardinodicorten.it\/produit\/accessorio-vasca-di-raccolta\/\" \/>\n<meta property=\"og:locale\" content=\"fr_FR\" \/>\n<meta property=\"og:type\" content=\"article\" \/>\n<meta property=\"og:title\" content=\"Accessoire: Cuve de collecte - Il Giardino di Corten\" \/>\n<meta property=\"og:description\" content=\"R\u00e9servoir de collecte d&#039;eau pratique \u00e0 combiner avec les fontaines Teti et Teti Baby.\" \/>\n<meta property=\"og:url\" content=\"https:\/\/ilgiardinodicorten.it\/produit\/accessorio-vasca-di-raccolta\/\" \/>\n<meta property=\"og:site_name\" content=\"Il Giardino di Corten\" \/>\n<meta property=\"article:modified_time\" content=\"2023-01-13T09:54:43+00:00\" \/>\n<meta property=\"og:image\" content=\"https:\/\/ilgiardinodicorten.it\/wp-content\/uploads\/2017\/10\/vasca-di-raccolta-Fontana-Teti-4-1.jpg\" \/>\n\t<meta property=\"og:image:width\" content=\"780\" \/>\n\t<meta property=\"og:image:height\" content=\"619\" \/>\n\t<meta property=\"og:image:type\" content=\"image\/jpeg\" \/>\n<meta name=\"twitter:card\" content=\"summary_large_image\" \/>\n<script type=\"application\/ld+json\" class=\"yoast-schema-graph\">{\"@context\":\"https:\/\/schema.org\",\"@graph\":[{\"@type\":\"WebPage\",\"@id\":\"https:\/\/ilgiardinodicorten.it\/produit\/accessorio-vasca-di-raccolta\/\",\"url\":\"https:\/\/ilgiardinodicorten.it\/produit\/accessorio-vasca-di-raccolta\/\",\"name\":\"Accessoire: Cuve de collecte - Il Giardino di Corten\",\"isPartOf\":{\"@id\":\"https:\/\/ilgiardinodicorten.it\/#website\"},\"primaryImageOfPage\":{\"@id\":\"https:\/\/ilgiardinodicorten.it\/produit\/accessorio-vasca-di-raccolta\/#primaryimage\"},\"image\":{\"@id\":\"https:\/\/ilgiardinodicorten.it\/produit\/accessorio-vasca-di-raccolta\/#primaryimage\"},\"thumbnailUrl\":\"https:\/\/ilgiardinodicorten.it\/wp-content\/uploads\/2017\/10\/vasca-di-raccolta-Fontana-Teti-4-1.jpg\",\"datePublished\":\"2017-10-11T06:48:39+00:00\",\"dateModified\":\"2023-01-13T09:54:43+00:00\",\"breadcrumb\":{\"@id\":\"https:\/\/ilgiardinodicorten.it\/produit\/accessorio-vasca-di-raccolta\/#breadcrumb\"},\"inLanguage\":\"fr-FR\",\"potentialAction\":[{\"@type\":\"ReadAction\",\"target\":[\"https:\/\/ilgiardinodicorten.it\/produit\/accessorio-vasca-di-raccolta\/\"]}]},{\"@type\":\"ImageObject\",\"inLanguage\":\"fr-FR\",\"@id\":\"https:\/\/ilgiardinodicorten.it\/produit\/accessorio-vasca-di-raccolta\/#primaryimage\",\"url\":\"https:\/\/ilgiardinodicorten.it\/wp-content\/uploads\/2017\/10\/vasca-di-raccolta-Fontana-Teti-4-1.jpg\",\"contentUrl\":\"https:\/\/ilgiardinodicorten.it\/wp-content\/uploads\/2017\/10\/vasca-di-raccolta-Fontana-Teti-4-1.jpg\",\"width\":780,\"height\":619},{\"@type\":\"BreadcrumbList\",\"@id\":\"https:\/\/ilgiardinodicorten.it\/produit\/accessorio-vasca-di-raccolta\/#breadcrumb\",\"itemListElement\":[{\"@type\":\"ListItem\",\"position\":1,\"name\":\"Home\",\"item\":\"https:\/\/ilgiardinodicorten.it\/fr\/\"},{\"@type\":\"ListItem\",\"position\":2,\"name\":\"Boutique\",\"item\":\"https:\/\/ilgiardinodicorten.it\/fr\/boutique\/\"},{\"@type\":\"ListItem\",\"position\":3,\"name\":\"Accessoire: Cuve de collecte\"}]},{\"@type\":\"WebSite\",\"@id\":\"https:\/\/ilgiardinodicorten.it\/#website\",\"url\":\"https:\/\/ilgiardinodicorten.it\/\",\"name\":\"Il Giardino di Corten\",\"description\":\"\",\"potentialAction\":[{\"@type\":\"SearchAction\",\"target\":{\"@type\":\"EntryPoint\",\"urlTemplate\":\"https:\/\/ilgiardinodicorten.it\/?s={search_term_string}\"},\"query-input\":{\"@type\":\"PropertyValueSpecification\",\"valueRequired\":true,\"valueName\":\"search_term_string\"}}],\"inLanguage\":\"fr-FR\"}]}<\/script>\n<!-- \/ Yoast SEO plugin. -->","yoast_head_json":{"title":"Accessoire: Cuve de collecte - Il Giardino di Corten","robots":{"index":"index","follow":"follow","max-snippet":"max-snippet:-1","max-image-preview":"max-image-preview:large","max-video-preview":"max-video-preview:-1"},"canonical":"https:\/\/ilgiardinodicorten.it\/produit\/accessorio-vasca-di-raccolta\/","og_locale":"fr_FR","og_type":"article","og_title":"Accessoire: Cuve de collecte - Il Giardino di Corten","og_description":"R\u00e9servoir de collecte d'eau pratique \u00e0 combiner avec les fontaines Teti et Teti Baby.","og_url":"https:\/\/ilgiardinodicorten.it\/produit\/accessorio-vasca-di-raccolta\/","og_site_name":"Il Giardino di Corten","article_modified_time":"2023-01-13T09:54:43+00:00","og_image":[{"width":780,"height":619,"url":"https:\/\/ilgiardinodicorten.it\/wp-content\/uploads\/2017\/10\/vasca-di-raccolta-Fontana-Teti-4-1.jpg","type":"image\/jpeg"}],"twitter_card":"summary_large_image","schema":{"@context":"https:\/\/schema.org","@graph":[{"@type":"WebPage","@id":"https:\/\/ilgiardinodicorten.it\/produit\/accessorio-vasca-di-raccolta\/","url":"https:\/\/ilgiardinodicorten.it\/produit\/accessorio-vasca-di-raccolta\/","name":"Accessoire: Cuve de collecte - Il Giardino di Corten","isPartOf":{"@id":"https:\/\/ilgiardinodicorten.it\/#website"},"primaryImageOfPage":{"@id":"https:\/\/ilgiardinodicorten.it\/produit\/accessorio-vasca-di-raccolta\/#primaryimage"},"image":{"@id":"https:\/\/ilgiardinodicorten.it\/produit\/accessorio-vasca-di-raccolta\/#primaryimage"},"thumbnailUrl":"https:\/\/ilgiardinodicorten.it\/wp-content\/uploads\/2017\/10\/vasca-di-raccolta-Fontana-Teti-4-1.jpg","datePublished":"2017-10-11T06:48:39+00:00","dateModified":"2023-01-13T09:54:43+00:00","breadcrumb":{"@id":"https:\/\/ilgiardinodicorten.it\/produit\/accessorio-vasca-di-raccolta\/#breadcrumb"},"inLanguage":"fr-FR","potentialAction":[{"@type":"ReadAction","target":["https:\/\/ilgiardinodicorten.it\/produit\/accessorio-vasca-di-raccolta\/"]}]},{"@type":"ImageObject","inLanguage":"fr-FR","@id":"https:\/\/ilgiardinodicorten.it\/produit\/accessorio-vasca-di-raccolta\/#primaryimage","url":"https:\/\/ilgiardinodicorten.it\/wp-content\/uploads\/2017\/10\/vasca-di-raccolta-Fontana-Teti-4-1.jpg","contentUrl":"https:\/\/ilgiardinodicorten.it\/wp-content\/uploads\/2017\/10\/vasca-di-raccolta-Fontana-Teti-4-1.jpg","width":780,"height":619},{"@type":"BreadcrumbList","@id":"https:\/\/ilgiardinodicorten.it\/produit\/accessorio-vasca-di-raccolta\/#breadcrumb","itemListElement":[{"@type":"ListItem","position":1,"name":"Home","item":"https:\/\/ilgiardinodicorten.it\/fr\/"},{"@type":"ListItem","position":2,"name":"Boutique","item":"https:\/\/ilgiardinodicorten.it\/fr\/boutique\/"},{"@type":"ListItem","position":3,"name":"Accessoire: Cuve de collecte"}]},{"@type":"WebSite","@id":"https:\/\/ilgiardinodicorten.it\/#website","url":"https:\/\/ilgiardinodicorten.it\/","name":"Il Giardino di Corten","description":"","potentialAction":[{"@type":"SearchAction","target":{"@type":"EntryPoint","urlTemplate":"https:\/\/ilgiardinodicorten.it\/?s={search_term_string}"},"query-input":{"@type":"PropertyValueSpecification","valueRequired":true,"valueName":"search_term_string"}}],"inLanguage":"fr-FR"}]}},"_links":{"self":[{"href":"https:\/\/ilgiardinodicorten.it\/fr\/wp-json\/wp\/v2\/product\/22011","targetHints":{"allow":["GET"]}}],"collection":[{"href":"https:\/\/ilgiardinodicorten.it\/fr\/wp-json\/wp\/v2\/product"}],"about":[{"href":"https:\/\/ilgiardinodicorten.it\/fr\/wp-json\/wp\/v2\/types\/product"}],"wp:featuredmedia":[{"embeddable":true,"href":"https:\/\/ilgiardinodicorten.it\/fr\/wp-json\/wp\/v2\/media\/20696"}],"wp:attachment":[{"href":"https:\/\/ilgiardinodicorten.it\/fr\/wp-json\/wp\/v2\/media?parent=22011"}],"wp:term":[{"taxonomy":"product_brand","embeddable":true,"href":"https:\/\/ilgiardinodicorten.it\/fr\/wp-json\/wp\/v2\/product_brand?post=22011"},{"taxonomy":"product_cat","embeddable":true,"href":"https:\/\/ilgiardinodicorten.it\/fr\/wp-json\/wp\/v2\/product_cat?post=22011"},{"taxonomy":"product_tag","embeddable":true,"href":"https:\/\/ilgiardinodicorten.it\/fr\/wp-json\/wp\/v2\/product_tag?post=22011"}],"curies":[{"name":"wp","href":"https:\/\/api.w.org\/{rel}","templated":true}]}}