{"id":22025,"date":"2022-07-12T11:12:36","date_gmt":"2022-07-12T09:12:36","guid":{"rendered":"https:\/\/ilgiardinodicorten.it\/prodotto\/tengoebutto\/"},"modified":"2022-07-12T11:12:36","modified_gmt":"2022-07-12T09:12:36","slug":"tengoebutto","status":"publish","type":"product","link":"https:\/\/ilgiardinodicorten.it\/fr\/produit\/tengoebutto\/","title":{"rendered":"Tengoebutto"},"content":{"rendered":"<p>Compl\u00e9ment id\u00e9al pour la terrasse, le jardin ou le coin barbecue, elle vous permet de trier les d\u00e9chets de mani\u00e8re fonctionnelle et \u00e9l\u00e9gante, en gagnant en espace et en confort.<\/p>\n<p><strong>DIMENSIONS<\/strong><\/p>\n<p>Tengoebutto &#8211; <strong>2 compartiments: 120 x 40 x 100 cm<\/strong><\/p>\n<p>Tengoebutto &#8211; <strong>3 compartiments: 160 x 40 x 100 cm<\/strong><\/p>\n","protected":false},"excerpt":{"rendered":"<p><strong>Jardini\u00e8re et syst\u00e8me de tri des d\u00e9chets : deux fonctions dans un seul meuble, enti\u00e8rement compos\u00e9 d\u2019acier Corten,<br \/>\npour une vie fonctionnelle et \u00e9cologique en plein air.<\/p>\n<p>&nbsp;<\/p>\n<p>Disponible dans une version avec deux ou trois conteneurs pour le tri des d\u00e9chets, \u00e9quip\u00e9s d\u2019un couvercle basculant qui s\u2019ouvre et se ferme d\u2019un simple geste.<\/p>\n","protected":false},"featured_media":27587,"template":"","meta":{"_acf_changed":false},"product_brand":[],"product_cat":[302],"product_tag":[],"class_list":{"0":"post-22025","1":"product","2":"type-product","3":"status-publish","4":"has-post-thumbnail","6":"product_cat-conteneurs","9":"first","10":"instock","11":"taxable","12":"shipping-taxable","13":"purchasable","14":"product-type-variable"},"acf":[],"yoast_head":"<!-- This site is optimized with the Yoast SEO plugin v27.1.1 - https:\/\/yoast.com\/product\/yoast-seo-wordpress\/ -->\n<title>Tengoebutto - Il Giardino di Corten<\/title>\n<meta name=\"robots\" content=\"index, follow, max-snippet:-1, max-image-preview:large, max-video-preview:-1\" \/>\n<link rel=\"canonical\" href=\"https:\/\/ilgiardinodicorten.it\/produit\/tengoebutto\/\" \/>\n<meta property=\"og:locale\" content=\"fr_FR\" \/>\n<meta property=\"og:type\" content=\"article\" \/>\n<meta property=\"og:title\" content=\"Tengoebutto - Il Giardino di Corten\" \/>\n<meta property=\"og:description\" content=\"Jardini\u00e8re et syst\u00e8me de tri des d\u00e9chets : deux fonctions dans un seul meuble, enti\u00e8rement compos\u00e9 d\u2019acier Corten, pour une vie fonctionnelle et \u00e9cologique en plein air. &nbsp; Disponible dans une version avec deux ou trois conteneurs pour le tri des d\u00e9chets, \u00e9quip\u00e9s d\u2019un couvercle basculant qui s\u2019ouvre et se ferme d\u2019un simple geste.\" \/>\n<meta property=\"og:url\" content=\"https:\/\/ilgiardinodicorten.it\/produit\/tengoebutto\/\" \/>\n<meta property=\"og:site_name\" content=\"Il Giardino di Corten\" \/>\n<meta property=\"og:image\" content=\"https:\/\/ilgiardinodicorten.it\/wp-content\/uploads\/2023\/11\/tengo-e-butto-BL5I2929-600x899-1.jpg\" \/>\n\t<meta property=\"og:image:width\" content=\"600\" \/>\n\t<meta property=\"og:image:height\" content=\"899\" \/>\n\t<meta property=\"og:image:type\" content=\"image\/jpeg\" \/>\n<meta name=\"twitter:card\" content=\"summary_large_image\" \/>\n<script type=\"application\/ld+json\" class=\"yoast-schema-graph\">{\"@context\":\"https:\/\/schema.org\",\"@graph\":[{\"@type\":\"WebPage\",\"@id\":\"https:\/\/ilgiardinodicorten.it\/produit\/tengoebutto\/\",\"url\":\"https:\/\/ilgiardinodicorten.it\/produit\/tengoebutto\/\",\"name\":\"Tengoebutto - Il Giardino di Corten\",\"isPartOf\":{\"@id\":\"https:\/\/ilgiardinodicorten.it\/#website\"},\"primaryImageOfPage\":{\"@id\":\"https:\/\/ilgiardinodicorten.it\/produit\/tengoebutto\/#primaryimage\"},\"image\":{\"@id\":\"https:\/\/ilgiardinodicorten.it\/produit\/tengoebutto\/#primaryimage\"},\"thumbnailUrl\":\"https:\/\/ilgiardinodicorten.it\/wp-content\/uploads\/2023\/11\/tengo-e-butto-BL5I2929-600x899-1.jpg\",\"datePublished\":\"2022-07-12T09:12:36+00:00\",\"breadcrumb\":{\"@id\":\"https:\/\/ilgiardinodicorten.it\/produit\/tengoebutto\/#breadcrumb\"},\"inLanguage\":\"fr-FR\",\"potentialAction\":[{\"@type\":\"ReadAction\",\"target\":[\"https:\/\/ilgiardinodicorten.it\/produit\/tengoebutto\/\"]}]},{\"@type\":\"ImageObject\",\"inLanguage\":\"fr-FR\",\"@id\":\"https:\/\/ilgiardinodicorten.it\/produit\/tengoebutto\/#primaryimage\",\"url\":\"https:\/\/ilgiardinodicorten.it\/wp-content\/uploads\/2023\/11\/tengo-e-butto-BL5I2929-600x899-1.jpg\",\"contentUrl\":\"https:\/\/ilgiardinodicorten.it\/wp-content\/uploads\/2023\/11\/tengo-e-butto-BL5I2929-600x899-1.jpg\",\"width\":600,\"height\":899,\"caption\":\"Fioriera Tengoebutto\"},{\"@type\":\"BreadcrumbList\",\"@id\":\"https:\/\/ilgiardinodicorten.it\/produit\/tengoebutto\/#breadcrumb\",\"itemListElement\":[{\"@type\":\"ListItem\",\"position\":1,\"name\":\"Home\",\"item\":\"https:\/\/ilgiardinodicorten.it\/fr\/\"},{\"@type\":\"ListItem\",\"position\":2,\"name\":\"Boutique\",\"item\":\"https:\/\/ilgiardinodicorten.it\/fr\/boutique\/\"},{\"@type\":\"ListItem\",\"position\":3,\"name\":\"Tengoebutto\"}]},{\"@type\":\"WebSite\",\"@id\":\"https:\/\/ilgiardinodicorten.it\/#website\",\"url\":\"https:\/\/ilgiardinodicorten.it\/\",\"name\":\"Il Giardino di Corten\",\"description\":\"\",\"potentialAction\":[{\"@type\":\"SearchAction\",\"target\":{\"@type\":\"EntryPoint\",\"urlTemplate\":\"https:\/\/ilgiardinodicorten.it\/?s={search_term_string}\"},\"query-input\":{\"@type\":\"PropertyValueSpecification\",\"valueRequired\":true,\"valueName\":\"search_term_string\"}}],\"inLanguage\":\"fr-FR\"}]}<\/script>\n<!-- \/ Yoast SEO plugin. -->","yoast_head_json":{"title":"Tengoebutto - Il Giardino di Corten","robots":{"index":"index","follow":"follow","max-snippet":"max-snippet:-1","max-image-preview":"max-image-preview:large","max-video-preview":"max-video-preview:-1"},"canonical":"https:\/\/ilgiardinodicorten.it\/produit\/tengoebutto\/","og_locale":"fr_FR","og_type":"article","og_title":"Tengoebutto - Il Giardino di Corten","og_description":"Jardini\u00e8re et syst\u00e8me de tri des d\u00e9chets : deux fonctions dans un seul meuble, enti\u00e8rement compos\u00e9 d\u2019acier Corten, pour une vie fonctionnelle et \u00e9cologique en plein air. &nbsp; Disponible dans une version avec deux ou trois conteneurs pour le tri des d\u00e9chets, \u00e9quip\u00e9s d\u2019un couvercle basculant qui s\u2019ouvre et se ferme d\u2019un simple geste.","og_url":"https:\/\/ilgiardinodicorten.it\/produit\/tengoebutto\/","og_site_name":"Il Giardino di Corten","og_image":[{"width":600,"height":899,"url":"https:\/\/ilgiardinodicorten.it\/wp-content\/uploads\/2023\/11\/tengo-e-butto-BL5I2929-600x899-1.jpg","type":"image\/jpeg"}],"twitter_card":"summary_large_image","schema":{"@context":"https:\/\/schema.org","@graph":[{"@type":"WebPage","@id":"https:\/\/ilgiardinodicorten.it\/produit\/tengoebutto\/","url":"https:\/\/ilgiardinodicorten.it\/produit\/tengoebutto\/","name":"Tengoebutto - Il Giardino di Corten","isPartOf":{"@id":"https:\/\/ilgiardinodicorten.it\/#website"},"primaryImageOfPage":{"@id":"https:\/\/ilgiardinodicorten.it\/produit\/tengoebutto\/#primaryimage"},"image":{"@id":"https:\/\/ilgiardinodicorten.it\/produit\/tengoebutto\/#primaryimage"},"thumbnailUrl":"https:\/\/ilgiardinodicorten.it\/wp-content\/uploads\/2023\/11\/tengo-e-butto-BL5I2929-600x899-1.jpg","datePublished":"2022-07-12T09:12:36+00:00","breadcrumb":{"@id":"https:\/\/ilgiardinodicorten.it\/produit\/tengoebutto\/#breadcrumb"},"inLanguage":"fr-FR","potentialAction":[{"@type":"ReadAction","target":["https:\/\/ilgiardinodicorten.it\/produit\/tengoebutto\/"]}]},{"@type":"ImageObject","inLanguage":"fr-FR","@id":"https:\/\/ilgiardinodicorten.it\/produit\/tengoebutto\/#primaryimage","url":"https:\/\/ilgiardinodicorten.it\/wp-content\/uploads\/2023\/11\/tengo-e-butto-BL5I2929-600x899-1.jpg","contentUrl":"https:\/\/ilgiardinodicorten.it\/wp-content\/uploads\/2023\/11\/tengo-e-butto-BL5I2929-600x899-1.jpg","width":600,"height":899,"caption":"Fioriera Tengoebutto"},{"@type":"BreadcrumbList","@id":"https:\/\/ilgiardinodicorten.it\/produit\/tengoebutto\/#breadcrumb","itemListElement":[{"@type":"ListItem","position":1,"name":"Home","item":"https:\/\/ilgiardinodicorten.it\/fr\/"},{"@type":"ListItem","position":2,"name":"Boutique","item":"https:\/\/ilgiardinodicorten.it\/fr\/boutique\/"},{"@type":"ListItem","position":3,"name":"Tengoebutto"}]},{"@type":"WebSite","@id":"https:\/\/ilgiardinodicorten.it\/#website","url":"https:\/\/ilgiardinodicorten.it\/","name":"Il Giardino di Corten","description":"","potentialAction":[{"@type":"SearchAction","target":{"@type":"EntryPoint","urlTemplate":"https:\/\/ilgiardinodicorten.it\/?s={search_term_string}"},"query-input":{"@type":"PropertyValueSpecification","valueRequired":true,"valueName":"search_term_string"}}],"inLanguage":"fr-FR"}]}},"_links":{"self":[{"href":"https:\/\/ilgiardinodicorten.it\/fr\/wp-json\/wp\/v2\/product\/22025","targetHints":{"allow":["GET"]}}],"collection":[{"href":"https:\/\/ilgiardinodicorten.it\/fr\/wp-json\/wp\/v2\/product"}],"about":[{"href":"https:\/\/ilgiardinodicorten.it\/fr\/wp-json\/wp\/v2\/types\/product"}],"wp:featuredmedia":[{"embeddable":true,"href":"https:\/\/ilgiardinodicorten.it\/fr\/wp-json\/wp\/v2\/media\/27587"}],"wp:attachment":[{"href":"https:\/\/ilgiardinodicorten.it\/fr\/wp-json\/wp\/v2\/media?parent=22025"}],"wp:term":[{"taxonomy":"product_brand","embeddable":true,"href":"https:\/\/ilgiardinodicorten.it\/fr\/wp-json\/wp\/v2\/product_brand?post=22025"},{"taxonomy":"product_cat","embeddable":true,"href":"https:\/\/ilgiardinodicorten.it\/fr\/wp-json\/wp\/v2\/product_cat?post=22025"},{"taxonomy":"product_tag","embeddable":true,"href":"https:\/\/ilgiardinodicorten.it\/fr\/wp-json\/wp\/v2\/product_tag?post=22025"}],"curies":[{"name":"wp","href":"https:\/\/api.w.org\/{rel}","templated":true}]}}