{"id":22030,"date":"2017-11-28T17:44:53","date_gmt":"2017-11-28T16:44:53","guid":{"rendered":"https:\/\/ilgiardinodicorten.it\/prodotto\/la-stanza-che-non-ce\/"},"modified":"2023-11-20T18:10:17","modified_gmt":"2023-11-20T17:10:17","slug":"la-stanza-che-non-ce","status":"publish","type":"product","link":"https:\/\/ilgiardinodicorten.it\/fr\/produit\/la-stanza-che-non-ce\/","title":{"rendered":"La Stanza Che Non C&#8217;\u00e8"},"content":{"rendered":"<p><em>La structure de jardin en acier Corten pour le bien-\u00eatre en plein air.<\/em><\/p>\n<p><strong> Parfait pour le monde Horeca et r\u00e9sidentiel<\/strong><br \/>\nPour l&#8217;h\u00f4tellerie, c&#8217;est l&#8217;occasion d&#8217;offrir un service suppl\u00e9mentaire, dans une chambre priv\u00e9e en pleine nature. Dans le secteur public, c&#8217;est un espace qui s&#8217;harmonise avec l&#8217;environnement pour cr\u00e9er des bureaux d&#8217;information, des billetteries, des marchands de journaux ; dans le monde r\u00e9sidentiel c&#8217;est la pi\u00e8ce qui manque dans la maison pour laisser place \u00e0 ses passions.<\/p>\n<p>Ce n&#8217;est pas seulement une structure ext\u00e9rieure extr\u00eamement polyvalente : il est \u00e9galement possible de la meubler avec une chemin\u00e9e ou un po\u00eale \u00e0 bois, un syst\u00e8me d&#8217;isolation, un \u00e9clairage, des parois et des portes vitr\u00e9es.<\/p>\n<p>De plus, \u00e9tant donn\u00e9 que La Stanza Che Non C&#8217;\u00e8 est d\u00e9montable, autoportante et non ancr\u00e9e, elle ne n\u00e9cessite pas d&#8217;autorisations particuli\u00e8res pour l&#8217;installation (sauf restrictions paysag\u00e8res ou municipales particuli\u00e8res).<\/p>\n","protected":false},"excerpt":{"rendered":"<p>La Piece Qui N&#8217;est Pas L\u00e0 est le refuge que tout le monde cherche quand il est enfant, la chambre suppl\u00e9mentaire que tout adulte aimerait. Le design aux lignes essentielles offre la possibilit\u00e9 de personnaliser les dimensions, les finitions et les accessoires pour devenir de temps en temps un sauna, une salle de lecture, une salle de d\u00e9tente, une serre, un atelier, un lieu d&#8217;accueil, un abri pour les outils&#8230;<\/p>\n","protected":false},"featured_media":20591,"template":"","meta":{"_acf_changed":false},"product_brand":[],"product_cat":[294],"product_tag":[],"class_list":{"0":"post-22030","1":"product","2":"type-product","3":"status-publish","4":"has-post-thumbnail","6":"product_cat-la-piece-qui-nexiste-pas","9":"first","10":"instock","11":"taxable","12":"shipping-taxable","13":"product-type-simple"},"acf":[],"yoast_head":"<!-- This site is optimized with the Yoast SEO plugin v27.1.1 - https:\/\/yoast.com\/product\/yoast-seo-wordpress\/ -->\n<title>La Stanza Che Non C&#039;\u00e8 - Il Giardino di Corten<\/title>\n<meta name=\"robots\" content=\"index, follow, max-snippet:-1, max-image-preview:large, max-video-preview:-1\" \/>\n<link rel=\"canonical\" href=\"https:\/\/ilgiardinodicorten.it\/fr\/produit\/la-stanza-che-non-ce\/\" \/>\n<meta property=\"og:locale\" content=\"fr_FR\" \/>\n<meta property=\"og:type\" content=\"article\" \/>\n<meta property=\"og:title\" content=\"La Stanza Che Non C&#039;\u00e8 - Il Giardino di Corten\" \/>\n<meta property=\"og:description\" content=\"La Piece Qui N&#039;est Pas L\u00e0 est le refuge que tout le monde cherche quand il est enfant, la chambre suppl\u00e9mentaire que tout adulte aimerait. Le design aux lignes essentielles offre la possibilit\u00e9 de personnaliser les dimensions, les finitions et les accessoires pour devenir de temps en temps un sauna, une salle de lecture, une salle de d\u00e9tente, une serre, un atelier, un lieu d&#039;accueil, un abri pour les outils...\" \/>\n<meta property=\"og:url\" content=\"https:\/\/ilgiardinodicorten.it\/fr\/produit\/la-stanza-che-non-ce\/\" \/>\n<meta property=\"og:site_name\" content=\"Il Giardino di Corten\" \/>\n<meta property=\"article:modified_time\" content=\"2023-11-20T17:10:17+00:00\" \/>\n<meta property=\"og:image\" content=\"https:\/\/ilgiardinodicorten.it\/wp-content\/uploads\/2017\/11\/la-stanza-che-non-c-e-Vista-esterna-1.jpg\" \/>\n\t<meta property=\"og:image:width\" content=\"1024\" \/>\n\t<meta property=\"og:image:height\" content=\"768\" \/>\n\t<meta property=\"og:image:type\" content=\"image\/jpeg\" \/>\n<meta name=\"twitter:card\" content=\"summary_large_image\" \/>\n<meta name=\"twitter:label1\" content=\"Dur\u00e9e de lecture estim\u00e9e\" \/>\n\t<meta name=\"twitter:data1\" content=\"1 minute\" \/>\n<script type=\"application\/ld+json\" class=\"yoast-schema-graph\">{\"@context\":\"https:\/\/schema.org\",\"@graph\":[{\"@type\":\"WebPage\",\"@id\":\"https:\/\/ilgiardinodicorten.it\/fr\/produit\/la-stanza-che-non-ce\/\",\"url\":\"https:\/\/ilgiardinodicorten.it\/fr\/produit\/la-stanza-che-non-ce\/\",\"name\":\"La Stanza Che Non C'\u00e8 - Il Giardino di Corten\",\"isPartOf\":{\"@id\":\"https:\/\/ilgiardinodicorten.it\/#website\"},\"primaryImageOfPage\":{\"@id\":\"https:\/\/ilgiardinodicorten.it\/fr\/produit\/la-stanza-che-non-ce\/#primaryimage\"},\"image\":{\"@id\":\"https:\/\/ilgiardinodicorten.it\/fr\/produit\/la-stanza-che-non-ce\/#primaryimage\"},\"thumbnailUrl\":\"https:\/\/ilgiardinodicorten.it\/wp-content\/uploads\/2017\/11\/la-stanza-che-non-c-e-Vista-esterna-1.jpg\",\"datePublished\":\"2017-11-28T16:44:53+00:00\",\"dateModified\":\"2023-11-20T17:10:17+00:00\",\"breadcrumb\":{\"@id\":\"https:\/\/ilgiardinodicorten.it\/fr\/produit\/la-stanza-che-non-ce\/#breadcrumb\"},\"inLanguage\":\"fr-FR\",\"potentialAction\":[{\"@type\":\"ReadAction\",\"target\":[\"https:\/\/ilgiardinodicorten.it\/fr\/produit\/la-stanza-che-non-ce\/\"]}]},{\"@type\":\"ImageObject\",\"inLanguage\":\"fr-FR\",\"@id\":\"https:\/\/ilgiardinodicorten.it\/fr\/produit\/la-stanza-che-non-ce\/#primaryimage\",\"url\":\"https:\/\/ilgiardinodicorten.it\/wp-content\/uploads\/2017\/11\/la-stanza-che-non-c-e-Vista-esterna-1.jpg\",\"contentUrl\":\"https:\/\/ilgiardinodicorten.it\/wp-content\/uploads\/2017\/11\/la-stanza-che-non-c-e-Vista-esterna-1.jpg\",\"width\":1024,\"height\":768},{\"@type\":\"BreadcrumbList\",\"@id\":\"https:\/\/ilgiardinodicorten.it\/fr\/produit\/la-stanza-che-non-ce\/#breadcrumb\",\"itemListElement\":[{\"@type\":\"ListItem\",\"position\":1,\"name\":\"Home\",\"item\":\"https:\/\/ilgiardinodicorten.it\/fr\/\"},{\"@type\":\"ListItem\",\"position\":2,\"name\":\"Boutique\",\"item\":\"https:\/\/ilgiardinodicorten.it\/fr\/boutique\/\"},{\"@type\":\"ListItem\",\"position\":3,\"name\":\"La Stanza Che Non C&#8217;\u00e8\"}]},{\"@type\":\"WebSite\",\"@id\":\"https:\/\/ilgiardinodicorten.it\/#website\",\"url\":\"https:\/\/ilgiardinodicorten.it\/\",\"name\":\"Il Giardino di Corten\",\"description\":\"\",\"potentialAction\":[{\"@type\":\"SearchAction\",\"target\":{\"@type\":\"EntryPoint\",\"urlTemplate\":\"https:\/\/ilgiardinodicorten.it\/?s={search_term_string}\"},\"query-input\":{\"@type\":\"PropertyValueSpecification\",\"valueRequired\":true,\"valueName\":\"search_term_string\"}}],\"inLanguage\":\"fr-FR\"}]}<\/script>\n<!-- \/ Yoast SEO plugin. -->","yoast_head_json":{"title":"La Stanza Che Non C'\u00e8 - Il Giardino di Corten","robots":{"index":"index","follow":"follow","max-snippet":"max-snippet:-1","max-image-preview":"max-image-preview:large","max-video-preview":"max-video-preview:-1"},"canonical":"https:\/\/ilgiardinodicorten.it\/fr\/produit\/la-stanza-che-non-ce\/","og_locale":"fr_FR","og_type":"article","og_title":"La Stanza Che Non C'\u00e8 - Il Giardino di Corten","og_description":"La Piece Qui N'est Pas L\u00e0 est le refuge que tout le monde cherche quand il est enfant, la chambre suppl\u00e9mentaire que tout adulte aimerait. Le design aux lignes essentielles offre la possibilit\u00e9 de personnaliser les dimensions, les finitions et les accessoires pour devenir de temps en temps un sauna, une salle de lecture, une salle de d\u00e9tente, une serre, un atelier, un lieu d'accueil, un abri pour les outils...","og_url":"https:\/\/ilgiardinodicorten.it\/fr\/produit\/la-stanza-che-non-ce\/","og_site_name":"Il Giardino di Corten","article_modified_time":"2023-11-20T17:10:17+00:00","og_image":[{"width":1024,"height":768,"url":"https:\/\/ilgiardinodicorten.it\/wp-content\/uploads\/2017\/11\/la-stanza-che-non-c-e-Vista-esterna-1.jpg","type":"image\/jpeg"}],"twitter_card":"summary_large_image","twitter_misc":{"Dur\u00e9e de lecture estim\u00e9e":"1 minute"},"schema":{"@context":"https:\/\/schema.org","@graph":[{"@type":"WebPage","@id":"https:\/\/ilgiardinodicorten.it\/fr\/produit\/la-stanza-che-non-ce\/","url":"https:\/\/ilgiardinodicorten.it\/fr\/produit\/la-stanza-che-non-ce\/","name":"La Stanza Che Non C'\u00e8 - Il Giardino di Corten","isPartOf":{"@id":"https:\/\/ilgiardinodicorten.it\/#website"},"primaryImageOfPage":{"@id":"https:\/\/ilgiardinodicorten.it\/fr\/produit\/la-stanza-che-non-ce\/#primaryimage"},"image":{"@id":"https:\/\/ilgiardinodicorten.it\/fr\/produit\/la-stanza-che-non-ce\/#primaryimage"},"thumbnailUrl":"https:\/\/ilgiardinodicorten.it\/wp-content\/uploads\/2017\/11\/la-stanza-che-non-c-e-Vista-esterna-1.jpg","datePublished":"2017-11-28T16:44:53+00:00","dateModified":"2023-11-20T17:10:17+00:00","breadcrumb":{"@id":"https:\/\/ilgiardinodicorten.it\/fr\/produit\/la-stanza-che-non-ce\/#breadcrumb"},"inLanguage":"fr-FR","potentialAction":[{"@type":"ReadAction","target":["https:\/\/ilgiardinodicorten.it\/fr\/produit\/la-stanza-che-non-ce\/"]}]},{"@type":"ImageObject","inLanguage":"fr-FR","@id":"https:\/\/ilgiardinodicorten.it\/fr\/produit\/la-stanza-che-non-ce\/#primaryimage","url":"https:\/\/ilgiardinodicorten.it\/wp-content\/uploads\/2017\/11\/la-stanza-che-non-c-e-Vista-esterna-1.jpg","contentUrl":"https:\/\/ilgiardinodicorten.it\/wp-content\/uploads\/2017\/11\/la-stanza-che-non-c-e-Vista-esterna-1.jpg","width":1024,"height":768},{"@type":"BreadcrumbList","@id":"https:\/\/ilgiardinodicorten.it\/fr\/produit\/la-stanza-che-non-ce\/#breadcrumb","itemListElement":[{"@type":"ListItem","position":1,"name":"Home","item":"https:\/\/ilgiardinodicorten.it\/fr\/"},{"@type":"ListItem","position":2,"name":"Boutique","item":"https:\/\/ilgiardinodicorten.it\/fr\/boutique\/"},{"@type":"ListItem","position":3,"name":"La Stanza Che Non C&#8217;\u00e8"}]},{"@type":"WebSite","@id":"https:\/\/ilgiardinodicorten.it\/#website","url":"https:\/\/ilgiardinodicorten.it\/","name":"Il Giardino di Corten","description":"","potentialAction":[{"@type":"SearchAction","target":{"@type":"EntryPoint","urlTemplate":"https:\/\/ilgiardinodicorten.it\/?s={search_term_string}"},"query-input":{"@type":"PropertyValueSpecification","valueRequired":true,"valueName":"search_term_string"}}],"inLanguage":"fr-FR"}]}},"_links":{"self":[{"href":"https:\/\/ilgiardinodicorten.it\/fr\/wp-json\/wp\/v2\/product\/22030","targetHints":{"allow":["GET"]}}],"collection":[{"href":"https:\/\/ilgiardinodicorten.it\/fr\/wp-json\/wp\/v2\/product"}],"about":[{"href":"https:\/\/ilgiardinodicorten.it\/fr\/wp-json\/wp\/v2\/types\/product"}],"wp:featuredmedia":[{"embeddable":true,"href":"https:\/\/ilgiardinodicorten.it\/fr\/wp-json\/wp\/v2\/media\/20591"}],"wp:attachment":[{"href":"https:\/\/ilgiardinodicorten.it\/fr\/wp-json\/wp\/v2\/media?parent=22030"}],"wp:term":[{"taxonomy":"product_brand","embeddable":true,"href":"https:\/\/ilgiardinodicorten.it\/fr\/wp-json\/wp\/v2\/product_brand?post=22030"},{"taxonomy":"product_cat","embeddable":true,"href":"https:\/\/ilgiardinodicorten.it\/fr\/wp-json\/wp\/v2\/product_cat?post=22030"},{"taxonomy":"product_tag","embeddable":true,"href":"https:\/\/ilgiardinodicorten.it\/fr\/wp-json\/wp\/v2\/product_tag?post=22030"}],"curies":[{"name":"wp","href":"https:\/\/api.w.org\/{rel}","templated":true}]}}