{"id":22031,"date":"2022-08-09T15:46:41","date_gmt":"2022-08-09T13:46:41","guid":{"rendered":"https:\/\/ilgiardinodicorten.it\/prodotto\/la-stanza-che-non-ce-sauna\/"},"modified":"2024-12-18T15:53:00","modified_gmt":"2024-12-18T14:53:00","slug":"la-stanza-che-non-ce-sauna","status":"publish","type":"product","link":"https:\/\/ilgiardinodicorten.it\/fr\/produit\/la-stanza-che-non-ce-sauna\/","title":{"rendered":"La Stanza Che Non C&#8217;\u00e8 &#8211; Sauna"},"content":{"rendered":"<p>La Stanza Che Non C&#8217;\u00e8 en version sauna vous permet de vivre la tradition nordique en toute authenticit\u00e9 : la couleur marron clair du bois issu des meilleures s\u00e9lections de plantations su\u00e9doises et finlandaises &#8211; g\u00e9r\u00e9es dans le respect de l&#8217;\u00e9co-durabilit\u00e9 &#8211; restitue un ambiance chaleureuse et accueillante.<\/p>\n<p>La version de base \u2013 240\u00d7200 cm \u2013 est \u00e9quip\u00e9e d&#8217;une paroi vitr\u00e9e fixe avec une porte centrale dans la partie avant. La configuration 240\u00d7280 cm accueille jusqu&#8217;\u00e0 6 personnes, la configuration 240\u00d7360 cm accueille jusqu&#8217;\u00e0 8 personnes. Les deux peuvent \u00e9galement \u00eatre \u00e9quip\u00e9s de parois vitr\u00e9es \u00e0 l&#8217;arri\u00e8re.<\/p>\n<p>La version plus grande est \u00e9quip\u00e9e d&#8217;un vestiaire plus grand, s\u00e9par\u00e9 par une porte en verre tremp\u00e9 et peut \u00eatre personnalis\u00e9e avec des syst\u00e8mes de chromoth\u00e9rapie et un chauffage infrarouge suppl\u00e9mentaire.<\/p>\n","protected":false},"excerpt":{"rendered":"<p>La Stanza Che Non C\u2019\u00e8 &#8211;<br \/>\nlitt\u00e9ralement &#8220;La Pi\u00e8ce Qui N&#8217;existe Pas&#8221; &#8211; dans la configuration <strong>sauna<\/strong> est une structure qui vous permet de profiter des bienfaits d&#8217;un sauna finlandais directement dans votre propre jardin, en toute saison et par tous les temps.<\/p>\n","protected":false},"featured_media":20984,"template":"","meta":{"_acf_changed":false},"product_brand":[],"product_cat":[294],"product_tag":[],"class_list":{"0":"post-22031","1":"product","2":"type-product","3":"status-publish","4":"has-post-thumbnail","6":"product_cat-la-piece-qui-nexiste-pas","9":"first","10":"instock","11":"taxable","12":"shipping-taxable","13":"product-type-simple"},"acf":[],"yoast_head":"<!-- This site is optimized with the Yoast SEO plugin v27.1.1 - https:\/\/yoast.com\/product\/yoast-seo-wordpress\/ -->\n<title>La Stanza Che Non C&#039;\u00e8 - Sauna - Il Giardino di Corten<\/title>\n<meta name=\"robots\" content=\"index, follow, max-snippet:-1, max-image-preview:large, max-video-preview:-1\" \/>\n<link rel=\"canonical\" href=\"https:\/\/ilgiardinodicorten.it\/produit\/la-stanza-che-non-ce-sauna\/\" \/>\n<meta property=\"og:locale\" content=\"fr_FR\" \/>\n<meta property=\"og:type\" content=\"article\" \/>\n<meta property=\"og:title\" content=\"La Stanza Che Non C&#039;\u00e8 - Sauna - Il Giardino di Corten\" \/>\n<meta property=\"og:description\" content=\"La Stanza Che Non C\u2019\u00e8 - litt\u00e9ralement &quot;La Pi\u00e8ce Qui N&#039;existe Pas&quot; - dans la configuration sauna est une structure qui vous permet de profiter des bienfaits d&#039;un sauna finlandais directement dans votre propre jardin, en toute saison et par tous les temps.\" \/>\n<meta property=\"og:url\" content=\"https:\/\/ilgiardinodicorten.it\/produit\/la-stanza-che-non-ce-sauna\/\" \/>\n<meta property=\"og:site_name\" content=\"Il Giardino di Corten\" \/>\n<meta property=\"article:modified_time\" content=\"2024-12-18T14:53:00+00:00\" \/>\n<meta property=\"og:image\" content=\"https:\/\/ilgiardinodicorten.it\/wp-content\/uploads\/2022\/08\/img-sauna-la-stanza-che-non-ce-cortem-design.jpg\" \/>\n\t<meta property=\"og:image:width\" content=\"900\" \/>\n\t<meta property=\"og:image:height\" content=\"650\" \/>\n\t<meta property=\"og:image:type\" content=\"image\/jpeg\" \/>\n<meta name=\"twitter:card\" content=\"summary_large_image\" \/>\n<meta name=\"twitter:label1\" content=\"Dur\u00e9e de lecture estim\u00e9e\" \/>\n\t<meta name=\"twitter:data1\" content=\"1 minute\" \/>\n<script type=\"application\/ld+json\" class=\"yoast-schema-graph\">{\"@context\":\"https:\/\/schema.org\",\"@graph\":[{\"@type\":\"WebPage\",\"@id\":\"https:\/\/ilgiardinodicorten.it\/produit\/la-stanza-che-non-ce-sauna\/\",\"url\":\"https:\/\/ilgiardinodicorten.it\/produit\/la-stanza-che-non-ce-sauna\/\",\"name\":\"La Stanza Che Non C'\u00e8 - Sauna - Il Giardino di Corten\",\"isPartOf\":{\"@id\":\"https:\/\/ilgiardinodicorten.it\/#website\"},\"primaryImageOfPage\":{\"@id\":\"https:\/\/ilgiardinodicorten.it\/produit\/la-stanza-che-non-ce-sauna\/#primaryimage\"},\"image\":{\"@id\":\"https:\/\/ilgiardinodicorten.it\/produit\/la-stanza-che-non-ce-sauna\/#primaryimage\"},\"thumbnailUrl\":\"https:\/\/ilgiardinodicorten.it\/wp-content\/uploads\/2022\/08\/img-sauna-la-stanza-che-non-ce-cortem-design.jpg\",\"datePublished\":\"2022-08-09T13:46:41+00:00\",\"dateModified\":\"2024-12-18T14:53:00+00:00\",\"breadcrumb\":{\"@id\":\"https:\/\/ilgiardinodicorten.it\/produit\/la-stanza-che-non-ce-sauna\/#breadcrumb\"},\"inLanguage\":\"fr-FR\",\"potentialAction\":[{\"@type\":\"ReadAction\",\"target\":[\"https:\/\/ilgiardinodicorten.it\/produit\/la-stanza-che-non-ce-sauna\/\"]}]},{\"@type\":\"ImageObject\",\"inLanguage\":\"fr-FR\",\"@id\":\"https:\/\/ilgiardinodicorten.it\/produit\/la-stanza-che-non-ce-sauna\/#primaryimage\",\"url\":\"https:\/\/ilgiardinodicorten.it\/wp-content\/uploads\/2022\/08\/img-sauna-la-stanza-che-non-ce-cortem-design.jpg\",\"contentUrl\":\"https:\/\/ilgiardinodicorten.it\/wp-content\/uploads\/2022\/08\/img-sauna-la-stanza-che-non-ce-cortem-design.jpg\",\"width\":900,\"height\":650},{\"@type\":\"BreadcrumbList\",\"@id\":\"https:\/\/ilgiardinodicorten.it\/produit\/la-stanza-che-non-ce-sauna\/#breadcrumb\",\"itemListElement\":[{\"@type\":\"ListItem\",\"position\":1,\"name\":\"Home\",\"item\":\"https:\/\/ilgiardinodicorten.it\/fr\/\"},{\"@type\":\"ListItem\",\"position\":2,\"name\":\"Boutique\",\"item\":\"https:\/\/ilgiardinodicorten.it\/fr\/boutique\/\"},{\"@type\":\"ListItem\",\"position\":3,\"name\":\"La Stanza Che Non C&#8217;\u00e8 &#8211; Sauna\"}]},{\"@type\":\"WebSite\",\"@id\":\"https:\/\/ilgiardinodicorten.it\/#website\",\"url\":\"https:\/\/ilgiardinodicorten.it\/\",\"name\":\"Il Giardino di Corten\",\"description\":\"\",\"potentialAction\":[{\"@type\":\"SearchAction\",\"target\":{\"@type\":\"EntryPoint\",\"urlTemplate\":\"https:\/\/ilgiardinodicorten.it\/?s={search_term_string}\"},\"query-input\":{\"@type\":\"PropertyValueSpecification\",\"valueRequired\":true,\"valueName\":\"search_term_string\"}}],\"inLanguage\":\"fr-FR\"}]}<\/script>\n<!-- \/ Yoast SEO plugin. -->","yoast_head_json":{"title":"La Stanza Che Non C'\u00e8 - Sauna - Il Giardino di Corten","robots":{"index":"index","follow":"follow","max-snippet":"max-snippet:-1","max-image-preview":"max-image-preview:large","max-video-preview":"max-video-preview:-1"},"canonical":"https:\/\/ilgiardinodicorten.it\/produit\/la-stanza-che-non-ce-sauna\/","og_locale":"fr_FR","og_type":"article","og_title":"La Stanza Che Non C'\u00e8 - Sauna - Il Giardino di Corten","og_description":"La Stanza Che Non C\u2019\u00e8 - litt\u00e9ralement \"La Pi\u00e8ce Qui N'existe Pas\" - dans la configuration sauna est une structure qui vous permet de profiter des bienfaits d'un sauna finlandais directement dans votre propre jardin, en toute saison et par tous les temps.","og_url":"https:\/\/ilgiardinodicorten.it\/produit\/la-stanza-che-non-ce-sauna\/","og_site_name":"Il Giardino di Corten","article_modified_time":"2024-12-18T14:53:00+00:00","og_image":[{"width":900,"height":650,"url":"https:\/\/ilgiardinodicorten.it\/wp-content\/uploads\/2022\/08\/img-sauna-la-stanza-che-non-ce-cortem-design.jpg","type":"image\/jpeg"}],"twitter_card":"summary_large_image","twitter_misc":{"Dur\u00e9e de lecture estim\u00e9e":"1 minute"},"schema":{"@context":"https:\/\/schema.org","@graph":[{"@type":"WebPage","@id":"https:\/\/ilgiardinodicorten.it\/produit\/la-stanza-che-non-ce-sauna\/","url":"https:\/\/ilgiardinodicorten.it\/produit\/la-stanza-che-non-ce-sauna\/","name":"La Stanza Che Non C'\u00e8 - Sauna - Il Giardino di Corten","isPartOf":{"@id":"https:\/\/ilgiardinodicorten.it\/#website"},"primaryImageOfPage":{"@id":"https:\/\/ilgiardinodicorten.it\/produit\/la-stanza-che-non-ce-sauna\/#primaryimage"},"image":{"@id":"https:\/\/ilgiardinodicorten.it\/produit\/la-stanza-che-non-ce-sauna\/#primaryimage"},"thumbnailUrl":"https:\/\/ilgiardinodicorten.it\/wp-content\/uploads\/2022\/08\/img-sauna-la-stanza-che-non-ce-cortem-design.jpg","datePublished":"2022-08-09T13:46:41+00:00","dateModified":"2024-12-18T14:53:00+00:00","breadcrumb":{"@id":"https:\/\/ilgiardinodicorten.it\/produit\/la-stanza-che-non-ce-sauna\/#breadcrumb"},"inLanguage":"fr-FR","potentialAction":[{"@type":"ReadAction","target":["https:\/\/ilgiardinodicorten.it\/produit\/la-stanza-che-non-ce-sauna\/"]}]},{"@type":"ImageObject","inLanguage":"fr-FR","@id":"https:\/\/ilgiardinodicorten.it\/produit\/la-stanza-che-non-ce-sauna\/#primaryimage","url":"https:\/\/ilgiardinodicorten.it\/wp-content\/uploads\/2022\/08\/img-sauna-la-stanza-che-non-ce-cortem-design.jpg","contentUrl":"https:\/\/ilgiardinodicorten.it\/wp-content\/uploads\/2022\/08\/img-sauna-la-stanza-che-non-ce-cortem-design.jpg","width":900,"height":650},{"@type":"BreadcrumbList","@id":"https:\/\/ilgiardinodicorten.it\/produit\/la-stanza-che-non-ce-sauna\/#breadcrumb","itemListElement":[{"@type":"ListItem","position":1,"name":"Home","item":"https:\/\/ilgiardinodicorten.it\/fr\/"},{"@type":"ListItem","position":2,"name":"Boutique","item":"https:\/\/ilgiardinodicorten.it\/fr\/boutique\/"},{"@type":"ListItem","position":3,"name":"La Stanza Che Non C&#8217;\u00e8 &#8211; Sauna"}]},{"@type":"WebSite","@id":"https:\/\/ilgiardinodicorten.it\/#website","url":"https:\/\/ilgiardinodicorten.it\/","name":"Il Giardino di Corten","description":"","potentialAction":[{"@type":"SearchAction","target":{"@type":"EntryPoint","urlTemplate":"https:\/\/ilgiardinodicorten.it\/?s={search_term_string}"},"query-input":{"@type":"PropertyValueSpecification","valueRequired":true,"valueName":"search_term_string"}}],"inLanguage":"fr-FR"}]}},"_links":{"self":[{"href":"https:\/\/ilgiardinodicorten.it\/fr\/wp-json\/wp\/v2\/product\/22031","targetHints":{"allow":["GET"]}}],"collection":[{"href":"https:\/\/ilgiardinodicorten.it\/fr\/wp-json\/wp\/v2\/product"}],"about":[{"href":"https:\/\/ilgiardinodicorten.it\/fr\/wp-json\/wp\/v2\/types\/product"}],"wp:featuredmedia":[{"embeddable":true,"href":"https:\/\/ilgiardinodicorten.it\/fr\/wp-json\/wp\/v2\/media\/20984"}],"wp:attachment":[{"href":"https:\/\/ilgiardinodicorten.it\/fr\/wp-json\/wp\/v2\/media?parent=22031"}],"wp:term":[{"taxonomy":"product_brand","embeddable":true,"href":"https:\/\/ilgiardinodicorten.it\/fr\/wp-json\/wp\/v2\/product_brand?post=22031"},{"taxonomy":"product_cat","embeddable":true,"href":"https:\/\/ilgiardinodicorten.it\/fr\/wp-json\/wp\/v2\/product_cat?post=22031"},{"taxonomy":"product_tag","embeddable":true,"href":"https:\/\/ilgiardinodicorten.it\/fr\/wp-json\/wp\/v2\/product_tag?post=22031"}],"curies":[{"name":"wp","href":"https:\/\/api.w.org\/{rel}","templated":true}]}}