{"id":22035,"date":"2022-07-12T10:48:53","date_gmt":"2022-07-12T08:48:53","guid":{"rendered":"https:\/\/ilgiardinodicorten.it\/prodotto\/pergola-ariaperta\/"},"modified":"2023-01-13T16:46:08","modified_gmt":"2023-01-13T15:46:08","slug":"pergola-ariaperta","status":"publish","type":"product","link":"https:\/\/ilgiardinodicorten.it\/fr\/produit\/pergola-ariaperta\/","title":{"rendered":"Pergola Ariaperta"},"content":{"rendered":"<p>Enti\u00e8rement r\u00e9alis\u00e9e en acier corten, la structure compos\u00e9e de quatre colonnes et d&#8217;un toit en lattes espac\u00e9es peut \u00eatre utilis\u00e9e seule, ou associ\u00e9e \u00e0 d&#8217;autres structures identiques pour cr\u00e9er une composition modulable.<\/p>\n<p>Dispos\u00e9s sur les diff\u00e9rents c\u00f4t\u00e9s et \u00e0 diff\u00e9rentes hauteurs, les compartiments pour loger les plantes sont \u00e9quip\u00e9s d&#8217;un syst\u00e8me de drainage progressif vers le sol, con\u00e7u pour maintenir l&#8217;humidit\u00e9 apr\u00e8s l&#8217;arrosage, en \u00e9vitant la stagnation de l&#8217;eau autour des racines. <\/p>\n<p><strong>DIMENSIONS:<\/strong> 400 x 400 x 280 cm<\/p>\n<p><strong>Sur demande, la structure peut \u00eatre personnalis\u00e9e en taille et adaptable \u00e0 tout contexte ou environnement architectural.<\/strong><\/p>\n","protected":false},"excerpt":{"rendered":"<p>\u00c9l\u00e9ment architectural en pleine harmonie avec la nature.<\/p>\n<p>Sa structure s&#8217;inspire des \u00e9l\u00e9gants pergolas d&#8217;autrefois, pour donner vie \u00e0 un d\u00e9cor \u00e0 la fois contemporain et raffin\u00e9, dans lequel l&#8217;air et la lumi\u00e8re du soleil circulent librement.<\/p>\n<p>Les compartiments dans les colonnes peuvent accueillir des plantes qui, alli\u00e9es aux qualit\u00e9s visuelles et \u00e0 la texture du Corten, cr\u00e9ent une atmosph\u00e8re intime, naturelle et accueillante offrant des moments agr\u00e9ables de partage et de vie en plein air.<\/p>\n","protected":false},"featured_media":20360,"template":"","meta":{"_acf_changed":false},"product_brand":[],"product_cat":[348],"product_tag":[],"class_list":{"0":"post-22035","1":"product","2":"type-product","3":"status-publish","4":"has-post-thumbnail","6":"product_cat-ombres","9":"first","10":"instock","11":"taxable","12":"shipping-taxable","13":"product-type-simple"},"acf":[],"yoast_head":"<!-- This site is optimized with the Yoast SEO plugin v27.1.1 - https:\/\/yoast.com\/product\/yoast-seo-wordpress\/ -->\n<title>Pergola Ariaperta - Il Giardino di Corten<\/title>\n<meta name=\"robots\" content=\"index, follow, max-snippet:-1, max-image-preview:large, max-video-preview:-1\" \/>\n<link rel=\"canonical\" href=\"https:\/\/ilgiardinodicorten.it\/produit\/pergola-ariaperta\/\" \/>\n<meta property=\"og:locale\" content=\"fr_FR\" \/>\n<meta property=\"og:type\" content=\"article\" \/>\n<meta property=\"og:title\" content=\"Pergola Ariaperta - Il Giardino di Corten\" \/>\n<meta property=\"og:description\" content=\"\u00c9l\u00e9ment architectural en pleine harmonie avec la nature. Sa structure s&#039;inspire des \u00e9l\u00e9gants pergolas d&#039;autrefois, pour donner vie \u00e0 un d\u00e9cor \u00e0 la fois contemporain et raffin\u00e9, dans lequel l&#039;air et la lumi\u00e8re du soleil circulent librement. Les compartiments dans les colonnes peuvent accueillir des plantes qui, alli\u00e9es aux qualit\u00e9s visuelles et \u00e0 la texture du Corten, cr\u00e9ent une atmosph\u00e8re intime, naturelle et accueillante offrant des moments agr\u00e9ables de partage et de vie en plein air.\" \/>\n<meta property=\"og:url\" content=\"https:\/\/ilgiardinodicorten.it\/produit\/pergola-ariaperta\/\" \/>\n<meta property=\"og:site_name\" content=\"Il Giardino di Corten\" \/>\n<meta property=\"article:modified_time\" content=\"2023-01-13T15:46:08+00:00\" \/>\n<meta property=\"og:image\" content=\"https:\/\/ilgiardinodicorten.it\/wp-content\/uploads\/2021\/10\/pergola-ariaperta-S9T9954-1.jpg\" \/>\n\t<meta property=\"og:image:width\" content=\"1152\" \/>\n\t<meta property=\"og:image:height\" content=\"1728\" \/>\n\t<meta property=\"og:image:type\" content=\"image\/jpeg\" \/>\n<meta name=\"twitter:card\" content=\"summary_large_image\" \/>\n<meta name=\"twitter:label1\" content=\"Dur\u00e9e de lecture estim\u00e9e\" \/>\n\t<meta name=\"twitter:data1\" content=\"1 minute\" \/>\n<script type=\"application\/ld+json\" class=\"yoast-schema-graph\">{\"@context\":\"https:\/\/schema.org\",\"@graph\":[{\"@type\":\"WebPage\",\"@id\":\"https:\/\/ilgiardinodicorten.it\/produit\/pergola-ariaperta\/\",\"url\":\"https:\/\/ilgiardinodicorten.it\/produit\/pergola-ariaperta\/\",\"name\":\"Pergola Ariaperta - Il Giardino di Corten\",\"isPartOf\":{\"@id\":\"https:\/\/ilgiardinodicorten.it\/#website\"},\"primaryImageOfPage\":{\"@id\":\"https:\/\/ilgiardinodicorten.it\/produit\/pergola-ariaperta\/#primaryimage\"},\"image\":{\"@id\":\"https:\/\/ilgiardinodicorten.it\/produit\/pergola-ariaperta\/#primaryimage\"},\"thumbnailUrl\":\"https:\/\/ilgiardinodicorten.it\/wp-content\/uploads\/2021\/10\/pergola-ariaperta-S9T9954-1.jpg\",\"datePublished\":\"2022-07-12T08:48:53+00:00\",\"dateModified\":\"2023-01-13T15:46:08+00:00\",\"breadcrumb\":{\"@id\":\"https:\/\/ilgiardinodicorten.it\/produit\/pergola-ariaperta\/#breadcrumb\"},\"inLanguage\":\"fr-FR\",\"potentialAction\":[{\"@type\":\"ReadAction\",\"target\":[\"https:\/\/ilgiardinodicorten.it\/produit\/pergola-ariaperta\/\"]}]},{\"@type\":\"ImageObject\",\"inLanguage\":\"fr-FR\",\"@id\":\"https:\/\/ilgiardinodicorten.it\/produit\/pergola-ariaperta\/#primaryimage\",\"url\":\"https:\/\/ilgiardinodicorten.it\/wp-content\/uploads\/2021\/10\/pergola-ariaperta-S9T9954-1.jpg\",\"contentUrl\":\"https:\/\/ilgiardinodicorten.it\/wp-content\/uploads\/2021\/10\/pergola-ariaperta-S9T9954-1.jpg\",\"width\":1152,\"height\":1728},{\"@type\":\"BreadcrumbList\",\"@id\":\"https:\/\/ilgiardinodicorten.it\/produit\/pergola-ariaperta\/#breadcrumb\",\"itemListElement\":[{\"@type\":\"ListItem\",\"position\":1,\"name\":\"Home\",\"item\":\"https:\/\/ilgiardinodicorten.it\/fr\/\"},{\"@type\":\"ListItem\",\"position\":2,\"name\":\"Boutique\",\"item\":\"https:\/\/ilgiardinodicorten.it\/fr\/boutique\/\"},{\"@type\":\"ListItem\",\"position\":3,\"name\":\"Pergola Ariaperta\"}]},{\"@type\":\"WebSite\",\"@id\":\"https:\/\/ilgiardinodicorten.it\/#website\",\"url\":\"https:\/\/ilgiardinodicorten.it\/\",\"name\":\"Il Giardino di Corten\",\"description\":\"\",\"potentialAction\":[{\"@type\":\"SearchAction\",\"target\":{\"@type\":\"EntryPoint\",\"urlTemplate\":\"https:\/\/ilgiardinodicorten.it\/?s={search_term_string}\"},\"query-input\":{\"@type\":\"PropertyValueSpecification\",\"valueRequired\":true,\"valueName\":\"search_term_string\"}}],\"inLanguage\":\"fr-FR\"}]}<\/script>\n<!-- \/ Yoast SEO plugin. -->","yoast_head_json":{"title":"Pergola Ariaperta - Il Giardino di Corten","robots":{"index":"index","follow":"follow","max-snippet":"max-snippet:-1","max-image-preview":"max-image-preview:large","max-video-preview":"max-video-preview:-1"},"canonical":"https:\/\/ilgiardinodicorten.it\/produit\/pergola-ariaperta\/","og_locale":"fr_FR","og_type":"article","og_title":"Pergola Ariaperta - Il Giardino di Corten","og_description":"\u00c9l\u00e9ment architectural en pleine harmonie avec la nature. Sa structure s'inspire des \u00e9l\u00e9gants pergolas d'autrefois, pour donner vie \u00e0 un d\u00e9cor \u00e0 la fois contemporain et raffin\u00e9, dans lequel l'air et la lumi\u00e8re du soleil circulent librement. Les compartiments dans les colonnes peuvent accueillir des plantes qui, alli\u00e9es aux qualit\u00e9s visuelles et \u00e0 la texture du Corten, cr\u00e9ent une atmosph\u00e8re intime, naturelle et accueillante offrant des moments agr\u00e9ables de partage et de vie en plein air.","og_url":"https:\/\/ilgiardinodicorten.it\/produit\/pergola-ariaperta\/","og_site_name":"Il Giardino di Corten","article_modified_time":"2023-01-13T15:46:08+00:00","og_image":[{"width":1152,"height":1728,"url":"https:\/\/ilgiardinodicorten.it\/wp-content\/uploads\/2021\/10\/pergola-ariaperta-S9T9954-1.jpg","type":"image\/jpeg"}],"twitter_card":"summary_large_image","twitter_misc":{"Dur\u00e9e de lecture estim\u00e9e":"1 minute"},"schema":{"@context":"https:\/\/schema.org","@graph":[{"@type":"WebPage","@id":"https:\/\/ilgiardinodicorten.it\/produit\/pergola-ariaperta\/","url":"https:\/\/ilgiardinodicorten.it\/produit\/pergola-ariaperta\/","name":"Pergola Ariaperta - Il Giardino di Corten","isPartOf":{"@id":"https:\/\/ilgiardinodicorten.it\/#website"},"primaryImageOfPage":{"@id":"https:\/\/ilgiardinodicorten.it\/produit\/pergola-ariaperta\/#primaryimage"},"image":{"@id":"https:\/\/ilgiardinodicorten.it\/produit\/pergola-ariaperta\/#primaryimage"},"thumbnailUrl":"https:\/\/ilgiardinodicorten.it\/wp-content\/uploads\/2021\/10\/pergola-ariaperta-S9T9954-1.jpg","datePublished":"2022-07-12T08:48:53+00:00","dateModified":"2023-01-13T15:46:08+00:00","breadcrumb":{"@id":"https:\/\/ilgiardinodicorten.it\/produit\/pergola-ariaperta\/#breadcrumb"},"inLanguage":"fr-FR","potentialAction":[{"@type":"ReadAction","target":["https:\/\/ilgiardinodicorten.it\/produit\/pergola-ariaperta\/"]}]},{"@type":"ImageObject","inLanguage":"fr-FR","@id":"https:\/\/ilgiardinodicorten.it\/produit\/pergola-ariaperta\/#primaryimage","url":"https:\/\/ilgiardinodicorten.it\/wp-content\/uploads\/2021\/10\/pergola-ariaperta-S9T9954-1.jpg","contentUrl":"https:\/\/ilgiardinodicorten.it\/wp-content\/uploads\/2021\/10\/pergola-ariaperta-S9T9954-1.jpg","width":1152,"height":1728},{"@type":"BreadcrumbList","@id":"https:\/\/ilgiardinodicorten.it\/produit\/pergola-ariaperta\/#breadcrumb","itemListElement":[{"@type":"ListItem","position":1,"name":"Home","item":"https:\/\/ilgiardinodicorten.it\/fr\/"},{"@type":"ListItem","position":2,"name":"Boutique","item":"https:\/\/ilgiardinodicorten.it\/fr\/boutique\/"},{"@type":"ListItem","position":3,"name":"Pergola Ariaperta"}]},{"@type":"WebSite","@id":"https:\/\/ilgiardinodicorten.it\/#website","url":"https:\/\/ilgiardinodicorten.it\/","name":"Il Giardino di Corten","description":"","potentialAction":[{"@type":"SearchAction","target":{"@type":"EntryPoint","urlTemplate":"https:\/\/ilgiardinodicorten.it\/?s={search_term_string}"},"query-input":{"@type":"PropertyValueSpecification","valueRequired":true,"valueName":"search_term_string"}}],"inLanguage":"fr-FR"}]}},"_links":{"self":[{"href":"https:\/\/ilgiardinodicorten.it\/fr\/wp-json\/wp\/v2\/product\/22035","targetHints":{"allow":["GET"]}}],"collection":[{"href":"https:\/\/ilgiardinodicorten.it\/fr\/wp-json\/wp\/v2\/product"}],"about":[{"href":"https:\/\/ilgiardinodicorten.it\/fr\/wp-json\/wp\/v2\/types\/product"}],"wp:featuredmedia":[{"embeddable":true,"href":"https:\/\/ilgiardinodicorten.it\/fr\/wp-json\/wp\/v2\/media\/20360"}],"wp:attachment":[{"href":"https:\/\/ilgiardinodicorten.it\/fr\/wp-json\/wp\/v2\/media?parent=22035"}],"wp:term":[{"taxonomy":"product_brand","embeddable":true,"href":"https:\/\/ilgiardinodicorten.it\/fr\/wp-json\/wp\/v2\/product_brand?post=22035"},{"taxonomy":"product_cat","embeddable":true,"href":"https:\/\/ilgiardinodicorten.it\/fr\/wp-json\/wp\/v2\/product_cat?post=22035"},{"taxonomy":"product_tag","embeddable":true,"href":"https:\/\/ilgiardinodicorten.it\/fr\/wp-json\/wp\/v2\/product_tag?post=22035"}],"curies":[{"name":"wp","href":"https:\/\/api.w.org\/{rel}","templated":true}]}}