{"id":22041,"date":"2021-10-27T15:01:59","date_gmt":"2021-10-27T13:01:59","guid":{"rendered":"https:\/\/ilgiardinodicorten.it\/prodotto\/set-the-e-biscotto-1-table-ronde-3-tabourets-ronds\/"},"modified":"2021-10-27T15:01:59","modified_gmt":"2021-10-27T13:01:59","slug":"set-the-e-biscotto-1-table-ronde-3-tabourets-ronds","status":"publish","type":"product","link":"https:\/\/ilgiardinodicorten.it\/fr\/produit\/set-the-e-biscotto-1-table-ronde-3-tabourets-ronds\/","title":{"rendered":"Set The e Biscotto: 1 table ronde + 3 tabourets ronds"},"content":{"rendered":"<p><em>Table ronde et tabourets<\/em><\/p>\n<p>Symbole de perfection et d\u2019harmonie, le cercle est la forme g\u00e9om\u00e9trique qui caract\u00e9rise cette collection de tables et chaises en acier Corten, avec des bases g\u00e9om\u00e9triques qui permettent des croisements et des combinaisons en toute libert\u00e9.<\/p>\n<p>Agr\u00e9ablement minces mais r\u00e9sistantes, les plateaux en acier Corten cr\u00e9ent une sensation de l\u00e9g\u00e8ret\u00e9 et de dynamisme avec les structures porteuses.<\/p>\n<p>Le si\u00e8ge est \u00e9quip\u00e9 d\u2019une poign\u00e9e qui vous permet de le d\u00e9placer facilement, en modifiant sa disposition dans l\u2019espace en fonction de vos besoins.<\/p>\n","protected":false},"excerpt":{"rendered":"<p>Le Service \u00e0 Th\u00e9 et Biscuit se compose de 3 tabourets Tondi et 1 table basse Tondo en acier Corten finition r\u00e9sine pigment\u00e9e.<\/p>\n<p><strong>Dimensions<\/strong>:<strong><br \/>\n<\/strong>3 x <strong>Tabourets 40 \u00d7 40 \u00d7 45 cm<br \/>\n<\/strong>1 x <strong>table 80 \u00d7 75 cm<\/strong><\/p>\n","protected":false},"featured_media":21117,"template":"","meta":{"_acf_changed":false},"product_brand":[],"product_cat":[351],"product_tag":[],"class_list":{"0":"post-22041","1":"product","2":"type-product","3":"status-publish","4":"has-post-thumbnail","6":"product_cat-tables-et-sieges","7":"product_shipping_class-spedizione-140-fr","10":"first","11":"instock","12":"taxable","13":"shipping-taxable","14":"purchasable","15":"product-type-simple"},"acf":[],"yoast_head":"<!-- This site is optimized with the Yoast SEO plugin v27.1.1 - https:\/\/yoast.com\/product\/yoast-seo-wordpress\/ -->\n<title>Set The e Biscotto: 1 table ronde + 3 tabourets ronds - Il Giardino di Corten<\/title>\n<meta name=\"robots\" content=\"index, follow, max-snippet:-1, max-image-preview:large, max-video-preview:-1\" \/>\n<link rel=\"canonical\" href=\"https:\/\/ilgiardinodicorten.it\/produit\/set-the-e-biscotto-1-tavolino-tondo-3-sgabelli-tondi\/\" \/>\n<meta property=\"og:locale\" content=\"fr_FR\" \/>\n<meta property=\"og:type\" content=\"article\" \/>\n<meta property=\"og:title\" content=\"Set The e Biscotto: 1 table ronde + 3 tabourets ronds - Il Giardino di Corten\" \/>\n<meta property=\"og:description\" content=\"Le Service \u00e0 Th\u00e9 et Biscuit se compose de 3 tabourets Tondi et 1 table basse Tondo en acier Corten finition r\u00e9sine pigment\u00e9e. Dimensions: 3 x Tabourets 40 \u00d7 40 \u00d7 45 cm 1 x table 80 \u00d7 75 cm\" \/>\n<meta property=\"og:url\" content=\"https:\/\/ilgiardinodicorten.it\/produit\/set-the-e-biscotto-1-tavolino-tondo-3-sgabelli-tondi\/\" \/>\n<meta property=\"og:site_name\" content=\"Il Giardino di Corten\" \/>\n<meta property=\"og:image\" content=\"https:\/\/ilgiardinodicorten.it\/wp-content\/uploads\/2021\/10\/set-the-e-biscotto_1.jpg\" \/>\n\t<meta property=\"og:image:width\" content=\"1000\" \/>\n\t<meta property=\"og:image:height\" content=\"1000\" \/>\n\t<meta property=\"og:image:type\" content=\"image\/jpeg\" \/>\n<meta name=\"twitter:card\" content=\"summary_large_image\" \/>\n<meta name=\"twitter:label1\" content=\"Dur\u00e9e de lecture estim\u00e9e\" \/>\n\t<meta name=\"twitter:data1\" content=\"1 minute\" \/>\n<script type=\"application\/ld+json\" class=\"yoast-schema-graph\">{\"@context\":\"https:\/\/schema.org\",\"@graph\":[{\"@type\":\"WebPage\",\"@id\":\"https:\/\/ilgiardinodicorten.it\/produit\/set-the-e-biscotto-1-tavolino-tondo-3-sgabelli-tondi\/\",\"url\":\"https:\/\/ilgiardinodicorten.it\/produit\/set-the-e-biscotto-1-tavolino-tondo-3-sgabelli-tondi\/\",\"name\":\"Set The e Biscotto: 1 table ronde + 3 tabourets ronds - Il Giardino di Corten\",\"isPartOf\":{\"@id\":\"https:\/\/ilgiardinodicorten.it\/#website\"},\"primaryImageOfPage\":{\"@id\":\"https:\/\/ilgiardinodicorten.it\/produit\/set-the-e-biscotto-1-tavolino-tondo-3-sgabelli-tondi\/#primaryimage\"},\"image\":{\"@id\":\"https:\/\/ilgiardinodicorten.it\/produit\/set-the-e-biscotto-1-tavolino-tondo-3-sgabelli-tondi\/#primaryimage\"},\"thumbnailUrl\":\"https:\/\/ilgiardinodicorten.it\/wp-content\/uploads\/2021\/10\/set-the-e-biscotto_1.jpg\",\"datePublished\":\"2021-10-27T13:01:59+00:00\",\"breadcrumb\":{\"@id\":\"https:\/\/ilgiardinodicorten.it\/produit\/set-the-e-biscotto-1-tavolino-tondo-3-sgabelli-tondi\/#breadcrumb\"},\"inLanguage\":\"fr-FR\",\"potentialAction\":[{\"@type\":\"ReadAction\",\"target\":[\"https:\/\/ilgiardinodicorten.it\/produit\/set-the-e-biscotto-1-tavolino-tondo-3-sgabelli-tondi\/\"]}]},{\"@type\":\"ImageObject\",\"inLanguage\":\"fr-FR\",\"@id\":\"https:\/\/ilgiardinodicorten.it\/produit\/set-the-e-biscotto-1-tavolino-tondo-3-sgabelli-tondi\/#primaryimage\",\"url\":\"https:\/\/ilgiardinodicorten.it\/wp-content\/uploads\/2021\/10\/set-the-e-biscotto_1.jpg\",\"contentUrl\":\"https:\/\/ilgiardinodicorten.it\/wp-content\/uploads\/2021\/10\/set-the-e-biscotto_1.jpg\",\"width\":1000,\"height\":1000},{\"@type\":\"BreadcrumbList\",\"@id\":\"https:\/\/ilgiardinodicorten.it\/produit\/set-the-e-biscotto-1-tavolino-tondo-3-sgabelli-tondi\/#breadcrumb\",\"itemListElement\":[{\"@type\":\"ListItem\",\"position\":1,\"name\":\"Home\",\"item\":\"https:\/\/ilgiardinodicorten.it\/fr\/\"},{\"@type\":\"ListItem\",\"position\":2,\"name\":\"Boutique\",\"item\":\"https:\/\/ilgiardinodicorten.it\/fr\/boutique\/\"},{\"@type\":\"ListItem\",\"position\":3,\"name\":\"Set The e Biscotto: 1 table ronde + 3 tabourets ronds\"}]},{\"@type\":\"WebSite\",\"@id\":\"https:\/\/ilgiardinodicorten.it\/#website\",\"url\":\"https:\/\/ilgiardinodicorten.it\/\",\"name\":\"Il Giardino di Corten\",\"description\":\"\",\"potentialAction\":[{\"@type\":\"SearchAction\",\"target\":{\"@type\":\"EntryPoint\",\"urlTemplate\":\"https:\/\/ilgiardinodicorten.it\/?s={search_term_string}\"},\"query-input\":{\"@type\":\"PropertyValueSpecification\",\"valueRequired\":true,\"valueName\":\"search_term_string\"}}],\"inLanguage\":\"fr-FR\"}]}<\/script>\n<!-- \/ Yoast SEO plugin. -->","yoast_head_json":{"title":"Set The e Biscotto: 1 table ronde + 3 tabourets ronds - Il Giardino di Corten","robots":{"index":"index","follow":"follow","max-snippet":"max-snippet:-1","max-image-preview":"max-image-preview:large","max-video-preview":"max-video-preview:-1"},"canonical":"https:\/\/ilgiardinodicorten.it\/produit\/set-the-e-biscotto-1-tavolino-tondo-3-sgabelli-tondi\/","og_locale":"fr_FR","og_type":"article","og_title":"Set The e Biscotto: 1 table ronde + 3 tabourets ronds - Il Giardino di Corten","og_description":"Le Service \u00e0 Th\u00e9 et Biscuit se compose de 3 tabourets Tondi et 1 table basse Tondo en acier Corten finition r\u00e9sine pigment\u00e9e. Dimensions: 3 x Tabourets 40 \u00d7 40 \u00d7 45 cm 1 x table 80 \u00d7 75 cm","og_url":"https:\/\/ilgiardinodicorten.it\/produit\/set-the-e-biscotto-1-tavolino-tondo-3-sgabelli-tondi\/","og_site_name":"Il Giardino di Corten","og_image":[{"width":1000,"height":1000,"url":"https:\/\/ilgiardinodicorten.it\/wp-content\/uploads\/2021\/10\/set-the-e-biscotto_1.jpg","type":"image\/jpeg"}],"twitter_card":"summary_large_image","twitter_misc":{"Dur\u00e9e de lecture estim\u00e9e":"1 minute"},"schema":{"@context":"https:\/\/schema.org","@graph":[{"@type":"WebPage","@id":"https:\/\/ilgiardinodicorten.it\/produit\/set-the-e-biscotto-1-tavolino-tondo-3-sgabelli-tondi\/","url":"https:\/\/ilgiardinodicorten.it\/produit\/set-the-e-biscotto-1-tavolino-tondo-3-sgabelli-tondi\/","name":"Set The e Biscotto: 1 table ronde + 3 tabourets ronds - Il Giardino di Corten","isPartOf":{"@id":"https:\/\/ilgiardinodicorten.it\/#website"},"primaryImageOfPage":{"@id":"https:\/\/ilgiardinodicorten.it\/produit\/set-the-e-biscotto-1-tavolino-tondo-3-sgabelli-tondi\/#primaryimage"},"image":{"@id":"https:\/\/ilgiardinodicorten.it\/produit\/set-the-e-biscotto-1-tavolino-tondo-3-sgabelli-tondi\/#primaryimage"},"thumbnailUrl":"https:\/\/ilgiardinodicorten.it\/wp-content\/uploads\/2021\/10\/set-the-e-biscotto_1.jpg","datePublished":"2021-10-27T13:01:59+00:00","breadcrumb":{"@id":"https:\/\/ilgiardinodicorten.it\/produit\/set-the-e-biscotto-1-tavolino-tondo-3-sgabelli-tondi\/#breadcrumb"},"inLanguage":"fr-FR","potentialAction":[{"@type":"ReadAction","target":["https:\/\/ilgiardinodicorten.it\/produit\/set-the-e-biscotto-1-tavolino-tondo-3-sgabelli-tondi\/"]}]},{"@type":"ImageObject","inLanguage":"fr-FR","@id":"https:\/\/ilgiardinodicorten.it\/produit\/set-the-e-biscotto-1-tavolino-tondo-3-sgabelli-tondi\/#primaryimage","url":"https:\/\/ilgiardinodicorten.it\/wp-content\/uploads\/2021\/10\/set-the-e-biscotto_1.jpg","contentUrl":"https:\/\/ilgiardinodicorten.it\/wp-content\/uploads\/2021\/10\/set-the-e-biscotto_1.jpg","width":1000,"height":1000},{"@type":"BreadcrumbList","@id":"https:\/\/ilgiardinodicorten.it\/produit\/set-the-e-biscotto-1-tavolino-tondo-3-sgabelli-tondi\/#breadcrumb","itemListElement":[{"@type":"ListItem","position":1,"name":"Home","item":"https:\/\/ilgiardinodicorten.it\/fr\/"},{"@type":"ListItem","position":2,"name":"Boutique","item":"https:\/\/ilgiardinodicorten.it\/fr\/boutique\/"},{"@type":"ListItem","position":3,"name":"Set The e Biscotto: 1 table ronde + 3 tabourets ronds"}]},{"@type":"WebSite","@id":"https:\/\/ilgiardinodicorten.it\/#website","url":"https:\/\/ilgiardinodicorten.it\/","name":"Il Giardino di Corten","description":"","potentialAction":[{"@type":"SearchAction","target":{"@type":"EntryPoint","urlTemplate":"https:\/\/ilgiardinodicorten.it\/?s={search_term_string}"},"query-input":{"@type":"PropertyValueSpecification","valueRequired":true,"valueName":"search_term_string"}}],"inLanguage":"fr-FR"}]}},"_links":{"self":[{"href":"https:\/\/ilgiardinodicorten.it\/fr\/wp-json\/wp\/v2\/product\/22041","targetHints":{"allow":["GET"]}}],"collection":[{"href":"https:\/\/ilgiardinodicorten.it\/fr\/wp-json\/wp\/v2\/product"}],"about":[{"href":"https:\/\/ilgiardinodicorten.it\/fr\/wp-json\/wp\/v2\/types\/product"}],"wp:featuredmedia":[{"embeddable":true,"href":"https:\/\/ilgiardinodicorten.it\/fr\/wp-json\/wp\/v2\/media\/21117"}],"wp:attachment":[{"href":"https:\/\/ilgiardinodicorten.it\/fr\/wp-json\/wp\/v2\/media?parent=22041"}],"wp:term":[{"taxonomy":"product_brand","embeddable":true,"href":"https:\/\/ilgiardinodicorten.it\/fr\/wp-json\/wp\/v2\/product_brand?post=22041"},{"taxonomy":"product_cat","embeddable":true,"href":"https:\/\/ilgiardinodicorten.it\/fr\/wp-json\/wp\/v2\/product_cat?post=22041"},{"taxonomy":"product_tag","embeddable":true,"href":"https:\/\/ilgiardinodicorten.it\/fr\/wp-json\/wp\/v2\/product_tag?post=22041"}],"curies":[{"name":"wp","href":"https:\/\/api.w.org\/{rel}","templated":true}]}}