{"id":22044,"date":"2021-10-27T14:56:42","date_gmt":"2021-10-27T12:56:42","guid":{"rendered":"https:\/\/ilgiardinodicorten.it\/prodotto\/sgabello-venere-collection-cortencolors\/"},"modified":"2021-10-27T14:56:42","modified_gmt":"2021-10-27T12:56:42","slug":"sgabello-venere-collection-cortencolors","status":"publish","type":"product","link":"https:\/\/ilgiardinodicorten.it\/fr\/produit\/sgabello-venere-collection-cortencolors\/","title":{"rendered":"Sgabello Venere &#8211; Collection CortenColors"},"content":{"rendered":"<p><strong>SGABELLO VENERE <\/strong>&#8211; Polyvalent, r\u00e9sistant mais pas lourd, le\u00a0<strong>tabouret Venere<\/strong> a des formes dynamiques qui le rapprochent d&#8217;une petite sculpture contemporaine.<\/p>\n<p><strong>Dimensions<\/strong>: 40 x 40 x 49 cm<br \/>\n<strong>Poids<\/strong>: 9 kg<\/p>\n","protected":false},"excerpt":{"rendered":"<p>L\u2019acier Corten rencontre un Cimento compos\u00e9 exclusif, pour cr\u00e9er de nouvelles sensations de mati\u00e8re.<\/p>\n<p>Des formes g\u00e9om\u00e9triques essentielles procurent formes et vie \u00e0 une collection de tables, bancs et si\u00e8ges qui d\u00e9finissent de nouveaux cadres de vie en plein air, interpr\u00e9tant le langage du design et de l\u2019architecture avec raffinement.<\/p>\n","protected":false},"featured_media":20435,"template":"","meta":{"_acf_changed":false},"product_brand":[],"product_cat":[300],"product_tag":[],"class_list":{"0":"post-22044","1":"product","2":"type-product","3":"status-publish","4":"has-post-thumbnail","6":"product_cat-cortencolors-fr","9":"first","10":"instock","11":"taxable","12":"shipping-taxable","13":"product-type-simple"},"acf":[],"yoast_head":"<!-- This site is optimized with the Yoast SEO plugin v27.1.1 - https:\/\/yoast.com\/product\/yoast-seo-wordpress\/ -->\n<title>Sgabello Venere - Collection CortenColors - Il Giardino di Corten<\/title>\n<meta name=\"robots\" content=\"index, follow, max-snippet:-1, max-image-preview:large, max-video-preview:-1\" \/>\n<link rel=\"canonical\" href=\"https:\/\/ilgiardinodicorten.it\/produit\/sgabello-venere-collezione-cortencolors\/\" \/>\n<meta property=\"og:locale\" content=\"fr_FR\" \/>\n<meta property=\"og:type\" content=\"article\" \/>\n<meta property=\"og:title\" content=\"Sgabello Venere - Collection CortenColors - Il Giardino di Corten\" \/>\n<meta property=\"og:description\" content=\"L\u2019acier Corten rencontre un Cimento compos\u00e9 exclusif, pour cr\u00e9er de nouvelles sensations de mati\u00e8re. Des formes g\u00e9om\u00e9triques essentielles procurent formes et vie \u00e0 une collection de tables, bancs et si\u00e8ges qui d\u00e9finissent de nouveaux cadres de vie en plein air, interpr\u00e9tant le langage du design et de l\u2019architecture avec raffinement.\" \/>\n<meta property=\"og:url\" content=\"https:\/\/ilgiardinodicorten.it\/produit\/sgabello-venere-collezione-cortencolors\/\" \/>\n<meta property=\"og:site_name\" content=\"Il Giardino di Corten\" \/>\n<meta property=\"og:image\" content=\"https:\/\/ilgiardinodicorten.it\/wp-content\/uploads\/2021\/10\/sgabello-venere-corten-colors-CC_SG-03-scaled-1.jpg\" \/>\n\t<meta property=\"og:image:width\" content=\"2560\" \/>\n\t<meta property=\"og:image:height\" content=\"1920\" \/>\n\t<meta property=\"og:image:type\" content=\"image\/jpeg\" \/>\n<meta name=\"twitter:card\" content=\"summary_large_image\" \/>\n<script type=\"application\/ld+json\" class=\"yoast-schema-graph\">{\"@context\":\"https:\/\/schema.org\",\"@graph\":[{\"@type\":\"WebPage\",\"@id\":\"https:\/\/ilgiardinodicorten.it\/produit\/sgabello-venere-collezione-cortencolors\/\",\"url\":\"https:\/\/ilgiardinodicorten.it\/produit\/sgabello-venere-collezione-cortencolors\/\",\"name\":\"Sgabello Venere - Collection CortenColors - Il Giardino di Corten\",\"isPartOf\":{\"@id\":\"https:\/\/ilgiardinodicorten.it\/#website\"},\"primaryImageOfPage\":{\"@id\":\"https:\/\/ilgiardinodicorten.it\/produit\/sgabello-venere-collezione-cortencolors\/#primaryimage\"},\"image\":{\"@id\":\"https:\/\/ilgiardinodicorten.it\/produit\/sgabello-venere-collezione-cortencolors\/#primaryimage\"},\"thumbnailUrl\":\"https:\/\/ilgiardinodicorten.it\/wp-content\/uploads\/2021\/10\/sgabello-venere-corten-colors-CC_SG-03-scaled-1.jpg\",\"datePublished\":\"2021-10-27T12:56:42+00:00\",\"breadcrumb\":{\"@id\":\"https:\/\/ilgiardinodicorten.it\/produit\/sgabello-venere-collezione-cortencolors\/#breadcrumb\"},\"inLanguage\":\"fr-FR\",\"potentialAction\":[{\"@type\":\"ReadAction\",\"target\":[\"https:\/\/ilgiardinodicorten.it\/produit\/sgabello-venere-collezione-cortencolors\/\"]}]},{\"@type\":\"ImageObject\",\"inLanguage\":\"fr-FR\",\"@id\":\"https:\/\/ilgiardinodicorten.it\/produit\/sgabello-venere-collezione-cortencolors\/#primaryimage\",\"url\":\"https:\/\/ilgiardinodicorten.it\/wp-content\/uploads\/2021\/10\/sgabello-venere-corten-colors-CC_SG-03-scaled-1.jpg\",\"contentUrl\":\"https:\/\/ilgiardinodicorten.it\/wp-content\/uploads\/2021\/10\/sgabello-venere-corten-colors-CC_SG-03-scaled-1.jpg\",\"width\":2560,\"height\":1920},{\"@type\":\"BreadcrumbList\",\"@id\":\"https:\/\/ilgiardinodicorten.it\/produit\/sgabello-venere-collezione-cortencolors\/#breadcrumb\",\"itemListElement\":[{\"@type\":\"ListItem\",\"position\":1,\"name\":\"Home\",\"item\":\"https:\/\/ilgiardinodicorten.it\/fr\/\"},{\"@type\":\"ListItem\",\"position\":2,\"name\":\"Boutique\",\"item\":\"https:\/\/ilgiardinodicorten.it\/fr\/boutique\/\"},{\"@type\":\"ListItem\",\"position\":3,\"name\":\"Sgabello Venere &#8211; Collection CortenColors\"}]},{\"@type\":\"WebSite\",\"@id\":\"https:\/\/ilgiardinodicorten.it\/#website\",\"url\":\"https:\/\/ilgiardinodicorten.it\/\",\"name\":\"Il Giardino di Corten\",\"description\":\"\",\"potentialAction\":[{\"@type\":\"SearchAction\",\"target\":{\"@type\":\"EntryPoint\",\"urlTemplate\":\"https:\/\/ilgiardinodicorten.it\/?s={search_term_string}\"},\"query-input\":{\"@type\":\"PropertyValueSpecification\",\"valueRequired\":true,\"valueName\":\"search_term_string\"}}],\"inLanguage\":\"fr-FR\"}]}<\/script>\n<!-- \/ Yoast SEO plugin. -->","yoast_head_json":{"title":"Sgabello Venere - Collection CortenColors - Il Giardino di Corten","robots":{"index":"index","follow":"follow","max-snippet":"max-snippet:-1","max-image-preview":"max-image-preview:large","max-video-preview":"max-video-preview:-1"},"canonical":"https:\/\/ilgiardinodicorten.it\/produit\/sgabello-venere-collezione-cortencolors\/","og_locale":"fr_FR","og_type":"article","og_title":"Sgabello Venere - Collection CortenColors - Il Giardino di Corten","og_description":"L\u2019acier Corten rencontre un Cimento compos\u00e9 exclusif, pour cr\u00e9er de nouvelles sensations de mati\u00e8re. Des formes g\u00e9om\u00e9triques essentielles procurent formes et vie \u00e0 une collection de tables, bancs et si\u00e8ges qui d\u00e9finissent de nouveaux cadres de vie en plein air, interpr\u00e9tant le langage du design et de l\u2019architecture avec raffinement.","og_url":"https:\/\/ilgiardinodicorten.it\/produit\/sgabello-venere-collezione-cortencolors\/","og_site_name":"Il Giardino di Corten","og_image":[{"width":2560,"height":1920,"url":"https:\/\/ilgiardinodicorten.it\/wp-content\/uploads\/2021\/10\/sgabello-venere-corten-colors-CC_SG-03-scaled-1.jpg","type":"image\/jpeg"}],"twitter_card":"summary_large_image","schema":{"@context":"https:\/\/schema.org","@graph":[{"@type":"WebPage","@id":"https:\/\/ilgiardinodicorten.it\/produit\/sgabello-venere-collezione-cortencolors\/","url":"https:\/\/ilgiardinodicorten.it\/produit\/sgabello-venere-collezione-cortencolors\/","name":"Sgabello Venere - Collection CortenColors - Il Giardino di Corten","isPartOf":{"@id":"https:\/\/ilgiardinodicorten.it\/#website"},"primaryImageOfPage":{"@id":"https:\/\/ilgiardinodicorten.it\/produit\/sgabello-venere-collezione-cortencolors\/#primaryimage"},"image":{"@id":"https:\/\/ilgiardinodicorten.it\/produit\/sgabello-venere-collezione-cortencolors\/#primaryimage"},"thumbnailUrl":"https:\/\/ilgiardinodicorten.it\/wp-content\/uploads\/2021\/10\/sgabello-venere-corten-colors-CC_SG-03-scaled-1.jpg","datePublished":"2021-10-27T12:56:42+00:00","breadcrumb":{"@id":"https:\/\/ilgiardinodicorten.it\/produit\/sgabello-venere-collezione-cortencolors\/#breadcrumb"},"inLanguage":"fr-FR","potentialAction":[{"@type":"ReadAction","target":["https:\/\/ilgiardinodicorten.it\/produit\/sgabello-venere-collezione-cortencolors\/"]}]},{"@type":"ImageObject","inLanguage":"fr-FR","@id":"https:\/\/ilgiardinodicorten.it\/produit\/sgabello-venere-collezione-cortencolors\/#primaryimage","url":"https:\/\/ilgiardinodicorten.it\/wp-content\/uploads\/2021\/10\/sgabello-venere-corten-colors-CC_SG-03-scaled-1.jpg","contentUrl":"https:\/\/ilgiardinodicorten.it\/wp-content\/uploads\/2021\/10\/sgabello-venere-corten-colors-CC_SG-03-scaled-1.jpg","width":2560,"height":1920},{"@type":"BreadcrumbList","@id":"https:\/\/ilgiardinodicorten.it\/produit\/sgabello-venere-collezione-cortencolors\/#breadcrumb","itemListElement":[{"@type":"ListItem","position":1,"name":"Home","item":"https:\/\/ilgiardinodicorten.it\/fr\/"},{"@type":"ListItem","position":2,"name":"Boutique","item":"https:\/\/ilgiardinodicorten.it\/fr\/boutique\/"},{"@type":"ListItem","position":3,"name":"Sgabello Venere &#8211; Collection CortenColors"}]},{"@type":"WebSite","@id":"https:\/\/ilgiardinodicorten.it\/#website","url":"https:\/\/ilgiardinodicorten.it\/","name":"Il Giardino di Corten","description":"","potentialAction":[{"@type":"SearchAction","target":{"@type":"EntryPoint","urlTemplate":"https:\/\/ilgiardinodicorten.it\/?s={search_term_string}"},"query-input":{"@type":"PropertyValueSpecification","valueRequired":true,"valueName":"search_term_string"}}],"inLanguage":"fr-FR"}]}},"_links":{"self":[{"href":"https:\/\/ilgiardinodicorten.it\/fr\/wp-json\/wp\/v2\/product\/22044","targetHints":{"allow":["GET"]}}],"collection":[{"href":"https:\/\/ilgiardinodicorten.it\/fr\/wp-json\/wp\/v2\/product"}],"about":[{"href":"https:\/\/ilgiardinodicorten.it\/fr\/wp-json\/wp\/v2\/types\/product"}],"wp:featuredmedia":[{"embeddable":true,"href":"https:\/\/ilgiardinodicorten.it\/fr\/wp-json\/wp\/v2\/media\/20435"}],"wp:attachment":[{"href":"https:\/\/ilgiardinodicorten.it\/fr\/wp-json\/wp\/v2\/media?parent=22044"}],"wp:term":[{"taxonomy":"product_brand","embeddable":true,"href":"https:\/\/ilgiardinodicorten.it\/fr\/wp-json\/wp\/v2\/product_brand?post=22044"},{"taxonomy":"product_cat","embeddable":true,"href":"https:\/\/ilgiardinodicorten.it\/fr\/wp-json\/wp\/v2\/product_cat?post=22044"},{"taxonomy":"product_tag","embeddable":true,"href":"https:\/\/ilgiardinodicorten.it\/fr\/wp-json\/wp\/v2\/product_tag?post=22044"}],"curies":[{"name":"wp","href":"https:\/\/api.w.org\/{rel}","templated":true}]}}