{"id":22050,"date":"2021-10-27T14:32:24","date_gmt":"2021-10-27T12:32:24","guid":{"rendered":"https:\/\/ilgiardinodicorten.it\/prodotto\/panca-venere-xl-collection-cortencolors\/"},"modified":"2021-10-27T14:32:24","modified_gmt":"2021-10-27T12:32:24","slug":"panca-venere-xl-collection-cortencolors","status":"publish","type":"product","link":"https:\/\/ilgiardinodicorten.it\/fr\/produit\/panca-venere-xl-collection-cortencolors\/","title":{"rendered":"Panca Venere XL &#8211; Collection CortenColors"},"content":{"rendered":"<p><strong>PANCA VENERE XL <\/strong>&#8211; Le banc Venere a une forme simple et lin\u00e9aire, il est massif mais pas lourd, parfait en combinaison avec la table Efeso, \u00e9galement de la collection CortenColors.<\/p>\n<p><strong>Dimensions<\/strong>: 160 x 40 x 45 cm<br \/>\n<strong>Poids<\/strong>: 19 kg<\/p>\n","protected":false},"excerpt":{"rendered":"<p><strong>PANCA VENRE XL <\/strong>&#8211; Robuste mais pas lourd, il vit autour de la table ou dans tous les coins du jardin.<\/p>\n<p>Compl\u00e9ment id\u00e9al de la\u00a0table Efeso, \u00e9galement de la collection CortenColors, le banc Venere peut se tenir seul ou en plusieurs compositions, en parfaite harmonie avec l&#8217;environnement naturel et l&#8217;architecture de la maison.<\/p>\n<p>L\u2019acier Corten rencontre un Cimento compos\u00e9 exclusif, pour cr\u00e9er de nouvelles sensations de mati\u00e8re.<\/p>\n<p>Des formes g\u00e9om\u00e9triques essentielles procurent formes et vie \u00e0 une collection de tables, bancs et si\u00e8ges qui d\u00e9finissent de nouveaux cadres de vie en plein air, interpr\u00e9tant le langage du design et de l\u2019architecture avec raffinement<\/p>\n","protected":false},"featured_media":20447,"template":"","meta":{"_acf_changed":false},"product_brand":[],"product_cat":[300],"product_tag":[],"class_list":{"0":"post-22050","1":"product","2":"type-product","3":"status-publish","4":"has-post-thumbnail","6":"product_cat-cortencolors-fr","9":"first","10":"instock","11":"taxable","12":"shipping-taxable","13":"product-type-simple"},"acf":[],"yoast_head":"<!-- This site is optimized with the Yoast SEO plugin v27.1.1 - https:\/\/yoast.com\/product\/yoast-seo-wordpress\/ -->\n<title>Panca Venere XL - Collection CortenColors - Il Giardino di Corten<\/title>\n<meta name=\"robots\" content=\"index, follow, max-snippet:-1, max-image-preview:large, max-video-preview:-1\" \/>\n<link rel=\"canonical\" href=\"https:\/\/ilgiardinodicorten.it\/produit\/panca-venere-collezione-cortencolor\/\" \/>\n<meta property=\"og:locale\" content=\"fr_FR\" \/>\n<meta property=\"og:type\" content=\"article\" \/>\n<meta property=\"og:title\" content=\"Panca Venere XL - Collection CortenColors - Il Giardino di Corten\" \/>\n<meta property=\"og:description\" content=\"PANCA VENRE XL - Robuste mais pas lourd, il vit autour de la table ou dans tous les coins du jardin. Compl\u00e9ment id\u00e9al de la\u00a0table Efeso, \u00e9galement de la collection CortenColors, le banc Venere peut se tenir seul ou en plusieurs compositions, en parfaite harmonie avec l&#039;environnement naturel et l&#039;architecture de la maison. L\u2019acier Corten rencontre un Cimento compos\u00e9 exclusif, pour cr\u00e9er de nouvelles sensations de mati\u00e8re. Des formes g\u00e9om\u00e9triques essentielles procurent formes et vie \u00e0 une collection de tables, bancs et si\u00e8ges qui d\u00e9finissent de nouveaux cadres de vie en plein air, interpr\u00e9tant le langage du design et de l\u2019architecture avec raffinement\" \/>\n<meta property=\"og:url\" content=\"https:\/\/ilgiardinodicorten.it\/produit\/panca-venere-collezione-cortencolor\/\" \/>\n<meta property=\"og:site_name\" content=\"Il Giardino di Corten\" \/>\n<meta property=\"og:image\" content=\"https:\/\/ilgiardinodicorten.it\/wp-content\/uploads\/2021\/10\/panca-venere-xl-corten-colors-BL5I3154.jpg\" \/>\n\t<meta property=\"og:image:width\" content=\"876\" \/>\n\t<meta property=\"og:image:height\" content=\"1313\" \/>\n\t<meta property=\"og:image:type\" content=\"image\/jpeg\" \/>\n<meta name=\"twitter:card\" content=\"summary_large_image\" \/>\n<script type=\"application\/ld+json\" class=\"yoast-schema-graph\">{\"@context\":\"https:\/\/schema.org\",\"@graph\":[{\"@type\":\"WebPage\",\"@id\":\"https:\/\/ilgiardinodicorten.it\/produit\/panca-venere-collezione-cortencolor\/\",\"url\":\"https:\/\/ilgiardinodicorten.it\/produit\/panca-venere-collezione-cortencolor\/\",\"name\":\"Panca Venere XL - Collection CortenColors - Il Giardino di Corten\",\"isPartOf\":{\"@id\":\"https:\/\/ilgiardinodicorten.it\/#website\"},\"primaryImageOfPage\":{\"@id\":\"https:\/\/ilgiardinodicorten.it\/produit\/panca-venere-collezione-cortencolor\/#primaryimage\"},\"image\":{\"@id\":\"https:\/\/ilgiardinodicorten.it\/produit\/panca-venere-collezione-cortencolor\/#primaryimage\"},\"thumbnailUrl\":\"https:\/\/ilgiardinodicorten.it\/wp-content\/uploads\/2021\/10\/panca-venere-xl-corten-colors-BL5I3154.jpg\",\"datePublished\":\"2021-10-27T12:32:24+00:00\",\"breadcrumb\":{\"@id\":\"https:\/\/ilgiardinodicorten.it\/produit\/panca-venere-collezione-cortencolor\/#breadcrumb\"},\"inLanguage\":\"fr-FR\",\"potentialAction\":[{\"@type\":\"ReadAction\",\"target\":[\"https:\/\/ilgiardinodicorten.it\/produit\/panca-venere-collezione-cortencolor\/\"]}]},{\"@type\":\"ImageObject\",\"inLanguage\":\"fr-FR\",\"@id\":\"https:\/\/ilgiardinodicorten.it\/produit\/panca-venere-collezione-cortencolor\/#primaryimage\",\"url\":\"https:\/\/ilgiardinodicorten.it\/wp-content\/uploads\/2021\/10\/panca-venere-xl-corten-colors-BL5I3154.jpg\",\"contentUrl\":\"https:\/\/ilgiardinodicorten.it\/wp-content\/uploads\/2021\/10\/panca-venere-xl-corten-colors-BL5I3154.jpg\",\"width\":876,\"height\":1313},{\"@type\":\"BreadcrumbList\",\"@id\":\"https:\/\/ilgiardinodicorten.it\/produit\/panca-venere-collezione-cortencolor\/#breadcrumb\",\"itemListElement\":[{\"@type\":\"ListItem\",\"position\":1,\"name\":\"Home\",\"item\":\"https:\/\/ilgiardinodicorten.it\/fr\/\"},{\"@type\":\"ListItem\",\"position\":2,\"name\":\"Boutique\",\"item\":\"https:\/\/ilgiardinodicorten.it\/fr\/boutique\/\"},{\"@type\":\"ListItem\",\"position\":3,\"name\":\"Panca Venere XL &#8211; Collection CortenColors\"}]},{\"@type\":\"WebSite\",\"@id\":\"https:\/\/ilgiardinodicorten.it\/#website\",\"url\":\"https:\/\/ilgiardinodicorten.it\/\",\"name\":\"Il Giardino di Corten\",\"description\":\"\",\"potentialAction\":[{\"@type\":\"SearchAction\",\"target\":{\"@type\":\"EntryPoint\",\"urlTemplate\":\"https:\/\/ilgiardinodicorten.it\/?s={search_term_string}\"},\"query-input\":{\"@type\":\"PropertyValueSpecification\",\"valueRequired\":true,\"valueName\":\"search_term_string\"}}],\"inLanguage\":\"fr-FR\"}]}<\/script>\n<!-- \/ Yoast SEO plugin. -->","yoast_head_json":{"title":"Panca Venere XL - Collection CortenColors - Il Giardino di Corten","robots":{"index":"index","follow":"follow","max-snippet":"max-snippet:-1","max-image-preview":"max-image-preview:large","max-video-preview":"max-video-preview:-1"},"canonical":"https:\/\/ilgiardinodicorten.it\/produit\/panca-venere-collezione-cortencolor\/","og_locale":"fr_FR","og_type":"article","og_title":"Panca Venere XL - Collection CortenColors - Il Giardino di Corten","og_description":"PANCA VENRE XL - Robuste mais pas lourd, il vit autour de la table ou dans tous les coins du jardin. Compl\u00e9ment id\u00e9al de la\u00a0table Efeso, \u00e9galement de la collection CortenColors, le banc Venere peut se tenir seul ou en plusieurs compositions, en parfaite harmonie avec l'environnement naturel et l'architecture de la maison. L\u2019acier Corten rencontre un Cimento compos\u00e9 exclusif, pour cr\u00e9er de nouvelles sensations de mati\u00e8re. Des formes g\u00e9om\u00e9triques essentielles procurent formes et vie \u00e0 une collection de tables, bancs et si\u00e8ges qui d\u00e9finissent de nouveaux cadres de vie en plein air, interpr\u00e9tant le langage du design et de l\u2019architecture avec raffinement","og_url":"https:\/\/ilgiardinodicorten.it\/produit\/panca-venere-collezione-cortencolor\/","og_site_name":"Il Giardino di Corten","og_image":[{"width":876,"height":1313,"url":"https:\/\/ilgiardinodicorten.it\/wp-content\/uploads\/2021\/10\/panca-venere-xl-corten-colors-BL5I3154.jpg","type":"image\/jpeg"}],"twitter_card":"summary_large_image","schema":{"@context":"https:\/\/schema.org","@graph":[{"@type":"WebPage","@id":"https:\/\/ilgiardinodicorten.it\/produit\/panca-venere-collezione-cortencolor\/","url":"https:\/\/ilgiardinodicorten.it\/produit\/panca-venere-collezione-cortencolor\/","name":"Panca Venere XL - Collection CortenColors - Il Giardino di Corten","isPartOf":{"@id":"https:\/\/ilgiardinodicorten.it\/#website"},"primaryImageOfPage":{"@id":"https:\/\/ilgiardinodicorten.it\/produit\/panca-venere-collezione-cortencolor\/#primaryimage"},"image":{"@id":"https:\/\/ilgiardinodicorten.it\/produit\/panca-venere-collezione-cortencolor\/#primaryimage"},"thumbnailUrl":"https:\/\/ilgiardinodicorten.it\/wp-content\/uploads\/2021\/10\/panca-venere-xl-corten-colors-BL5I3154.jpg","datePublished":"2021-10-27T12:32:24+00:00","breadcrumb":{"@id":"https:\/\/ilgiardinodicorten.it\/produit\/panca-venere-collezione-cortencolor\/#breadcrumb"},"inLanguage":"fr-FR","potentialAction":[{"@type":"ReadAction","target":["https:\/\/ilgiardinodicorten.it\/produit\/panca-venere-collezione-cortencolor\/"]}]},{"@type":"ImageObject","inLanguage":"fr-FR","@id":"https:\/\/ilgiardinodicorten.it\/produit\/panca-venere-collezione-cortencolor\/#primaryimage","url":"https:\/\/ilgiardinodicorten.it\/wp-content\/uploads\/2021\/10\/panca-venere-xl-corten-colors-BL5I3154.jpg","contentUrl":"https:\/\/ilgiardinodicorten.it\/wp-content\/uploads\/2021\/10\/panca-venere-xl-corten-colors-BL5I3154.jpg","width":876,"height":1313},{"@type":"BreadcrumbList","@id":"https:\/\/ilgiardinodicorten.it\/produit\/panca-venere-collezione-cortencolor\/#breadcrumb","itemListElement":[{"@type":"ListItem","position":1,"name":"Home","item":"https:\/\/ilgiardinodicorten.it\/fr\/"},{"@type":"ListItem","position":2,"name":"Boutique","item":"https:\/\/ilgiardinodicorten.it\/fr\/boutique\/"},{"@type":"ListItem","position":3,"name":"Panca Venere XL &#8211; Collection CortenColors"}]},{"@type":"WebSite","@id":"https:\/\/ilgiardinodicorten.it\/#website","url":"https:\/\/ilgiardinodicorten.it\/","name":"Il Giardino di Corten","description":"","potentialAction":[{"@type":"SearchAction","target":{"@type":"EntryPoint","urlTemplate":"https:\/\/ilgiardinodicorten.it\/?s={search_term_string}"},"query-input":{"@type":"PropertyValueSpecification","valueRequired":true,"valueName":"search_term_string"}}],"inLanguage":"fr-FR"}]}},"_links":{"self":[{"href":"https:\/\/ilgiardinodicorten.it\/fr\/wp-json\/wp\/v2\/product\/22050","targetHints":{"allow":["GET"]}}],"collection":[{"href":"https:\/\/ilgiardinodicorten.it\/fr\/wp-json\/wp\/v2\/product"}],"about":[{"href":"https:\/\/ilgiardinodicorten.it\/fr\/wp-json\/wp\/v2\/types\/product"}],"wp:featuredmedia":[{"embeddable":true,"href":"https:\/\/ilgiardinodicorten.it\/fr\/wp-json\/wp\/v2\/media\/20447"}],"wp:attachment":[{"href":"https:\/\/ilgiardinodicorten.it\/fr\/wp-json\/wp\/v2\/media?parent=22050"}],"wp:term":[{"taxonomy":"product_brand","embeddable":true,"href":"https:\/\/ilgiardinodicorten.it\/fr\/wp-json\/wp\/v2\/product_brand?post=22050"},{"taxonomy":"product_cat","embeddable":true,"href":"https:\/\/ilgiardinodicorten.it\/fr\/wp-json\/wp\/v2\/product_cat?post=22050"},{"taxonomy":"product_tag","embeddable":true,"href":"https:\/\/ilgiardinodicorten.it\/fr\/wp-json\/wp\/v2\/product_tag?post=22050"}],"curies":[{"name":"wp","href":"https:\/\/api.w.org\/{rel}","templated":true}]}}