{"id":22053,"date":"2022-07-12T11:28:56","date_gmt":"2022-07-12T09:28:56","guid":{"rendered":"https:\/\/ilgiardinodicorten.it\/prodotto\/tavolo-efeso-collection-cortencolors\/"},"modified":"2022-07-12T11:28:56","modified_gmt":"2022-07-12T09:28:56","slug":"tavolo-efeso-collection-cortencolors","status":"publish","type":"product","link":"https:\/\/ilgiardinodicorten.it\/fr\/produit\/tavolo-efeso-collection-cortencolors\/","title":{"rendered":"Tavolo Efeso &#8211; Collection CortenColors"},"content":{"rendered":"<p>Des lignes g\u00e9om\u00e9triques \u00e9pur\u00e9es, sans fioritures, con\u00e7ues pour s&#8217;adapter parfaitement \u00e0 tout type de jardin. Une cr\u00e9ation unique et raffin\u00e9e, qui fait de la sobri\u00e9t\u00e9, de la lin\u00e9arit\u00e9 et de l&#8217;\u00e9l\u00e9gance ses principales qualit\u00e9s.<\/p>\n<p>Les \u00e9paisseurs et la structure garantissent robustesse et confort, rendant Efeso adapt\u00e9 \u00e0 tout type d&#8217;architecture ext\u00e9rieure.<\/p>\n<p><strong>Dimensions<\/strong>: 270 x 90 x 80 cm<br \/>\n<strong>Poids<\/strong>: 62 kg<\/p>\n","protected":false},"excerpt":{"rendered":"<p><strong>TAVOLO EFESO <\/strong>&#8211; Caract\u00e9ris\u00e9e par une forte pr\u00e9sence, gr\u00e2ce \u00e0 ses lignes rigoureuses et \u00e0 son \u00e9paisseur importante, la table Efeso est disponible en diff\u00e9rentes tailles et en deux versions, avec montants int\u00e9rieurs ou ext\u00e9rieurs.<\/p>\n<p>L\u2019acier Corten rencontre un Cimento compos\u00e9 exclusif, pour cr\u00e9er de nouvelles sensations de mati\u00e8re.<\/p>\n<p>Des formes g\u00e9om\u00e9triques essentielles procurent formes et vie \u00e0 une collection de tables, bancs et si\u00e8ges qui d\u00e9finissent de nouveaux cadres de vie en plein air, interpr\u00e9tant le langage du design et de l\u2019architecture avec raffinement.<\/p>\n","protected":false},"featured_media":20441,"template":"","meta":{"_acf_changed":false},"product_brand":[],"product_cat":[300],"product_tag":[],"class_list":{"0":"post-22053","1":"product","2":"type-product","3":"status-publish","4":"has-post-thumbnail","6":"product_cat-cortencolors-fr","9":"first","10":"instock","11":"taxable","12":"shipping-taxable","13":"product-type-simple"},"acf":[],"yoast_head":"<!-- This site is optimized with the Yoast SEO plugin v27.1.1 - https:\/\/yoast.com\/product\/yoast-seo-wordpress\/ -->\n<title>Tavolo Efeso - Collection CortenColors - Il Giardino di Corten<\/title>\n<meta name=\"robots\" content=\"index, follow, max-snippet:-1, max-image-preview:large, max-video-preview:-1\" \/>\n<link rel=\"canonical\" href=\"https:\/\/ilgiardinodicorten.it\/fr\/produit\/tavolo-efeso-collection-cortencolors\/\" \/>\n<meta property=\"og:locale\" content=\"fr_FR\" \/>\n<meta property=\"og:type\" content=\"article\" \/>\n<meta property=\"og:title\" content=\"Tavolo Efeso - Collection CortenColors - Il Giardino di Corten\" \/>\n<meta property=\"og:description\" content=\"TAVOLO EFESO - Caract\u00e9ris\u00e9e par une forte pr\u00e9sence, gr\u00e2ce \u00e0 ses lignes rigoureuses et \u00e0 son \u00e9paisseur importante, la table Efeso est disponible en diff\u00e9rentes tailles et en deux versions, avec montants int\u00e9rieurs ou ext\u00e9rieurs. L\u2019acier Corten rencontre un Cimento compos\u00e9 exclusif, pour cr\u00e9er de nouvelles sensations de mati\u00e8re. Des formes g\u00e9om\u00e9triques essentielles procurent formes et vie \u00e0 une collection de tables, bancs et si\u00e8ges qui d\u00e9finissent de nouveaux cadres de vie en plein air, interpr\u00e9tant le langage du design et de l\u2019architecture avec raffinement.\" \/>\n<meta property=\"og:url\" content=\"https:\/\/ilgiardinodicorten.it\/fr\/produit\/tavolo-efeso-collection-cortencolors\/\" \/>\n<meta property=\"og:site_name\" content=\"Il Giardino di Corten\" \/>\n<meta property=\"og:image\" content=\"https:\/\/ilgiardinodicorten.it\/wp-content\/uploads\/2021\/10\/tavolo-efeso-cortencolors-S9T5398.jpg\" \/>\n\t<meta property=\"og:image:width\" content=\"829\" \/>\n\t<meta property=\"og:image:height\" content=\"1244\" \/>\n\t<meta property=\"og:image:type\" content=\"image\/jpeg\" \/>\n<meta name=\"twitter:card\" content=\"summary_large_image\" \/>\n<script type=\"application\/ld+json\" class=\"yoast-schema-graph\">{\"@context\":\"https:\/\/schema.org\",\"@graph\":[{\"@type\":\"WebPage\",\"@id\":\"https:\/\/ilgiardinodicorten.it\/fr\/produit\/tavolo-efeso-collection-cortencolors\/\",\"url\":\"https:\/\/ilgiardinodicorten.it\/fr\/produit\/tavolo-efeso-collection-cortencolors\/\",\"name\":\"Tavolo Efeso - Collection CortenColors - Il Giardino di Corten\",\"isPartOf\":{\"@id\":\"https:\/\/ilgiardinodicorten.it\/#website\"},\"primaryImageOfPage\":{\"@id\":\"https:\/\/ilgiardinodicorten.it\/fr\/produit\/tavolo-efeso-collection-cortencolors\/#primaryimage\"},\"image\":{\"@id\":\"https:\/\/ilgiardinodicorten.it\/fr\/produit\/tavolo-efeso-collection-cortencolors\/#primaryimage\"},\"thumbnailUrl\":\"https:\/\/ilgiardinodicorten.it\/wp-content\/uploads\/2021\/10\/tavolo-efeso-cortencolors-S9T5398.jpg\",\"datePublished\":\"2022-07-12T09:28:56+00:00\",\"breadcrumb\":{\"@id\":\"https:\/\/ilgiardinodicorten.it\/fr\/produit\/tavolo-efeso-collection-cortencolors\/#breadcrumb\"},\"inLanguage\":\"fr-FR\",\"potentialAction\":[{\"@type\":\"ReadAction\",\"target\":[\"https:\/\/ilgiardinodicorten.it\/fr\/produit\/tavolo-efeso-collection-cortencolors\/\"]}]},{\"@type\":\"ImageObject\",\"inLanguage\":\"fr-FR\",\"@id\":\"https:\/\/ilgiardinodicorten.it\/fr\/produit\/tavolo-efeso-collection-cortencolors\/#primaryimage\",\"url\":\"https:\/\/ilgiardinodicorten.it\/wp-content\/uploads\/2021\/10\/tavolo-efeso-cortencolors-S9T5398.jpg\",\"contentUrl\":\"https:\/\/ilgiardinodicorten.it\/wp-content\/uploads\/2021\/10\/tavolo-efeso-cortencolors-S9T5398.jpg\",\"width\":829,\"height\":1244},{\"@type\":\"BreadcrumbList\",\"@id\":\"https:\/\/ilgiardinodicorten.it\/fr\/produit\/tavolo-efeso-collection-cortencolors\/#breadcrumb\",\"itemListElement\":[{\"@type\":\"ListItem\",\"position\":1,\"name\":\"Home\",\"item\":\"https:\/\/ilgiardinodicorten.it\/fr\/\"},{\"@type\":\"ListItem\",\"position\":2,\"name\":\"Boutique\",\"item\":\"https:\/\/ilgiardinodicorten.it\/fr\/boutique\/\"},{\"@type\":\"ListItem\",\"position\":3,\"name\":\"Tavolo Efeso &#8211; Collection CortenColors\"}]},{\"@type\":\"WebSite\",\"@id\":\"https:\/\/ilgiardinodicorten.it\/#website\",\"url\":\"https:\/\/ilgiardinodicorten.it\/\",\"name\":\"Il Giardino di Corten\",\"description\":\"\",\"potentialAction\":[{\"@type\":\"SearchAction\",\"target\":{\"@type\":\"EntryPoint\",\"urlTemplate\":\"https:\/\/ilgiardinodicorten.it\/?s={search_term_string}\"},\"query-input\":{\"@type\":\"PropertyValueSpecification\",\"valueRequired\":true,\"valueName\":\"search_term_string\"}}],\"inLanguage\":\"fr-FR\"}]}<\/script>\n<!-- \/ Yoast SEO plugin. -->","yoast_head_json":{"title":"Tavolo Efeso - Collection CortenColors - Il Giardino di Corten","robots":{"index":"index","follow":"follow","max-snippet":"max-snippet:-1","max-image-preview":"max-image-preview:large","max-video-preview":"max-video-preview:-1"},"canonical":"https:\/\/ilgiardinodicorten.it\/fr\/produit\/tavolo-efeso-collection-cortencolors\/","og_locale":"fr_FR","og_type":"article","og_title":"Tavolo Efeso - Collection CortenColors - Il Giardino di Corten","og_description":"TAVOLO EFESO - Caract\u00e9ris\u00e9e par une forte pr\u00e9sence, gr\u00e2ce \u00e0 ses lignes rigoureuses et \u00e0 son \u00e9paisseur importante, la table Efeso est disponible en diff\u00e9rentes tailles et en deux versions, avec montants int\u00e9rieurs ou ext\u00e9rieurs. L\u2019acier Corten rencontre un Cimento compos\u00e9 exclusif, pour cr\u00e9er de nouvelles sensations de mati\u00e8re. Des formes g\u00e9om\u00e9triques essentielles procurent formes et vie \u00e0 une collection de tables, bancs et si\u00e8ges qui d\u00e9finissent de nouveaux cadres de vie en plein air, interpr\u00e9tant le langage du design et de l\u2019architecture avec raffinement.","og_url":"https:\/\/ilgiardinodicorten.it\/fr\/produit\/tavolo-efeso-collection-cortencolors\/","og_site_name":"Il Giardino di Corten","og_image":[{"width":829,"height":1244,"url":"https:\/\/ilgiardinodicorten.it\/wp-content\/uploads\/2021\/10\/tavolo-efeso-cortencolors-S9T5398.jpg","type":"image\/jpeg"}],"twitter_card":"summary_large_image","schema":{"@context":"https:\/\/schema.org","@graph":[{"@type":"WebPage","@id":"https:\/\/ilgiardinodicorten.it\/fr\/produit\/tavolo-efeso-collection-cortencolors\/","url":"https:\/\/ilgiardinodicorten.it\/fr\/produit\/tavolo-efeso-collection-cortencolors\/","name":"Tavolo Efeso - Collection CortenColors - Il Giardino di Corten","isPartOf":{"@id":"https:\/\/ilgiardinodicorten.it\/#website"},"primaryImageOfPage":{"@id":"https:\/\/ilgiardinodicorten.it\/fr\/produit\/tavolo-efeso-collection-cortencolors\/#primaryimage"},"image":{"@id":"https:\/\/ilgiardinodicorten.it\/fr\/produit\/tavolo-efeso-collection-cortencolors\/#primaryimage"},"thumbnailUrl":"https:\/\/ilgiardinodicorten.it\/wp-content\/uploads\/2021\/10\/tavolo-efeso-cortencolors-S9T5398.jpg","datePublished":"2022-07-12T09:28:56+00:00","breadcrumb":{"@id":"https:\/\/ilgiardinodicorten.it\/fr\/produit\/tavolo-efeso-collection-cortencolors\/#breadcrumb"},"inLanguage":"fr-FR","potentialAction":[{"@type":"ReadAction","target":["https:\/\/ilgiardinodicorten.it\/fr\/produit\/tavolo-efeso-collection-cortencolors\/"]}]},{"@type":"ImageObject","inLanguage":"fr-FR","@id":"https:\/\/ilgiardinodicorten.it\/fr\/produit\/tavolo-efeso-collection-cortencolors\/#primaryimage","url":"https:\/\/ilgiardinodicorten.it\/wp-content\/uploads\/2021\/10\/tavolo-efeso-cortencolors-S9T5398.jpg","contentUrl":"https:\/\/ilgiardinodicorten.it\/wp-content\/uploads\/2021\/10\/tavolo-efeso-cortencolors-S9T5398.jpg","width":829,"height":1244},{"@type":"BreadcrumbList","@id":"https:\/\/ilgiardinodicorten.it\/fr\/produit\/tavolo-efeso-collection-cortencolors\/#breadcrumb","itemListElement":[{"@type":"ListItem","position":1,"name":"Home","item":"https:\/\/ilgiardinodicorten.it\/fr\/"},{"@type":"ListItem","position":2,"name":"Boutique","item":"https:\/\/ilgiardinodicorten.it\/fr\/boutique\/"},{"@type":"ListItem","position":3,"name":"Tavolo Efeso &#8211; Collection CortenColors"}]},{"@type":"WebSite","@id":"https:\/\/ilgiardinodicorten.it\/#website","url":"https:\/\/ilgiardinodicorten.it\/","name":"Il Giardino di Corten","description":"","potentialAction":[{"@type":"SearchAction","target":{"@type":"EntryPoint","urlTemplate":"https:\/\/ilgiardinodicorten.it\/?s={search_term_string}"},"query-input":{"@type":"PropertyValueSpecification","valueRequired":true,"valueName":"search_term_string"}}],"inLanguage":"fr-FR"}]}},"_links":{"self":[{"href":"https:\/\/ilgiardinodicorten.it\/fr\/wp-json\/wp\/v2\/product\/22053","targetHints":{"allow":["GET"]}}],"collection":[{"href":"https:\/\/ilgiardinodicorten.it\/fr\/wp-json\/wp\/v2\/product"}],"about":[{"href":"https:\/\/ilgiardinodicorten.it\/fr\/wp-json\/wp\/v2\/types\/product"}],"wp:featuredmedia":[{"embeddable":true,"href":"https:\/\/ilgiardinodicorten.it\/fr\/wp-json\/wp\/v2\/media\/20441"}],"wp:attachment":[{"href":"https:\/\/ilgiardinodicorten.it\/fr\/wp-json\/wp\/v2\/media?parent=22053"}],"wp:term":[{"taxonomy":"product_brand","embeddable":true,"href":"https:\/\/ilgiardinodicorten.it\/fr\/wp-json\/wp\/v2\/product_brand?post=22053"},{"taxonomy":"product_cat","embeddable":true,"href":"https:\/\/ilgiardinodicorten.it\/fr\/wp-json\/wp\/v2\/product_cat?post=22053"},{"taxonomy":"product_tag","embeddable":true,"href":"https:\/\/ilgiardinodicorten.it\/fr\/wp-json\/wp\/v2\/product_tag?post=22053"}],"curies":[{"name":"wp","href":"https:\/\/api.w.org\/{rel}","templated":true}]}}