{"id":22057,"date":"2017-11-29T16:18:26","date_gmt":"2017-11-29T15:18:26","guid":{"rendered":"https:\/\/ilgiardinodicorten.it\/prodotto\/porta-attrezzi-rapanui\/"},"modified":"2017-11-29T16:18:26","modified_gmt":"2017-11-29T15:18:26","slug":"porta-attrezzi-rapanui","status":"publish","type":"product","link":"https:\/\/ilgiardinodicorten.it\/fr\/produit\/porta-attrezzi-rapanui\/","title":{"rendered":"Porta Attrezzi Rapanui"},"content":{"rendered":"<p>Un porte-outils vertical qui devient un meuble pour ranger les outils de mani\u00e8re ordonn\u00e9e. Ce porte-outils de jardin vertical allie une fonction pratique \u00e0 un design original qui le rapproche d&#8217;une sculpture ext\u00e9rieure contemporaine.<br \/>\nUn outil utile et design pour ranger de mani\u00e8re ordonn\u00e9e votre mat\u00e9riel de jardin.<br \/>\nDe plus, la base large garantit une stabilit\u00e9 totale.<\/p>\n<p><strong>DIMENSIONS:\u00a0<\/strong><\/p>\n<p>Hauteur: 110 cm<br \/>\nLongueur : 41 cm<br \/>\nProfondeur: 7 cm<br \/>\nPoids: 19 kg<\/p>\n","protected":false},"excerpt":{"rendered":"<p>Cette bo\u00eete \u00e0 outils de jardin combine une fonction pratique avec une forme originale, ce qui la rend semblable \u00e0 une sculpture ext\u00e9rieure contemporaine.<\/p>\n","protected":false},"featured_media":20525,"template":"","meta":{"_acf_changed":false},"product_brand":[],"product_cat":[298],"product_tag":[],"class_list":{"0":"post-22057","1":"product","2":"type-product","3":"status-publish","4":"has-post-thumbnail","6":"product_cat-fragments-desthetique","7":"product_shipping_class-spedizione-19-fr","10":"first","11":"instock","12":"taxable","13":"shipping-taxable","14":"purchasable","15":"product-type-simple"},"acf":[],"yoast_head":"<!-- This site is optimized with the Yoast SEO plugin v27.1.1 - https:\/\/yoast.com\/product\/yoast-seo-wordpress\/ -->\n<title>Porta Attrezzi Rapanui - Il Giardino di Corten<\/title>\n<meta name=\"robots\" content=\"index, follow, max-snippet:-1, max-image-preview:large, max-video-preview:-1\" \/>\n<link rel=\"canonical\" href=\"https:\/\/ilgiardinodicorten.it\/fr\/produit\/porta-attrezzi-rapanui\/\" \/>\n<meta property=\"og:locale\" content=\"fr_FR\" \/>\n<meta property=\"og:type\" content=\"article\" \/>\n<meta property=\"og:title\" content=\"Porta Attrezzi Rapanui - Il Giardino di Corten\" \/>\n<meta property=\"og:description\" content=\"Cette bo\u00eete \u00e0 outils de jardin combine une fonction pratique avec une forme originale, ce qui la rend semblable \u00e0 une sculpture ext\u00e9rieure contemporaine.\" \/>\n<meta property=\"og:url\" content=\"https:\/\/ilgiardinodicorten.it\/fr\/produit\/porta-attrezzi-rapanui\/\" \/>\n<meta property=\"og:site_name\" content=\"Il Giardino di Corten\" \/>\n<meta property=\"og:image\" content=\"https:\/\/ilgiardinodicorten.it\/wp-content\/uploads\/2017\/11\/Porta-atrezzi-rapanui-2.jpg\" \/>\n\t<meta property=\"og:image:width\" content=\"612\" \/>\n\t<meta property=\"og:image:height\" content=\"780\" \/>\n\t<meta property=\"og:image:type\" content=\"image\/jpeg\" \/>\n<meta name=\"twitter:card\" content=\"summary_large_image\" \/>\n<script type=\"application\/ld+json\" class=\"yoast-schema-graph\">{\"@context\":\"https:\/\/schema.org\",\"@graph\":[{\"@type\":\"WebPage\",\"@id\":\"https:\/\/ilgiardinodicorten.it\/fr\/produit\/porta-attrezzi-rapanui\/\",\"url\":\"https:\/\/ilgiardinodicorten.it\/fr\/produit\/porta-attrezzi-rapanui\/\",\"name\":\"Porta Attrezzi Rapanui - Il Giardino di Corten\",\"isPartOf\":{\"@id\":\"https:\/\/ilgiardinodicorten.it\/#website\"},\"primaryImageOfPage\":{\"@id\":\"https:\/\/ilgiardinodicorten.it\/fr\/produit\/porta-attrezzi-rapanui\/#primaryimage\"},\"image\":{\"@id\":\"https:\/\/ilgiardinodicorten.it\/fr\/produit\/porta-attrezzi-rapanui\/#primaryimage\"},\"thumbnailUrl\":\"https:\/\/ilgiardinodicorten.it\/wp-content\/uploads\/2017\/11\/Porta-atrezzi-rapanui-2.jpg\",\"datePublished\":\"2017-11-29T15:18:26+00:00\",\"breadcrumb\":{\"@id\":\"https:\/\/ilgiardinodicorten.it\/fr\/produit\/porta-attrezzi-rapanui\/#breadcrumb\"},\"inLanguage\":\"fr-FR\",\"potentialAction\":[{\"@type\":\"ReadAction\",\"target\":[\"https:\/\/ilgiardinodicorten.it\/fr\/produit\/porta-attrezzi-rapanui\/\"]}]},{\"@type\":\"ImageObject\",\"inLanguage\":\"fr-FR\",\"@id\":\"https:\/\/ilgiardinodicorten.it\/fr\/produit\/porta-attrezzi-rapanui\/#primaryimage\",\"url\":\"https:\/\/ilgiardinodicorten.it\/wp-content\/uploads\/2017\/11\/Porta-atrezzi-rapanui-2.jpg\",\"contentUrl\":\"https:\/\/ilgiardinodicorten.it\/wp-content\/uploads\/2017\/11\/Porta-atrezzi-rapanui-2.jpg\",\"width\":612,\"height\":780},{\"@type\":\"BreadcrumbList\",\"@id\":\"https:\/\/ilgiardinodicorten.it\/fr\/produit\/porta-attrezzi-rapanui\/#breadcrumb\",\"itemListElement\":[{\"@type\":\"ListItem\",\"position\":1,\"name\":\"Home\",\"item\":\"https:\/\/ilgiardinodicorten.it\/fr\/\"},{\"@type\":\"ListItem\",\"position\":2,\"name\":\"Boutique\",\"item\":\"https:\/\/ilgiardinodicorten.it\/fr\/boutique\/\"},{\"@type\":\"ListItem\",\"position\":3,\"name\":\"Porta Attrezzi Rapanui\"}]},{\"@type\":\"WebSite\",\"@id\":\"https:\/\/ilgiardinodicorten.it\/#website\",\"url\":\"https:\/\/ilgiardinodicorten.it\/\",\"name\":\"Il Giardino di Corten\",\"description\":\"\",\"potentialAction\":[{\"@type\":\"SearchAction\",\"target\":{\"@type\":\"EntryPoint\",\"urlTemplate\":\"https:\/\/ilgiardinodicorten.it\/?s={search_term_string}\"},\"query-input\":{\"@type\":\"PropertyValueSpecification\",\"valueRequired\":true,\"valueName\":\"search_term_string\"}}],\"inLanguage\":\"fr-FR\"}]}<\/script>\n<!-- \/ Yoast SEO plugin. -->","yoast_head_json":{"title":"Porta Attrezzi Rapanui - Il Giardino di Corten","robots":{"index":"index","follow":"follow","max-snippet":"max-snippet:-1","max-image-preview":"max-image-preview:large","max-video-preview":"max-video-preview:-1"},"canonical":"https:\/\/ilgiardinodicorten.it\/fr\/produit\/porta-attrezzi-rapanui\/","og_locale":"fr_FR","og_type":"article","og_title":"Porta Attrezzi Rapanui - Il Giardino di Corten","og_description":"Cette bo\u00eete \u00e0 outils de jardin combine une fonction pratique avec une forme originale, ce qui la rend semblable \u00e0 une sculpture ext\u00e9rieure contemporaine.","og_url":"https:\/\/ilgiardinodicorten.it\/fr\/produit\/porta-attrezzi-rapanui\/","og_site_name":"Il Giardino di Corten","og_image":[{"width":612,"height":780,"url":"https:\/\/ilgiardinodicorten.it\/wp-content\/uploads\/2017\/11\/Porta-atrezzi-rapanui-2.jpg","type":"image\/jpeg"}],"twitter_card":"summary_large_image","schema":{"@context":"https:\/\/schema.org","@graph":[{"@type":"WebPage","@id":"https:\/\/ilgiardinodicorten.it\/fr\/produit\/porta-attrezzi-rapanui\/","url":"https:\/\/ilgiardinodicorten.it\/fr\/produit\/porta-attrezzi-rapanui\/","name":"Porta Attrezzi Rapanui - Il Giardino di Corten","isPartOf":{"@id":"https:\/\/ilgiardinodicorten.it\/#website"},"primaryImageOfPage":{"@id":"https:\/\/ilgiardinodicorten.it\/fr\/produit\/porta-attrezzi-rapanui\/#primaryimage"},"image":{"@id":"https:\/\/ilgiardinodicorten.it\/fr\/produit\/porta-attrezzi-rapanui\/#primaryimage"},"thumbnailUrl":"https:\/\/ilgiardinodicorten.it\/wp-content\/uploads\/2017\/11\/Porta-atrezzi-rapanui-2.jpg","datePublished":"2017-11-29T15:18:26+00:00","breadcrumb":{"@id":"https:\/\/ilgiardinodicorten.it\/fr\/produit\/porta-attrezzi-rapanui\/#breadcrumb"},"inLanguage":"fr-FR","potentialAction":[{"@type":"ReadAction","target":["https:\/\/ilgiardinodicorten.it\/fr\/produit\/porta-attrezzi-rapanui\/"]}]},{"@type":"ImageObject","inLanguage":"fr-FR","@id":"https:\/\/ilgiardinodicorten.it\/fr\/produit\/porta-attrezzi-rapanui\/#primaryimage","url":"https:\/\/ilgiardinodicorten.it\/wp-content\/uploads\/2017\/11\/Porta-atrezzi-rapanui-2.jpg","contentUrl":"https:\/\/ilgiardinodicorten.it\/wp-content\/uploads\/2017\/11\/Porta-atrezzi-rapanui-2.jpg","width":612,"height":780},{"@type":"BreadcrumbList","@id":"https:\/\/ilgiardinodicorten.it\/fr\/produit\/porta-attrezzi-rapanui\/#breadcrumb","itemListElement":[{"@type":"ListItem","position":1,"name":"Home","item":"https:\/\/ilgiardinodicorten.it\/fr\/"},{"@type":"ListItem","position":2,"name":"Boutique","item":"https:\/\/ilgiardinodicorten.it\/fr\/boutique\/"},{"@type":"ListItem","position":3,"name":"Porta Attrezzi Rapanui"}]},{"@type":"WebSite","@id":"https:\/\/ilgiardinodicorten.it\/#website","url":"https:\/\/ilgiardinodicorten.it\/","name":"Il Giardino di Corten","description":"","potentialAction":[{"@type":"SearchAction","target":{"@type":"EntryPoint","urlTemplate":"https:\/\/ilgiardinodicorten.it\/?s={search_term_string}"},"query-input":{"@type":"PropertyValueSpecification","valueRequired":true,"valueName":"search_term_string"}}],"inLanguage":"fr-FR"}]}},"_links":{"self":[{"href":"https:\/\/ilgiardinodicorten.it\/fr\/wp-json\/wp\/v2\/product\/22057","targetHints":{"allow":["GET"]}}],"collection":[{"href":"https:\/\/ilgiardinodicorten.it\/fr\/wp-json\/wp\/v2\/product"}],"about":[{"href":"https:\/\/ilgiardinodicorten.it\/fr\/wp-json\/wp\/v2\/types\/product"}],"wp:featuredmedia":[{"embeddable":true,"href":"https:\/\/ilgiardinodicorten.it\/fr\/wp-json\/wp\/v2\/media\/20525"}],"wp:attachment":[{"href":"https:\/\/ilgiardinodicorten.it\/fr\/wp-json\/wp\/v2\/media?parent=22057"}],"wp:term":[{"taxonomy":"product_brand","embeddable":true,"href":"https:\/\/ilgiardinodicorten.it\/fr\/wp-json\/wp\/v2\/product_brand?post=22057"},{"taxonomy":"product_cat","embeddable":true,"href":"https:\/\/ilgiardinodicorten.it\/fr\/wp-json\/wp\/v2\/product_cat?post=22057"},{"taxonomy":"product_tag","embeddable":true,"href":"https:\/\/ilgiardinodicorten.it\/fr\/wp-json\/wp\/v2\/product_tag?post=22057"}],"curies":[{"name":"wp","href":"https:\/\/api.w.org\/{rel}","templated":true}]}}