{"id":22065,"date":"2017-10-11T10:19:43","date_gmt":"2017-10-11T08:19:43","guid":{"rendered":"https:\/\/ilgiardinodicorten.it\/prodotto\/sassopasso\/"},"modified":"2017-10-11T10:19:43","modified_gmt":"2017-10-11T08:19:43","slug":"sassopasso","status":"publish","type":"product","link":"https:\/\/ilgiardinodicorten.it\/fr\/produit\/sassopasso\/","title":{"rendered":"Sassopasso"},"content":{"rendered":"<p><span style=\"font-weight: 400;\">Sassopasso est une assiette en corten qui peut \u00eatre positionn\u00e9e dans le jardin, disponible en forme ovale, elliptique, c\u0153ur, &#8220;empreinte&#8221; irr\u00e9guli\u00e8re et rectangle. Il est \u00e9galement possible de le cr\u00e9er sur mesure avec une forme personnalis\u00e9e selon vos go\u00fbts ou d&#8217;acheter le kit comprenant 6 \u00e9l\u00e9ments de la forme que vous pr\u00e9f\u00e9rez.<\/span><\/p>\n<p><span style=\"font-weight: 400;\">Gr\u00e2ce \u00e0 ce stratifi\u00e9 corten, il est possible de cr\u00e9er un chemin pi\u00e9tonnier soign\u00e9 et pratique. Ces plaques adh\u00e8rent parfaitement au sol, permettant \u00e9galement le passage des tondeuses \u00e0 gazon courantes, sans avoir \u00e0 \u00eatre d\u00e9plac\u00e9es.\u00a0<\/span><\/p>\n<p><span style=\"font-weight: 400;\">Un produit extr\u00eamement confortable, antid\u00e9rapant et l\u00e9ger qui peut \u00eatre repositionn\u00e9 sans effort : une id\u00e9e originale pour le jardin, un mobilier d&#8217;ext\u00e9rieur personnalis\u00e9 et fonctionnel qui, profitant des caract\u00e9ristiques de l&#8217;acier corten, n&#8217;est pas affect\u00e9 par le temps et les agents atmosph\u00e9riques.<\/span><\/p>\n","protected":false},"excerpt":{"rendered":"<p>Une alternative avantageuse, tant du point de vue esth\u00e9tique que pratique, pour cr\u00e9er n\u2019importe quel chemin pi\u00e9tonnier sur la pelouse. Les \u00e9l\u00e9ments Sassopasso sont disponibles en diff\u00e9rentes formes, \u00e9galement sur demande, et sont faciles \u00e0 transporter : ils peuvent \u00eatre install\u00e9s sans aucune pr\u00e9paration du sol, sont envelopp\u00e9s en permanence par l\u2019herbe et s\u2019int\u00e8grent agr\u00e9ablement \u00e0 la nature.<\/p>\n<p><strong>DIMENSIONS:<\/strong><\/p>\n<p><strong>Sassopasso Ronde\u00a0<\/strong>(Diam\u00e8tre 50 cm &#8211; Poids: 4 kg)<br \/>\n<strong>Sassopasso Irr\u00e9gulier<\/strong> (38 x 58 cm &#8211; Poids: 4 kg)<br \/>\n<strong>Sassopasso ovale<\/strong> (30 x 60 cm &#8211; Poids: 4 kg)<br \/>\n<strong>Sassopasso C\u0153ur<\/strong> (44 x 45 cm &#8211; Poids: 4 kg)<\/p>\n<p><strong>Sassopasso Ensemble 6 pz.<\/strong> (Poids: 24 kg)<\/p>\n","protected":false},"featured_media":20528,"template":"","meta":{"_acf_changed":false},"product_brand":[],"product_cat":[298],"product_tag":[],"class_list":{"0":"post-22065","1":"product","2":"type-product","3":"status-publish","4":"has-post-thumbnail","6":"product_cat-fragments-desthetique","7":"product_shipping_class-spedizione-12-fr","10":"first","11":"instock","12":"taxable","13":"shipping-taxable","14":"purchasable","15":"product-type-variable","16":"has-default-attributes"},"acf":[],"yoast_head":"<!-- This site is optimized with the Yoast SEO plugin v27.1.1 - https:\/\/yoast.com\/product\/yoast-seo-wordpress\/ -->\n<title>Sassopasso - Il Giardino di Corten<\/title>\n<meta name=\"robots\" content=\"index, follow, max-snippet:-1, max-image-preview:large, max-video-preview:-1\" \/>\n<link rel=\"canonical\" href=\"https:\/\/ilgiardinodicorten.it\/produit\/sassopasso\/\" \/>\n<meta property=\"og:locale\" content=\"fr_FR\" \/>\n<meta property=\"og:type\" content=\"article\" \/>\n<meta property=\"og:title\" content=\"Sassopasso - Il Giardino di Corten\" \/>\n<meta property=\"og:description\" content=\"Une alternative avantageuse, tant du point de vue esth\u00e9tique que pratique, pour cr\u00e9er n\u2019importe quel chemin pi\u00e9tonnier sur la pelouse. Les \u00e9l\u00e9ments Sassopasso sont disponibles en diff\u00e9rentes formes, \u00e9galement sur demande, et sont faciles \u00e0 transporter : ils peuvent \u00eatre install\u00e9s sans aucune pr\u00e9paration du sol, sont envelopp\u00e9s en permanence par l\u2019herbe et s\u2019int\u00e8grent agr\u00e9ablement \u00e0 la nature. DIMENSIONS: Sassopasso Ronde\u00a0(Diam\u00e8tre 50 cm - Poids: 4 kg) Sassopasso Irr\u00e9gulier (38 x 58 cm - Poids: 4 kg) Sassopasso ovale (30 x 60 cm - Poids: 4 kg) Sassopasso C\u0153ur (44 x 45 cm - Poids: 4 kg) Sassopasso Ensemble 6 pz. (Poids: 24 kg)\" \/>\n<meta property=\"og:url\" content=\"https:\/\/ilgiardinodicorten.it\/produit\/sassopasso\/\" \/>\n<meta property=\"og:site_name\" content=\"Il Giardino di Corten\" \/>\n<meta property=\"og:image\" content=\"https:\/\/ilgiardinodicorten.it\/wp-content\/uploads\/2017\/11\/set-Sassopasso-6-elementi-1-1.jpg\" \/>\n\t<meta property=\"og:image:width\" content=\"780\" \/>\n\t<meta property=\"og:image:height\" content=\"619\" \/>\n\t<meta property=\"og:image:type\" content=\"image\/jpeg\" \/>\n<meta name=\"twitter:card\" content=\"summary_large_image\" \/>\n<meta name=\"twitter:label1\" content=\"Dur\u00e9e de lecture estim\u00e9e\" \/>\n\t<meta name=\"twitter:data1\" content=\"1 minute\" \/>\n<script type=\"application\/ld+json\" class=\"yoast-schema-graph\">{\"@context\":\"https:\/\/schema.org\",\"@graph\":[{\"@type\":\"WebPage\",\"@id\":\"https:\/\/ilgiardinodicorten.it\/produit\/sassopasso\/\",\"url\":\"https:\/\/ilgiardinodicorten.it\/produit\/sassopasso\/\",\"name\":\"Sassopasso - Il Giardino di Corten\",\"isPartOf\":{\"@id\":\"https:\/\/ilgiardinodicorten.it\/#website\"},\"primaryImageOfPage\":{\"@id\":\"https:\/\/ilgiardinodicorten.it\/produit\/sassopasso\/#primaryimage\"},\"image\":{\"@id\":\"https:\/\/ilgiardinodicorten.it\/produit\/sassopasso\/#primaryimage\"},\"thumbnailUrl\":\"https:\/\/ilgiardinodicorten.it\/wp-content\/uploads\/2017\/11\/set-Sassopasso-6-elementi-1-1.jpg\",\"datePublished\":\"2017-10-11T08:19:43+00:00\",\"breadcrumb\":{\"@id\":\"https:\/\/ilgiardinodicorten.it\/produit\/sassopasso\/#breadcrumb\"},\"inLanguage\":\"fr-FR\",\"potentialAction\":[{\"@type\":\"ReadAction\",\"target\":[\"https:\/\/ilgiardinodicorten.it\/produit\/sassopasso\/\"]}]},{\"@type\":\"ImageObject\",\"inLanguage\":\"fr-FR\",\"@id\":\"https:\/\/ilgiardinodicorten.it\/produit\/sassopasso\/#primaryimage\",\"url\":\"https:\/\/ilgiardinodicorten.it\/wp-content\/uploads\/2017\/11\/set-Sassopasso-6-elementi-1-1.jpg\",\"contentUrl\":\"https:\/\/ilgiardinodicorten.it\/wp-content\/uploads\/2017\/11\/set-Sassopasso-6-elementi-1-1.jpg\",\"width\":780,\"height\":619},{\"@type\":\"BreadcrumbList\",\"@id\":\"https:\/\/ilgiardinodicorten.it\/produit\/sassopasso\/#breadcrumb\",\"itemListElement\":[{\"@type\":\"ListItem\",\"position\":1,\"name\":\"Home\",\"item\":\"https:\/\/ilgiardinodicorten.it\/fr\/\"},{\"@type\":\"ListItem\",\"position\":2,\"name\":\"Boutique\",\"item\":\"https:\/\/ilgiardinodicorten.it\/fr\/boutique\/\"},{\"@type\":\"ListItem\",\"position\":3,\"name\":\"Sassopasso\"}]},{\"@type\":\"WebSite\",\"@id\":\"https:\/\/ilgiardinodicorten.it\/#website\",\"url\":\"https:\/\/ilgiardinodicorten.it\/\",\"name\":\"Il Giardino di Corten\",\"description\":\"\",\"potentialAction\":[{\"@type\":\"SearchAction\",\"target\":{\"@type\":\"EntryPoint\",\"urlTemplate\":\"https:\/\/ilgiardinodicorten.it\/?s={search_term_string}\"},\"query-input\":{\"@type\":\"PropertyValueSpecification\",\"valueRequired\":true,\"valueName\":\"search_term_string\"}}],\"inLanguage\":\"fr-FR\"}]}<\/script>\n<!-- \/ Yoast SEO plugin. -->","yoast_head_json":{"title":"Sassopasso - Il Giardino di Corten","robots":{"index":"index","follow":"follow","max-snippet":"max-snippet:-1","max-image-preview":"max-image-preview:large","max-video-preview":"max-video-preview:-1"},"canonical":"https:\/\/ilgiardinodicorten.it\/produit\/sassopasso\/","og_locale":"fr_FR","og_type":"article","og_title":"Sassopasso - Il Giardino di Corten","og_description":"Une alternative avantageuse, tant du point de vue esth\u00e9tique que pratique, pour cr\u00e9er n\u2019importe quel chemin pi\u00e9tonnier sur la pelouse. Les \u00e9l\u00e9ments Sassopasso sont disponibles en diff\u00e9rentes formes, \u00e9galement sur demande, et sont faciles \u00e0 transporter : ils peuvent \u00eatre install\u00e9s sans aucune pr\u00e9paration du sol, sont envelopp\u00e9s en permanence par l\u2019herbe et s\u2019int\u00e8grent agr\u00e9ablement \u00e0 la nature. DIMENSIONS: Sassopasso Ronde\u00a0(Diam\u00e8tre 50 cm - Poids: 4 kg) Sassopasso Irr\u00e9gulier (38 x 58 cm - Poids: 4 kg) Sassopasso ovale (30 x 60 cm - Poids: 4 kg) Sassopasso C\u0153ur (44 x 45 cm - Poids: 4 kg) Sassopasso Ensemble 6 pz. (Poids: 24 kg)","og_url":"https:\/\/ilgiardinodicorten.it\/produit\/sassopasso\/","og_site_name":"Il Giardino di Corten","og_image":[{"width":780,"height":619,"url":"https:\/\/ilgiardinodicorten.it\/wp-content\/uploads\/2017\/11\/set-Sassopasso-6-elementi-1-1.jpg","type":"image\/jpeg"}],"twitter_card":"summary_large_image","twitter_misc":{"Dur\u00e9e de lecture estim\u00e9e":"1 minute"},"schema":{"@context":"https:\/\/schema.org","@graph":[{"@type":"WebPage","@id":"https:\/\/ilgiardinodicorten.it\/produit\/sassopasso\/","url":"https:\/\/ilgiardinodicorten.it\/produit\/sassopasso\/","name":"Sassopasso - Il Giardino di Corten","isPartOf":{"@id":"https:\/\/ilgiardinodicorten.it\/#website"},"primaryImageOfPage":{"@id":"https:\/\/ilgiardinodicorten.it\/produit\/sassopasso\/#primaryimage"},"image":{"@id":"https:\/\/ilgiardinodicorten.it\/produit\/sassopasso\/#primaryimage"},"thumbnailUrl":"https:\/\/ilgiardinodicorten.it\/wp-content\/uploads\/2017\/11\/set-Sassopasso-6-elementi-1-1.jpg","datePublished":"2017-10-11T08:19:43+00:00","breadcrumb":{"@id":"https:\/\/ilgiardinodicorten.it\/produit\/sassopasso\/#breadcrumb"},"inLanguage":"fr-FR","potentialAction":[{"@type":"ReadAction","target":["https:\/\/ilgiardinodicorten.it\/produit\/sassopasso\/"]}]},{"@type":"ImageObject","inLanguage":"fr-FR","@id":"https:\/\/ilgiardinodicorten.it\/produit\/sassopasso\/#primaryimage","url":"https:\/\/ilgiardinodicorten.it\/wp-content\/uploads\/2017\/11\/set-Sassopasso-6-elementi-1-1.jpg","contentUrl":"https:\/\/ilgiardinodicorten.it\/wp-content\/uploads\/2017\/11\/set-Sassopasso-6-elementi-1-1.jpg","width":780,"height":619},{"@type":"BreadcrumbList","@id":"https:\/\/ilgiardinodicorten.it\/produit\/sassopasso\/#breadcrumb","itemListElement":[{"@type":"ListItem","position":1,"name":"Home","item":"https:\/\/ilgiardinodicorten.it\/fr\/"},{"@type":"ListItem","position":2,"name":"Boutique","item":"https:\/\/ilgiardinodicorten.it\/fr\/boutique\/"},{"@type":"ListItem","position":3,"name":"Sassopasso"}]},{"@type":"WebSite","@id":"https:\/\/ilgiardinodicorten.it\/#website","url":"https:\/\/ilgiardinodicorten.it\/","name":"Il Giardino di Corten","description":"","potentialAction":[{"@type":"SearchAction","target":{"@type":"EntryPoint","urlTemplate":"https:\/\/ilgiardinodicorten.it\/?s={search_term_string}"},"query-input":{"@type":"PropertyValueSpecification","valueRequired":true,"valueName":"search_term_string"}}],"inLanguage":"fr-FR"}]}},"_links":{"self":[{"href":"https:\/\/ilgiardinodicorten.it\/fr\/wp-json\/wp\/v2\/product\/22065","targetHints":{"allow":["GET"]}}],"collection":[{"href":"https:\/\/ilgiardinodicorten.it\/fr\/wp-json\/wp\/v2\/product"}],"about":[{"href":"https:\/\/ilgiardinodicorten.it\/fr\/wp-json\/wp\/v2\/types\/product"}],"wp:featuredmedia":[{"embeddable":true,"href":"https:\/\/ilgiardinodicorten.it\/fr\/wp-json\/wp\/v2\/media\/20528"}],"wp:attachment":[{"href":"https:\/\/ilgiardinodicorten.it\/fr\/wp-json\/wp\/v2\/media?parent=22065"}],"wp:term":[{"taxonomy":"product_brand","embeddable":true,"href":"https:\/\/ilgiardinodicorten.it\/fr\/wp-json\/wp\/v2\/product_brand?post=22065"},{"taxonomy":"product_cat","embeddable":true,"href":"https:\/\/ilgiardinodicorten.it\/fr\/wp-json\/wp\/v2\/product_cat?post=22065"},{"taxonomy":"product_tag","embeddable":true,"href":"https:\/\/ilgiardinodicorten.it\/fr\/wp-json\/wp\/v2\/product_tag?post=22065"}],"curies":[{"name":"wp","href":"https:\/\/api.w.org\/{rel}","templated":true}]}}