{"id":22083,"date":"2017-10-11T09:50:32","date_gmt":"2017-10-11T07:50:32","guid":{"rendered":"https:\/\/ilgiardinodicorten.it\/prodotto\/collezione-pio\/"},"modified":"2022-12-20T09:26:14","modified_gmt":"2022-12-20T08:26:14","slug":"collezione-pio","status":"publish","type":"product","link":"https:\/\/ilgiardinodicorten.it\/fr\/produit\/collezione-pio\/","title":{"rendered":"Collezione Pio"},"content":{"rendered":"<p>Ils sont disponibles sous trois formes : Pio Pulcino, Pio Gallinella et Pio Gallo, qui peuvent \u00eatre command\u00e9s s\u00e9par\u00e9ment, par paires (Gallinella et Pulcino) ou en kit complet.<\/p>\n<p><strong>DIMENSIONS:<\/strong><\/p>\n<p><strong>Pio Pulcino:<br \/>\n<\/strong>Longueur: 55 cm<br \/>\nLongueur: 33 cm<br \/>\nPoids: 2 kg<\/p>\n<p><strong>Pio Gallinella:<br \/>\n<\/strong>Longueur: 65 cm<br \/>\nLongueur: 46 cm<br \/>\nPoids: 4 kg<\/p>\n<p><strong>Pio Gallo:<br \/>\n<\/strong>Longueur: 68 cm<br \/>\nLongueur: 52 cm<br \/>\nPoids: 4 kg<\/p>\n","protected":false},"excerpt":{"rendered":"<p class=\"p1\">Les poules d\u2019eau Pio, avec leurs formes \u00e0 la fois abstraites et ludiques, personnalisent le jardin en le rendant plus original et accueillant. Propos\u00e9es en trois dimensions diff\u00e9rentes, elles se pr\u00eatent \u00e0 une infinit\u00e9 de mises en sc\u00e8ne et de compositions.<\/p>\n","protected":false},"featured_media":20666,"template":"","meta":{"_acf_changed":false},"product_brand":[],"product_cat":[298],"product_tag":[],"class_list":{"0":"post-22083","1":"product","2":"type-product","3":"status-publish","4":"has-post-thumbnail","6":"product_cat-fragments-desthetique","7":"product_shipping_class-spedizione-14-fr","10":"first","11":"instock","12":"taxable","13":"shipping-taxable","14":"purchasable","15":"product-type-variable"},"acf":[],"yoast_head":"<!-- This site is optimized with the Yoast SEO plugin v27.1.1 - https:\/\/yoast.com\/product\/yoast-seo-wordpress\/ -->\n<title>Collezione Pio - Il Giardino di Corten<\/title>\n<meta name=\"robots\" content=\"index, follow, max-snippet:-1, max-image-preview:large, max-video-preview:-1\" \/>\n<link rel=\"canonical\" href=\"https:\/\/ilgiardinodicorten.it\/produit\/collezione-pio\/\" \/>\n<meta property=\"og:locale\" content=\"fr_FR\" \/>\n<meta property=\"og:type\" content=\"article\" \/>\n<meta property=\"og:title\" content=\"Collezione Pio - Il Giardino di Corten\" \/>\n<meta property=\"og:description\" content=\"Les poules d\u2019eau Pio, avec leurs formes \u00e0 la fois abstraites et ludiques, personnalisent le jardin en le rendant plus original et accueillant. Propos\u00e9es en trois dimensions diff\u00e9rentes, elles se pr\u00eatent \u00e0 une infinit\u00e9 de mises en sc\u00e8ne et de compositions.\" \/>\n<meta property=\"og:url\" content=\"https:\/\/ilgiardinodicorten.it\/produit\/collezione-pio\/\" \/>\n<meta property=\"og:site_name\" content=\"Il Giardino di Corten\" \/>\n<meta property=\"article:modified_time\" content=\"2022-12-20T08:26:14+00:00\" \/>\n<meta property=\"og:image\" content=\"https:\/\/ilgiardinodicorten.it\/wp-content\/uploads\/2017\/10\/Galline-2.jpg\" \/>\n\t<meta property=\"og:image:width\" content=\"780\" \/>\n\t<meta property=\"og:image:height\" content=\"619\" \/>\n\t<meta property=\"og:image:type\" content=\"image\/jpeg\" \/>\n<meta name=\"twitter:card\" content=\"summary_large_image\" \/>\n<script type=\"application\/ld+json\" class=\"yoast-schema-graph\">{\"@context\":\"https:\/\/schema.org\",\"@graph\":[{\"@type\":\"WebPage\",\"@id\":\"https:\/\/ilgiardinodicorten.it\/produit\/collezione-pio\/\",\"url\":\"https:\/\/ilgiardinodicorten.it\/produit\/collezione-pio\/\",\"name\":\"Collezione Pio - Il Giardino di Corten\",\"isPartOf\":{\"@id\":\"https:\/\/ilgiardinodicorten.it\/#website\"},\"primaryImageOfPage\":{\"@id\":\"https:\/\/ilgiardinodicorten.it\/produit\/collezione-pio\/#primaryimage\"},\"image\":{\"@id\":\"https:\/\/ilgiardinodicorten.it\/produit\/collezione-pio\/#primaryimage\"},\"thumbnailUrl\":\"https:\/\/ilgiardinodicorten.it\/wp-content\/uploads\/2017\/10\/Galline-2.jpg\",\"datePublished\":\"2017-10-11T07:50:32+00:00\",\"dateModified\":\"2022-12-20T08:26:14+00:00\",\"breadcrumb\":{\"@id\":\"https:\/\/ilgiardinodicorten.it\/produit\/collezione-pio\/#breadcrumb\"},\"inLanguage\":\"fr-FR\",\"potentialAction\":[{\"@type\":\"ReadAction\",\"target\":[\"https:\/\/ilgiardinodicorten.it\/produit\/collezione-pio\/\"]}]},{\"@type\":\"ImageObject\",\"inLanguage\":\"fr-FR\",\"@id\":\"https:\/\/ilgiardinodicorten.it\/produit\/collezione-pio\/#primaryimage\",\"url\":\"https:\/\/ilgiardinodicorten.it\/wp-content\/uploads\/2017\/10\/Galline-2.jpg\",\"contentUrl\":\"https:\/\/ilgiardinodicorten.it\/wp-content\/uploads\/2017\/10\/Galline-2.jpg\",\"width\":780,\"height\":619},{\"@type\":\"BreadcrumbList\",\"@id\":\"https:\/\/ilgiardinodicorten.it\/produit\/collezione-pio\/#breadcrumb\",\"itemListElement\":[{\"@type\":\"ListItem\",\"position\":1,\"name\":\"Home\",\"item\":\"https:\/\/ilgiardinodicorten.it\/fr\/\"},{\"@type\":\"ListItem\",\"position\":2,\"name\":\"Boutique\",\"item\":\"https:\/\/ilgiardinodicorten.it\/fr\/boutique\/\"},{\"@type\":\"ListItem\",\"position\":3,\"name\":\"Collezione Pio\"}]},{\"@type\":\"WebSite\",\"@id\":\"https:\/\/ilgiardinodicorten.it\/#website\",\"url\":\"https:\/\/ilgiardinodicorten.it\/\",\"name\":\"Il Giardino di Corten\",\"description\":\"\",\"potentialAction\":[{\"@type\":\"SearchAction\",\"target\":{\"@type\":\"EntryPoint\",\"urlTemplate\":\"https:\/\/ilgiardinodicorten.it\/?s={search_term_string}\"},\"query-input\":{\"@type\":\"PropertyValueSpecification\",\"valueRequired\":true,\"valueName\":\"search_term_string\"}}],\"inLanguage\":\"fr-FR\"}]}<\/script>\n<!-- \/ Yoast SEO plugin. -->","yoast_head_json":{"title":"Collezione Pio - Il Giardino di Corten","robots":{"index":"index","follow":"follow","max-snippet":"max-snippet:-1","max-image-preview":"max-image-preview:large","max-video-preview":"max-video-preview:-1"},"canonical":"https:\/\/ilgiardinodicorten.it\/produit\/collezione-pio\/","og_locale":"fr_FR","og_type":"article","og_title":"Collezione Pio - Il Giardino di Corten","og_description":"Les poules d\u2019eau Pio, avec leurs formes \u00e0 la fois abstraites et ludiques, personnalisent le jardin en le rendant plus original et accueillant. Propos\u00e9es en trois dimensions diff\u00e9rentes, elles se pr\u00eatent \u00e0 une infinit\u00e9 de mises en sc\u00e8ne et de compositions.","og_url":"https:\/\/ilgiardinodicorten.it\/produit\/collezione-pio\/","og_site_name":"Il Giardino di Corten","article_modified_time":"2022-12-20T08:26:14+00:00","og_image":[{"width":780,"height":619,"url":"https:\/\/ilgiardinodicorten.it\/wp-content\/uploads\/2017\/10\/Galline-2.jpg","type":"image\/jpeg"}],"twitter_card":"summary_large_image","schema":{"@context":"https:\/\/schema.org","@graph":[{"@type":"WebPage","@id":"https:\/\/ilgiardinodicorten.it\/produit\/collezione-pio\/","url":"https:\/\/ilgiardinodicorten.it\/produit\/collezione-pio\/","name":"Collezione Pio - Il Giardino di Corten","isPartOf":{"@id":"https:\/\/ilgiardinodicorten.it\/#website"},"primaryImageOfPage":{"@id":"https:\/\/ilgiardinodicorten.it\/produit\/collezione-pio\/#primaryimage"},"image":{"@id":"https:\/\/ilgiardinodicorten.it\/produit\/collezione-pio\/#primaryimage"},"thumbnailUrl":"https:\/\/ilgiardinodicorten.it\/wp-content\/uploads\/2017\/10\/Galline-2.jpg","datePublished":"2017-10-11T07:50:32+00:00","dateModified":"2022-12-20T08:26:14+00:00","breadcrumb":{"@id":"https:\/\/ilgiardinodicorten.it\/produit\/collezione-pio\/#breadcrumb"},"inLanguage":"fr-FR","potentialAction":[{"@type":"ReadAction","target":["https:\/\/ilgiardinodicorten.it\/produit\/collezione-pio\/"]}]},{"@type":"ImageObject","inLanguage":"fr-FR","@id":"https:\/\/ilgiardinodicorten.it\/produit\/collezione-pio\/#primaryimage","url":"https:\/\/ilgiardinodicorten.it\/wp-content\/uploads\/2017\/10\/Galline-2.jpg","contentUrl":"https:\/\/ilgiardinodicorten.it\/wp-content\/uploads\/2017\/10\/Galline-2.jpg","width":780,"height":619},{"@type":"BreadcrumbList","@id":"https:\/\/ilgiardinodicorten.it\/produit\/collezione-pio\/#breadcrumb","itemListElement":[{"@type":"ListItem","position":1,"name":"Home","item":"https:\/\/ilgiardinodicorten.it\/fr\/"},{"@type":"ListItem","position":2,"name":"Boutique","item":"https:\/\/ilgiardinodicorten.it\/fr\/boutique\/"},{"@type":"ListItem","position":3,"name":"Collezione Pio"}]},{"@type":"WebSite","@id":"https:\/\/ilgiardinodicorten.it\/#website","url":"https:\/\/ilgiardinodicorten.it\/","name":"Il Giardino di Corten","description":"","potentialAction":[{"@type":"SearchAction","target":{"@type":"EntryPoint","urlTemplate":"https:\/\/ilgiardinodicorten.it\/?s={search_term_string}"},"query-input":{"@type":"PropertyValueSpecification","valueRequired":true,"valueName":"search_term_string"}}],"inLanguage":"fr-FR"}]}},"_links":{"self":[{"href":"https:\/\/ilgiardinodicorten.it\/fr\/wp-json\/wp\/v2\/product\/22083","targetHints":{"allow":["GET"]}}],"collection":[{"href":"https:\/\/ilgiardinodicorten.it\/fr\/wp-json\/wp\/v2\/product"}],"about":[{"href":"https:\/\/ilgiardinodicorten.it\/fr\/wp-json\/wp\/v2\/types\/product"}],"wp:featuredmedia":[{"embeddable":true,"href":"https:\/\/ilgiardinodicorten.it\/fr\/wp-json\/wp\/v2\/media\/20666"}],"wp:attachment":[{"href":"https:\/\/ilgiardinodicorten.it\/fr\/wp-json\/wp\/v2\/media?parent=22083"}],"wp:term":[{"taxonomy":"product_brand","embeddable":true,"href":"https:\/\/ilgiardinodicorten.it\/fr\/wp-json\/wp\/v2\/product_brand?post=22083"},{"taxonomy":"product_cat","embeddable":true,"href":"https:\/\/ilgiardinodicorten.it\/fr\/wp-json\/wp\/v2\/product_cat?post=22083"},{"taxonomy":"product_tag","embeddable":true,"href":"https:\/\/ilgiardinodicorten.it\/fr\/wp-json\/wp\/v2\/product_tag?post=22083"}],"curies":[{"name":"wp","href":"https:\/\/api.w.org\/{rel}","templated":true}]}}